{"id":186819,"date":"2024-12-03T15:09:38","date_gmt":"2024-12-03T15:09:38","guid":{"rendered":"https:\/\/molenkoning.com\/product\/set-de-6-lamparas-infrarrojas-mk\/"},"modified":"2026-03-24T09:01:58","modified_gmt":"2026-03-24T09:01:58","slug":"set-de-6-lamparas-infrarrojas-mk","status":"publish","type":"product","link":"https:\/\/molenkoning.com\/fi\/tuote\/set-de-6-lamparas-infrarrojas-mk\/","title":{"rendered":"Sarja, jossa 6 Infrapunalamppua \u2013 150W"},"content":{"rendered":"<div class=\"fusion-fullwidth fullwidth-box fusion-builder-row-1 fusion-flex-container has-pattern-background has-mask-background nonhundred-percent-fullwidth non-hundred-percent-height-scrolling\" style=\"--awb-border-radius-top-left:0px;--awb-border-radius-top-right:0px;--awb-border-radius-bottom-right:0px;--awb-border-radius-bottom-left:0px;--awb-flex-wrap:wrap;\" ><div class=\"fusion-builder-row fusion-row fusion-flex-align-items-flex-start fusion-flex-content-wrap\" style=\"max-width:1144px;margin-left: calc(-4% \/ 2 );margin-right: calc(-4% \/ 2 );\"><div class=\"fusion-layout-column fusion_builder_column fusion-builder-column-0 fusion_builder_column_1_1 1_1 fusion-flex-column\" style=\"--awb-bg-size:cover;--awb-width-large:100%;--awb-margin-top-large:0px;--awb-spacing-right-large:1.92%;--awb-margin-bottom-large:20px;--awb-spacing-left-large:1.92%;--awb-width-medium:100%;--awb-order-medium:0;--awb-spacing-right-medium:1.92%;--awb-spacing-left-medium:1.92%;--awb-width-small:100%;--awb-order-small:0;--awb-spacing-right-small:1.92%;--awb-spacing-left-small:1.92%;\"><div class=\"fusion-column-wrapper fusion-column-has-shadow fusion-flex-justify-content-flex-start fusion-content-layout-column\"><div class=\"fusion-text fusion-text-1\"><p>Ordena tu set ahora y disfruta de un descuento instant\u00e1neo en tus l\u00e1mparas MK, as\u00ed como de una mejor tarifa de env\u00edo. Este set de l\u00e1mparas siempre est\u00e1 en stock, y la entrega dentro de la Uni\u00f3n Europea est\u00e1 garantizada en 7 d\u00edas.<\/p>\n<p><span style=\"color: #bfa723;\">6 l\u00e1mparas infrarrojas MK 150W, casquillo E27.<\/span><\/p>\n<p>T\u00e4m\u00e4 lamppusarja ei ole yhteensopiva MK Premium -infrapunasolariumien kanssa, joita on myyty huhtikuun 2025 j\u00e4lkeen.<\/p>\n<\/div><\/div><\/div><\/div><\/div>\n","protected":false},"excerpt":{"rendered":"","protected":false},"featured_media":186829,"template":"","meta":{"_acf_changed":false,"content-type":""},"product_brand":[],"product_cat":[515,480],"product_tag":[],"class_list":{"0":"post-186819","1":"product","2":"type-product","3":"status-publish","4":"has-post-thumbnail","6":"product_cat-solarium-fi","7":"product_cat-varaosat","9":"first","10":"instock","11":"taxable","12":"shipping-taxable","13":"purchasable","14":"product-type-simple"},"acf":[],"_links":{"self":[{"href":"https:\/\/molenkoning.com\/fi\/wp-json\/wp\/v2\/product\/186819","targetHints":{"allow":["GET"]}}],"collection":[{"href":"https:\/\/molenkoning.com\/fi\/wp-json\/wp\/v2\/product"}],"about":[{"href":"https:\/\/molenkoning.com\/fi\/wp-json\/wp\/v2\/types\/product"}],"wp:featuredmedia":[{"embeddable":true,"href":"https:\/\/molenkoning.com\/fi\/wp-json\/wp\/v2\/media\/186829"}],"wp:attachment":[{"href":"https:\/\/molenkoning.com\/fi\/wp-json\/wp\/v2\/media?parent=186819"}],"wp:term":[{"taxonomy":"product_brand","embeddable":true,"href":"https:\/\/molenkoning.com\/fi\/wp-json\/wp\/v2\/product_brand?post=186819"},{"taxonomy":"product_cat","embeddable":true,"href":"https:\/\/molenkoning.com\/fi\/wp-json\/wp\/v2\/product_cat?post=186819"},{"taxonomy":"product_tag","embeddable":true,"href":"https:\/\/molenkoning.com\/fi\/wp-json\/wp\/v2\/product_tag?post=186819"}],"curies":[{"name":"wp","href":"https:\/\/api.w.org\/{rel}","templated":true}]}}