{"id":184840,"date":"2024-08-13T09:10:40","date_gmt":"2024-08-13T09:10:40","guid":{"rendered":"https:\/\/molenkoning.com\/?post_type=product&#038;p=184840"},"modified":"2026-04-09T08:01:03","modified_gmt":"2026-04-09T08:01:03","slug":"tilaa-mk-compact-solarium-molenkoning","status":"publish","type":"product","link":"https:\/\/molenkoning.com\/fi\/tuote\/tilaa-mk-compact-solarium-molenkoning\/","title":{"rendered":"Tilaa MK Compact Solarium \u2013 Molenkoning"},"content":{"rendered":"<p><div class=\"fusion-fullwidth fullwidth-box fusion-builder-row-1 fusion-flex-container has-pattern-background has-mask-background nonhundred-percent-fullwidth non-hundred-percent-height-scrolling\" style=\"--awb-border-radius-top-left:0px;--awb-border-radius-top-right:0px;--awb-border-radius-bottom-right:0px;--awb-border-radius-bottom-left:0px;--awb-flex-wrap:wrap;\" ><div class=\"fusion-builder-row fusion-row fusion-flex-align-items-flex-start fusion-flex-content-wrap\" style=\"max-width:1144px;margin-left: calc(-4% \/ 2 );margin-right: calc(-4% \/ 2 );\"><div class=\"fusion-layout-column fusion_builder_column fusion-builder-column-0 fusion_builder_column_1_1 1_1 fusion-flex-column\" style=\"--awb-bg-size:cover;--awb-width-large:100%;--awb-margin-top-large:0px;--awb-spacing-right-large:1.92%;--awb-margin-bottom-large:20px;--awb-spacing-left-large:1.92%;--awb-width-medium:100%;--awb-order-medium:0;--awb-spacing-right-medium:1.92%;--awb-spacing-left-medium:1.92%;--awb-width-small:100%;--awb-order-small:0;--awb-spacing-right-small:1.92%;--awb-spacing-left-small:1.92%;\"><div class=\"fusion-column-wrapper fusion-column-has-shadow fusion-flex-justify-content-flex-start fusion-content-layout-column\"><div ><a class=\"fusion-button button-flat fusion-button-default-size button-default fusion-button-default button-1 fusion-button-default-span fusion-button-default-type\" target=\"_self\" href=\"https:\/\/molenkoning.com\/fi\/tuote-osasto\/solarium-fi\/\"><span class=\"fusion-button-text\">KAIKKI TUOTTEET<\/span><\/a><\/div><div class=\"fusion-text fusion-text-1\"><p>Olemme p\u00e4ivitt\u00e4neet MK Infrared Compact -solariumin entist\u00e4 kevyemm\u00e4ksi ja helpommaksi tavaksi l\u00e4mmitt\u00e4\u00e4 hevosesi ennen ratsastusta \u2013 ymp\u00e4ri vuoden!<\/p>\n<p><strong>P\u00e4ivitetyt lamput: nyt 120 W (aiemmin 100 W)<\/strong><\/p>\n<p>Tarjoaa hieman enemm\u00e4n l\u00e4mp\u00f6\u00e4 s\u00e4ilytt\u00e4en turvallisen ja syv\u00e4lle lihaksiin ulottuvan vaikutuksen. Pitk\u00e4aaltoinen infrapunamme tukee:<\/p>\n<ul>\n<li>Parempaa verenkiertoa<\/li>\n<li>Nopeampaa kuona-aineiden poistumista harjoituksen j\u00e4lkeen<\/li>\n<li>Selk\u00e4lihasten parempaa valmistelua ennen ratsastusta<\/li>\n<li>Pienemp\u00e4\u00e4 lihasvammojen riski\u00e4<\/li>\n<\/ul>\n<p>T\u00e4m\u00e4 on aitoa infrapunaterapiaa.<\/p>\n<\/div><\/div><\/div><\/div><\/div><div class=\"fusion-fullwidth fullwidth-box fusion-builder-row-2 fusion-flex-container has-pattern-background has-mask-background nonhundred-percent-fullwidth non-hundred-percent-height-scrolling\" style=\"--awb-border-radius-top-left:0px;--awb-border-radius-top-right:0px;--awb-border-radius-bottom-right:0px;--awb-border-radius-bottom-left:0px;--awb-flex-wrap:wrap;\" ><div class=\"fusion-builder-row fusion-row fusion-flex-align-items-flex-start fusion-flex-content-wrap\" style=\"max-width:1144px;margin-left: calc(-4% \/ 2 );margin-right: calc(-4% \/ 2 );\"><div class=\"fusion-layout-column fusion_builder_column fusion-builder-column-1 fusion_builder_column_1_1 1_1 fusion-flex-column sliderouternew\" style=\"--awb-padding-bottom:0px;--awb-bg-size:cover;--awb-width-large:100%;--awb-margin-top-large:0px;--awb-spacing-right-large:1.92%;--awb-margin-bottom-large:0px;--awb-spacing-left-large:1.92%;--awb-width-medium:100%;--awb-order-medium:0;--awb-spacing-right-medium:1.92%;--awb-spacing-left-medium:1.92%;--awb-width-small:100%;--awb-order-small:0;--awb-spacing-right-small:1.92%;--awb-spacing-left-small:1.92%;\"><div class=\"fusion-column-wrapper fusion-column-has-shadow fusion-flex-justify-content-flex-start fusion-content-layout-column\"><div class=\"fusion-title title fusion-title-1 fusion-title-center fusion-title-text fusion-title-size-two\"><div class=\"title-sep-container title-sep-container-left\"><div class=\"title-sep sep-double sep-solid\" style=\"border-color:#e0dede;\"><\/div><\/div><span class=\"awb-title-spacer\"><\/span><h2 class=\"fusion-title-heading title-heading-center\" style=\"margin:0;\">Valokuvat<\/h2><span class=\"awb-title-spacer\"><\/span><div class=\"title-sep-container title-sep-container-right\"><div class=\"title-sep sep-double sep-solid\" style=\"border-color:#e0dede;\"><\/div><\/div><\/div><div class=\"fusion-image-carousel fusion-image-carousel-fixed fusion-image-carousel-1 lightbox-enabled fusion-carousel-border solarium-carousel\"><div class=\"awb-carousel awb-swiper awb-swiper-carousel\" data-autoplay=\"no\" data-columns=\"4\" data-itemmargin=\"1\" data-itemwidth=\"180\" data-touchscroll=\"no\" data-imagesize=\"fixed\" style=\"--awb-columns:4;--awb-column-spacing:1px;\"><div class=\"swiper-wrapper awb-image-carousel-wrapper fusion-flex-align-items-center\"><div class=\"swiper-slide\"><div class=\"fusion-carousel-item-wrapper\"><div class=\"fusion-image-wrapper hover-type-none\"><a data-rel=\"iLightbox[image_carousel_1]\" data-title=\"MK SOLARIUM ONLY 2 LIGHT BULB\" aria-label=\"MK SOLARIUM ONLY 2 LIGHT BULB\" href=\"https:\/\/molenkoning.com\/wp-content\/uploads\/2024\/08\/MK-SOLARIUM-ONLY-2-LIGHT-BULB.png\" target=\"_self\"><img decoding=\"async\" width=\"320\" height=\"202\" src=\"https:\/\/molenkoning.com\/wp-content\/uploads\/2024\/08\/MK-SOLARIUM-ONLY-2-LIGHT-BULB-320x202.png\" class=\"attachment-blog-medium size-blog-medium\" alt=\"\" \/><\/a><\/div><\/div><\/div><div class=\"swiper-slide\"><div class=\"fusion-carousel-item-wrapper\"><div class=\"fusion-image-wrapper hover-type-none\"><a data-rel=\"iLightbox[image_carousel_1]\" data-title=\"MK SOLARIUM ONLY 2 LIGHT BULB2\" aria-label=\"MK SOLARIUM ONLY 2 LIGHT BULB2\" href=\"https:\/\/molenkoning.com\/wp-content\/uploads\/2024\/08\/MK-SOLARIUM-ONLY-2-LIGHT-BULB2.png\" target=\"_self\"><img decoding=\"async\" width=\"320\" height=\"202\" src=\"https:\/\/molenkoning.com\/wp-content\/uploads\/2024\/08\/MK-SOLARIUM-ONLY-2-LIGHT-BULB2-320x202.png\" class=\"attachment-blog-medium size-blog-medium\" alt=\"\" \/><\/a><\/div><\/div><\/div><div class=\"swiper-slide\"><div class=\"fusion-carousel-item-wrapper\"><div class=\"fusion-image-wrapper hover-type-none\"><a data-rel=\"iLightbox[image_carousel_1]\" data-title=\"MK SOLARIUM ONLY 2 LIGHT BULB3\" aria-label=\"MK SOLARIUM ONLY 2 LIGHT BULB3\" href=\"https:\/\/molenkoning.com\/wp-content\/uploads\/2024\/08\/MK-SOLARIUM-ONLY-2-LIGHT-BULB3.png\" target=\"_self\"><img decoding=\"async\" width=\"320\" height=\"202\" src=\"https:\/\/molenkoning.com\/wp-content\/uploads\/2024\/08\/MK-SOLARIUM-ONLY-2-LIGHT-BULB3-320x202.png\" class=\"attachment-blog-medium size-blog-medium\" alt=\"\" \/><\/a><\/div><\/div><\/div><div class=\"swiper-slide\"><div class=\"fusion-carousel-item-wrapper\"><div class=\"fusion-image-wrapper hover-type-none\"><a data-rel=\"iLightbox[image_carousel_1]\" data-title=\"MK SOLARIUM ONLY 2 LIGHT BULB4\" aria-label=\"MK SOLARIUM ONLY 2 LIGHT BULB4\" href=\"https:\/\/molenkoning.com\/wp-content\/uploads\/2024\/08\/MK-SOLARIUM-ONLY-2-LIGHT-BULB4.png\" target=\"_self\"><img decoding=\"async\" width=\"320\" height=\"202\" src=\"https:\/\/molenkoning.com\/wp-content\/uploads\/2024\/08\/MK-SOLARIUM-ONLY-2-LIGHT-BULB4-320x202.png\" class=\"attachment-blog-medium size-blog-medium\" alt=\"\" \/><\/a><\/div><\/div><\/div><div class=\"swiper-slide\"><div class=\"fusion-carousel-item-wrapper\"><div class=\"fusion-image-wrapper hover-type-none\"><a data-rel=\"iLightbox[image_carousel_1]\" data-title=\"MK SOLARIUM ONLY 2 LIGHT BULB6\" aria-label=\"MK SOLARIUM ONLY 2 LIGHT BULB6\" href=\"https:\/\/molenkoning.com\/wp-content\/uploads\/2024\/08\/MK-SOLARIUM-ONLY-2-LIGHT-BULB6.png\" target=\"_self\"><img decoding=\"async\" width=\"320\" height=\"202\" src=\"https:\/\/molenkoning.com\/wp-content\/uploads\/2024\/08\/MK-SOLARIUM-ONLY-2-LIGHT-BULB6-320x202.png\" class=\"attachment-blog-medium size-blog-medium\" alt=\"\" \/><\/a><\/div><\/div><\/div><\/div><div class=\"awb-swiper-button awb-swiper-button-prev\"><i class=\"awb-icon-angle-left\" aria-hidden=\"true\"><\/i><\/div><div class=\"awb-swiper-button awb-swiper-button-next\"><i class=\"awb-icon-angle-right\" aria-hidden=\"true\"><\/i><\/div><\/div><\/div><\/div><\/div><\/div><\/div><div class=\"fusion-fullwidth fullwidth-box fusion-builder-row-3 fusion-flex-container has-pattern-background has-mask-background customsolarium nonhundred-percent-fullwidth non-hundred-percent-height-scrolling\" style=\"--awb-border-radius-top-left:0px;--awb-border-radius-top-right:0px;--awb-border-radius-bottom-right:0px;--awb-border-radius-bottom-left:0px;--awb-flex-wrap:wrap;\" ><div class=\"fusion-builder-row fusion-row fusion-flex-align-items-flex-start fusion-flex-content-wrap\" style=\"max-width:1144px;margin-left: calc(-4% \/ 2 );margin-right: calc(-4% \/ 2 );\"><div class=\"fusion-layout-column fusion_builder_column fusion-builder-column-2 fusion_builder_column_1_1 1_1 fusion-flex-column\" style=\"--awb-bg-size:cover;--awb-width-large:100%;--awb-margin-top-large:0px;--awb-spacing-right-large:1.92%;--awb-margin-bottom-large:0px;--awb-spacing-left-large:1.92%;--awb-width-medium:100%;--awb-spacing-right-medium:1.92%;--awb-spacing-left-medium:1.92%;--awb-width-small:100%;--awb-spacing-right-small:1.92%;--awb-spacing-left-small:1.92%;\"><div class=\"fusion-column-wrapper fusion-flex-justify-content-flex-start fusion-content-layout-column\"><div class=\"fusion-title title fusion-title-2 fusion-sep-none fusion-title-text fusion-title-size-two\" style=\"--awb-margin-top:20px;--awb-margin-bottom:10px;\"><h2 class=\"fusion-title-heading title-heading-left\" style=\"margin:0;\"><span data-teams=\"true\"><strong>Solariumin tekniset tiedot<\/strong><\/span><\/h2><\/div><div class=\"fusion-text fusion-text-2\"><ul>\n<li>220\u2013240 V, 50 Hz \/ 60 Hz<\/li>\n<li>1450 W<\/li>\n<li>Oma sulake: 16 A<\/li>\n<li>8 tuuletinta (4 per segmentti)<\/li>\n<li>10 lamppua, 120 W<\/li>\n<li>Moderni n\u00e4ytt\u00f6 ilmanvaihdon ohjauksella ja ajastimella \u2013 5 ilmanvaihtotilaa, s\u00e4\u00e4dett\u00e4v\u00e4 aika jopa 60 minuuttia<\/li>\n<li>Mukana mustat jauhemaalatut kattokiinnitysketjut, pituus 150 cm<\/li>\n<li>2 vuoden takuu<\/li>\n<\/ul>\n<p>Haluatko tiet\u00e4\u00e4 lis\u00e4\u00e4 infrapunasolariumimme eduista ja teknisist\u00e4 ominaisuuksista?<br \/>\n<a href=\"https:\/\/molenkoning.com\/fi\/tuotteet\/solarium\/\">Klikkaa<\/a> t\u00e4st\u00e4 saadaksesi lis\u00e4tietoja.<\/p>\n<\/div><\/div><\/div><div class=\"fusion-layout-column fusion_builder_column fusion-builder-column-3 fusion_builder_column_1_1 1_1 fusion-flex-column\" style=\"--awb-bg-size:cover;--awb-width-large:100%;--awb-margin-top-large:0px;--awb-spacing-right-large:1.92%;--awb-margin-bottom-large:0px;--awb-spacing-left-large:1.92%;--awb-width-medium:100%;--awb-spacing-right-medium:1.92%;--awb-spacing-left-medium:1.92%;--awb-width-small:100%;--awb-spacing-right-small:1.92%;--awb-spacing-left-small:1.92%;\"><div class=\"fusion-column-wrapper fusion-flex-justify-content-flex-start fusion-content-layout-column\"><div class=\"fusion-title title fusion-title-3 fusion-sep-none fusion-title-text fusion-title-size-two\" style=\"--awb-margin-top:20px;--awb-margin-bottom:10px;\"><h2 class=\"fusion-title-heading title-heading-left\" style=\"margin:0;\"><strong>Edistynyt ilmanvaihtoj\u00e4rjestelm\u00e4 \u2013 uusi tuuletinohjaus (0\u20135 tasoa)<\/strong><\/h2><\/div><div class=\"fusion-text fusion-text-3\"><p>Voit nyt valita ilmanvaihdon kokonaan pois p\u00e4\u00e4lt\u00e4 tai t\u00e4yden ilmavirran, joten MK infrapunasolarium sopii k\u00e4ytett\u00e4v\u00e4ksi my\u00f6s l\u00e4mpimin\u00e4 p\u00e4ivin\u00e4 ja kes\u00e4ll\u00e4.<\/p>\n<p>\u2714 Pit\u00e4\u00e4 hevoset mukavina<br \/>\n\u2714 Mahdollistaa ymp\u00e4rivuotisen k\u00e4yt\u00f6n<br \/>\n\u2714 V\u00e4ltt\u00e4m\u00e4t\u00f6n palautumiseen my\u00f6s l\u00e4mpim\u00e4ss\u00e4 ilmastossa<\/p>\n<\/div><\/div><\/div><div class=\"fusion-layout-column fusion_builder_column fusion-builder-column-4 fusion_builder_column_1_1 1_1 fusion-flex-column\" style=\"--awb-bg-size:cover;--awb-width-large:100%;--awb-margin-top-large:0px;--awb-spacing-right-large:1.92%;--awb-margin-bottom-large:0px;--awb-spacing-left-large:1.92%;--awb-width-medium:100%;--awb-spacing-right-medium:1.92%;--awb-spacing-left-medium:1.92%;--awb-width-small:100%;--awb-spacing-right-small:1.92%;--awb-spacing-left-small:1.92%;\"><div class=\"fusion-column-wrapper fusion-flex-justify-content-flex-start fusion-content-layout-column\"><div class=\"fusion-title title fusion-title-4 fusion-sep-none fusion-title-text fusion-title-size-two\" style=\"--awb-margin-top:20px;--awb-margin-bottom:10px;\"><h2 class=\"fusion-title-heading title-heading-left\" style=\"margin:0;\"><span data-teams=\"true\"><strong>Tarvitsetko lis\u00e4varusteita tai varaosia?<\/strong><\/span><\/h2><\/div><div class=\"fusion-text fusion-text-4\"><p><span data-teams=\"true\">Solarium toimitetaan vakiona mustilla jauhemaalatuilla ketjuilla. Lis\u00e4ksi on mahdollista tilata <a href=\"https:\/\/molenkoning.com\/fi\/tuote\/mk-l-mallinen-seinakiinnitys-solariumille\/\">sein\u00e4kiinnike<\/a> tai <a href=\"https:\/\/molenkoning.com\/fi\/tuote\/mk-solarium-hissi\/\">nostolaite<\/a>, jonka avulla solariumin voi kiinnitt\u00e4\u00e4 helposti sein\u00e4\u00e4n. Saatavilla on my\u00f6s <a href=\"https:\/\/molenkoning.com\/fi\/tuote\/coin-machine-for-solarium\/\">kolikkolaite<\/a> sek\u00e4 <a href=\"https:\/\/molenkoning.com\/fi\/tuote\/infrared-lamps-100w\/\">vara\u00adlamput<\/a>.<\/span><\/p>\n<\/div><p class=\"price\"><ins><span class=\"woocommerce-Price-amount amount\"><bdi><span class=\"woocommerce-Price-currencySymbol\">\u20ac<\/span>875.00<\/bdi><\/span><\/ins><\/p>\n<p class=\"vattext\">Ei sis\u00e4ll\u00e4 ALV:t\u00e4 eik\u00e4 kuljetusta<\/p>\n\t<\/div><\/div><\/div><\/div><\/p>\n","protected":false},"excerpt":{"rendered":"","protected":false},"featured_media":199041,"template":"","meta":{"_acf_changed":false,"content-type":""},"product_brand":[],"product_cat":[515],"product_tag":[752],"class_list":{"0":"post-184840","1":"product","2":"type-product","3":"status-publish","4":"has-post-thumbnail","6":"product_cat-solarium-fi","7":"product_tag-new-fi","9":"first","10":"instock","11":"featured","12":"taxable","13":"shipping-taxable","14":"product-type-simple"},"acf":[],"_links":{"self":[{"href":"https:\/\/molenkoning.com\/fi\/wp-json\/wp\/v2\/product\/184840","targetHints":{"allow":["GET"]}}],"collection":[{"href":"https:\/\/molenkoning.com\/fi\/wp-json\/wp\/v2\/product"}],"about":[{"href":"https:\/\/molenkoning.com\/fi\/wp-json\/wp\/v2\/types\/product"}],"wp:featuredmedia":[{"embeddable":true,"href":"https:\/\/molenkoning.com\/fi\/wp-json\/wp\/v2\/media\/199041"}],"wp:attachment":[{"href":"https:\/\/molenkoning.com\/fi\/wp-json\/wp\/v2\/media?parent=184840"}],"wp:term":[{"taxonomy":"product_brand","embeddable":true,"href":"https:\/\/molenkoning.com\/fi\/wp-json\/wp\/v2\/product_brand?post=184840"},{"taxonomy":"product_cat","embeddable":true,"href":"https:\/\/molenkoning.com\/fi\/wp-json\/wp\/v2\/product_cat?post=184840"},{"taxonomy":"product_tag","embeddable":true,"href":"https:\/\/molenkoning.com\/fi\/wp-json\/wp\/v2\/product_tag?post=184840"}],"curies":[{"name":"wp","href":"https:\/\/api.w.org\/{rel}","templated":true}]}}