{"id":144883,"date":"2021-07-01T09:29:03","date_gmt":"2021-07-01T09:29:03","guid":{"rendered":"https:\/\/molenkoning.com\/product\/aluminium-pushergate\/"},"modified":"2021-09-21T10:36:41","modified_gmt":"2021-09-21T10:36:41","slug":"mk-vakio-valiseina-alumiinista","status":"publish","type":"product","link":"https:\/\/molenkoning.com\/fi\/tuote\/mk-vakio-valiseina-alumiinista\/","title":{"rendered":"MK Vakio v\u00e4lisein\u00e4 alumiinista"},"content":{"rendered":"<p>T\u00e4m\u00e4n vakiomallin MK V\u00e4lisein\u00e4n muodostaa 14 150 cm pitk\u00e4\u00e4 alumiinitankoa. V\u00e4lisein\u00e4n leveys on 200cm. V\u00e4lisein\u00e4 ei sovi muun merkkisiin k\u00e4velykoneisiin. Jos tarvitset v\u00e4lisein\u00e4n k\u00e4velykoneeseesi, ota rohkeasti yhteytt\u00e4 myyntitiimiimme!<\/p>\n","protected":false},"excerpt":{"rendered":"<p>T\u00e4m\u00e4n vakiomallin MK V\u00e4lisein\u00e4n muodostaa 14 150 cm pitk\u00e4\u00e4 alumiinitankoa. V\u00e4lisein\u00e4n leveys on 200cm. V\u00e4lisein\u00e4 ei sovi muun merkkisiin k\u00e4velykoneisiin. Jos tarvitset v\u00e4lisein\u00e4n k\u00e4velykoneeseesi, ota rohkeasti yhteytt\u00e4 myyntitiimiimme!<\/p>\n","protected":false},"featured_media":174901,"template":"","meta":{"_acf_changed":false,"content-type":""},"product_brand":[],"product_cat":[480],"product_tag":[],"class_list":{"0":"post-144883","1":"product","2":"type-product","3":"status-publish","4":"has-post-thumbnail","6":"product_cat-varaosat","7":"product_shipping_class-price-on-request-fi","9":"first","10":"instock","11":"taxable","12":"shipping-taxable","13":"purchasable","14":"product-type-simple"},"acf":[],"_links":{"self":[{"href":"https:\/\/molenkoning.com\/fi\/wp-json\/wp\/v2\/product\/144883","targetHints":{"allow":["GET"]}}],"collection":[{"href":"https:\/\/molenkoning.com\/fi\/wp-json\/wp\/v2\/product"}],"about":[{"href":"https:\/\/molenkoning.com\/fi\/wp-json\/wp\/v2\/types\/product"}],"wp:featuredmedia":[{"embeddable":true,"href":"https:\/\/molenkoning.com\/fi\/wp-json\/wp\/v2\/media\/174901"}],"wp:attachment":[{"href":"https:\/\/molenkoning.com\/fi\/wp-json\/wp\/v2\/media?parent=144883"}],"wp:term":[{"taxonomy":"product_brand","embeddable":true,"href":"https:\/\/molenkoning.com\/fi\/wp-json\/wp\/v2\/product_brand?post=144883"},{"taxonomy":"product_cat","embeddable":true,"href":"https:\/\/molenkoning.com\/fi\/wp-json\/wp\/v2\/product_cat?post=144883"},{"taxonomy":"product_tag","embeddable":true,"href":"https:\/\/molenkoning.com\/fi\/wp-json\/wp\/v2\/product_tag?post=144883"}],"curies":[{"name":"wp","href":"https:\/\/api.w.org\/{rel}","templated":true}]}}