{"id":141650,"date":"2021-07-01T10:58:05","date_gmt":"2021-07-01T10:58:05","guid":{"rendered":"https:\/\/molenkoning.com\/product\/refill-for-lubrication-system-including-batteries\/"},"modified":"2026-03-24T08:47:15","modified_gmt":"2026-03-24T08:47:15","slug":"voitelujarjestelman-taytto","status":"publish","type":"product","link":"https:\/\/molenkoning.com\/fi\/tuote\/voitelujarjestelman-taytto\/","title":{"rendered":"Voiteluj\u00e4rjestelm\u00e4n t\u00e4ytt\u00f6"},"content":{"rendered":"<div class=\"fusion-fullwidth fullwidth-box fusion-builder-row-1 fusion-flex-container nonhundred-percent-fullwidth non-hundred-percent-height-scrolling\" style=\"--awb-border-radius-top-left:0px;--awb-border-radius-top-right:0px;--awb-border-radius-bottom-right:0px;--awb-border-radius-bottom-left:0px;--awb-flex-wrap:wrap;\" ><div class=\"fusion-builder-row fusion-row fusion-flex-align-items-flex-start fusion-flex-content-wrap\" style=\"max-width:1144px;margin-left: calc(-4% \/ 2 );margin-right: calc(-4% \/ 2 );\"><div class=\"fusion-layout-column fusion_builder_column fusion-builder-column-0 fusion_builder_column_1_1 1_1 fusion-flex-column\" style=\"--awb-bg-size:cover;--awb-width-large:100%;--awb-margin-top-large:0px;--awb-spacing-right-large:1.92%;--awb-margin-bottom-large:0px;--awb-spacing-left-large:1.92%;--awb-width-medium:100%;--awb-spacing-right-medium:1.92%;--awb-spacing-left-medium:1.92%;--awb-width-small:100%;--awb-spacing-right-small:1.92%;--awb-spacing-left-small:1.92%;\"><div class=\"fusion-column-wrapper fusion-flex-justify-content-flex-start fusion-content-layout-column\"><div class=\"fusion-text fusion-text-1\"><p>MK rasvapatruuna ja batteri vuosittaista voiteluj\u00e4rjestelm\u00e4n t\u00e4ytt\u00f6\u00e4 varten. (sopii vain MK voiteluj\u00e4rjestelmiin)<\/p>\n<\/div><\/div><\/div><\/div><\/div>\n","protected":false},"excerpt":{"rendered":"","protected":false},"featured_media":174725,"template":"","meta":{"_acf_changed":false,"content-type":""},"product_brand":[],"product_cat":[480],"product_tag":[],"class_list":{"0":"post-141650","1":"product","2":"type-product","3":"status-publish","4":"has-post-thumbnail","6":"product_cat-varaosat","8":"first","9":"instock","10":"taxable","11":"shipping-taxable","12":"purchasable","13":"product-type-simple"},"acf":[],"_links":{"self":[{"href":"https:\/\/molenkoning.com\/fi\/wp-json\/wp\/v2\/product\/141650","targetHints":{"allow":["GET"]}}],"collection":[{"href":"https:\/\/molenkoning.com\/fi\/wp-json\/wp\/v2\/product"}],"about":[{"href":"https:\/\/molenkoning.com\/fi\/wp-json\/wp\/v2\/types\/product"}],"wp:featuredmedia":[{"embeddable":true,"href":"https:\/\/molenkoning.com\/fi\/wp-json\/wp\/v2\/media\/174725"}],"wp:attachment":[{"href":"https:\/\/molenkoning.com\/fi\/wp-json\/wp\/v2\/media?parent=141650"}],"wp:term":[{"taxonomy":"product_brand","embeddable":true,"href":"https:\/\/molenkoning.com\/fi\/wp-json\/wp\/v2\/product_brand?post=141650"},{"taxonomy":"product_cat","embeddable":true,"href":"https:\/\/molenkoning.com\/fi\/wp-json\/wp\/v2\/product_cat?post=141650"},{"taxonomy":"product_tag","embeddable":true,"href":"https:\/\/molenkoning.com\/fi\/wp-json\/wp\/v2\/product_tag?post=141650"}],"curies":[{"name":"wp","href":"https:\/\/api.w.org\/{rel}","templated":true}]}}