{"id":201387,"date":"2025-01-29T14:21:25","date_gmt":"2025-01-29T14:21:25","guid":{"rendered":"https:\/\/molenkoning.com\/manuals\/"},"modified":"2026-03-27T10:42:55","modified_gmt":"2026-03-27T10:42:55","slug":"asennusohjeet","status":"publish","type":"page","link":"https:\/\/molenkoning.com\/fi\/asennusohjeet\/","title":{"rendered":"Asennusohjeet"},"content":{"rendered":"<p><div class=\"fusion-fullwidth fullwidth-box fusion-builder-row-1 fusion-flex-container has-pattern-background has-mask-background nonhundred-percent-fullwidth non-hundred-percent-height-scrolling\" style=\"--awb-border-radius-top-left:0px;--awb-border-radius-top-right:0px;--awb-border-radius-bottom-right:0px;--awb-border-radius-bottom-left:0px;--awb-flex-wrap:wrap;\" ><div class=\"fusion-builder-row fusion-row fusion-flex-align-items-flex-start fusion-flex-content-wrap\" style=\"max-width:1144px;margin-left: calc(-4% \/ 2 );margin-right: calc(-4% \/ 2 );\"><div class=\"fusion-layout-column fusion_builder_column fusion-builder-column-0 fusion_builder_column_1_2 1_2 fusion-flex-column\" style=\"--awb-bg-size:cover;--awb-width-large:50%;--awb-margin-top-large:0px;--awb-spacing-right-large:3.84%;--awb-margin-bottom-large:20px;--awb-spacing-left-large:3.84%;--awb-width-medium:100%;--awb-order-medium:0;--awb-spacing-right-medium:1.92%;--awb-spacing-left-medium:1.92%;--awb-width-small:100%;--awb-order-small:0;--awb-spacing-right-small:1.92%;--awb-spacing-left-small:1.92%;\"><div class=\"fusion-column-wrapper fusion-column-has-shadow fusion-flex-justify-content-flex-start fusion-content-layout-column\"><div class=\"fusion-title title fusion-title-1 fusion-sep-none fusion-title-text fusion-title-size-two\" style=\"--awb-margin-bottom:10px;\"><h2 class=\"fusion-title-heading title-heading-left\" style=\"margin:0;\"><a href=\"https:\/\/molenkoning.com\/fi\/mk-premium-infrapuna-solariumin-asennusohje\/\">MK Premium -infrapuna Solariumin Asennusohje<\/a><\/h2><\/div><div class=\"fusion-builder-row fusion-builder-row-inner fusion-row fusion-flex-align-items-flex-start fusion-flex-content-wrap\" style=\"width:104% !important;max-width:104% !important;margin-left: calc(-4% \/ 2 );margin-right: calc(-4% \/ 2 );\"><div class=\"fusion-layout-column fusion_builder_column_inner fusion-builder-nested-column-0 fusion_builder_column_inner_2_5 2_5 fusion-flex-column\" style=\"--awb-bg-size:cover;--awb-width-large:40%;--awb-margin-top-large:0px;--awb-spacing-right-large:4.8%;--awb-margin-bottom-large:20px;--awb-spacing-left-large:4.8%;--awb-width-medium:100%;--awb-order-medium:0;--awb-spacing-right-medium:1.92%;--awb-spacing-left-medium:1.92%;--awb-width-small:100%;--awb-order-small:0;--awb-spacing-right-small:1.92%;--awb-spacing-left-small:1.92%;\"><div class=\"fusion-column-wrapper fusion-column-has-shadow fusion-flex-justify-content-flex-start fusion-content-layout-column\"><div class=\"fusion-image-element \" style=\"--awb-caption-title-font-family:var(--h2_typography-font-family);--awb-caption-title-font-weight:var(--h2_typography-font-weight);--awb-caption-title-font-style:var(--h2_typography-font-style);--awb-caption-title-size:var(--h2_typography-font-size);--awb-caption-title-transform:var(--h2_typography-text-transform);--awb-caption-title-line-height:var(--h2_typography-line-height);--awb-caption-title-letter-spacing:var(--h2_typography-letter-spacing);\"><span class=\" fusion-imageframe imageframe-none imageframe-1 hover-type-none\"><a class=\"fusion-no-lightbox\" href=\"https:\/\/molenkoning.com\/solarium-installation-manual\/\" target=\"_self\" aria-label=\"image (5)\"><img decoding=\"async\" width=\"1788\" height=\"2560\" src=\"https:\/\/molenkoning.com\/wp-content\/uploads\/2026\/03\/image-5-scaled.jpeg\" alt class=\"img-responsive wp-image-199387\" srcset=\"https:\/\/molenkoning.com\/wp-content\/uploads\/2026\/03\/image-5-200x286.jpeg 200w, https:\/\/molenkoning.com\/wp-content\/uploads\/2026\/03\/image-5-400x573.jpeg 400w, https:\/\/molenkoning.com\/wp-content\/uploads\/2026\/03\/image-5-600x859.jpeg 600w, https:\/\/molenkoning.com\/wp-content\/uploads\/2026\/03\/image-5-800x1145.jpeg 800w, https:\/\/molenkoning.com\/wp-content\/uploads\/2026\/03\/image-5-1200x1718.jpeg 1200w, https:\/\/molenkoning.com\/wp-content\/uploads\/2026\/03\/image-5-scaled.jpeg 1788w\" sizes=\"(max-width: 1024px) 100vw, (max-width: 640px) 100vw, 600px\" \/><\/a><\/span><\/div><\/div><\/div><div class=\"fusion-layout-column fusion_builder_column_inner fusion-builder-nested-column-1 fusion_builder_column_inner_3_5 3_5 fusion-flex-column\" style=\"--awb-bg-size:cover;--awb-width-large:60%;--awb-margin-top-large:0px;--awb-spacing-right-large:3.2%;--awb-margin-bottom-large:20px;--awb-spacing-left-large:3.2%;--awb-width-medium:100%;--awb-order-medium:0;--awb-spacing-right-medium:1.92%;--awb-spacing-left-medium:1.92%;--awb-width-small:100%;--awb-order-small:0;--awb-spacing-right-small:1.92%;--awb-spacing-left-small:1.92%;\"><div class=\"fusion-column-wrapper fusion-column-has-shadow fusion-flex-justify-content-flex-start fusion-content-layout-column\"><div class=\"fusion-text fusion-text-1\"><p>T\u00e4ydelliset ohjeet MK Premium -infrapunasolariumillesi l\u00f6yd\u00e4t klikkaamalla linkki\u00e4 <a href=\"https:\/\/molenkoning.com\/fi\/mk-premium-infrapuna-solariumin-asennusohje\/\">\u201cMK Premium -infrapuna Solariumin Asennusohje\u201d<\/a>.<br \/>T\u00e4m\u00e4 kattava opas sis\u00e4lt\u00e4\u00e4 selke\u00e4t vaiheittaiset ohjeet asennukseen, k\u00e4ytt\u00f6\u00f6n ja huoltoon, jotta laite toimii optimaalisesti ja turvallisesti. Olitpa ottamassa solariumia k\u00e4ytt\u00f6\u00f6n ensimm\u00e4ist\u00e4 kertaa tai etsim\u00e4ss\u00e4 tarkempia ohjeita, k\u00e4ytt\u00f6oppaasta l\u00f6yd\u00e4t kaiken tarvittavan laitteen varmaan ja oikeaan k\u00e4ytt\u00f6\u00f6n sek\u00e4 huoltoon.<\/p>\n<\/div><\/div><\/div><\/div><\/div><\/div><div class=\"fusion-layout-column fusion_builder_column fusion-builder-column-1 fusion_builder_column_1_2 1_2 fusion-flex-column\" style=\"--awb-bg-size:cover;--awb-width-large:50%;--awb-margin-top-large:0px;--awb-spacing-right-large:3.84%;--awb-margin-bottom-large:20px;--awb-spacing-left-large:3.84%;--awb-width-medium:100%;--awb-order-medium:0;--awb-spacing-right-medium:1.92%;--awb-spacing-left-medium:1.92%;--awb-width-small:100%;--awb-order-small:0;--awb-spacing-right-small:1.92%;--awb-spacing-left-small:1.92%;\"><div class=\"fusion-column-wrapper fusion-column-has-shadow fusion-flex-justify-content-flex-start fusion-content-layout-column\"><div class=\"fusion-title title fusion-title-2 fusion-sep-none fusion-title-text fusion-title-size-two\" style=\"--awb-margin-bottom:10px;\"><h2 class=\"fusion-title-heading title-heading-left\" style=\"margin:0;\"><a href=\"https:\/\/molenkoning.com\/fi\/mk-compact-infrapuna-solariumin-asennusohje\/\">MK Compact -infrapuna Solariumin asennusohje<\/a><\/h2><\/div><div class=\"fusion-builder-row fusion-builder-row-inner fusion-row fusion-flex-align-items-flex-start fusion-flex-content-wrap\" style=\"width:104% !important;max-width:104% !important;margin-left: calc(-4% \/ 2 );margin-right: calc(-4% \/ 2 );\"><div class=\"fusion-layout-column fusion_builder_column_inner fusion-builder-nested-column-2 fusion_builder_column_inner_2_5 2_5 fusion-flex-column\" style=\"--awb-bg-size:cover;--awb-width-large:40%;--awb-margin-top-large:0px;--awb-spacing-right-large:4.8%;--awb-margin-bottom-large:20px;--awb-spacing-left-large:4.8%;--awb-width-medium:100%;--awb-order-medium:0;--awb-spacing-right-medium:1.92%;--awb-spacing-left-medium:1.92%;--awb-width-small:100%;--awb-order-small:0;--awb-spacing-right-small:1.92%;--awb-spacing-left-small:1.92%;\"><div class=\"fusion-column-wrapper fusion-column-has-shadow fusion-flex-justify-content-flex-start fusion-content-layout-column\"><div class=\"fusion-image-element \" style=\"--awb-caption-title-font-family:var(--h2_typography-font-family);--awb-caption-title-font-weight:var(--h2_typography-font-weight);--awb-caption-title-font-style:var(--h2_typography-font-style);--awb-caption-title-size:var(--h2_typography-font-size);--awb-caption-title-transform:var(--h2_typography-text-transform);--awb-caption-title-line-height:var(--h2_typography-line-height);--awb-caption-title-letter-spacing:var(--h2_typography-letter-spacing);\"><span class=\" fusion-imageframe imageframe-none imageframe-2 hover-type-none\"><a class=\"fusion-no-lightbox\" href=\"https:\/\/molenkoning.com\/mk-compact-infrared-solarium-manual\/\" target=\"_self\" aria-label=\"solarium_manual\"><img decoding=\"async\" width=\"1024\" height=\"1536\" src=\"https:\/\/molenkoning.com\/wp-content\/uploads\/2026\/03\/solarium_manual.png\" alt class=\"img-responsive wp-image-202164\" srcset=\"https:\/\/molenkoning.com\/wp-content\/uploads\/2026\/03\/solarium_manual-200x300.png 200w, https:\/\/molenkoning.com\/wp-content\/uploads\/2026\/03\/solarium_manual-400x600.png 400w, https:\/\/molenkoning.com\/wp-content\/uploads\/2026\/03\/solarium_manual-600x900.png 600w, https:\/\/molenkoning.com\/wp-content\/uploads\/2026\/03\/solarium_manual-800x1200.png 800w, https:\/\/molenkoning.com\/wp-content\/uploads\/2026\/03\/solarium_manual.png 1024w\" sizes=\"(max-width: 1024px) 100vw, (max-width: 640px) 100vw, 600px\" \/><\/a><\/span><\/div><\/div><\/div><div class=\"fusion-layout-column fusion_builder_column_inner fusion-builder-nested-column-3 fusion_builder_column_inner_3_5 3_5 fusion-flex-column\" style=\"--awb-bg-size:cover;--awb-width-large:60%;--awb-margin-top-large:0px;--awb-spacing-right-large:3.2%;--awb-margin-bottom-large:20px;--awb-spacing-left-large:3.2%;--awb-width-medium:100%;--awb-order-medium:0;--awb-spacing-right-medium:1.92%;--awb-spacing-left-medium:1.92%;--awb-width-small:100%;--awb-order-small:0;--awb-spacing-right-small:1.92%;--awb-spacing-left-small:1.92%;\"><div class=\"fusion-column-wrapper fusion-column-has-shadow fusion-flex-justify-content-flex-start fusion-content-layout-column\"><div class=\"fusion-text fusion-text-2\"><p>T\u00e4ydelliset ohjeet MK Compact -infrapunasolariumillesi l\u00f6yd\u00e4t klikkaamalla linkki\u00e4 <a href=\"https:\/\/molenkoning.com\/fi\/mk-compact-infrapuna-solariumin-asennusohje\/\">\u201cMK Compact -infrapuna Solariumin Asennusohje\u201d<\/a>.<br \/>T\u00e4m\u00e4 kattava opas sis\u00e4lt\u00e4\u00e4 selke\u00e4t vaiheittaiset ohjeet asennukseen, k\u00e4ytt\u00f6\u00f6n ja huoltoon, jotta laite toimii optimaalisesti ja turvallisesti. Olitpa ottamassa solariumia k\u00e4ytt\u00f6\u00f6n ensimm\u00e4ist\u00e4 kertaa tai etsim\u00e4ss\u00e4 tarkempia ohjeita, k\u00e4ytt\u00f6oppaasta l\u00f6yd\u00e4t kaiken tarvittavan laitteen varmaan ja oikeaan k\u00e4ytt\u00f6\u00f6n sek\u00e4 huoltoon.<\/p>\n<\/div><\/div><\/div><\/div><\/div><\/div><\/div><\/div><div class=\"fusion-fullwidth fullwidth-box fusion-builder-row-2 fusion-flex-container has-pattern-background has-mask-background nonhundred-percent-fullwidth non-hundred-percent-height-scrolling\" style=\"--awb-border-radius-top-left:0px;--awb-border-radius-top-right:0px;--awb-border-radius-bottom-right:0px;--awb-border-radius-bottom-left:0px;--awb-padding-bottom:30px;--awb-flex-wrap:wrap;\" ><div class=\"fusion-builder-row fusion-row fusion-flex-align-items-flex-start fusion-flex-content-wrap\" style=\"max-width:1144px;margin-left: calc(-4% \/ 2 );margin-right: calc(-4% \/ 2 );\"><div class=\"fusion-layout-column fusion_builder_column fusion-builder-column-2 fusion_builder_column_1_3 1_3 fusion-flex-column\" style=\"--awb-bg-size:cover;--awb-width-large:33.333333333333%;--awb-margin-top-large:0px;--awb-spacing-right-large:5.76%;--awb-margin-bottom-large:20px;--awb-spacing-left-large:5.76%;--awb-width-medium:100%;--awb-order-medium:0;--awb-spacing-right-medium:1.92%;--awb-spacing-left-medium:1.92%;--awb-width-small:100%;--awb-order-small:0;--awb-spacing-right-small:1.92%;--awb-spacing-left-small:1.92%;\"><div class=\"fusion-column-wrapper fusion-column-has-shadow fusion-flex-justify-content-flex-start fusion-content-layout-column\"><div class=\"fusion-image-element \" style=\"--awb-caption-title-font-family:var(--h2_typography-font-family);--awb-caption-title-font-weight:var(--h2_typography-font-weight);--awb-caption-title-font-style:var(--h2_typography-font-style);--awb-caption-title-size:var(--h2_typography-font-size);--awb-caption-title-transform:var(--h2_typography-text-transform);--awb-caption-title-line-height:var(--h2_typography-line-height);--awb-caption-title-letter-spacing:var(--h2_typography-letter-spacing);\"><span class=\" fusion-imageframe imageframe-none imageframe-3 hover-type-none\"><img decoding=\"async\" width=\"2560\" height=\"2048\" title=\"DJI_0802-HDR-2 (3)\" src=\"https:\/\/molenkoning.com\/wp-content\/uploads\/2025\/08\/DJI_0802-HDR-2-3-scaled.jpg\" alt class=\"img-responsive wp-image-192890\" srcset=\"https:\/\/molenkoning.com\/wp-content\/uploads\/2025\/08\/DJI_0802-HDR-2-3-200x160.jpg 200w, https:\/\/molenkoning.com\/wp-content\/uploads\/2025\/08\/DJI_0802-HDR-2-3-400x320.jpg 400w, https:\/\/molenkoning.com\/wp-content\/uploads\/2025\/08\/DJI_0802-HDR-2-3-600x480.jpg 600w, https:\/\/molenkoning.com\/wp-content\/uploads\/2025\/08\/DJI_0802-HDR-2-3-800x640.jpg 800w, https:\/\/molenkoning.com\/wp-content\/uploads\/2025\/08\/DJI_0802-HDR-2-3-1200x960.jpg 1200w, https:\/\/molenkoning.com\/wp-content\/uploads\/2025\/08\/DJI_0802-HDR-2-3-scaled.jpg 2560w\" sizes=\"(max-width: 1024px) 100vw, (max-width: 640px) 100vw, 400px\" \/><\/span><\/div><\/div><\/div><div class=\"fusion-layout-column fusion_builder_column fusion-builder-column-3 fusion_builder_column_2_3 2_3 fusion-flex-column\" style=\"--awb-bg-size:cover;--awb-width-large:66.666666666667%;--awb-margin-top-large:0px;--awb-spacing-right-large:2.88%;--awb-margin-bottom-large:20px;--awb-spacing-left-large:2.88%;--awb-width-medium:100%;--awb-order-medium:0;--awb-spacing-right-medium:1.92%;--awb-spacing-left-medium:1.92%;--awb-width-small:100%;--awb-order-small:0;--awb-spacing-right-small:1.92%;--awb-spacing-left-small:1.92%;\"><div class=\"fusion-column-wrapper fusion-column-has-shadow fusion-flex-justify-content-flex-start fusion-content-layout-column\"><div class=\"fusion-title title fusion-title-3 fusion-sep-none fusion-title-text fusion-title-size-two\" style=\"--awb-margin-bottom:10px;\"><h2 class=\"fusion-title-heading title-heading-left\" style=\"margin:0;\"><a href=\"https:\/\/molenkoning.com\/fi\/hevosten-kavelykoneiden-asennusohjeet\/\">Hevosten k\u00e4velykoneiden asennusohjeet<\/a><\/h2><\/div><div class=\"fusion-text fusion-text-3\"><p>Klikkaa kohtaa <a href=\"https:\/\/molenkoning.com\/fi\/hevosten-kavelykoneiden-asennusohjeet\/\">\u201cHevosten k\u00e4velykoneiden asennusohjeet\u201d<\/a> p\u00e4\u00e4st\u00e4ksesi Molenkoning-k\u00e4velytyskoneiden kattaviin ohjeisiin. Sis\u00e4lt\u00e4 l\u00f6yd\u00e4t k\u00e4ytt\u00f6oppaat k\u00e4velytyskoneille, joiden halkaisija on 10\u201320 metri\u00e4, ja jotka on varustettu alumiini-, ter\u00e4sverkko- tai safeguard-v\u00e4liporteilla. Jokainen opas sis\u00e4lt\u00e4\u00e4 yksityiskohtaiset ohjeet asennukseen ja k\u00e4ytt\u00f6\u00f6n, jotta voit varmistaa laitteen optimaalisen toiminnan sek\u00e4 hevosten turvallisuuden.<\/p>\n<p>Olitpa asentamassa uutta k\u00e4velytyskonetta tai etsim\u00e4ss\u00e4 tarkempia ohjeita, n\u00e4ist\u00e4 oppaista l\u00f6yd\u00e4t kaiken tarvitsemasi.<\/p>\n<\/div><\/div><\/div><\/div><\/div><\/p>\n","protected":false},"excerpt":{"rendered":"","protected":false},"author":1,"featured_media":0,"parent":0,"menu_order":0,"comment_status":"closed","ping_status":"closed","template":"","meta":{"_acf_changed":false,"content-type":"","footnotes":""},"class_list":["post-201387","page","type-page","status-publish","hentry"],"acf":[],"_links":{"self":[{"href":"https:\/\/molenkoning.com\/fi\/wp-json\/wp\/v2\/pages\/201387","targetHints":{"allow":["GET"]}}],"collection":[{"href":"https:\/\/molenkoning.com\/fi\/wp-json\/wp\/v2\/pages"}],"about":[{"href":"https:\/\/molenkoning.com\/fi\/wp-json\/wp\/v2\/types\/page"}],"author":[{"embeddable":true,"href":"https:\/\/molenkoning.com\/fi\/wp-json\/wp\/v2\/users\/1"}],"replies":[{"embeddable":true,"href":"https:\/\/molenkoning.com\/fi\/wp-json\/wp\/v2\/comments?post=201387"}],"version-history":[{"count":7,"href":"https:\/\/molenkoning.com\/fi\/wp-json\/wp\/v2\/pages\/201387\/revisions"}],"predecessor-version":[{"id":206932,"href":"https:\/\/molenkoning.com\/fi\/wp-json\/wp\/v2\/pages\/201387\/revisions\/206932"}],"wp:attachment":[{"href":"https:\/\/molenkoning.com\/fi\/wp-json\/wp\/v2\/media?parent=201387"}],"curies":[{"name":"wp","href":"https:\/\/api.w.org\/{rel}","templated":true}]}}