{"id":15991,"date":"2020-02-11T13:24:13","date_gmt":"2020-02-11T13:24:13","guid":{"rendered":"https:\/\/molenkoning.com\/structure-and-composition-of-a-molenkoning-horse-walker\/"},"modified":"2023-08-16T11:48:14","modified_gmt":"2023-08-16T11:48:14","slug":"kavelytyskoneiden-rakenne","status":"publish","type":"page","link":"https:\/\/molenkoning.com\/fi\/kavelytyskoneiden-rakenne\/","title":{"rendered":"Molenkoningin k\u00e4velytyskoneen rakenne ja koostumus"},"content":{"rendered":"<p><div class=\"fusion-fullwidth fullwidth-box fusion-builder-row-1 fusion-flex-container has-pattern-background has-mask-background nonhundred-percent-fullwidth non-hundred-percent-height-scrolling\" style=\"--awb-border-radius-top-left:0px;--awb-border-radius-top-right:0px;--awb-border-radius-bottom-right:0px;--awb-border-radius-bottom-left:0px;--awb-flex-wrap:wrap;\" ><div class=\"fusion-builder-row fusion-row fusion-flex-align-items-flex-start fusion-flex-content-wrap\" style=\"max-width:1144px;margin-left: calc(-4% \/ 2 );margin-right: calc(-4% \/ 2 );\"><div class=\"fusion-layout-column fusion_builder_column fusion-builder-column-0 fusion_builder_column_1_1 1_1 fusion-flex-column\" style=\"--awb-bg-size:cover;--awb-width-large:100%;--awb-margin-top-large:0px;--awb-spacing-right-large:1.92%;--awb-margin-bottom-large:20px;--awb-spacing-left-large:1.92%;--awb-width-medium:100%;--awb-order-medium:0;--awb-spacing-right-medium:1.92%;--awb-spacing-left-medium:1.92%;--awb-width-small:100%;--awb-order-small:0;--awb-spacing-right-small:1.92%;--awb-spacing-left-small:1.92%;\"><div class=\"fusion-column-wrapper fusion-column-has-shadow fusion-flex-justify-content-flex-start fusion-content-layout-column\"><div class=\"fusion-title title fusion-title-1 fusion-sep-none fusion-title-text fusion-title-size-one\" style=\"--awb-text-color:#333333;\"><h1 class=\"fusion-title-heading title-heading-left\" style=\"margin:0;\">Molenkoning k\u00e4velykoneen asennus ja rakenteen koostumus<\/h1><\/div><div class=\"fusion-text fusion-text-1\"><p>Molenkoningin hevosten k\u00e4velykone on k\u00e4ytt\u00e4j\u00e4yst\u00e4v\u00e4llinen ja sen k\u00e4ytt\u00f6ik\u00e4 on pitk\u00e4, kiitos tukevan ter\u00e4srakenteen. T\u00e4m\u00e4 hevosten k\u00e4velykoneen vaatii vain v\u00e4h\u00e4n huoltoa, se on turvallinen ja energiatehokas. K\u00e4velykone voidaan asentaa ammattilaisten avulla tai voit tehd\u00e4 sen my\u00f6s itse helposti luettavan oppaamme asennusoppaan ansiosta.<\/p>\n<p>T\u00e4ss\u00e4 kappaleessa kerromme sinulle kaiken k\u00e4velykoneen rakenteesta. T\u00e4ll\u00e4 tavoin, tied\u00e4t l\u00e4hes kaiken t\u00e4rkeimmist\u00e4 asioista mit\u00e4 Molenkoning k\u00e4velykoneisiin tulee. Jos haluat oppia lis\u00e4\u00e4 hevosten k\u00e4velykoneella harjoittelusta, klikkaa t\u00e4st\u00e4.<\/p>\n<ul>\n<li>Turvallisuus hevoselle ja sen k\u00e4sittelij\u00e4lle<\/li>\n<li>Laadukkaat materiaalit ja viimeistely<\/li>\n<li>Ykk\u00f6sluokan palvelu ennen ja j\u00e4lkeen tilauksen<\/li>\n<li>Helppok\u00e4ytt\u00f6inen<\/li>\n<li>Paras hinta-laatu suhde<\/li>\n<\/ul>\n<\/div><\/div><\/div><div class=\"fusion-layout-column fusion_builder_column fusion-builder-column-1 fusion_builder_column_1_1 1_1 fusion-flex-column\" style=\"--awb-bg-size:cover;--awb-width-large:100%;--awb-margin-top-large:0px;--awb-spacing-right-large:1.92%;--awb-margin-bottom-large:20px;--awb-spacing-left-large:1.92%;--awb-width-medium:100%;--awb-order-medium:0;--awb-spacing-right-medium:1.92%;--awb-spacing-left-medium:1.92%;--awb-width-small:100%;--awb-order-small:0;--awb-spacing-right-small:1.92%;--awb-spacing-left-small:1.92%;\"><div class=\"fusion-column-wrapper fusion-column-has-shadow fusion-flex-justify-content-flex-start fusion-content-layout-column\"><div class=\"fusion-title title fusion-title-2 fusion-sep-none fusion-title-text fusion-title-size-one\" style=\"--awb-text-color:#333333;\"><h1 class=\"fusion-title-heading title-heading-left\" style=\"margin:0;\">Hevosten k\u00e4velykone ja sen turvallisuus<\/h1><\/div><div class=\"fusion-text fusion-text-2\"><p>Turvallisuus ja laatu ovat sinulle t\u00e4rkeint\u00e4, niin ne ovat meillekkin! Siksi hevosten k\u00e4velykoneemme valmistetaan 220V s\u00e4hk\u00f6moottorilla, joka on suunniteltu pitk\u00e4ll\u00e4 v\u00e4hint\u00e4\u00e4 15.000:n tunnin k\u00e4ytt\u00f6i\u00e4ll\u00e4.<\/p>\n<\/div><\/div><\/div><\/div><\/div><div class=\"fusion-fullwidth fullwidth-box fusion-builder-row-2 fusion-flex-container has-pattern-background has-mask-background ctabannerouter nonhundred-percent-fullwidth non-hundred-percent-height-scrolling\" style=\"--awb-border-radius-top-left:0px;--awb-border-radius-top-right:0px;--awb-border-radius-bottom-right:0px;--awb-border-radius-bottom-left:0px;--awb-margin-bottom:20px;--awb-background-color:#484848;--awb-flex-wrap:wrap;\" ><div class=\"fusion-builder-row fusion-row fusion-flex-align-items-flex-start fusion-flex-content-wrap\" style=\"max-width:calc( 1100px + 0px );margin-left: calc(-0px \/ 2 );margin-right: calc(-0px \/ 2 );\"><div class=\"fusion-layout-column fusion_builder_column fusion-builder-column-2 fusion_builder_column_1_3 1_3 fusion-flex-column\" style=\"--awb-padding-top:30px;--awb-padding-right:30px;--awb-padding-bottom:10px;--awb-padding-left:30px;--awb-bg-color:#484848;--awb-bg-color-hover:#484848;--awb-bg-size:cover;--awb-width-large:33.333333333333%;--awb-margin-top-large:0px;--awb-spacing-right-large:0;--awb-margin-bottom-large:0px;--awb-spacing-left-large:0px;--awb-width-medium:100%;--awb-order-medium:0;--awb-spacing-right-medium:0px;--awb-spacing-left-medium:0px;--awb-width-small:100%;--awb-order-small:0;--awb-spacing-right-small:0px;--awb-spacing-left-small:0px;\"><div class=\"fusion-column-wrapper fusion-column-has-shadow fusion-flex-justify-content-flex-start fusion-content-layout-column\"><div class=\"fusion-text fusion-text-3\" style=\"--awb-text-color:#ffffff;\"><p>Hei! Olen Alisa ja olen yhteyshenkil\u00f6nne t\u00e4\u00e4ll\u00e4 MK toimistolla. Minulla on monen vuoden kokemus hevosalalta niin ratsuttajana, kuin tallimestarina ja tuotteemme Molenkoningilta ovat olleet k\u00e4yt\u00f6ss\u00e4 p\u00e4ivitt\u00e4isess\u00e4 arjessani jo vuosia. Autan teit\u00e4 mielell\u00e4ni alkavissa projekteissanne. Joten jos teill\u00e4 on kysytt\u00e4v\u00e4\u00e4, kysyk\u00e4\u00e4 rohkeasti. Toivottavasti kuulen teist\u00e4 pian!<\/p>\n<p>Terkuin, Alisa<\/p>\n<\/div><\/div><\/div><div class=\"fusion-layout-column fusion_builder_column fusion-builder-column-3 fusion_builder_column_2_3 2_3 fusion-flex-column ctabannerinner\" style=\"--awb-padding-top:50px;--awb-padding-right:50px;--awb-padding-bottom:51px;--awb-padding-left:30px;--awb-bg-color:rgba(0,0,0,0.38);--awb-bg-color-hover:rgba(0,0,0,0.38);--awb-bg-image:url(&#039;https:\/\/molenkoning.com\/wp-content\/uploads\/2021\/09\/Molenkoning-66.jpeg&#039;);--awb-bg-position:center center;--awb-bg-size:cover;--awb-width-large:66.666666666667%;--awb-margin-top-large:0px;--awb-spacing-right-large:0px;--awb-margin-bottom-large:0px;--awb-spacing-left-large:0;--awb-width-medium:100%;--awb-order-medium:0;--awb-spacing-right-medium:0px;--awb-spacing-left-medium:0px;--awb-width-small:100%;--awb-order-small:0;--awb-spacing-right-small:0px;--awb-spacing-left-small:0px;\"><div class=\"fusion-column-wrapper fusion-column-has-shadow fusion-flex-justify-content-flex-start fusion-content-layout-column fusion-column-has-bg-image\" data-bg-url=\"https:\/\/molenkoning.com\/wp-content\/uploads\/2021\/09\/Molenkoning-66.jpeg\"><div class=\"fusion-image-element \" style=\"--awb-margin-bottom:10px;--awb-caption-title-font-family:var(--h2_typography-font-family);--awb-caption-title-font-weight:var(--h2_typography-font-weight);--awb-caption-title-font-style:var(--h2_typography-font-style);--awb-caption-title-size:var(--h2_typography-font-size);--awb-caption-title-transform:var(--h2_typography-text-transform);--awb-caption-title-line-height:var(--h2_typography-line-height);--awb-caption-title-letter-spacing:var(--h2_typography-letter-spacing);\"><span class=\" fusion-imageframe imageframe-none imageframe-1 hover-type-none\"><img decoding=\"async\" width=\"200\" height=\"200\" title=\"newctabanneralisa\" src=\"https:\/\/molenkoning.com\/wp-content\/uploads\/2022\/03\/newctabanneralisa.png\" alt class=\"img-responsive wp-image-152570\" srcset=\"https:\/\/molenkoning.com\/wp-content\/uploads\/2022\/03\/newctabanneralisa-66x66.png 66w, https:\/\/molenkoning.com\/wp-content\/uploads\/2022\/03\/newctabanneralisa-150x150.png 150w, https:\/\/molenkoning.com\/wp-content\/uploads\/2022\/03\/newctabanneralisa.png 200w\" sizes=\"(max-width: 200px) 100vw, 200px\" \/><\/span><\/div><div ><a class=\"fusion-button button-flat fusion-button-default-size button-custom fusion-button-default button-1 fusion-button-default-span fusion-button-default-type\" style=\"--button_accent_color:#ffffff;--button_accent_hover_color:#ffffff;--button_border_hover_color:#ffffff;--button_gradient_top_color:#b98713;--button_gradient_bottom_color:#b98713;--button_gradient_top_color_hover:rgba(151,124,61,0.89);--button_gradient_bottom_color_hover:rgba(151,124,61,0.89);\" target=\"_self\" href=\"mailto:kavelykoneet@molenkoning.com\"><span class=\"fusion-button-text\">Autan mielell\u00e4ni!<\/span><\/a><\/div><\/div><\/div><\/div><\/div><div class=\"fusion-fullwidth fullwidth-box fusion-builder-row-3 fusion-flex-container has-pattern-background has-mask-background nonhundred-percent-fullwidth non-hundred-percent-height-scrolling\" style=\"--awb-border-radius-top-left:0px;--awb-border-radius-top-right:0px;--awb-border-radius-bottom-right:0px;--awb-border-radius-bottom-left:0px;--awb-margin-top:20px;--awb-flex-wrap:wrap;\" ><div class=\"fusion-builder-row fusion-row fusion-flex-align-items-flex-start fusion-flex-content-wrap\" style=\"max-width:1144px;margin-left: calc(-4% \/ 2 );margin-right: calc(-4% \/ 2 );\"><div class=\"fusion-layout-column fusion_builder_column fusion-builder-column-4 fusion_builder_column_1_1 1_1 fusion-flex-column\" style=\"--awb-bg-size:cover;--awb-width-large:100%;--awb-margin-top-large:0px;--awb-spacing-right-large:1.92%;--awb-margin-bottom-large:20px;--awb-spacing-left-large:1.92%;--awb-width-medium:100%;--awb-order-medium:0;--awb-spacing-right-medium:1.92%;--awb-spacing-left-medium:1.92%;--awb-width-small:100%;--awb-order-small:0;--awb-spacing-right-small:1.92%;--awb-spacing-left-small:1.92%;\"><div class=\"fusion-column-wrapper fusion-column-has-shadow fusion-flex-justify-content-flex-start fusion-content-layout-column\"><div class=\"fusion-title title fusion-title-3 fusion-sep-none fusion-title-text fusion-title-size-two\"><h2 class=\"fusion-title-heading title-heading-left\" style=\"margin:0;\">Molenkoning hevosten k\u00e4velykoneen tekniset tiedot<\/h2><\/div><div class=\"fusion-text fusion-text-4\"><p>Huippulaadukkaat laakerit, \u00e4\u00e4net\u00f6n kiilahihnaveto pitk\u00e4ll\u00e4 k\u00e4ytt\u00f6i\u00e4ll\u00e4. Koko rakenne on kuumasinkityst\u00e4 ter\u00e4ksest\u00e4 ja sill\u00e4 on matala painopiste parhaimman vakauden saavuttamiseksi. Vakiokokomme ovat halkaisijaltaan 10, 12, 15, 16, 18 ja 20 metri\u00e4 3-8:lle hevoselle. Etk\u00f6 l\u00f6yt\u00e4nyt haluamaasi? R\u00e4\u00e4t\u00e4l\u00f6idyt k\u00e4velykoneet onnistuvat my\u00f6s, miss\u00e4 tahansa koossa!<\/p>\n<p>K\u00e4velykoneemme ovat varustettu helppok\u00e4ytt\u00f6isell\u00e4 ohjausyksik\u00f6ll\u00e4.<\/p>\n<\/div><\/div><\/div><div class=\"fusion-layout-column fusion_builder_column fusion-builder-column-5 fusion_builder_column_1_1 1_1 fusion-flex-column\" style=\"--awb-bg-size:cover;--awb-width-large:100%;--awb-margin-top-large:0px;--awb-spacing-right-large:1.92%;--awb-margin-bottom-large:20px;--awb-spacing-left-large:1.92%;--awb-width-medium:100%;--awb-order-medium:0;--awb-spacing-right-medium:1.92%;--awb-spacing-left-medium:1.92%;--awb-width-small:100%;--awb-order-small:0;--awb-spacing-right-small:1.92%;--awb-spacing-left-small:1.92%;\"><div class=\"fusion-column-wrapper fusion-column-has-shadow fusion-flex-justify-content-flex-start fusion-content-layout-column\"><div class=\"fusion-title title fusion-title-4 fusion-sep-none fusion-title-text fusion-title-size-two\"><h2 class=\"fusion-title-heading title-heading-left\" style=\"margin:0;\">V\u00e4lisein\u00e4t muodostavat perustan tulevalle hevosten k\u00e4velykoneellesi?<\/h2><\/div><div class=\"fusion-text fusion-text-5\"><p>V\u00e4lisein\u00e4t tangoilla pident\u00e4v\u00e4t moottorin k\u00e4ytt\u00f6ik\u00e4\u00e4, koska ne luovat hyvin v\u00e4h\u00e4n vastusta. V\u00e4lisein\u00e4t ovat helposti vaihdettavissa. Kaikki k\u00e4velykoneemme tulevat s\u00e4hk\u00f6paimenen kanssa, joka voi tarvittaessa luoda s\u00e4hk\u00f6impulsseja v\u00e4liseiniin. Turvallisuus aina t\u00e4rkeimp\u00e4n\u00e4!<\/p>\n<p>T\u00e4m\u00e4 v\u00e4lisein\u00e4systeemi varmistaa my\u00f6s sen ett\u00e4 iskut eiv\u00e4t vaikuta moottoriin. Jokainen k\u00e4velykoneemme tulee standardina v\u00e4liseinill\u00e4 jotka koostuvat 14:sta alumiinitangosta. Tankoihin on mahdollista yhdist\u00e4\u00e4 tarvittaessa s\u00e4hk\u00f6impulsseja. S\u00e4hk\u00f6impulssi on eritt\u00e4in kevyt 6 joulea. T\u00e4t\u00e4 normaalisti tarvitaan alussa, kun hevosesi viel\u00e4 totuttelee k\u00e4velykoneen k\u00e4ytt\u00f6\u00f6n. Kun se on tottunut siihen, useimmat hevoset k\u00e4velev\u00e4t tyytyv\u00e4isen\u00e4 k\u00e4velykoneessa, eik\u00e4 s\u00e4hk\u00f6impulsseille ole tarvetta.<\/p>\n<\/div><\/div><\/div><\/div><\/div><div class=\"fusion-fullwidth fullwidth-box fusion-builder-row-4 fusion-flex-container has-pattern-background has-mask-background nonhundred-percent-fullwidth non-hundred-percent-height-scrolling\" style=\"--awb-border-radius-top-left:0px;--awb-border-radius-top-right:0px;--awb-border-radius-bottom-right:0px;--awb-border-radius-bottom-left:0px;--awb-flex-wrap:wrap;\" ><div class=\"fusion-builder-row fusion-row fusion-flex-align-items-flex-start fusion-flex-content-wrap\" style=\"max-width:1144px;margin-left: calc(-4% \/ 2 );margin-right: calc(-4% \/ 2 );\"><div class=\"fusion-layout-column fusion_builder_column fusion-builder-column-6 fusion_builder_column_1_1 1_1 fusion-flex-column\" style=\"--awb-bg-size:cover;--awb-width-large:100%;--awb-margin-top-large:0px;--awb-spacing-right-large:1.92%;--awb-margin-bottom-large:20px;--awb-spacing-left-large:1.92%;--awb-width-medium:100%;--awb-order-medium:0;--awb-spacing-right-medium:1.92%;--awb-spacing-left-medium:1.92%;--awb-width-small:100%;--awb-order-small:0;--awb-spacing-right-small:1.92%;--awb-spacing-left-small:1.92%;\"><div class=\"fusion-column-wrapper fusion-column-has-shadow fusion-flex-justify-content-flex-start fusion-content-layout-column\"><div class=\"fusion-title title fusion-title-5 fusion-sep-none fusion-title-text fusion-title-size-two\"><h2 class=\"fusion-title-heading title-heading-left\" style=\"margin:0;\">Lis\u00e4\u00e4 turvallisuustta Molenkoning Safeguard tangoilla<\/h2><\/div><div class=\"fusion-text fusion-text-6\"><p>Heille jotka haluavat lis\u00e4t\u00e4 k\u00e4velykoneensa turvallisuutta, MK Safeguard v\u00e4lisein\u00e4 on t\u00e4ydellinen ratkaisu. N\u00e4m\u00e4 v\u00e4lisein\u00e4t koostuvat 14:sta alumiinip\u00e4\u00e4llysteisest\u00e4 polyethylene tangosta. Tangot ovat eritt\u00e4in kest\u00e4vi\u00e4, mutta joustavia. Ne joustavat my\u00f6s pakkaslukemissa.<\/p>\n<p>T\u00e4m\u00e4 tangot voivat taipua ja sen j\u00e4lkeen palaavat takaisin normaaliin muotoonsa. Tarvittaessa Safeguard tangot johtavat s\u00e4hk\u00f6\u00e4.<\/p>\n<p>V\u00e4hent\u00e4\u00e4ksesi n\u00e4kyvyytt\u00e4 hevosten v\u00e4lill\u00e4, Voit lis\u00e4t\u00e4 lis\u00e4varusteena tuuliverkkoverkon tankojen v\u00e4liin.<\/p>\n<\/div><\/div><\/div><\/div><\/div><\/p>\n","protected":false},"excerpt":{"rendered":"","protected":false},"author":1,"featured_media":0,"parent":0,"menu_order":0,"comment_status":"closed","ping_status":"closed","template":"","meta":{"_acf_changed":false,"content-type":"","footnotes":""},"class_list":["post-15991","page","type-page","status-publish","hentry"],"acf":[],"_links":{"self":[{"href":"https:\/\/molenkoning.com\/fi\/wp-json\/wp\/v2\/pages\/15991","targetHints":{"allow":["GET"]}}],"collection":[{"href":"https:\/\/molenkoning.com\/fi\/wp-json\/wp\/v2\/pages"}],"about":[{"href":"https:\/\/molenkoning.com\/fi\/wp-json\/wp\/v2\/types\/page"}],"author":[{"embeddable":true,"href":"https:\/\/molenkoning.com\/fi\/wp-json\/wp\/v2\/users\/1"}],"replies":[{"embeddable":true,"href":"https:\/\/molenkoning.com\/fi\/wp-json\/wp\/v2\/comments?post=15991"}],"version-history":[{"count":8,"href":"https:\/\/molenkoning.com\/fi\/wp-json\/wp\/v2\/pages\/15991\/revisions"}],"predecessor-version":[{"id":174359,"href":"https:\/\/molenkoning.com\/fi\/wp-json\/wp\/v2\/pages\/15991\/revisions\/174359"}],"wp:attachment":[{"href":"https:\/\/molenkoning.com\/fi\/wp-json\/wp\/v2\/media?parent=15991"}],"curies":[{"name":"wp","href":"https:\/\/api.w.org\/{rel}","templated":true}]}}