{"id":15657,"date":"2020-02-04T08:13:20","date_gmt":"2020-02-04T08:13:20","guid":{"rendered":"https:\/\/molenkoning.com\/product\/groundwork-for-equestrian-constructions\/"},"modified":"2024-09-19T13:41:00","modified_gmt":"2024-09-19T13:41:00","slug":"ratsastusrakennelmien-pohjatyot","status":"publish","type":"page","link":"https:\/\/molenkoning.com\/fi\/tuotteet\/ratsastusrakennelmien-pohjatyot\/","title":{"rendered":"Pohjaty\u00f6t"},"content":{"rendered":"<p><div class=\"fusion-fullwidth fullwidth-box fusion-builder-row-1 fusion-flex-container nonhundred-percent-fullwidth non-hundred-percent-height-scrolling\" style=\"--awb-border-radius-top-left:0px;--awb-border-radius-top-right:0px;--awb-border-radius-bottom-right:0px;--awb-border-radius-bottom-left:0px;--awb-flex-wrap:wrap;\" ><div class=\"fusion-builder-row fusion-row fusion-flex-align-items-flex-start fusion-flex-content-wrap\" style=\"max-width:1144px;margin-left: calc(-4% \/ 2 );margin-right: calc(-4% \/ 2 );\"><div class=\"fusion-layout-column fusion_builder_column fusion-builder-column-0 fusion_builder_column_1_1 1_1 fusion-flex-column\" style=\"--awb-bg-size:cover;--awb-width-large:100%;--awb-margin-top-large:0px;--awb-spacing-right-large:1.92%;--awb-margin-bottom-large:20px;--awb-spacing-left-large:1.92%;--awb-width-medium:100%;--awb-spacing-right-medium:1.92%;--awb-spacing-left-medium:1.92%;--awb-width-small:100%;--awb-spacing-right-small:1.92%;--awb-spacing-left-small:1.92%;\"><div class=\"fusion-column-wrapper fusion-column-has-shadow fusion-flex-justify-content-flex-start fusion-content-layout-column\"><div class=\"fusion-title title fusion-title-1 fusion-sep-none fusion-title-text fusion-title-size-one\" style=\"--awb-text-color:#333333;\"><h1 class=\"fusion-title-heading title-heading-left\" style=\"margin:0;\">Molenkoning tarjoaa Tee se itse -valmiselementtej\u00e4 pohjat\u00f6ihin<\/h1><\/div><div class=\"fusion-text fusion-text-1 prefabtxt\"><p>Molenkoning on suunnitellut hevosten <a href=\"https:\/\/molenkoning.com\/fi\/tuotteet\/kavelytyskoneet1\/\">k\u00e4velykoneen<\/a> joka on mahdollista jokaisen asentaa itse. T\u00e4m\u00e4n lis\u00e4ksi tarjoamme valmisbetonielementtej\u00e4 tekem\u00e4\u00e4n pohjat\u00f6ist\u00e4 mahdollisimman helppoa. Elementtej\u00e4 l\u00f6ytyy aina suoraan varastostamme.<\/p>\n<p style=\"margin-bottom: 0;\">&#8211; Perustukset katokselle<\/p>\n<p style=\"margin: 0 0 20px 20px;\">Hyv\u00e4t perustukset ovat t\u00e4rke\u00e4t rakentaessasi katosta. T\u00e4h\u00e4n tarkoitukseen, Molenkoningin valmisbetonielementit ovat t\u00e4ydellinen ratkaisu.<\/p>\n<p style=\"margin-bottom: 0;\">&#8211; Reunakivetys<\/p>\n<p style=\"margin: 0 0 20px 20px;\">Reunakivetys on t\u00e4rke\u00e4 osa tukemaan RoundFence aitaamme. Niit\u00e4 voi k\u00e4ytt\u00e4\u00e4 my\u00f6s pit\u00e4m\u00e4\u00e4n pohjamateriaali k\u00e4velykoneen sis\u00e4ll\u00e4 muissa malleissamme MK Safeline ja Sweden fence -aidassa.<\/p>\n<p style=\"margin-bottom: 0;\">&#8211; Stelcon betonilevy hevosten k\u00e4velykoneen moottorin alle<\/p>\n<p style=\"margin: 0 0 20px 20px;\">Kiintei\u00e4 betoninen stelcon levy, jonka mitat ovat 120 x 120 x 16 cm on t\u00e4ydellinen ankkuri k\u00e4velykoneellesi. Ainoa vaatimus on ett\u00e4 maaper\u00e4 on t\u00e4ysin tasainen.<\/p>\n<\/div><\/div><\/div><\/div><\/div><div class=\"fusion-fullwidth fullwidth-box fusion-builder-row-2 fusion-flex-container has-pattern-background has-mask-background sliderouternew nonhundred-percent-fullwidth non-hundred-percent-height-scrolling\" style=\"--awb-border-radius-top-left:0px;--awb-border-radius-top-right:0px;--awb-border-radius-bottom-right:0px;--awb-border-radius-bottom-left:0px;--awb-padding-top:20px;--awb-flex-wrap:wrap;\" ><div class=\"fusion-builder-row fusion-row fusion-flex-align-items-flex-start fusion-flex-content-wrap\" style=\"max-width:1144px;margin-left: calc(-4% \/ 2 );margin-right: calc(-4% \/ 2 );\"><div class=\"fusion-layout-column fusion_builder_column fusion-builder-column-1 fusion_builder_column_1_1 1_1 fusion-flex-column\" style=\"--awb-bg-size:cover;--awb-width-large:100%;--awb-margin-top-large:0px;--awb-spacing-right-large:1.92%;--awb-margin-bottom-large:20px;--awb-spacing-left-large:1.92%;--awb-width-medium:100%;--awb-spacing-right-medium:1.92%;--awb-spacing-left-medium:1.92%;--awb-width-small:100%;--awb-spacing-right-small:1.92%;--awb-spacing-left-small:1.92%;\"><div class=\"fusion-column-wrapper fusion-column-has-shadow fusion-flex-justify-content-flex-start fusion-content-layout-column\"><div class=\"fusion-title title fusion-title-2 fusion-title-center fusion-title-text fusion-title-size-two\"><div class=\"title-sep-container title-sep-container-left\"><div class=\"title-sep sep-double sep-solid\" style=\"border-color:#e0dede;\"><\/div><\/div><span class=\"awb-title-spacer\"><\/span><h2 class=\"fusion-title-heading title-heading-center\" style=\"margin:0;\">Photos<\/h2><span class=\"awb-title-spacer\"><\/span><div class=\"title-sep-container title-sep-container-right\"><div class=\"title-sep sep-double sep-solid\" style=\"border-color:#e0dede;\"><\/div><\/div><\/div><div class=\"fusion-image-carousel fusion-image-carousel-fixed fusion-image-carousel-1 lightbox-enabled fusion-carousel-border\"><div class=\"awb-carousel awb-swiper awb-swiper-carousel\" data-autoplay=\"no\" data-columns=\"3\" data-itemmargin=\"1\" data-itemwidth=\"180\" data-touchscroll=\"no\" data-imagesize=\"fixed\" style=\"--awb-columns:3;--awb-column-spacing:1px;\"><div class=\"swiper-wrapper awb-image-carousel-wrapper fusion-flex-align-items-center\"><div class=\"swiper-slide\"><div class=\"fusion-carousel-item-wrapper\"><div class=\"fusion-image-wrapper hover-type-none\"><a data-rel=\"iLightbox[image_carousel_1]\" data-title=\"molenkoning foundation pieces\" aria-label=\"molenkoning foundation pieces\" href=\"https:\/\/molenkoning.com\/wp-content\/uploads\/2020\/02\/prefab-fundament-Mk-logo-6.jpg\" target=\"_self\"><img decoding=\"async\" width=\"460\" height=\"295\" src=\"https:\/\/molenkoning.com\/wp-content\/uploads\/2020\/02\/prefab-fundament-Mk-logo-6-460x295.jpg\" class=\"attachment-portfolio-two size-portfolio-two\" alt=\"molenkoning foundation pieces\" \/><\/a><\/div><\/div><\/div><div class=\"swiper-slide\"><div class=\"fusion-carousel-item-wrapper\"><div class=\"fusion-image-wrapper hover-type-none\"><a data-rel=\"iLightbox[image_carousel_1]\" data-title=\"molenkoning foundation pieces\" aria-label=\"molenkoning foundation pieces\" href=\"https:\/\/molenkoning.com\/wp-content\/uploads\/2020\/02\/prefab-fundament-Mk-logo-13.jpg\" target=\"_self\"><img decoding=\"async\" width=\"460\" height=\"295\" src=\"https:\/\/molenkoning.com\/wp-content\/uploads\/2020\/02\/prefab-fundament-Mk-logo-13-460x295.jpg\" class=\"attachment-portfolio-two size-portfolio-two\" alt=\"molenkoning foundation pieces\" \/><\/a><\/div><\/div><\/div><div class=\"swiper-slide\"><div class=\"fusion-carousel-item-wrapper\"><div class=\"fusion-image-wrapper hover-type-none\"><a data-rel=\"iLightbox[image_carousel_1]\" data-title=\"connection of radial curbs\" aria-label=\"connection of radial curbs\" href=\"https:\/\/molenkoning.com\/wp-content\/uploads\/2020\/02\/prefab-fundament-Mk-logo-11.jpg\" target=\"_self\"><img decoding=\"async\" width=\"460\" height=\"295\" src=\"https:\/\/molenkoning.com\/wp-content\/uploads\/2020\/02\/prefab-fundament-Mk-logo-11-460x295.jpg\" class=\"attachment-portfolio-two size-portfolio-two\" alt=\"connection of radial curbs\" \/><\/a><\/div><\/div><\/div><div class=\"swiper-slide\"><div class=\"fusion-carousel-item-wrapper\"><div class=\"fusion-image-wrapper hover-type-none\"><a data-rel=\"iLightbox[image_carousel_1]\" data-title=\"drains in the ground\" aria-label=\"drains in the ground\" href=\"https:\/\/molenkoning.com\/wp-content\/uploads\/2020\/02\/prefab-fundament-Mk-logo-1.jpg\" target=\"_self\"><img decoding=\"async\" width=\"460\" height=\"295\" src=\"https:\/\/molenkoning.com\/wp-content\/uploads\/2020\/02\/prefab-fundament-Mk-logo-1-460x295.jpg\" class=\"attachment-portfolio-two size-portfolio-two\" alt=\"drains in the ground\" \/><\/a><\/div><\/div><\/div><div class=\"swiper-slide\"><div class=\"fusion-carousel-item-wrapper\"><div class=\"fusion-image-wrapper hover-type-none\"><a data-rel=\"iLightbox[image_carousel_1]\" data-title=\"anchors M16\" aria-label=\"anchors M16\" href=\"https:\/\/molenkoning.com\/wp-content\/uploads\/2020\/02\/prefab-fundament-Mk-logo-2.jpg\" target=\"_self\"><img decoding=\"async\" width=\"460\" height=\"295\" src=\"https:\/\/molenkoning.com\/wp-content\/uploads\/2020\/02\/prefab-fundament-Mk-logo-2-460x295.jpg\" class=\"attachment-portfolio-two size-portfolio-two\" alt=\"anchors M16\" \/><\/a><\/div><\/div><\/div><div class=\"swiper-slide\"><div class=\"fusion-carousel-item-wrapper\"><div class=\"fusion-image-wrapper hover-type-none\"><a data-rel=\"iLightbox[image_carousel_1]\" data-title=\"molenkoning foundation pieces\" aria-label=\"molenkoning foundation pieces\" href=\"https:\/\/molenkoning.com\/wp-content\/uploads\/2020\/02\/prefab-fundament-Mk-logo-4.jpg\" target=\"_self\"><img decoding=\"async\" width=\"460\" height=\"295\" src=\"https:\/\/molenkoning.com\/wp-content\/uploads\/2020\/02\/prefab-fundament-Mk-logo-4-460x295.jpg\" class=\"attachment-portfolio-two size-portfolio-two\" alt=\"molenkoning foundation pieces\" \/><\/a><\/div><\/div><\/div><div class=\"swiper-slide\"><div class=\"fusion-carousel-item-wrapper\"><div class=\"fusion-image-wrapper hover-type-none\"><a data-rel=\"iLightbox[image_carousel_1]\" data-title=\"final look of the walkway\" aria-label=\"final look of the walkway\" href=\"https:\/\/molenkoning.com\/wp-content\/uploads\/2020\/02\/prefab-fundament-Mk-logo-5.jpg\" target=\"_self\"><img decoding=\"async\" width=\"460\" height=\"295\" src=\"https:\/\/molenkoning.com\/wp-content\/uploads\/2020\/02\/prefab-fundament-Mk-logo-5-460x295.jpg\" class=\"attachment-portfolio-two size-portfolio-two\" alt=\"final look of the walkway\" \/><\/a><\/div><\/div><\/div><div class=\"swiper-slide\"><div class=\"fusion-carousel-item-wrapper\"><div class=\"fusion-image-wrapper hover-type-none\"><a data-rel=\"iLightbox[image_carousel_1]\" data-title=\"details of the connection of radial curbs\" aria-label=\"details of the connection of radial curbs\" href=\"https:\/\/molenkoning.com\/wp-content\/uploads\/2020\/02\/prefab-fundament-Mk-logo-7.jpg\" target=\"_self\"><img decoding=\"async\" width=\"460\" height=\"295\" src=\"https:\/\/molenkoning.com\/wp-content\/uploads\/2020\/02\/prefab-fundament-Mk-logo-7-460x295.jpg\" class=\"attachment-portfolio-two size-portfolio-two\" alt=\"details of the connection of radial curbs\" \/><\/a><\/div><\/div><\/div><div class=\"swiper-slide\"><div class=\"fusion-carousel-item-wrapper\"><div class=\"fusion-image-wrapper hover-type-none\"><a data-rel=\"iLightbox[image_carousel_1]\" data-title=\"prefab radical curbs\" aria-label=\"prefab radical curbs\" href=\"https:\/\/molenkoning.com\/wp-content\/uploads\/2020\/02\/prefab-fundament-Mk-logo-8.jpg\" target=\"_self\"><img decoding=\"async\" width=\"460\" height=\"295\" src=\"https:\/\/molenkoning.com\/wp-content\/uploads\/2020\/02\/prefab-fundament-Mk-logo-8-460x295.jpg\" class=\"attachment-portfolio-two size-portfolio-two\" alt=\"prefab radical curbs\" \/><\/a><\/div><\/div><\/div><div class=\"swiper-slide\"><div class=\"fusion-carousel-item-wrapper\"><div class=\"fusion-image-wrapper hover-type-none\"><a data-rel=\"iLightbox[image_carousel_1]\" data-title=\"final look of the walkway\" aria-label=\"final look of the walkway\" href=\"https:\/\/molenkoning.com\/wp-content\/uploads\/2020\/02\/prefab-fundament-Mk-logo-9.jpg\" target=\"_self\"><img decoding=\"async\" width=\"460\" height=\"295\" src=\"https:\/\/molenkoning.com\/wp-content\/uploads\/2020\/02\/prefab-fundament-Mk-logo-9-460x295.jpg\" class=\"attachment-portfolio-two size-portfolio-two\" alt=\"final look of the walkway\" \/><\/a><\/div><\/div><\/div><div class=\"swiper-slide\"><div class=\"fusion-carousel-item-wrapper\"><div class=\"fusion-image-wrapper hover-type-none\"><a data-rel=\"iLightbox[image_carousel_1]\" data-title=\"radical curbs\" aria-label=\"radical curbs\" href=\"https:\/\/molenkoning.com\/wp-content\/uploads\/2020\/02\/prefab-fundament-Mk-logo-10.jpg\" target=\"_self\"><img decoding=\"async\" width=\"460\" height=\"295\" src=\"https:\/\/molenkoning.com\/wp-content\/uploads\/2020\/02\/prefab-fundament-Mk-logo-10-460x295.jpg\" class=\"attachment-portfolio-two size-portfolio-two\" alt=\"radical curbs\" \/><\/a><\/div><\/div><\/div><div class=\"swiper-slide\"><div class=\"fusion-carousel-item-wrapper\"><div class=\"fusion-image-wrapper hover-type-none\"><a data-rel=\"iLightbox[image_carousel_1]\" data-title=\"prefab radical curbs\" aria-label=\"prefab radical curbs\" href=\"https:\/\/molenkoning.com\/wp-content\/uploads\/2020\/02\/prefab-fundament-Mk-logo-12.jpg\" target=\"_self\"><img decoding=\"async\" width=\"460\" height=\"295\" src=\"https:\/\/molenkoning.com\/wp-content\/uploads\/2020\/02\/prefab-fundament-Mk-logo-12-460x295.jpg\" class=\"attachment-portfolio-two size-portfolio-two\" alt=\"prefab radical curbs\" \/><\/a><\/div><\/div><\/div><\/div><div class=\"awb-swiper-button awb-swiper-button-prev\"><i class=\"awb-icon-angle-left\" aria-hidden=\"true\"><\/i><\/div><div class=\"awb-swiper-button awb-swiper-button-next\"><i class=\"awb-icon-angle-right\" aria-hidden=\"true\"><\/i><\/div><\/div><\/div><\/div><\/div><\/div><\/div><div class=\"fusion-fullwidth fullwidth-box fusion-builder-row-3 nonhundred-percent-fullwidth non-hundred-percent-height-scrolling\" style=\"--awb-border-radius-top-left:0px;--awb-border-radius-top-right:0px;--awb-border-radius-bottom-right:0px;--awb-border-radius-bottom-left:0px;--awb-flex-wrap:wrap;\" ><div class=\"fusion-builder-row fusion-row\"><div class=\"fusion-layout-column fusion_builder_column fusion-builder-column-2 fusion_builder_column_1_2 1_2 fusion-one-half fusion-column-first\" style=\"--awb-bg-size:cover;width:50%;width:calc(50% - ( ( 4% ) * 0.5 ) );margin-right: 4%;\"><div class=\"fusion-column-wrapper fusion-column-has-shadow fusion-flex-column-wrapper-legacy\"><div class=\"fusion-title title fusion-title-3 fusion-title-center fusion-title-text fusion-title-size-two\"><div class=\"title-sep-container title-sep-container-left\"><div class=\"title-sep sep-double sep-solid\" style=\"border-color:#e0dede;\"><\/div><\/div><span class=\"awb-title-spacer\"><\/span><h2 class=\"fusion-title-heading title-heading-center\" style=\"margin:0;\">FAQ<\/h2><span class=\"awb-title-spacer\"><\/span><div class=\"title-sep-container title-sep-container-right\"><div class=\"title-sep sep-double sep-solid\" style=\"border-color:#e0dede;\"><\/div><\/div><\/div><div class=\"fusion-text fusion-text-2\"><style>.ewd-ufaq-faq-title h4{\r\nfont-size:16px !important;\r\n}\r\ndiv.ewd-ufaq-faq-title div.ewd-ufaq-post-margin-symbol{\r\n    float: right;\r\n    line-height: 33px;\r\n}\r\n.ewd-ufaq-faq-title .ewd-ufaq-post-margin-symbol span{\r\nfont-size: 17px;\r\n}\r\n\r\n.ewd-ufaq-faq-div{\r\nbox-shadow: -1px 2px 8px 4px rgba(0,0,0,0.25);\r\n-webkit-box-shadow: -1px 2px 8px 4px rgba(0,0,0,0.25);\r\n-moz-box-shadow: -1px 2px 8px 4px rgba(0,0,0,0.25);\r\npadding: 10px;\r\nmargin-bottom: 15px;\r\n}<\/style><div  class=\"ewd-ufaq-faq-list ewd-ufaq-page-type-load_more ewd-ufaq-category-tabs-\" id='ewd-ufaq-faq-list'>\n\n\t<input type='hidden' name='show_on_load' value='' id='ewd-ufaq-show-on-load' \/>\n<input type='hidden' name='include_category' value='Valmiit pohjaratkaisut itseasennukseen' id='ewd-ufaq-include-category' \/>\n<input type='hidden' name='exclude_category' value='' id='ewd-ufaq-exclude-category' \/>\n<input type='hidden' name='orderby' value='date' id='ewd-ufaq-orderby' \/>\n<input type='hidden' name='order' value='asc' id='ewd-ufaq-order' \/>\n<input type='hidden' name='post_count' value='-1' id='ewd-ufaq-post-count' \/>\n<input type='hidden' name='current_url' value='\/fi\/wp-json\/wp\/v2\/pages\/15657' id='ewd-ufaq-current-url' \/>\n\t\n\t\n\t<div class='ewd-ufaq-faqs'>\n\n\t\t<div  class=\"ewd-ufaq-faq-div ewd-ufaq-faq-column-count-one ewd-ufaq-faq-responsive-columns- ewd-ufaq-faq-display-style-default ewd-ufaq-can-be-toggled\" id='ewd-ufaq-post-30082-LiKkn5i4zW' data-post_id='30082'>\n\n\t\t\n\t<div class='ewd-ufaq-faq-title ewd-ufaq-faq-toggle'>\n\t\n\t<a class='ewd-ufaq-post-margin'  href='#' role=\"button\">\n\n\t\t<div class='ewd-ufaq-post-margin-symbol ewd-ufaq-square'>\n\t\t\t<span >a<\/span>\n\t\t<\/div>\n\n\t\t<div class='ewd-ufaq-faq-title-text'>\n\n\t\t\t<h4>\n\t\t\t\tVoinko asentaa n\u00e4m\u00e4 pohjaratkaisut itse?\t\t\t<\/h4>\n\n\t\t<\/div>\n\n\t\t<div class='ewd-ufaq-clear'><\/div>\n\n\t<\/a>\n\t\n<\/div>\n\t\n\t<div class='ewd-ufaq-faq-body ewd-ufaq-hidden' >\n\n\t\t\n\t\t\t\n\t\t\n\t\t\t<div class='ewd-ufaq-post-margin ewd-ufaq-faq-post'>\n\t<p><span data-sheets-value=\"{\"1\":2,\"2\":\"Totta kai! Kaikkiin tuotteisiimme sis\u00e4ltyv\u00e4t kokoamismateriaalit ja asennusohje. Materiaalien painon takia tarvitset asennukseen nosturia ja muita koneita.\"}\" data-sheets-userformat=\"{\"2\":10559,\"3\":{\"1\":0,\"3\":1},\"4\":{\"1\":2,\"2\":9621584},\"5\":{\"1\":[{\"1\":2,\"2\":0,\"5\":{\"1\":2,\"2\":0}},{\"1\":0,\"2\":0,\"3\":3},{\"1\":1,\"2\":0,\"4\":1}]},\"6\":{\"1\":[{\"1\":2,\"2\":0,\"5\":{\"1\":2,\"2\":0}},{\"1\":0,\"2\":0,\"3\":3},{\"1\":1,\"2\":0,\"4\":1}]},\"7\":{\"1\":[{\"1\":2,\"2\":0,\"5\":{\"1\":2,\"2\":0}},{\"1\":0,\"2\":0,\"3\":3},{\"1\":1,\"2\":0,\"4\":2}]},\"8\":{\"1\":[{\"1\":2,\"2\":0,\"5\":{\"1\":2,\"2\":0}},{\"1\":0,\"2\":0,\"3\":3},{\"1\":1,\"2\":0,\"4\":2}]},\"11\":4,\"14\":{\"1\":3,\"3\":1},\"16\":11}\">Totta kai! Kaikkiin tuotteisiimme sis\u00e4ltyv\u00e4t kokoamismateriaalit ja asennusohje. Materiaalien painon takia tarvitset asennukseen nosturia ja muita koneita.<\/span><\/p>\n<\/div>\n\t\t\n\t\t\t<div class='ewd-ufaq-faq-custom-fields'>\n\n\t\n<\/div>\n\t\t\n\t\t\t\n\t\t\n\t\t\t\n\t\t\n\t\t\t\n\t\t\n\t\t\t\n\t\t\n\t\t\t\n\t\t\n\t\t\t\n\t\t\n\t\t\t\n\t\t\n\t<\/div>\n\n<\/div><div  class=\"ewd-ufaq-faq-div ewd-ufaq-faq-column-count-one ewd-ufaq-faq-responsive-columns- ewd-ufaq-faq-display-style-default ewd-ufaq-can-be-toggled\" id='ewd-ufaq-post-30083-wm46TYzqUl' data-post_id='30083'>\n\n\t\t\n\t<div class='ewd-ufaq-faq-title ewd-ufaq-faq-toggle'>\n\t\n\t<a class='ewd-ufaq-post-margin'  href='#' role=\"button\">\n\n\t\t<div class='ewd-ufaq-post-margin-symbol ewd-ufaq-square'>\n\t\t\t<span >a<\/span>\n\t\t<\/div>\n\n\t\t<div class='ewd-ufaq-faq-title-text'>\n\n\t\t\t<h4>\n\t\t\t\tToimitetaanko t\u00e4m\u00e4 tuote kotiini?\t\t\t<\/h4>\n\n\t\t<\/div>\n\n\t\t<div class='ewd-ufaq-clear'><\/div>\n\n\t<\/a>\n\t\n<\/div>\n\t\n\t<div class='ewd-ufaq-faq-body ewd-ufaq-hidden' >\n\n\t\t\n\t\t\t\n\t\t\n\t\t\t<div class='ewd-ufaq-post-margin ewd-ufaq-faq-post'>\n\t<p>Saat itse valita! Voimme j\u00e4rjest\u00e4\u00e4 kuljetuksen kotiisi, tai voit noutaa sen varastoltamme. Kuljetamme k\u00e4velytyskoneita ymp\u00e4ri maailmaa joka p\u00e4iv\u00e4, ja j\u00e4rjest\u00e4mme tarvittavat vientidokumentit asiakkaan niin halutessa. Ole yhteydess\u00e4 henkil\u00f6kuntaamme kuljetuskustannuksista.<\/p>\n<\/div>\n\t\t\n\t\t\t<div class='ewd-ufaq-faq-custom-fields'>\n\n\t\n<\/div>\n\t\t\n\t\t\t\n\t\t\n\t\t\t\n\t\t\n\t\t\t\n\t\t\n\t\t\t\n\t\t\n\t\t\t\n\t\t\n\t\t\t\n\t\t\n\t\t\t\n\t\t\n\t<\/div>\n\n<\/div><div  class=\"ewd-ufaq-faq-div ewd-ufaq-faq-column-count-one ewd-ufaq-faq-responsive-columns- ewd-ufaq-faq-display-style-default ewd-ufaq-can-be-toggled\" id='ewd-ufaq-post-30086-1mZidwa8ix' data-post_id='30086'>\n\n\t\t\n\t<div class='ewd-ufaq-faq-title ewd-ufaq-faq-toggle'>\n\t\n\t<a class='ewd-ufaq-post-margin'  href='#' role=\"button\">\n\n\t\t<div class='ewd-ufaq-post-margin-symbol ewd-ufaq-square'>\n\t\t\t<span >a<\/span>\n\t\t<\/div>\n\n\t\t<div class='ewd-ufaq-faq-title-text'>\n\n\t\t\t<h4>\n\t\t\t\tOnko t\u00e4t\u00e4 tuotetta saatavilla?\t\t\t<\/h4>\n\n\t\t<\/div>\n\n\t\t<div class='ewd-ufaq-clear'><\/div>\n\n\t<\/a>\n\t\n<\/div>\n\t\n\t<div class='ewd-ufaq-faq-body ewd-ufaq-hidden' >\n\n\t\t\n\t\t\t\n\t\t\n\t\t\t<div class='ewd-ufaq-post-margin ewd-ufaq-faq-post'>\n\t<p>Valmiita pohjaratkaisuja on s\u00e4\u00e4n\u00f6llisesti varastollamme.<\/p>\n<\/div>\n\t\t\n\t\t\t<div class='ewd-ufaq-faq-custom-fields'>\n\n\t\n<\/div>\n\t\t\n\t\t\t\n\t\t\n\t\t\t\n\t\t\n\t\t\t\n\t\t\n\t\t\t\n\t\t\n\t\t\t\n\t\t\n\t\t\t\n\t\t\n\t\t\t\n\t\t\n\t<\/div>\n\n<\/div>\n\t<\/div>\n\n\t\n<\/div>\n<\/div><div class=\"fusion-builder-row fusion-builder-row-inner fusion-row\"><div class=\"fusion-layout-column fusion_builder_column_inner fusion-builder-nested-column-0 fusion_builder_column_inner_1_1 1_1 fusion-one-full fusion-column-first fusion-column-last tchinfotxt\" style=\"--awb-bg-size:cover;\"><div class=\"fusion-column-wrapper fusion-column-has-shadow fusion-flex-column-wrapper-legacy\"><div class=\"fusion-title title fusion-title-4 fusion-title-center fusion-title-text fusion-title-size-two\"><div class=\"title-sep-container title-sep-container-left\"><div class=\"title-sep sep-double sep-solid\" style=\"border-color:#e0dede;\"><\/div><\/div><span class=\"awb-title-spacer\"><\/span><h2 class=\"fusion-title-heading title-heading-center\" style=\"margin:0;\">Technical Information<\/h2><span class=\"awb-title-spacer\"><\/span><div class=\"title-sep-container title-sep-container-right\"><div class=\"title-sep sep-double sep-solid\" style=\"border-color:#e0dede;\"><\/div><\/div><\/div><div class=\"fusion-image-element fusion-no-small-visibility in-legacy-container\" style=\"--awb-caption-title-font-family:var(--h2_typography-font-family);--awb-caption-title-font-weight:var(--h2_typography-font-weight);--awb-caption-title-font-style:var(--h2_typography-font-style);--awb-caption-title-size:var(--h2_typography-font-size);--awb-caption-title-transform:var(--h2_typography-text-transform);--awb-caption-title-line-height:var(--h2_typography-line-height);--awb-caption-title-letter-spacing:var(--h2_typography-letter-spacing);\"><span class=\" fusion-imageframe imageframe-none imageframe-1 hover-type-none\"><img decoding=\"async\" width=\"600\" height=\"625\" alt=\"3d drawing of prefab foundation\" title=\"molenkoning-groundwoks-equestrian-constructions (1)\" src=\"https:\/\/molenkoning.com\/wp-content\/uploads\/2020\/02\/molenkoning-groundwoks-equestrian-constructions-1-600x625.jpg\" class=\"img-responsive wp-image-11019\" srcset=\"https:\/\/molenkoning.com\/wp-content\/uploads\/2020\/02\/molenkoning-groundwoks-equestrian-constructions-1-200x208.jpg 200w, https:\/\/molenkoning.com\/wp-content\/uploads\/2020\/02\/molenkoning-groundwoks-equestrian-constructions-1-400x417.jpg 400w, https:\/\/molenkoning.com\/wp-content\/uploads\/2020\/02\/molenkoning-groundwoks-equestrian-constructions-1-600x625.jpg 600w, https:\/\/molenkoning.com\/wp-content\/uploads\/2020\/02\/molenkoning-groundwoks-equestrian-constructions-1-800x833.jpg 800w, https:\/\/molenkoning.com\/wp-content\/uploads\/2020\/02\/molenkoning-groundwoks-equestrian-constructions-1.jpg 936w\" sizes=\"(max-width: 800px) 100vw, 600px\" \/><\/span><\/div><div class=\"fusion-image-element fusion-no-medium-visibility fusion-no-large-visibility in-legacy-container\" style=\"--awb-caption-title-font-family:var(--h2_typography-font-family);--awb-caption-title-font-weight:var(--h2_typography-font-weight);--awb-caption-title-font-style:var(--h2_typography-font-style);--awb-caption-title-size:var(--h2_typography-font-size);--awb-caption-title-transform:var(--h2_typography-text-transform);--awb-caption-title-line-height:var(--h2_typography-line-height);--awb-caption-title-letter-spacing:var(--h2_typography-letter-spacing);\"><span class=\" fusion-imageframe imageframe-none imageframe-2 hover-type-none\"><img decoding=\"async\" width=\"936\" height=\"975\" alt=\"3d drawing of prefab foundation\" title=\"3d drawing of prefab foundation\" src=\"https:\/\/molenkoning.com\/wp-content\/uploads\/2020\/02\/molenkoning-groundwoks-equestrian-constructions-1mbl.jpg\" class=\"img-responsive wp-image-17045\" srcset=\"https:\/\/molenkoning.com\/wp-content\/uploads\/2020\/02\/molenkoning-groundwoks-equestrian-constructions-1mbl-200x208.jpg 200w, https:\/\/molenkoning.com\/wp-content\/uploads\/2020\/02\/molenkoning-groundwoks-equestrian-constructions-1mbl-400x417.jpg 400w, https:\/\/molenkoning.com\/wp-content\/uploads\/2020\/02\/molenkoning-groundwoks-equestrian-constructions-1mbl-600x625.jpg 600w, https:\/\/molenkoning.com\/wp-content\/uploads\/2020\/02\/molenkoning-groundwoks-equestrian-constructions-1mbl-800x833.jpg 800w, https:\/\/molenkoning.com\/wp-content\/uploads\/2020\/02\/molenkoning-groundwoks-equestrian-constructions-1mbl.jpg 936w\" sizes=\"(max-width: 800px) 100vw, 936px\" \/><\/span><\/div><div class=\"fusion-text fusion-text-3 tchinfotxt prefab\"><ul>\n<li>Perustukset katolle<\/li>\n<li>Reunakiveys Round Fence -aidalle<\/li>\n<li>Stelcon betonilevy hevosten k\u00e4velykoneelle<\/li>\n<\/ul>\n<\/div><div class=\"fusion-clearfix\"><\/div><\/div><\/div><\/div><div class=\"fusion-clearfix\"><\/div><\/div><\/div><div class=\"fusion-layout-column fusion_builder_column fusion-builder-column-3 fusion_builder_column_1_2 1_2 fusion-one-half fusion-column-last\" style=\"--awb-padding-top:20px;--awb-padding-right:20px;--awb-padding-bottom:20px;--awb-padding-left:20px;--awb-bg-color:#484848;--awb-bg-color-hover:#484848;--awb-bg-size:cover;width:50%;width:calc(50% - ( ( 4% ) * 0.5 ) );\"><div class=\"fusion-column-wrapper fusion-column-has-shadow fusion-flex-column-wrapper-legacy\"><div class=\"fusion-text fusion-text-4\"><h2 style=\"color: #ffffff; margi-bottom: 10px;\">PYYD\u00c4 ESITE<\/h2>\n<p><script charset=\"utf-8\" type=\"text\/javascript\" src=\"\/\/js.hsforms.net\/forms\/embed\/v2.js\"><\/script><br \/>\n<script>\n  hbspt.forms.create({\n    region: \"na1\",\n    portalId: \"7963348\",\n    formId: \"4df5ee5b-b9de-486f-8d58-404eea0d7370\"\n  });\n<\/script><\/p>\n<\/div><div class=\"fusion-clearfix\"><\/div><\/div><\/div><\/div><\/div><\/p>\n","protected":false},"excerpt":{"rendered":"<p>A Onko t\u00e4t\u00e4 tuotetta saatavilla? Valmiita pohjaratkaisuja on s\u00e4\u00e4n\u00f6llisesti varastollamme.<\/p>\n","protected":false},"author":1,"featured_media":0,"parent":11701,"menu_order":0,"comment_status":"closed","ping_status":"closed","template":"","meta":{"_acf_changed":false,"content-type":"","footnotes":""},"class_list":["post-15657","page","type-page","status-publish","hentry"],"acf":[],"_links":{"self":[{"href":"https:\/\/molenkoning.com\/fi\/wp-json\/wp\/v2\/pages\/15657","targetHints":{"allow":["GET"]}}],"collection":[{"href":"https:\/\/molenkoning.com\/fi\/wp-json\/wp\/v2\/pages"}],"about":[{"href":"https:\/\/molenkoning.com\/fi\/wp-json\/wp\/v2\/types\/page"}],"author":[{"embeddable":true,"href":"https:\/\/molenkoning.com\/fi\/wp-json\/wp\/v2\/users\/1"}],"replies":[{"embeddable":true,"href":"https:\/\/molenkoning.com\/fi\/wp-json\/wp\/v2\/comments?post=15657"}],"version-history":[{"count":18,"href":"https:\/\/molenkoning.com\/fi\/wp-json\/wp\/v2\/pages\/15657\/revisions"}],"predecessor-version":[{"id":185809,"href":"https:\/\/molenkoning.com\/fi\/wp-json\/wp\/v2\/pages\/15657\/revisions\/185809"}],"up":[{"embeddable":true,"href":"https:\/\/molenkoning.com\/fi\/wp-json\/wp\/v2\/pages\/11701"}],"wp:attachment":[{"href":"https:\/\/molenkoning.com\/fi\/wp-json\/wp\/v2\/media?parent=15657"}],"curies":[{"name":"wp","href":"https:\/\/api.w.org\/{rel}","templated":true}]}}