{"id":11627,"date":"2016-02-24T05:23:09","date_gmt":"2016-02-24T05:23:09","guid":{"rendered":"https:\/\/molenkoning.com\/about\/"},"modified":"2020-08-24T09:33:13","modified_gmt":"2020-08-24T09:33:13","slug":"keita-me-olemme","status":"publish","type":"page","link":"https:\/\/molenkoning.com\/fi\/keita-me-olemme\/","title":{"rendered":"Keit\u00e4 me olemme"},"content":{"rendered":"<p><div class=\"fusion-fullwidth fullwidth-box fusion-builder-row-1 fusion-parallax-none abtouter hundred-percent-fullwidth non-hundred-percent-height-scrolling fusion-no-small-visibility\" style=\"--awb-background-position:center top;--awb-border-radius-top-left:0px;--awb-border-radius-top-right:0px;--awb-border-radius-bottom-right:0px;--awb-border-radius-bottom-left:0px;--awb-padding-top:30px;--awb-padding-right:30px;--awb-padding-bottom:0px;--awb-margin-bottom:0px;--awb-background-image:url(&quot;https:\/\/molenkoning.com\/wp-content\/uploads\/2020\/04\/storybg.jpg&quot;);--awb-background-size:cover;--awb-flex-wrap:wrap;\" ><div class=\"fusion-builder-row fusion-row\"><div class=\"fusion-layout-column fusion_builder_column fusion-builder-column-0 fusion_builder_column_1_2 1_2 fusion-one-half fusion-column-first abtouter\" style=\"--awb-bg-position:right bottom;--awb-bg-size:cover;--awb-margin-bottom:0px;width:50%;width:calc(50% - ( ( 0px ) * 0.5 ) );margin-right: 0px;\"><div class=\"fusion-column-wrapper fusion-column-has-shadow fusion-flex-column-wrapper-legacy\"><div class=\"fusion-clearfix\"><\/div><\/div><\/div><div class=\"fusion-layout-column fusion_builder_column fusion-builder-column-1 fusion_builder_column_1_2 1_2 fusion-one-half fusion-column-last\" style=\"--awb-padding-left:110px;--awb-bg-position:right bottom;--awb-bg-size:cover;--awb-margin-bottom:0px;width:50%;width:calc(50% - ( ( 0px ) * 0.5 ) );\"><div class=\"fusion-column-wrapper fusion-column-has-shadow fusion-flex-column-wrapper-legacy\"><div class=\"fusion-title title fusion-title-1 fusion-sep-none fusion-title-center fusion-title-text fusion-title-size-one\" style=\"--awb-font-size:35px;\"><h1 class=\"fusion-title-heading title-heading-center\" style=\"margin:0;font-size:1em;\"><span style=\"color: #ffffff;\">Molenkoning \u2013 tarina<\/span><span style=\"color: #bfa723;\"> is\u00e4st\u00e4 ja h\u00e4nen kahdesta pojastaan<\/span><\/h1><\/div><div class=\"fusion-text fusion-text-1\"><p><span style=\"color: #ffffff;\"><span style=\"color: #bfa723;\">Jos de Swart<\/span> rakasti hevosia koko syd\u00e4mell\u00e4\u00e4n. H\u00e4n osti ensimm\u00e4isen hevosensa 18-vuotiaana, mutta ei vain yll\u00e4pit\u00e4\u00e4kseen perheens\u00e4 perinnett\u00e4, vaan koska hevoset kiinnostivat h\u00e4nt\u00e4. H\u00e4n tiesi v\u00e4litt\u00f6m\u00e4sti pit\u00e4v\u00e4ns\u00e4 hollantilaisista valjakkohevosista.<\/span><\/p>\n<p><span style=\"color: #ffffff;\">Vuosien harjoittelun ja hevosten kanssa ty\u00f6skentelyn tuloksena Josin palkintovitriini alkoi mukavasti t\u00e4ytty\u00e4. H\u00e4nen poikansa <span style=\"color: #bfa723;\">Ton ja Nicky de Swart<\/span> osallistuivat s\u00e4\u00e4nn\u00f6llisesti kilpailuihin, ja heid\u00e4n is\u00e4ns\u00e4 intohimo alkoi tarttua my\u00f6s poikiin. He voittivatkin kilpailuista alueellisia ja jopa kansallisia palkintoja.<\/span><\/p>\n<p><span style=\"color: #ffffff;\">Tonin saatua opintonsa p\u00e4\u00e4t\u00f6kseen 17-vuotiaana h\u00e4n niin ik\u00e4\u00e4n tiesi v\u00e4litt\u00f6m\u00e4sti haluavansa perustaa kauppayhti\u00f6n. Jos, joka toimi hitsaajana myi muutaman hevosen ja yhdess\u00e4 poikansa kanssa he perustivat oman yrityksen. He ostivat sahan, porakoneen sek\u00e4 hitsauskoneen, joiden avulla he pystyiv\u00e4t valmistamaan hevostalleja itsens\u00e4 <span style=\"color: #bfa723;\">kaltaisille hevosia rakastaville ihmisille.<\/span><\/span><\/p>\n<p><span style=\"color: #ffffff;\">Ensimm\u00e4iset vuodet olivat haastavia. Ton huolehti tallien myynnist\u00e4 ja Jos johti tuotantoa. Yritys oli pieni, mik\u00e4 hankaloitti monien erilaisten tallien viimeistely\u00e4 ja hienos\u00e4\u00e4t\u00f6\u00e4. Niihin aikoihin Jos ja Ton tekiv\u00e4t satunnaisesti k\u00e4velytyskoneita talliprojektien lomassa, mutta ne eiv\u00e4t viel\u00e4 olleet mill\u00e4\u00e4n tavalla t\u00e4rkeit\u00e4 tuotteita. K\u00e4velytyskoneet olivat hyvin kalliita, eik\u00e4 tavallisilla hevosenomistajilla ollut niihin varaa. Ainoastaan suuret ratsastuskoulut tai ammattilaistallit pystyiv\u00e4t hankkimaan k\u00e4velytyskoneen. <\/span><\/p>\n<p><span style=\"color: #ffffff;\">Samoihin aikoihin my\u00f6s toinen poika Nicky sai opintonsa p\u00e4\u00e4t\u00f6kseen ja liittyi is\u00e4ns\u00e4 ja veljens\u00e4 projektiin. Yhdess\u00e4 he suunnittelivat k\u00e4velytyskoneen rakenteen ja ulkomuodon. Jos oli halunnut pitk\u00e4\u00e4n valmistaa k\u00e4velytyskoneista yht\u00e4 helposti k\u00e4ytett\u00e4vi\u00e4 kuin muistakin koneista kytke ja k\u00e4yt\u00e4 (plug-and-play) menetelm\u00e4ll\u00e4, ja mallia muokattiin modulaarisemmaksi ja yksinkertaisemmaksi. Kun k\u00e4velytyskoneita pystytt\u00e4isiin valmistamaan sarjatuotannolla, koneista tulisi halvempia ja my\u00f6s Swartien kaltaiset tavalliset hevosenomistajat pystyisiv\u00e4t hankkimaan sellaisen.<\/span><\/p>\n<p><span style=\"color: #ffffff;\">Ensimm\u00e4iset prototyypit valmistettiin ja k\u00e4velytyskone alkoi kehitty\u00e4 lopulliseen muotoonsa. Swartit olivat valmiita ottamaan seuraavan askeleen: yrityksen nimen keksiminen. Viikonlopun ajan perhe p\u00e4hk\u00e4ili nime\u00e4 ja monia ehdotuksia heitettiin ilmoille. He halusivat kuitenkin iskev\u00e4n nimen, joka j\u00e4isi ihmisten mieliin. Lopulta nimeksi p\u00e4\u00e4tettiin Molenkoning \u2013 hieman uskalias, mutta sopiva. Saman viikonlopun aikana Nicky teki yritykselle verkkosivut ja Ton laittoi ilmoituksen hevosalan lehteen. Seuraavan viikon aikana he myiv\u00e4t kolme k\u00e4velytyskonetta. Silloin perhe tiesi osuneensa kultasuoneen. He eiv\u00e4t olisi voineet villeimmiss\u00e4 unelmissakaan kuvitella mit\u00e4 tulisi tapahtumaan. <\/span><\/p>\n<p><span style=\"color: #ffffff;\">Seuraavina vuosina Molenkoningista tuli kansainv\u00e4linen markkinajohtaja k\u00e4velytyskoneiden sek\u00e4 niiden aitojen ja kattojen alalla. <span style=\"color: #bfa723;\">Viel\u00e4 t\u00e4n\u00e4kin p\u00e4iv\u00e4n\u00e4 Molenkoningin tavoite on tehd\u00e4 huippulaadukkaita <a href=\"https:\/\/molenkoning.com\/fi\/tuotteet\/kavelytyskoneet\/\">k\u00e4velytyskoneita<\/a> kilpailukykyiseen hintaan.<\/span> Molenkoningin laitteet ovat tee se itse -paketteina viimeisteltyj\u00e4 ja vertaansa vailla. T\u00e4m\u00e4n pystyv\u00e4t vahvistamaan tuhannet tyytyv\u00e4iset asiakkaamme:<\/span><\/p>\n<p><a href=\"https:\/\/molenkoning.com\/fi\/mk-kokemuksia\/\">Klikkaa!<\/a><\/p>\n<\/div><div class=\"fusion-clearfix\"><\/div><\/div><\/div><\/div><\/div><div class=\"fusion-fullwidth fullwidth-box fusion-builder-row-2 abtouter hundred-percent-fullwidth non-hundred-percent-height-scrolling fusion-no-medium-visibility fusion-no-large-visibility\" style=\"--awb-background-position:center top;--awb-border-radius-top-left:0px;--awb-border-radius-top-right:0px;--awb-border-radius-bottom-right:0px;--awb-border-radius-bottom-left:0px;--awb-padding-right:0px;--awb-padding-bottom:0px;--awb-padding-left:0px;--awb-margin-bottom:0px;--awb-flex-wrap:wrap;\" ><div class=\"fusion-builder-row fusion-row\"><div class=\"fusion-layout-column fusion_builder_column fusion-builder-column-2 fusion_builder_column_1_2 1_2 fusion-one-half fusion-column-first abtouter\" style=\"--awb-bg-position:right bottom;--awb-bg-size:cover;--awb-margin-bottom:0px;width:50%;width:calc(50% - ( ( 0px ) * 0.5 ) );margin-right: 0px;\"><div class=\"fusion-column-wrapper fusion-column-has-shadow fusion-flex-column-wrapper-legacy\"><div class=\"fusion-image-element in-legacy-container\" style=\"--awb-caption-title-font-family:var(--h2_typography-font-family);--awb-caption-title-font-weight:var(--h2_typography-font-weight);--awb-caption-title-font-style:var(--h2_typography-font-style);--awb-caption-title-size:var(--h2_typography-font-size);--awb-caption-title-transform:var(--h2_typography-text-transform);--awb-caption-title-line-height:var(--h2_typography-line-height);--awb-caption-title-letter-spacing:var(--h2_typography-letter-spacing);\"><span class=\" fusion-imageframe imageframe-none imageframe-1 hover-type-none\"><img decoding=\"async\" width=\"915\" height=\"1024\" alt=\"\u30c8\u30f3\u2013\u30e8\u30b9\u2013\u30cb\u30c3\u30ad\u30fc\" title=\"Ton-Jos-Nicky\" src=\"https:\/\/molenkoning.com\/wp-content\/uploads\/2020\/05\/Ton-Jos-Nicky-915x1024.jpg\" class=\"img-responsive wp-image-21331\" srcset=\"https:\/\/molenkoning.com\/wp-content\/uploads\/2020\/05\/Ton-Jos-Nicky-200x224.jpg 200w, https:\/\/molenkoning.com\/wp-content\/uploads\/2020\/05\/Ton-Jos-Nicky-400x448.jpg 400w, https:\/\/molenkoning.com\/wp-content\/uploads\/2020\/05\/Ton-Jos-Nicky-600x671.jpg 600w, https:\/\/molenkoning.com\/wp-content\/uploads\/2020\/05\/Ton-Jos-Nicky-800x895.jpg 800w, https:\/\/molenkoning.com\/wp-content\/uploads\/2020\/05\/Ton-Jos-Nicky-1200x1343.jpg 1200w\" sizes=\"(max-width: 800px) 100vw, 600px\" \/><\/span><\/div><div class=\"fusion-clearfix\"><\/div><\/div><\/div><div class=\"fusion-layout-column fusion_builder_column fusion-builder-column-3 fusion_builder_column_1_2 1_2 fusion-one-half fusion-column-last\" style=\"--awb-padding-top:20px;--awb-padding-right:20px;--awb-padding-bottom:20px;--awb-padding-left:20px;--awb-bg-color:#484848;--awb-bg-color-hover:#484848;--awb-bg-position:right bottom;--awb-bg-size:cover;--awb-margin-bottom:0px;width:50%;width:calc(50% - ( ( 0px ) * 0.5 ) );\"><div class=\"fusion-column-wrapper fusion-column-has-shadow fusion-flex-column-wrapper-legacy\"><div class=\"fusion-title title fusion-title-2 fusion-sep-none fusion-title-center fusion-title-text fusion-title-size-one\" style=\"--awb-font-size:20px;\"><h1 class=\"fusion-title-heading title-heading-center\" style=\"margin:0;font-size:1em;\"><span style=\"color: #ffffff;\">Molenkoning \u2013 tarina<\/span><span style=\"color: #bfa723;\"> is\u00e4st\u00e4 ja h\u00e4nen kahdesta pojastaan<\/span><\/h1><\/div><div class=\"fusion-text fusion-text-2\"><p><span style=\"color: #ffffff;\"><span style=\"color: #bfa723;\">Jos de Swart<\/span> rakasti hevosia koko syd\u00e4mell\u00e4\u00e4n. H\u00e4n osti ensimm\u00e4isen hevosensa 18-vuotiaana, mutta ei vain yll\u00e4pit\u00e4\u00e4kseen perheens\u00e4 perinnett\u00e4, vaan koska hevoset kiinnostivat h\u00e4nt\u00e4. H\u00e4n tiesi v\u00e4litt\u00f6m\u00e4sti pit\u00e4v\u00e4ns\u00e4 hollantilaisista valjakkohevosista.<\/span><\/p>\n<p><span style=\"color: #ffffff;\">Vuosien harjoittelun ja hevosten kanssa ty\u00f6skentelyn tuloksena Josin palkintovitriini alkoi mukavasti t\u00e4ytty\u00e4. H\u00e4nen poikansa <span style=\"color: #bfa723;\">Ton ja Nicky de Swart<\/span> osallistuivat s\u00e4\u00e4nn\u00f6llisesti kilpailuihin, ja heid\u00e4n is\u00e4ns\u00e4 intohimo alkoi tarttua my\u00f6s poikiin. He voittivatkin kilpailuista alueellisia ja jopa kansallisia palkintoja.<\/span><\/p>\n<p><span style=\"color: #ffffff;\">Tonin saatua opintonsa p\u00e4\u00e4t\u00f6kseen 17-vuotiaana h\u00e4n niin ik\u00e4\u00e4n tiesi v\u00e4litt\u00f6m\u00e4sti haluavansa perustaa kauppayhti\u00f6n. Jos, joka toimi hitsaajana myi muutaman hevosen ja yhdess\u00e4 poikansa kanssa he perustivat oman yrityksen. He ostivat sahan, porakoneen sek\u00e4 hitsauskoneen, joiden avulla he pystyiv\u00e4t valmistamaan hevostalleja itsens\u00e4 <span style=\"color: #bfa723;\">kaltaisille hevosia rakastaville ihmisille.<\/span><\/span><\/p>\n<p><span style=\"color: #ffffff;\">Ensimm\u00e4iset vuodet olivat haastavia. Ton huolehti tallien myynnist\u00e4 ja Jos johti tuotantoa. Yritys oli pieni, mik\u00e4 hankaloitti monien erilaisten tallien viimeistely\u00e4 ja hienos\u00e4\u00e4t\u00f6\u00e4. Niihin aikoihin Jos ja Ton tekiv\u00e4t satunnaisesti k\u00e4velytyskoneita talliprojektien lomassa, mutta ne eiv\u00e4t viel\u00e4 olleet mill\u00e4\u00e4n tavalla t\u00e4rkeit\u00e4 tuotteita. K\u00e4velytyskoneet olivat hyvin kalliita, eik\u00e4 tavallisilla hevosenomistajilla ollut niihin varaa. Ainoastaan suuret ratsastuskoulut tai ammattilaistallit pystyiv\u00e4t hankkimaan k\u00e4velytyskoneen. <\/span><\/p>\n<p><span style=\"color: #ffffff;\">Samoihin aikoihin my\u00f6s toinen poika Nicky sai opintonsa p\u00e4\u00e4t\u00f6kseen ja liittyi is\u00e4ns\u00e4 ja veljens\u00e4 projektiin. Yhdess\u00e4 he suunnittelivat k\u00e4velytyskoneen rakenteen ja ulkomuodon. Jos oli halunnut pitk\u00e4\u00e4n valmistaa k\u00e4velytyskoneista yht\u00e4 helposti k\u00e4ytett\u00e4vi\u00e4 kuin muistakin koneista kytke ja k\u00e4yt\u00e4 (plug-and-play) menetelm\u00e4ll\u00e4, ja mallia muokattiin modulaarisemmaksi ja yksinkertaisemmaksi. Kun k\u00e4velytyskoneita pystytt\u00e4isiin valmistamaan sarjatuotannolla, koneista tulisi halvempia ja my\u00f6s Swartien kaltaiset tavalliset hevosenomistajat pystyisiv\u00e4t hankkimaan sellaisen.<\/span><\/p>\n<p><span style=\"color: #ffffff;\">Ensimm\u00e4iset prototyypit valmistettiin ja k\u00e4velytyskone alkoi kehitty\u00e4 lopulliseen muotoonsa. Swartit olivat valmiita ottamaan seuraavan askeleen: yrityksen nimen keksiminen. Viikonlopun ajan perhe p\u00e4hk\u00e4ili nime\u00e4 ja monia ehdotuksia heitettiin ilmoille. He halusivat kuitenkin iskev\u00e4n nimen, joka j\u00e4isi ihmisten mieliin. Lopulta nimeksi p\u00e4\u00e4tettiin Molenkoning \u2013 hieman uskalias, mutta sopiva. Saman viikonlopun aikana Nicky teki yritykselle verkkosivut ja Ton laittoi ilmoituksen hevosalan lehteen. Seuraavan viikon aikana he myiv\u00e4t kolme k\u00e4velytyskonetta. Silloin perhe tiesi osuneensa kultasuoneen. He eiv\u00e4t olisi voineet villeimmiss\u00e4 unelmissakaan kuvitella mit\u00e4 tulisi tapahtumaan. <\/span><\/p>\n<p><span style=\"color: #ffffff;\">Seuraavina vuosina Molenkoningista tuli kansainv\u00e4linen markkinajohtaja k\u00e4velytyskoneiden sek\u00e4 niiden aitojen ja kattojen alalla. <span style=\"color: #bfa723;\">Viel\u00e4 t\u00e4n\u00e4kin p\u00e4iv\u00e4n\u00e4 Molenkoningin tavoite on tehd\u00e4 huippulaadukkaita <a href=\"https:\/\/molenkoning.com\/fi\/tuotteet\/kavelytyskoneet\/\">k\u00e4velytyskoneita<\/a> kilpailukykyiseen hintaan.<\/span> Molenkoningin laitteet ovat tee se itse -paketteina viimeisteltyj\u00e4 ja vertaansa vailla. T\u00e4m\u00e4n pystyv\u00e4t vahvistamaan tuhannet tyytyv\u00e4iset asiakkaamme:<\/span><\/p>\n<p><a href=\"https:\/\/molenkoning.com\/fi\/mk-kokemuksia\/\">Klikkaa!<\/a><\/p>\n<\/div><div class=\"fusion-clearfix\"><\/div><\/div><\/div><\/div><\/div><\/p>\n","protected":false},"excerpt":{"rendered":"","protected":false},"author":1,"featured_media":0,"parent":0,"menu_order":0,"comment_status":"closed","ping_status":"closed","template":"100-width.php","meta":{"_acf_changed":false,"content-type":"","footnotes":""},"class_list":["post-11627","page","type-page","status-publish","hentry"],"acf":[],"_links":{"self":[{"href":"https:\/\/molenkoning.com\/fi\/wp-json\/wp\/v2\/pages\/11627","targetHints":{"allow":["GET"]}}],"collection":[{"href":"https:\/\/molenkoning.com\/fi\/wp-json\/wp\/v2\/pages"}],"about":[{"href":"https:\/\/molenkoning.com\/fi\/wp-json\/wp\/v2\/types\/page"}],"author":[{"embeddable":true,"href":"https:\/\/molenkoning.com\/fi\/wp-json\/wp\/v2\/users\/1"}],"replies":[{"embeddable":true,"href":"https:\/\/molenkoning.com\/fi\/wp-json\/wp\/v2\/comments?post=11627"}],"version-history":[{"count":16,"href":"https:\/\/molenkoning.com\/fi\/wp-json\/wp\/v2\/pages\/11627\/revisions"}],"predecessor-version":[{"id":29462,"href":"https:\/\/molenkoning.com\/fi\/wp-json\/wp\/v2\/pages\/11627\/revisions\/29462"}],"wp:attachment":[{"href":"https:\/\/molenkoning.com\/fi\/wp-json\/wp\/v2\/media?parent=11627"}],"curies":[{"name":"wp","href":"https:\/\/api.w.org\/{rel}","templated":true}]}}