{"id":145084,"date":"2021-07-01T09:55:12","date_gmt":"2021-07-01T09:55:12","guid":{"rendered":"https:\/\/molenkoning.com\/product\/view-blocking-pusher-gate-with-safeguard-bars\/"},"modified":"2026-02-05T14:29:20","modified_gmt":"2026-02-05T14:29:20","slug":"pantalla-de-empuje-safeguard-con-red-antivisibilidad","status":"publish","type":"product","link":"https:\/\/molenkoning.com\/es\/producto\/pantalla-de-empuje-safeguard-con-red-antivisibilidad\/","title":{"rendered":"Pantalla de empuje Safeguard con red antivisibilidad"},"content":{"rendered":"<div class=\"fusion-fullwidth fullwidth-box fusion-builder-row-1 fusion-flex-container nonhundred-percent-fullwidth non-hundred-percent-height-scrolling\" style=\"--awb-border-radius-top-left:0px;--awb-border-radius-top-right:0px;--awb-border-radius-bottom-right:0px;--awb-border-radius-bottom-left:0px;--awb-flex-wrap:wrap;\" ><div class=\"fusion-builder-row fusion-row fusion-flex-align-items-flex-start fusion-flex-content-wrap\" style=\"max-width:1144px;margin-left: calc(-4% \/ 2 );margin-right: calc(-4% \/ 2 );\"><div class=\"fusion-layout-column fusion_builder_column fusion-builder-column-0 fusion_builder_column_1_1 1_1 fusion-flex-column\" style=\"--awb-bg-size:cover;--awb-width-large:100%;--awb-margin-top-large:0px;--awb-spacing-right-large:1.92%;--awb-margin-bottom-large:0px;--awb-spacing-left-large:1.92%;--awb-width-medium:100%;--awb-spacing-right-medium:1.92%;--awb-spacing-left-medium:1.92%;--awb-width-small:100%;--awb-spacing-right-small:1.92%;--awb-spacing-left-small:1.92%;\"><div class=\"fusion-column-wrapper fusion-flex-justify-content-flex-start fusion-content-layout-column\"><div class=\"fusion-text fusion-text-1\"><p>Todas las ventajas de nuestras safeguard con un plus. Agregando a nuestras barras flexibles una red de cortavientos ligera, creamos la sensaci\u00f3n de que el divisor es una pared que sus caballos no cruzar\u00e1n. No es v\u00e1lido para caminadores de diferentes marcas. No dude en contactar con nuestro equipo de ventas si quiere que le coticemos unas pantallas a medida de su caminador.<\/p>\n<\/div><\/div><\/div><\/div><\/div>\n","protected":false},"excerpt":{"rendered":"","protected":false},"featured_media":174862,"template":"","meta":{"_acf_changed":false,"content-type":""},"product_brand":[],"product_cat":[489],"product_tag":[],"class_list":{"0":"post-145084","1":"product","2":"type-product","3":"status-publish","4":"has-post-thumbnail","6":"product_cat-repuestos","7":"product_shipping_class-price-on-request-es","9":"first","10":"instock","11":"taxable","12":"shipping-taxable","13":"product-type-simple"},"acf":[],"_links":{"self":[{"href":"https:\/\/molenkoning.com\/es\/wp-json\/wp\/v2\/product\/145084","targetHints":{"allow":["GET"]}}],"collection":[{"href":"https:\/\/molenkoning.com\/es\/wp-json\/wp\/v2\/product"}],"about":[{"href":"https:\/\/molenkoning.com\/es\/wp-json\/wp\/v2\/types\/product"}],"wp:featuredmedia":[{"embeddable":true,"href":"https:\/\/molenkoning.com\/es\/wp-json\/wp\/v2\/media\/174862"}],"wp:attachment":[{"href":"https:\/\/molenkoning.com\/es\/wp-json\/wp\/v2\/media?parent=145084"}],"wp:term":[{"taxonomy":"product_brand","embeddable":true,"href":"https:\/\/molenkoning.com\/es\/wp-json\/wp\/v2\/product_brand?post=145084"},{"taxonomy":"product_cat","embeddable":true,"href":"https:\/\/molenkoning.com\/es\/wp-json\/wp\/v2\/product_cat?post=145084"},{"taxonomy":"product_tag","embeddable":true,"href":"https:\/\/molenkoning.com\/es\/wp-json\/wp\/v2\/product_tag?post=145084"}],"curies":[{"name":"wp","href":"https:\/\/api.w.org\/{rel}","templated":true}]}}