{"id":144892,"date":"2021-07-01T09:29:03","date_gmt":"2021-07-01T09:29:03","guid":{"rendered":"https:\/\/molenkoning.com\/product\/aluminium-pushergate\/"},"modified":"2021-09-20T10:10:22","modified_gmt":"2021-09-20T10:10:22","slug":"pantalla-de-empuje-de-aluminio-estandar","status":"publish","type":"product","link":"https:\/\/molenkoning.com\/es\/producto\/pantalla-de-empuje-de-aluminio-estandar\/","title":{"rendered":"Pantalla de empuje de aluminio est\u00e1ndar"},"content":{"rendered":"<p>Nuestra separaci\u00f3n est\u00e1ndar para caminadores. Estas barras miden 1500 mm de largo y el ancho de la pantalla es de 2 metros. No es v\u00e1lida para caminadores de diferentes marcas. No dude en contactar con nuestro equipo de ventas si quiere que le coticemos unas pantallas a medida de su caminador.<\/p>\n","protected":false},"excerpt":{"rendered":"<p>Nuestra separaci\u00f3n est\u00e1ndar para caminadores. Estas barras miden 1500 mm de largo y el ancho de la pantalla es de 2 metros. No es v\u00e1lida para caminadores de diferentes marcas. No dude en contactar con nuestro equipo de ventas si quiere que le coticemos unas pantallas a medida de su caminador.<\/p>\n","protected":false},"featured_media":174910,"template":"","meta":{"_acf_changed":false,"content-type":""},"product_brand":[],"product_cat":[489],"product_tag":[],"class_list":{"0":"post-144892","1":"product","2":"type-product","3":"status-publish","4":"has-post-thumbnail","6":"product_cat-repuestos","7":"product_shipping_class-price-on-request-es","9":"first","10":"instock","11":"taxable","12":"shipping-taxable","13":"purchasable","14":"product-type-simple"},"acf":[],"_links":{"self":[{"href":"https:\/\/molenkoning.com\/es\/wp-json\/wp\/v2\/product\/144892","targetHints":{"allow":["GET"]}}],"collection":[{"href":"https:\/\/molenkoning.com\/es\/wp-json\/wp\/v2\/product"}],"about":[{"href":"https:\/\/molenkoning.com\/es\/wp-json\/wp\/v2\/types\/product"}],"wp:featuredmedia":[{"embeddable":true,"href":"https:\/\/molenkoning.com\/es\/wp-json\/wp\/v2\/media\/174910"}],"wp:attachment":[{"href":"https:\/\/molenkoning.com\/es\/wp-json\/wp\/v2\/media?parent=144892"}],"wp:term":[{"taxonomy":"product_brand","embeddable":true,"href":"https:\/\/molenkoning.com\/es\/wp-json\/wp\/v2\/product_brand?post=144892"},{"taxonomy":"product_cat","embeddable":true,"href":"https:\/\/molenkoning.com\/es\/wp-json\/wp\/v2\/product_cat?post=144892"},{"taxonomy":"product_tag","embeddable":true,"href":"https:\/\/molenkoning.com\/es\/wp-json\/wp\/v2\/product_tag?post=144892"}],"curies":[{"name":"wp","href":"https:\/\/api.w.org\/{rel}","templated":true}]}}