{"id":30866,"date":"2020-09-09T05:22:53","date_gmt":"2020-09-09T05:22:53","guid":{"rendered":"https:\/\/molenkoning.com\/?page_id=30866"},"modified":"2024-04-22T15:25:50","modified_gmt":"2024-04-22T15:25:50","slug":"caminadores-de-caballos-ofertas-de-feria-2020","status":"publish","type":"page","link":"https:\/\/molenkoning.com\/es\/caminadores-de-caballos-ofertas-de-feria-2020\/","title":{"rendered":"Caminadores de Caballos Ofertas de Feria 2020"},"content":{"rendered":"<p><div class=\"fusion-fullwidth fullwidth-box fusion-builder-row-1 fusion-parallax-none includeprice hundred-percent-fullwidth non-hundred-percent-height-scrolling\" style=\"--awb-border-radius-top-left:0px;--awb-border-radius-top-right:0px;--awb-border-radius-bottom-right:0px;--awb-border-radius-bottom-left:0px;--awb-padding-top:40px;--awb-padding-bottom:20px;--awb-background-color:#484848;--awb-background-image:url(&quot;https:\/\/molenkoning.com\/wp-content\/uploads\/2020\/09\/promo-caminador-feria-background-1.jpg&quot;);--awb-background-size:cover;--awb-flex-wrap:wrap;\" ><div class=\"fusion-builder-row fusion-row\"><div class=\"fusion-layout-column fusion_builder_column fusion-builder-column-0 fusion_builder_column_1_6 1_6 fusion-one-sixth fusion-column-first\" style=\"--awb-bg-size:cover;width:16.666666666667%;width:calc(16.666666666667% - ( ( 4% + 4% ) * 0.16666666666667 ) );margin-right: 4%;\"><div class=\"fusion-column-wrapper fusion-column-has-shadow fusion-flex-column-wrapper-legacy\"><div class=\"fusion-clearfix\"><\/div><\/div><\/div><div class=\"fusion-layout-column fusion_builder_column fusion-builder-column-1 fusion_builder_column_2_3 2_3 fusion-two-third\" style=\"--awb-bg-size:cover;width:66.666666666667%;width:calc(66.666666666667% - ( ( 4% + 4% ) * 0.66666666666667 ) );margin-right: 4%;\"><div class=\"fusion-column-wrapper fusion-column-has-shadow fusion-flex-column-wrapper-legacy\"><div class=\"fusion-title title fusion-title-1 fusion-sep-none fusion-title-text fusion-title-size-two offertext\" style=\"--awb-font-size:35px;\"><h2 class=\"fusion-title-heading title-heading-left\" style=\"margin:0;font-size:1em;line-height:35px;\"><p style=\"text-align: center; color: #fff; text-transform: uppercase; line-height: 38px;\">Le informamos que la promoci\u00f3n Sicab Online 2020 termin\u00f3 el domingo 18 de octubre. Si no estuvo a tiempo de beneficiarse de la misma, le animamos a que nos <a href=\"https:\/\/molenkoning.com\/es\/contacto\/\">contacte <\/a>y solicite un presupuesto sin compromiso.<\/p>\n<p style=\"text-align: center;\"><a style=\"text-align: center; color: #bfa723; text-transform: uppercase;\" href=\"https:\/\/molenkoning.com\/es\/equipo-mk\/\">Equipo Molenkoning<\/a><\/p><\/h2><\/div><div class=\"fusion-clearfix\"><\/div><\/div><\/div><div class=\"fusion-layout-column fusion_builder_column fusion-builder-column-2 fusion_builder_column_1_6 1_6 fusion-one-sixth fusion-column-last\" style=\"--awb-bg-size:cover;width:16.666666666667%;width:calc(16.666666666667% - ( ( 4% + 4% ) * 0.16666666666667 ) );\"><div class=\"fusion-column-wrapper fusion-column-has-shadow fusion-flex-column-wrapper-legacy\"><div class=\"fusion-clearfix\"><\/div><\/div><\/div><\/div><\/div><div class=\"fusion-fullwidth fullwidth-box fusion-builder-row-2 hundred-percent-fullwidth non-hundred-percent-height-scrolling\" style=\"--awb-border-radius-top-left:0px;--awb-border-radius-top-right:0px;--awb-border-radius-bottom-right:0px;--awb-border-radius-bottom-left:0px;--awb-padding-right:0px;--awb-padding-left:0px;--awb-margin-top:0px;--awb-margin-bottom:0px;--awb-flex-wrap:wrap;\" ><div class=\"fusion-builder-row fusion-row\"><div class=\"fusion-layout-column fusion_builder_column fusion-builder-column-3 fusion_builder_column_3_5 3_5 fusion-three-fifth fusion-column-first wildhorseouter fusion-column-no-min-height\" style=\"--awb-padding-top:40px;--awb-padding-right:40px;--awb-padding-left:40px;--awb-bg-color:#484848;--awb-bg-color-hover:#484848;--awb-bg-image:url(&#039;https:\/\/molenkoning.com\/wp-content\/uploads\/2020\/06\/wild-horses.jpg&#039;);--awb-bg-position:center center;--awb-bg-size:cover;--awb-margin-bottom:0px;width:60%;width:calc(60% - ( ( 0px ) * 0.6 ) );margin-right: 0px;\"><div class=\"fusion-column-wrapper fusion-column-has-shadow fusion-flex-column-wrapper-legacy fusion-column-has-bg-image\" data-bg-url=\"https:\/\/molenkoning.com\/wp-content\/uploads\/2020\/06\/wild-horses.jpg\"><div class=\"fusion-title title fusion-title-2 fusion-sep-none fusion-title-text fusion-title-size-two\" style=\"--awb-font-size:30px;\"><h2 class=\"fusion-title-heading title-heading-left\" style=\"margin:0;font-size:1em;\"><span style=\"color: #ffffff;\">ESTO ES LO QUE DICEN NUESTROS CLIENTES\u2026<\/span><\/h2><\/div><div class=\"fusion-text fusion-text-1 gerrmanlatinadiv\"><div class=\"tstiouter\">\n<img decoding=\"async\" src=\"https:\/\/molenkoning.com\/wp-content\/uploads\/2021\/06\/newflag-es-1-150x150.jpeg\" alt=\"\" width=\"150\" height=\"150\" class=\"alignnone size-thumbnail wp-image-99277\" srcset=\"https:\/\/molenkoning.com\/wp-content\/uploads\/2021\/06\/newflag-es-1-66x66.jpeg 66w, https:\/\/molenkoning.com\/wp-content\/uploads\/2021\/06\/newflag-es-1-150x150.jpeg 150w, https:\/\/molenkoning.com\/wp-content\/uploads\/2021\/06\/newflag-es-1-200x200.jpeg 200w\" sizes=\"(max-width: 150px) 100vw, 150px\" \/><\/p>\n<h2>Toledo<\/h2>\n<\/div>\n<p><span style=\"color: #bfa723;\">Eduardo Campos, Finca Dehesa Salinas.<\/span><br \/>\n<em>\u201cDudaba del tama\u00f1o y el vallado. Gracias a los consejos de Ana pude hacer la mejor elecci\u00f3n\u201d.<br \/>\n\u201cLo usamos varias horas al d\u00eda y con sementales j\u00f3venes y todo sigue como el primer d\u00eda.\u201d <\/em><\/p>\n<\/div><div class=\"fusion-text fusion-text-2 gerrmanlatinadiv\"><div class=\"tstiouter\">\n<p><img decoding=\"async\" class=\"alignnone size-thumbnail wp-image-99277\" src=\"https:\/\/molenkoning.com\/wp-content\/uploads\/2021\/06\/newflag-es-1-150x150.jpeg\" alt=\"\" width=\"150\" height=\"150\" srcset=\"https:\/\/molenkoning.com\/wp-content\/uploads\/2021\/06\/newflag-es-1-66x66.jpeg 66w, https:\/\/molenkoning.com\/wp-content\/uploads\/2021\/06\/newflag-es-1-150x150.jpeg 150w, https:\/\/molenkoning.com\/wp-content\/uploads\/2021\/06\/newflag-es-1-200x200.jpeg 200w\" sizes=\"(max-width: 150px) 100vw, 150px\" \/><\/p>\n<h2>M\u00e1laga<\/h2>\n<\/div>\n<p><span style=\"color: #bfa723;\">Agust\u00edn Arag\u00f3n Dominguez, H\u00edpica la Paca.<\/span><br \/>\n<em>\u201cHa sido una de las mejores inversiones que hemos realizado en la h\u00edpica. Tengo una herramienta que permite much\u00edsima opciones para el mantenimiento de la forma f\u00edsica de los caballos. El servicio inmejorable.\u201d<\/em><\/p>\n<\/div><div class=\"fusion-text fusion-text-3 gerrmanlatinadiv\"><div class=\"tstiouter\">\n<p><img decoding=\"async\" class=\"alignnone size-thumbnail wp-image-99277\" src=\"https:\/\/molenkoning.com\/wp-content\/uploads\/2021\/06\/newflag-es-1-150x150.jpeg\" alt=\"\" width=\"150\" height=\"150\" srcset=\"https:\/\/molenkoning.com\/wp-content\/uploads\/2021\/06\/newflag-es-1-66x66.jpeg 66w, https:\/\/molenkoning.com\/wp-content\/uploads\/2021\/06\/newflag-es-1-150x150.jpeg 150w, https:\/\/molenkoning.com\/wp-content\/uploads\/2021\/06\/newflag-es-1-200x200.jpeg 200w\" sizes=\"(max-width: 150px) 100vw, 150px\" \/><\/p>\n<h2>Jaen<\/h2>\n<\/div>\n<p><span style=\"color: #bfa723;\">Carmen Montes Montoro, Amazona Profesional.<\/span><br \/>\n<em>\u201cDudaba del mantenimiento que pod\u00eda tener y posibles aver\u00edas. Pero mi experiencia ha sido muy buena.\u201d <\/em><\/p>\n<\/div><div class=\"fusion-title title fusion-title-3 fusion-sep-none fusion-title-text fusion-title-size-three\" style=\"--awb-font-size:30px;\"><h3 class=\"fusion-title-heading title-heading-left\" style=\"margin:0;font-size:1em;\"><span style=\"text-transform: uppercase; color: #fff;\">\u00bfLe gustar\u00eda leer m\u00e1s testimonios de nuestros clientes? <a href=\"https:\/\/molenkoning.com\/es\/experiencia-mk\/\">Haga clic en este enlace!<\/a><\/span><\/h3><\/div><div class=\"fusion-clearfix\"><\/div><\/div><\/div><div class=\"fusion-layout-column fusion_builder_column fusion-builder-column-4 fusion_builder_column_2_5 2_5 fusion-two-fifth fusion-column-last grmnltnform fusion-column-no-min-height\" style=\"--awb-padding-top:30px;--awb-padding-right:30px;--awb-padding-bottom:30px;--awb-padding-left:30px;--awb-bg-size:cover;--awb-margin-bottom:0px;width:40%;width:calc(40% - ( ( 0px ) * 0.4 ) );\"><div class=\"fusion-column-wrapper fusion-column-has-shadow fusion-flex-column-wrapper-legacy\"><div class=\"fusion-title title fusion-title-4 fusion-sep-none fusion-title-center fusion-title-text fusion-title-size-two\" style=\"--awb-font-size:25px;\"><h2 class=\"fusion-title-heading title-heading-center\" style=\"margin:0;font-size:1em;\">\u00a1Cont\u00e1ctanos hoy para m\u00e1s informaci\u00f3n!<\/h2><\/div><div class=\"fusion-text fusion-text-4\"><p><!--&#091;if lte IE 8&#093;><script charset=\"utf-8\" type=\"text\/javascript\" src=\"\/\/js.hsforms.net\/forms\/v2-legacy.js\"><\/script>\n<!&#091;endif&#093;--><script charset=\"utf-8\" type=\"text\/javascript\" src=\"\/\/js.hsforms.net\/forms\/v2.js\"><\/script><script>\n  hbspt.forms.create({\n\tportalId: \"7963348\",\n\tformId: \"d3938e2e-9346-4e31-aebd-314f9677f88a\"\n});\n<\/script><\/p>\n<\/div><div class=\"fusion-clearfix\"><\/div><\/div><\/div><\/div><\/div><\/p>\n","protected":false},"excerpt":{"rendered":"","protected":false},"author":1,"featured_media":0,"parent":0,"menu_order":0,"comment_status":"closed","ping_status":"closed","template":"100-width.php","meta":{"_acf_changed":false,"content-type":"","footnotes":""},"class_list":["post-30866","page","type-page","status-publish","hentry"],"acf":[],"_links":{"self":[{"href":"https:\/\/molenkoning.com\/es\/wp-json\/wp\/v2\/pages\/30866","targetHints":{"allow":["GET"]}}],"collection":[{"href":"https:\/\/molenkoning.com\/es\/wp-json\/wp\/v2\/pages"}],"about":[{"href":"https:\/\/molenkoning.com\/es\/wp-json\/wp\/v2\/types\/page"}],"author":[{"embeddable":true,"href":"https:\/\/molenkoning.com\/es\/wp-json\/wp\/v2\/users\/1"}],"replies":[{"embeddable":true,"href":"https:\/\/molenkoning.com\/es\/wp-json\/wp\/v2\/comments?post=30866"}],"version-history":[{"count":227,"href":"https:\/\/molenkoning.com\/es\/wp-json\/wp\/v2\/pages\/30866\/revisions"}],"predecessor-version":[{"id":154527,"href":"https:\/\/molenkoning.com\/es\/wp-json\/wp\/v2\/pages\/30866\/revisions\/154527"}],"wp:attachment":[{"href":"https:\/\/molenkoning.com\/es\/wp-json\/wp\/v2\/media?parent=30866"}],"curies":[{"name":"wp","href":"https:\/\/api.w.org\/{rel}","templated":true}]}}