{"id":18783,"date":"2020-04-22T12:41:07","date_gmt":"2020-04-22T12:41:07","guid":{"rendered":"https:\/\/molenkoning.com\/mk-agents\/"},"modified":"2025-06-05T11:57:19","modified_gmt":"2025-06-05T11:57:19","slug":"agentes-mk","status":"publish","type":"page","link":"https:\/\/molenkoning.com\/es\/agentes-mk\/","title":{"rendered":"Agentes MK"},"content":{"rendered":"<p><div class=\"fusion-fullwidth fullwidth-box fusion-builder-row-1 hundred-percent-fullwidth non-hundred-percent-height-scrolling\" style=\"--awb-border-radius-top-left:0px;--awb-border-radius-top-right:0px;--awb-border-radius-bottom-right:0px;--awb-border-radius-bottom-left:0px;--awb-padding-top:20px;--awb-padding-right:0px;--awb-padding-bottom:20px;--awb-padding-left:0px;--awb-flex-wrap:wrap;\" ><div class=\"fusion-builder-row fusion-row\"><div class=\"fusion-layout-column fusion_builder_column fusion-builder-column-0 fusion_builder_column_1_1 1_1 fusion-one-full fusion-column-first fusion-column-last agenttxt\" style=\"--awb-padding-top:20px;--awb-padding-right:20px;--awb-padding-bottom:20px;--awb-padding-left:20px;--awb-bg-color:#969696;--awb-bg-color-hover:#969696;--awb-bg-size:cover;\"><div class=\"fusion-column-wrapper fusion-column-has-shadow fusion-flex-column-wrapper-legacy\"><div class=\"fusion-text fusion-text-1\"><p style=\"text-align: center; margin-bottom: 0;\"><span style=\"color: #ffffff;\">Si no hay un agente MK en su pa\u00eds, por favor p\u00f3ngase en contacto con nuestra oficina central en los Pa\u00edses Bajos, En nuestra central contamos con personal hispano parlante.<br \/>\n\u00a1Estamos deseando ayudarle!<\/span><\/p>\n<\/div><div class=\"fusion-clearfix\"><\/div><\/div><\/div><div class=\"fusion-layout-column fusion_builder_column fusion-builder-column-1 fusion_builder_column_1_1 1_1 fusion-one-full fusion-column-first fusion-column-last\" style=\"--awb-bg-size:cover;\"><div class=\"fusion-column-wrapper fusion-column-has-shadow fusion-flex-column-wrapper-legacy\"><div class=\"fusion-text fusion-text-2\"><div id=\"unique_iwm_0\"><!-- Map Generated CSS --> \n <style>\n.iwm_map_canvas { overflow:hidden; }#map_canvas_9 path:not([id]) { stroke:#fff; }#map_canvas_9 path:not([id]) { stroke-width:1; }#map_canvas_9 { background-repeat:no-repeat; background-size: 100% 100%; }#map_canvas_9 .google-visualization-tooltip { background:#f7f7f7; }@media handheld, only screen and (max-width: 480px) { #map_canvas_9 circle { r:4 !important; }}@media handheld, only screen and (max-width: 480px) { #map_canvas_9 svg image { width:4px !important; height:4px !important; transform: translate(-2px,-2px) !important;  }}<\/style><div class='iwm_map_canvas iwm_custom_icon'><div id='map_canvas_9' data-map-id='9' data-marker-size='12' data-icon-url='https:\/\/molenkoning.com\/wp-content\/uploads\/2020\/04\/footerlogo.png' data-icon-position='center' class='i_world_map ' class='iwm_map_canvas iwm_custom_icon'><div class='iwm_placeholder'><img width='32px' alt='New World Map ES Placeholder' title='New World Map ES' src='https:\/\/molenkoning.com\/wp-content\/plugins\/interactive-world-maps\/imgs\/placeholder.png'><br>New World Map ES<\/div><\/div><\/div><div id='imap9message' style='display:none;'>\n\t\t\t\t<div id=\"map_9_message_525001698\" style=\"display:block;\"><\/div><div id=\"map_9_message_505039\" style=\"display:block;\"><\/div><div id=\"map_9_message_46603354\" style=\"display:block;\"><\/div><div id=\"map_9_message_511657\" style=\"display:block;\"><\/div><div id=\"map_9_message_469287643\" style=\"display:block;\"><\/div><div id=\"map_9_message_480663342\" style=\"display:block;\"><\/div><div id=\"map_9_message_52980240\" style=\"display:block;\"><\/div><div id=\"map_9_message_358456802\" style=\"display:block;\"><\/div><div id=\"map_9_message_393262345\" style=\"display:block;\"><\/div><div id=\"map_9_message_596749712\" style=\"display:block;\"><\/div><div id=\"map_9_message_590628733\" style=\"display:block;\"><\/div><div id=\"map_9_message_51919437\" style=\"display:block;\"><\/div><div id=\"map_9_message_418719\" style=\"display:block;\"><\/div><div id=\"map_9_message_397837304\" style=\"display:block;\"><\/div><div id=\"map_9_message_610666922\" style=\"display:block;\"><\/div><div id=\"map_9_message_50073658\" style=\"display:block;\"><\/div><div id=\"map_9_message_461199444\" style=\"display:block;\"><\/div><div id=\"map_9_message_389597594\" style=\"display:block;\"><\/div><div id=\"map_9_message_24453884\" style=\"display:block;\"><\/div><div id=\"map_9_message_62389702\" style=\"display:block;\"><\/div><div id=\"map_9_message_38736946\" style=\"display:block;\"><\/div><div id=\"map_9_message_362048\" style=\"display:block;\"><\/div>\n\t\t\t\t<\/div><\/div>\n<\/div><div class=\"fusion-clearfix\"><\/div><\/div><\/div><\/div><\/div><div class=\"fusion-fullwidth fullwidth-box fusion-builder-row-2 hundred-percent-fullwidth non-hundred-percent-height-scrolling\" style=\"--awb-border-radius-top-left:0px;--awb-border-radius-top-right:0px;--awb-border-radius-bottom-right:0px;--awb-border-radius-bottom-left:0px;--awb-padding-top:20px;--awb-padding-bottom:20px;--awb-background-color:#f7f7f7;--awb-flex-wrap:wrap;\" ><div class=\"fusion-builder-row fusion-row\"><div class=\"fusion-layout-column fusion_builder_column fusion-builder-column-2 fusion_builder_column_1_5 1_5 fusion-one-fifth fusion-column-first\" style=\"--awb-bg-size:cover;width:20%;width:calc(20% - ( ( 4% + 4% ) * 0.2 ) );margin-right: 4%;\"><div class=\"fusion-column-wrapper fusion-column-has-shadow fusion-flex-column-wrapper-legacy\"><div class=\"fusion-clearfix\"><\/div><\/div><\/div><div class=\"fusion-layout-column fusion_builder_column fusion-builder-column-3 fusion_builder_column_3_5 3_5 fusion-three-fifth\" style=\"--awb-bg-size:cover;width:60%;width:calc(60% - ( ( 4% + 4% ) * 0.6 ) );margin-right: 4%;\"><div class=\"fusion-column-wrapper fusion-column-has-shadow fusion-flex-column-wrapper-legacy\"><div class=\"fusion-text fusion-text-3\"><p><!-- &#091;if lte IE 8&#093;>\n<script charset=\"utf-8\" type=\"text\/javascript\" src=\"\/\/js.hsforms.net\/forms\/v2-legacy.js\"><\/script>\n<!&#091;endif&#093;--><br \/>\n<script charset=\"utf-8\" type=\"text\/javascript\" src=\"\/\/js.hsforms.net\/forms\/v2.js\"><\/script><script>\n  hbspt.forms.create({\n\tportalId: \"7963348\",\n\tformId: \"b36d2d1d-ccba-4dcc-8879-5fb4d7c61863\"\n});\n<\/script><\/p>\n<\/div><div class=\"fusion-clearfix\"><\/div><\/div><\/div><div class=\"fusion-layout-column fusion_builder_column fusion-builder-column-4 fusion_builder_column_1_5 1_5 fusion-one-fifth fusion-column-last\" style=\"--awb-bg-size:cover;width:20%;width:calc(20% - ( ( 4% + 4% ) * 0.2 ) );\"><div class=\"fusion-column-wrapper fusion-column-has-shadow fusion-flex-column-wrapper-legacy\"><div class=\"fusion-clearfix\"><\/div><\/div><\/div><\/div><\/div><\/p>\n","protected":false},"excerpt":{"rendered":"","protected":false},"author":1,"featured_media":0,"parent":0,"menu_order":0,"comment_status":"closed","ping_status":"closed","template":"100-width.php","meta":{"_acf_changed":false,"content-type":"","footnotes":""},"class_list":["post-18783","page","type-page","status-publish","hentry"],"acf":[],"_links":{"self":[{"href":"https:\/\/molenkoning.com\/es\/wp-json\/wp\/v2\/pages\/18783","targetHints":{"allow":["GET"]}}],"collection":[{"href":"https:\/\/molenkoning.com\/es\/wp-json\/wp\/v2\/pages"}],"about":[{"href":"https:\/\/molenkoning.com\/es\/wp-json\/wp\/v2\/types\/page"}],"author":[{"embeddable":true,"href":"https:\/\/molenkoning.com\/es\/wp-json\/wp\/v2\/users\/1"}],"replies":[{"embeddable":true,"href":"https:\/\/molenkoning.com\/es\/wp-json\/wp\/v2\/comments?post=18783"}],"version-history":[{"count":83,"href":"https:\/\/molenkoning.com\/es\/wp-json\/wp\/v2\/pages\/18783\/revisions"}],"predecessor-version":[{"id":191704,"href":"https:\/\/molenkoning.com\/es\/wp-json\/wp\/v2\/pages\/18783\/revisions\/191704"}],"wp:attachment":[{"href":"https:\/\/molenkoning.com\/es\/wp-json\/wp\/v2\/media?parent=18783"}],"curies":[{"name":"wp","href":"https:\/\/api.w.org\/{rel}","templated":true}]}}