{"id":179042,"date":"2024-02-20T11:09:02","date_gmt":"2024-02-20T11:09:02","guid":{"rendered":"https:\/\/molenkoning.com\/specific-terms-and-conditions-of-purchase-on-mks-online-store-webshop\/"},"modified":"2024-02-20T13:56:56","modified_gmt":"2024-02-20T13:56:56","slug":"condiciones-de-compra","status":"publish","type":"page","link":"https:\/\/molenkoning.com\/es\/condiciones-de-compra\/","title":{"rendered":"Condiciones de Compra"},"content":{"rendered":"<div class=\"fusion-fullwidth fullwidth-box fusion-builder-row-1 fusion-flex-container nonhundred-percent-fullwidth non-hundred-percent-height-scrolling\" style=\"--awb-border-radius-top-left:0px;--awb-border-radius-top-right:0px;--awb-border-radius-bottom-right:0px;--awb-border-radius-bottom-left:0px;--awb-flex-wrap:wrap;\" ><div class=\"fusion-builder-row fusion-row fusion-flex-align-items-flex-start fusion-flex-content-wrap\" style=\"max-width:1144px;margin-left: calc(-4% \/ 2 );margin-right: calc(-4% \/ 2 );\"><div class=\"fusion-layout-column fusion_builder_column fusion-builder-column-0 fusion_builder_column_1_1 1_1 fusion-flex-column\" style=\"--awb-bg-size:cover;--awb-width-large:100%;--awb-margin-top-large:0px;--awb-spacing-right-large:1.92%;--awb-margin-bottom-large:0px;--awb-spacing-left-large:1.92%;--awb-width-medium:100%;--awb-spacing-right-medium:1.92%;--awb-spacing-left-medium:1.92%;--awb-width-small:100%;--awb-spacing-right-small:1.92%;--awb-spacing-left-small:1.92%;\"><div class=\"fusion-column-wrapper fusion-flex-justify-content-flex-start fusion-content-layout-column\"><div class=\"fusion-text fusion-text-1\"><p>1. Los pedidos realizados a trav\u00e9s del sitio web de Molenkoning BV ser\u00e1n procesados de manera inmediata en el siguiente d\u00eda h\u00e1bil tras la confirmaci\u00f3n de pago.<\/p>\n<p>2. El plazo de entrega estimado ser\u00e1 de 7 a 10 d\u00edas h\u00e1biles.<\/p>\n<p>3. En caso de que no haya disponibilidad suficiente de stock al momento de realizar el pedido, Molenkoning BV se pondr\u00e1 en contacto con el cliente para ofrecerle la opci\u00f3n de reembolso o proporcionar una fecha aproximada de entrega.<\/p>\n<p>4. Cualquier reclamaci\u00f3n respecto a defectos en los productos o entrega incompleta deber\u00e1 ser notificada en un plazo m\u00e1ximo de 8 d\u00edas naturales mediante correo electr\u00f3nico a <a href=\"mailto:info@molenkoning.com\">info@molenkoning.com<\/a> o por tel\u00e9fono al <a href=\"tel:+31486415174\">+31486415174<\/a>. Una vez informado a MK, el cliente tendr\u00e1 derecho a la devoluci\u00f3n del producto si decide no conservarlo, siempre y cuando el cliente haya presentado la queja dentro de los 8 d\u00edas naturales y tramite inmediatamente la devoluci\u00f3n del producto a Molenkoning BV en la siguiente direcci\u00f3n: <strong>Voederheil 6A, 5411RK Zeeland, Pa\u00edses Bajos.<\/strong><\/p>\n<p>5. Los gastos de env\u00edo de devoluci\u00f3n de productos correr\u00e1n a cargo del cliente.<\/p>\n<p>6. La devoluci\u00f3n de los productos solo ser\u00e1 aceptada si se devuelven en su embalaje original, por ejemplo, la caja del sol\u00e1rium. Tras recibir los productos devueltos, se realizar\u00e1 una evaluaci\u00f3n para verificar su estado, determinar si han sido utilizados, si presentan da\u00f1os o modificaciones causados por el cliente, con el fin de tomar una decisi\u00f3n sobre la devoluci\u00f3n. Esta decisi\u00f3n ser\u00e1 comunicada al cliente en un plazo m\u00e1ximo de 5 d\u00edas h\u00e1biles desde la recepci\u00f3n de los productos devueltos.<\/p>\n<p>7. Los productos adquiridos a trav\u00e9s del sitio web de Molenkoning BV estar\u00e1n sujetos al resto de t\u00e9rminos y condiciones especificados en este documento, siempre y cuando no entren en contradicci\u00f3n con lo establecido en este punto.<\/p>\n<\/div><\/div><\/div><\/div><\/div>\n","protected":false},"excerpt":{"rendered":"","protected":false},"author":1,"featured_media":0,"parent":0,"menu_order":0,"comment_status":"closed","ping_status":"closed","template":"","meta":{"_acf_changed":false,"content-type":"","footnotes":""},"class_list":["post-179042","page","type-page","status-publish","hentry"],"acf":[],"_links":{"self":[{"href":"https:\/\/molenkoning.com\/es\/wp-json\/wp\/v2\/pages\/179042","targetHints":{"allow":["GET"]}}],"collection":[{"href":"https:\/\/molenkoning.com\/es\/wp-json\/wp\/v2\/pages"}],"about":[{"href":"https:\/\/molenkoning.com\/es\/wp-json\/wp\/v2\/types\/page"}],"author":[{"embeddable":true,"href":"https:\/\/molenkoning.com\/es\/wp-json\/wp\/v2\/users\/1"}],"replies":[{"embeddable":true,"href":"https:\/\/molenkoning.com\/es\/wp-json\/wp\/v2\/comments?post=179042"}],"version-history":[{"count":1,"href":"https:\/\/molenkoning.com\/es\/wp-json\/wp\/v2\/pages\/179042\/revisions"}],"predecessor-version":[{"id":179047,"href":"https:\/\/molenkoning.com\/es\/wp-json\/wp\/v2\/pages\/179042\/revisions\/179047"}],"wp:attachment":[{"href":"https:\/\/molenkoning.com\/es\/wp-json\/wp\/v2\/media?parent=179042"}],"curies":[{"name":"wp","href":"https:\/\/api.w.org\/{rel}","templated":true}]}}