{"id":15999,"date":"2020-02-11T13:24:13","date_gmt":"2020-02-11T13:24:13","guid":{"rendered":"https:\/\/molenkoning.com\/structure-and-composition-of-a-molenkoning-horse-walker\/"},"modified":"2023-08-16T08:34:43","modified_gmt":"2023-08-16T08:34:43","slug":"estructura-de-norias-de-caballos","status":"publish","type":"page","link":"https:\/\/molenkoning.com\/es\/estructura-de-norias-de-caballos\/","title":{"rendered":"Estructura y composici\u00f3n de los caminadores de caballos Molenkoning"},"content":{"rendered":"<p><div class=\"fusion-fullwidth fullwidth-box fusion-builder-row-1 fusion-flex-container has-pattern-background has-mask-background nonhundred-percent-fullwidth non-hundred-percent-height-scrolling\" style=\"--awb-border-radius-top-left:0px;--awb-border-radius-top-right:0px;--awb-border-radius-bottom-right:0px;--awb-border-radius-bottom-left:0px;--awb-flex-wrap:wrap;\" ><div class=\"fusion-builder-row fusion-row fusion-flex-align-items-flex-start fusion-flex-content-wrap\" style=\"max-width:1144px;margin-left: calc(-4% \/ 2 );margin-right: calc(-4% \/ 2 );\"><div class=\"fusion-layout-column fusion_builder_column fusion-builder-column-0 fusion_builder_column_1_1 1_1 fusion-flex-column\" style=\"--awb-bg-size:cover;--awb-width-large:100%;--awb-margin-top-large:0px;--awb-spacing-right-large:1.92%;--awb-margin-bottom-large:20px;--awb-spacing-left-large:1.92%;--awb-width-medium:100%;--awb-order-medium:0;--awb-spacing-right-medium:1.92%;--awb-spacing-left-medium:1.92%;--awb-width-small:100%;--awb-order-small:0;--awb-spacing-right-small:1.92%;--awb-spacing-left-small:1.92%;\"><div class=\"fusion-column-wrapper fusion-column-has-shadow fusion-flex-justify-content-flex-start fusion-content-layout-column\"><div class=\"fusion-title title fusion-title-1 fusion-sep-none fusion-title-text fusion-title-size-one\" style=\"--awb-text-color:#333333;\"><h1 class=\"fusion-title-heading title-heading-left\" style=\"margin:0;\">Construcci\u00f3n y composici\u00f3n del caminador de caballos de Molenkoning<\/h1><\/div><div class=\"fusion-text fusion-text-1\"><p>El caminador de caballos de Molenkoning es f\u00e1cil de usar y tiene una larga vida \u00fatil gracias a su resistente construcci\u00f3n. El caminador de caballos requiere muy poco mantenimiento, es muy seguro y requiere bajo consumo de energ\u00eda.<\/p>\n<p>Nuestros caminadores de caballos pueden ser instalados por un t\u00e9cnico, pero la mayor\u00eda de nuestros clientes los instalan ellos mismos con la ayuda de nuestro sencillo manual de montaje.<\/p>\n<p>En este art\u00edculo, te ense\u00f1aremos todo sobre la construcci\u00f3n y composici\u00f3n de nuestro caminador de caballos. De esta manera, conocer\u00e1s todos los aspectos principales relacionados con el uso de nuestro caminador de caballos.<\/p>\n<p>Si quieres aprender m\u00e1s sobre el entrenamiento con un caminador de caballos, haz <a href=\"https:\/\/molenkoning.com\/es\/entrenamiento-con-norias-de-caballos\/\">clic aqu\u00ed<\/a> para leer un art\u00edculo sobre este tema. Adem\u00e1s, en este art\u00edculo aprender\u00e1s sobre: Seguridad para el caballo y el entrenador. Materiales de alta calidad y acabado. Servicio de primera clase antes y despu\u00e9s de la venta. Operaci\u00f3n sencilla con botones funcionales. La mejor relaci\u00f3n calidad-precio.<\/p>\n<\/div><\/div><\/div><div class=\"fusion-layout-column fusion_builder_column fusion-builder-column-1 fusion_builder_column_1_1 1_1 fusion-flex-column\" style=\"--awb-bg-size:cover;--awb-width-large:100%;--awb-margin-top-large:0px;--awb-spacing-right-large:1.92%;--awb-margin-bottom-large:20px;--awb-spacing-left-large:1.92%;--awb-width-medium:100%;--awb-order-medium:0;--awb-spacing-right-medium:1.92%;--awb-spacing-left-medium:1.92%;--awb-width-small:100%;--awb-order-small:0;--awb-spacing-right-small:1.92%;--awb-spacing-left-small:1.92%;\"><div class=\"fusion-column-wrapper fusion-column-has-shadow fusion-flex-justify-content-flex-start fusion-content-layout-column\"><div class=\"fusion-title title fusion-title-2 fusion-sep-none fusion-title-text fusion-title-size-one\" style=\"--awb-text-color:#333333;\"><h1 class=\"fusion-title-heading title-heading-left\" style=\"margin:0;\">El caminador de caballos y la seguridad de tu caballo<\/h1><\/div><div class=\"fusion-text fusion-text-2\"><p>La seguridad y la calidad est\u00e1n a la cabeza de tu lista de prioridades, y no es diferente para nosotros. Por eso, nuestro caminador de caballos siempre se suministra con un motor el\u00e9ctrico de 220V, con una vida \u00fatil de al menos 15.000 horas.<\/p>\n<\/div><\/div><\/div><\/div><\/div><div class=\"fusion-fullwidth fullwidth-box fusion-builder-row-2 fusion-flex-container has-pattern-background has-mask-background ctabannerouter nonhundred-percent-fullwidth non-hundred-percent-height-scrolling\" style=\"--awb-border-radius-top-left:0px;--awb-border-radius-top-right:0px;--awb-border-radius-bottom-right:0px;--awb-border-radius-bottom-left:0px;--awb-padding-right:0px;--awb-padding-left:0px;--awb-margin-bottom:20px;--awb-background-color:#484848;--awb-flex-wrap:wrap;\" ><div class=\"fusion-builder-row fusion-row fusion-flex-align-items-flex-start fusion-flex-content-wrap\" style=\"max-width:calc( 1100px + 0px );margin-left: calc(-0px \/ 2 );margin-right: calc(-0px \/ 2 );\"><div class=\"fusion-layout-column fusion_builder_column fusion-builder-column-2 fusion_builder_column_1_3 1_3 fusion-flex-column\" style=\"--awb-padding-top:50px;--awb-padding-right:50px;--awb-padding-bottom:68px;--awb-padding-left:50px;--awb-bg-color:#484848;--awb-bg-color-hover:#484848;--awb-bg-size:cover;--awb-width-large:33.333333333333%;--awb-margin-top-large:0px;--awb-spacing-right-large:0;--awb-margin-bottom-large:0px;--awb-spacing-left-large:0px;--awb-width-medium:100%;--awb-order-medium:0;--awb-spacing-right-medium:0px;--awb-spacing-left-medium:0px;--awb-width-small:100%;--awb-order-small:0;--awb-spacing-right-small:0px;--awb-spacing-left-small:0px;\"><div class=\"fusion-column-wrapper fusion-column-has-shadow fusion-flex-justify-content-flex-start fusion-content-layout-column\"><div class=\"fusion-title title fusion-title-3 fusion-sep-none fusion-title-text fusion-title-size-two\" style=\"--awb-text-color:#ffffff;\"><h2 class=\"fusion-title-heading title-heading-left\" style=\"margin:0;\">Haz tus preguntas a uno de nuestros especialistas.<\/h2><\/div><div class=\"fusion-text fusion-text-3\" style=\"--awb-text-color:#ffffff;\"><p>\u00bfTienes alguna pregunta sobre la ubicaci\u00f3n, instalaci\u00f3n o uso de un caminador para caballos?<\/p>\n<\/div><\/div><\/div><div class=\"fusion-layout-column fusion_builder_column fusion-builder-column-3 fusion_builder_column_2_3 2_3 fusion-flex-column ctabannerinner\" style=\"--awb-padding-top:50px;--awb-padding-right:50px;--awb-padding-bottom:51px;--awb-padding-left:30px;--awb-bg-color:rgba(0,0,0,0.38);--awb-bg-color-hover:rgba(0,0,0,0.38);--awb-bg-image:url(&#039;https:\/\/molenkoning.com\/wp-content\/uploads\/2021\/09\/Molenkoning-66.jpeg&#039;);--awb-bg-position:center center;--awb-bg-size:cover;--awb-width-large:66.666666666667%;--awb-margin-top-large:0px;--awb-spacing-right-large:0px;--awb-margin-bottom-large:0px;--awb-spacing-left-large:0;--awb-width-medium:100%;--awb-order-medium:0;--awb-spacing-right-medium:0px;--awb-spacing-left-medium:0px;--awb-width-small:100%;--awb-order-small:0;--awb-spacing-right-small:0px;--awb-spacing-left-small:0px;\"><div class=\"fusion-column-wrapper fusion-column-has-shadow fusion-flex-justify-content-flex-start fusion-content-layout-column fusion-column-has-bg-image\" data-bg-url=\"https:\/\/molenkoning.com\/wp-content\/uploads\/2021\/09\/Molenkoning-66.jpeg\"><div class=\"fusion-image-element \" style=\"text-align:left;--awb-margin-bottom:10px;--awb-caption-title-font-family:var(--h2_typography-font-family);--awb-caption-title-font-weight:var(--h2_typography-font-weight);--awb-caption-title-font-style:var(--h2_typography-font-style);--awb-caption-title-size:var(--h2_typography-font-size);--awb-caption-title-transform:var(--h2_typography-text-transform);--awb-caption-title-line-height:var(--h2_typography-line-height);--awb-caption-title-letter-spacing:var(--h2_typography-letter-spacing);\"><span class=\" fusion-imageframe imageframe-none imageframe-1 hover-type-none\"><img decoding=\"async\" width=\"200\" height=\"200\" title=\"ctabutton_ana\" src=\"https:\/\/molenkoning.com\/wp-content\/uploads\/2023\/08\/ctabutton_ana.png\" alt class=\"img-responsive wp-image-174227\" srcset=\"https:\/\/molenkoning.com\/wp-content\/uploads\/2023\/08\/ctabutton_ana-66x66.png 66w, https:\/\/molenkoning.com\/wp-content\/uploads\/2023\/08\/ctabutton_ana-150x150.png 150w, https:\/\/molenkoning.com\/wp-content\/uploads\/2023\/08\/ctabutton_ana.png 200w\" sizes=\"(max-width: 200px) 100vw, 200px\" \/><\/span><\/div><div ><a class=\"fusion-button button-flat fusion-button-default-size button-custom fusion-button-default button-1 fusion-button-default-span fusion-button-default-type\" style=\"--button_accent_color:#ffffff;--button_accent_hover_color:#ffffff;--button_border_hover_color:#ffffff;--button_gradient_top_color:#b98713;--button_gradient_bottom_color:#b98713;--button_gradient_top_color_hover:rgba(151,124,61,0.89);--button_gradient_bottom_color_hover:rgba(151,124,61,0.89);\" target=\"_self\" href=\"mailto:ana@molenkoning.com\"><span class=\"fusion-button-text\">Habla con un especialista<\/span><\/a><\/div><\/div><\/div><\/div><\/div><div class=\"fusion-fullwidth fullwidth-box fusion-builder-row-3 fusion-flex-container has-pattern-background has-mask-background nonhundred-percent-fullwidth non-hundred-percent-height-scrolling\" style=\"--awb-border-radius-top-left:0px;--awb-border-radius-top-right:0px;--awb-border-radius-bottom-right:0px;--awb-border-radius-bottom-left:0px;--awb-margin-top:20px;--awb-flex-wrap:wrap;\" ><div class=\"fusion-builder-row fusion-row fusion-flex-align-items-flex-start fusion-flex-content-wrap\" style=\"max-width:1144px;margin-left: calc(-4% \/ 2 );margin-right: calc(-4% \/ 2 );\"><div class=\"fusion-layout-column fusion_builder_column fusion-builder-column-4 fusion_builder_column_1_1 1_1 fusion-flex-column\" style=\"--awb-bg-size:cover;--awb-width-large:100%;--awb-margin-top-large:0px;--awb-spacing-right-large:1.92%;--awb-margin-bottom-large:20px;--awb-spacing-left-large:1.92%;--awb-width-medium:100%;--awb-order-medium:0;--awb-spacing-right-medium:1.92%;--awb-spacing-left-medium:1.92%;--awb-width-small:100%;--awb-order-small:0;--awb-spacing-right-small:1.92%;--awb-spacing-left-small:1.92%;\"><div class=\"fusion-column-wrapper fusion-column-has-shadow fusion-flex-justify-content-flex-start fusion-content-layout-column\"><div class=\"fusion-title title fusion-title-4 fusion-sep-none fusion-title-text fusion-title-size-two\"><h2 class=\"fusion-title-heading title-heading-left\" style=\"margin:0;\">Especificaciones de un caminador de caballos de alta calidad:<\/h2><\/div><div class=\"fusion-text fusion-text-4\"><p>Rodamientos de alta calidad y transmisi\u00f3n por correa en V silenciosa, con una larga vida \u00fatil y la m\u00e1xima seguridad para tu caballo. Adem\u00e1s, toda la estructura est\u00e1 galvanizada por inmersi\u00f3n en caliente y es resistente al agua. El caminador tiene un centro de gravedad bajo para una mejor estabilidad.<\/p>\n<p>Nuestras dimensiones est\u00e1ndar son de 10, 12, 15, 16, 18 y 20 metros de di\u00e1metro, con capacidad de 3 a 8 caballos, pero si ninguna de esas medidas te satisface es posible personalizar las medidas de los caminadores.<\/p>\n<p>Nuestros andadores est\u00e1n equipados con un operador f\u00e1cil de usar con un controlador de frecuencia digital de la m\u00e1s alta calidad.<\/p>\n<\/div><\/div><\/div><div class=\"fusion-layout-column fusion_builder_column fusion-builder-column-5 fusion_builder_column_1_1 1_1 fusion-flex-column\" style=\"--awb-bg-size:cover;--awb-width-large:100%;--awb-margin-top-large:0px;--awb-spacing-right-large:1.92%;--awb-margin-bottom-large:20px;--awb-spacing-left-large:1.92%;--awb-width-medium:100%;--awb-order-medium:0;--awb-spacing-right-medium:1.92%;--awb-spacing-left-medium:1.92%;--awb-width-small:100%;--awb-order-small:0;--awb-spacing-right-small:1.92%;--awb-spacing-left-small:1.92%;\"><div class=\"fusion-column-wrapper fusion-column-has-shadow fusion-flex-justify-content-flex-start fusion-content-layout-column\"><div class=\"fusion-title title fusion-title-5 fusion-sep-none fusion-title-text fusion-title-size-two\"><h2 class=\"fusion-title-heading title-heading-left\" style=\"margin:0;\">Qu\u00e9 pantallas de empuje elegir para caminador, es una decisi\u00f3n \u00a1importante!<\/h2><\/div><div class=\"fusion-text fusion-text-5\"><p>\u00bfSab\u00edas que unas pantallas de empuje ligeras prolongan la vida \u00fatil del motor de tu caminador? Esto se debe a que ofrecen poca resistencia al viento cuando el caminador est\u00e1 en movimiento.<\/p>\n<p>Por eso en MK siempre ofrecemos pantallas de empuje desarrolladas para que aerodin\u00e1micamente no ofrezcan resistencia al viendo. Nuestro modelo de pantalla m\u00e1s conocido y servido con el modelo est\u00e1ndar de caminador est\u00e1 formado por 14 barras de aluminio. Estas barras son recambiables de forma individual por lo que su mantenimiento es muy sencillo.<\/p>\n<p>Para nosotros la seguridad es lo primero, y es por ellos que todos los caminadores MK son servidos gratuitamente con un pastor el\u00e9ctrico, conectado a las pantallas de empuje. Gracias a este sistema podr\u00e1s ense\u00f1ar a tus caballos a entrenar en el caminador, seguros, y sin cruzar las pantallas. Tambi\u00e9n aprender\u00e1n a respetar la velocidad de trabajo que establezcas durante el entrenamiento.<br \/>\n\u00bfEst\u00e1s preocupado sobre qu\u00e9 tipo de descarga el\u00e9ctrica recibir\u00e1n tus caballos? No deber\u00edas. El pastor el\u00e9ctrico MK tan solo descarga una potencia leve de 6 julios, por lo que tus caballos nunca podr\u00edan lesionarse por la misma. Y en todo caso el uso del pastor el\u00e9ctrico es independiente del funcionamiento del caminador. Esto quiere decir que t\u00fa mismo puedes decir si necesitas o si quieres o no encenderlo.<\/p>\n<\/div><\/div><\/div><div class=\"fusion-layout-column fusion_builder_column fusion-builder-column-6 fusion_builder_column_1_1 1_1 fusion-flex-column\" style=\"--awb-bg-size:cover;--awb-width-large:100%;--awb-margin-top-large:0px;--awb-spacing-right-large:1.92%;--awb-margin-bottom-large:20px;--awb-spacing-left-large:1.92%;--awb-width-medium:100%;--awb-order-medium:0;--awb-spacing-right-medium:1.92%;--awb-spacing-left-medium:1.92%;--awb-width-small:100%;--awb-order-small:0;--awb-spacing-right-small:1.92%;--awb-spacing-left-small:1.92%;\"><div class=\"fusion-column-wrapper fusion-column-has-shadow fusion-flex-justify-content-flex-start fusion-content-layout-column\"><div class=\"fusion-title title fusion-title-6 fusion-sep-none fusion-title-text fusion-title-size-two\"><h2 class=\"fusion-title-heading title-heading-left\" style=\"margin:0;\">Mayor seguridad con las barras Safeguard de Molenkoning<\/h2><\/div><div class=\"fusion-text fusion-text-6\"><p>Para aquellos que deseen a\u00f1adir seguridad adicional a su caminador de caballos, ofrecemos las pantallas divisorias Safeguard de Molenkoning. Este modelo de pantalla est\u00e1 equipado por 14 barras de PVC (polietileno). Son barras extremadamente fuertes, pero a\u00fan muy flexibles. Incluso son flexibles a temperaturas bajo cero. Estas barras pueden doblarse, pero vuelven inmediatamente a su forma original. Previenen fracturas y el pl\u00e1stico evita bordes afilados. Las barras est\u00e1n revestidas de una fina l\u00e1mina de aluminio prensada en caliente, lo que permite que por ellas circule la corriente que les llega desde el pastor el\u00e9ctrico. Para reducir la visibilidad de los caballos durante el entrenamiento de caballos m\u00e1s activos y\/o sementales, es posible equipar estas pantallas divisorias con una red de tejido contra el viento.<\/p>\n<\/div><\/div><\/div><\/div><\/div><\/p>\n","protected":false},"excerpt":{"rendered":"","protected":false},"author":1,"featured_media":0,"parent":0,"menu_order":0,"comment_status":"closed","ping_status":"closed","template":"","meta":{"_acf_changed":false,"content-type":"","footnotes":""},"class_list":["post-15999","page","type-page","status-publish","hentry"],"acf":[],"_links":{"self":[{"href":"https:\/\/molenkoning.com\/es\/wp-json\/wp\/v2\/pages\/15999","targetHints":{"allow":["GET"]}}],"collection":[{"href":"https:\/\/molenkoning.com\/es\/wp-json\/wp\/v2\/pages"}],"about":[{"href":"https:\/\/molenkoning.com\/es\/wp-json\/wp\/v2\/types\/page"}],"author":[{"embeddable":true,"href":"https:\/\/molenkoning.com\/es\/wp-json\/wp\/v2\/users\/1"}],"replies":[{"embeddable":true,"href":"https:\/\/molenkoning.com\/es\/wp-json\/wp\/v2\/comments?post=15999"}],"version-history":[{"count":7,"href":"https:\/\/molenkoning.com\/es\/wp-json\/wp\/v2\/pages\/15999\/revisions"}],"predecessor-version":[{"id":174326,"href":"https:\/\/molenkoning.com\/es\/wp-json\/wp\/v2\/pages\/15999\/revisions\/174326"}],"wp:attachment":[{"href":"https:\/\/molenkoning.com\/es\/wp-json\/wp\/v2\/media?parent=15999"}],"curies":[{"name":"wp","href":"https:\/\/api.w.org\/{rel}","templated":true}]}}