{"id":11709,"date":"2020-01-27T16:51:09","date_gmt":"2020-01-27T16:51:09","guid":{"rendered":"https:\/\/molenkoning.com\/product\/"},"modified":"2024-10-08T09:52:55","modified_gmt":"2024-10-08T09:52:55","slug":"productos","status":"publish","type":"page","link":"https:\/\/molenkoning.com\/es\/productos\/","title":{"rendered":"Productos"},"content":{"rendered":"<div class=\"fusion-fullwidth fullwidth-box fusion-builder-row-1 nonhundred-percent-fullwidth non-hundred-percent-height-scrolling\" style=\"--awb-border-radius-top-left:0px;--awb-border-radius-top-right:0px;--awb-border-radius-bottom-right:0px;--awb-border-radius-bottom-left:0px;--awb-flex-wrap:wrap;\" ><div class=\"fusion-builder-row fusion-row\"><div class=\"fusion-layout-column fusion_builder_column fusion-builder-column-0 fusion_builder_column_1_1 1_1 fusion-one-full fusion-column-first fusion-column-last\" style=\"--awb-bg-size:cover;\"><div class=\"fusion-column-wrapper fusion-column-has-shadow fusion-flex-column-wrapper-legacy\"><div class=\"fusion-flip-boxes flip-boxes row fusion-columns-3 flip-effect-classic equal-heights\" style=\"--awb-flip-duration:1.2s;\"><div class=\"fusion-flip-box-wrapper fusion-column col-lg-4 col-md-4 col-sm-4\"><div class=\"fusion-flip-box flip-up\" tabindex=\"0\"><div class=\"flip-box-inner-wrapper\"><div class=\"flip-box-front\"><div class=\"flip-box-front-inner\"><div class=\"flip-box-grafix flip-box-image\"><img decoding=\"async\" src=\"https:\/\/molenkoning.com\/wp-content\/uploads\/2020\/01\/molen.jpg\" width=\"280\" height=\"142\" alt=\"Dise\u00f1o en 3D de un caminador de caballos\" \/><\/div><h2 class=\"flip-box-heading without-text\">Caminador de caballos<\/h2><\/div><\/div><div class=\"flip-box-back\" style=\"--awb-background-image-back:url(&#039;https:\/\/molenkoning.com\/wp-content\/uploads\/2020\/02\/Horsewalker-600x400.jpg&#039;);\"><div class=\"flip-box-back-inner\"><h3 class=\"flip-box-heading-back\">Caminador de caballos<\/h3>\n<p>El caminador de caballos Molenkoning es una s\u00f3lida estructura enteramente construida en acero galvanizado en caliente, lista para \u201cenchufar y funcionar\u201d.<br \/>\n<a href=\"https:\/\/molenkoning.com\/es\/productos\/caminador-para-caballos\/\">Lee mas<\/a><\/p>\n<\/div><\/div><\/div><\/div><\/div><div class=\"fusion-flip-box-wrapper fusion-column col-lg-4 col-md-4 col-sm-4\"><div class=\"fusion-flip-box flip-up\" tabindex=\"0\"><div class=\"flip-box-inner-wrapper\"><div class=\"flip-box-front\"><div class=\"flip-box-front-inner\"><div class=\"flip-box-grafix flip-box-image\"><img decoding=\"async\" src=\"https:\/\/molenkoning.com\/wp-content\/uploads\/2022\/09\/The-Rail-Gliding-Walker-2-1200x675.png\" width=\"1200\" height=\"675\" alt=\"The Rail Gliding Walker - 2\" \/><\/div><h2 class=\"flip-box-heading without-text\">Caminador por ra\u00edles deslizantes<\/h2><\/div><\/div><div class=\"flip-box-back\" style=\"--awb-background-image-back:url(&#039;https:\/\/molenkoning.com\/wp-content\/uploads\/2020\/02\/railgliding-600x451.jpg&#039;);\"><div class=\"flip-box-back-inner\"><h3 class=\"flip-box-heading-back\">Caminador por ra\u00edles deslizantes<\/h3>\n<p>La \u00faltima innovaci\u00f3n de Molenkoning; para aquellos que necesitan algo diferente.<\/p>\n<p><a href=\"https:\/\/molenkoning.com\/es\/productos\/caminador-de-caballos-por-railes-deslizantes\/\">Lee mas<\/a><\/p>\n<\/div><\/div><\/div><\/div><\/div><div class=\"fusion-flip-box-wrapper fusion-column col-lg-4 col-md-4 col-sm-4\"><div class=\"fusion-flip-box flip-up\" tabindex=\"0\"><div class=\"flip-box-inner-wrapper\"><div class=\"flip-box-front\"><div class=\"flip-box-front-inner\"><div class=\"flip-box-grafix flip-box-image\"><img decoding=\"async\" src=\"https:\/\/molenkoning.com\/wp-content\/uploads\/2020\/01\/skywalker-molenkoning.jpg\" width=\"280\" height=\"142\" alt=\"Dise\u00f1o en 3D de caminador skywalker\" \/><\/div><h2 class=\"flip-box-heading without-text\">Skywalker<\/h2><\/div><\/div><div class=\"flip-box-back\" style=\"--awb-background-image-back:url(&#039;https:\/\/molenkoning.com\/wp-content\/uploads\/2020\/02\/Skywalker-1-600x400.jpg&#039;);\"><div class=\"flip-box-back-inner\"><h3 class=\"flip-box-heading-back\">Skywalker<\/h3>\n<p>El Skywalker es un innovador caminador de caballos dise\u00f1ado para anclar a una cubierta.<\/p>\n<p><a href=\"https:\/\/molenkoning.com\/es\/productos\/caminador-de-caballos-anclado-a-techo-de-picadero-modelo-skywalker\/\">Lee mas<\/a><\/p>\n<\/div><\/div><\/div><\/div><\/div><div class=\"fusion-flip-box-wrapper fusion-column col-lg-4 col-md-4 col-sm-4\"><div class=\"fusion-flip-box flip-up\" tabindex=\"0\"><div class=\"flip-box-inner-wrapper\"><div class=\"flip-box-front\"><div class=\"flip-box-front-inner\"><div class=\"flip-box-grafix flip-box-image\"><img decoding=\"async\" src=\"https:\/\/molenkoning.com\/wp-content\/uploads\/2020\/01\/round-fence.jpg\" width=\"280\" height=\"142\" alt=\"Round fence MK\" \/><\/div><h2 class=\"flip-box-heading without-text\">Vallado Round<\/h2><\/div><\/div><div class=\"flip-box-back\" style=\"--awb-background-image-back:url(&#039;https:\/\/molenkoning.com\/wp-content\/uploads\/2020\/02\/roundfence-600x400.jpg&#039;);\"><div class=\"flip-box-back-inner\"><h3 class=\"flip-box-heading-back\">Vallado Round<\/h3>\n<p>El vallado Round es la joya de la corona de Molenkoning. Largos a\u00f1os de investigaci\u00f3n, desarrollo e innovaci\u00f3n han hecho posible que hoy podamos ofrecer a nuestros clientes el vallado m\u00e1s seguro del mercado.<\/p>\n<p><a href=\"https:\/\/molenkoning.com\/es\/vallado-para-caminador-de-caballos-round-fence-en-polietileno\/\">Lee mas<\/a><\/p>\n<\/div><\/div><\/div><\/div><\/div><div class=\"fusion-flip-box-wrapper fusion-column col-lg-4 col-md-4 col-sm-4\"><div class=\"fusion-flip-box flip-up\" tabindex=\"0\"><div class=\"flip-box-inner-wrapper\"><div class=\"flip-box-front\"><div class=\"flip-box-front-inner\"><div class=\"flip-box-grafix flip-box-image\"><img decoding=\"async\" src=\"https:\/\/molenkoning.com\/wp-content\/uploads\/2020\/01\/horsewalker-with-beoband-from-molenkoning.jpg\" width=\"280\" height=\"118\" alt=\"Beoband Mk\" \/><\/div><h2 class=\"flip-box-heading without-text\">Vallado MK Safeline<\/h2><\/div><\/div><div class=\"flip-box-back\" style=\"--awb-background-image-back:url(&#039;https:\/\/molenkoning.com\/wp-content\/uploads\/2020\/02\/Beo-Band-600x400.jpg&#039;);\"><div class=\"flip-box-back-inner\"><h3 class=\"flip-box-heading-back\">Vallado MK Safeline<\/h3>El vallado MK Safeline o el tambi\u00e9n llamado vallado Smart Budget es el perfecto ejemplo de la industria holandesa.<\/p>\n<p><a href=\"https:\/\/molenkoning.com\/es\/productos\/caminador-de-caballos-con-vallado-mk-safeline\/\">Lee mas<\/a><\/div><\/div><\/div><\/div><\/div><div class=\"fusion-flip-box-wrapper fusion-column col-lg-4 col-md-4 col-sm-4\"><div class=\"fusion-flip-box flip-up\" tabindex=\"0\"><div class=\"flip-box-inner-wrapper\"><div class=\"flip-box-front\"><div class=\"flip-box-front-inner\"><div class=\"flip-box-grafix flip-box-image\"><img decoding=\"async\" src=\"https:\/\/molenkoning.com\/wp-content\/uploads\/2020\/01\/sweden-fence-molenkoning.jpg\" width=\"280\" height=\"142\" alt=\"MK Sweden fence\" \/><\/div><h2 class=\"flip-box-heading without-text\">Vallado Sueco<\/h2><\/div><\/div><div class=\"flip-box-back\" style=\"--awb-background-image-back:url(&#039;https:\/\/molenkoning.com\/wp-content\/uploads\/2020\/02\/Sweden-Fence-600x402.jpg&#039;);\"><div class=\"flip-box-back-inner\"><h3 class=\"flip-box-heading-back\">Vallado Sueco<\/h3>\n<p>Tal y como su nombre sugiere nos hemos inspirado en la vasta y rica naturaleza de Suecia, cuyo pa\u00eds se distingue por sus recursos de pino en Europa, para dise\u00f1ar este cerramiento de caminador de caballos.<\/p>\n<p><a href=\"https:\/\/molenkoning.com\/es\/productos\/horse-exerciser-enclosure-model-sweden-fence\/\">Lee mas<\/a><\/p>\n<\/div><\/div><\/div><\/div><\/div><div class=\"fusion-flip-box-wrapper fusion-column col-lg-4 col-md-4 col-sm-4\"><div class=\"fusion-flip-box flip-up\" tabindex=\"0\"><div class=\"flip-box-inner-wrapper\"><div class=\"flip-box-front\"><div class=\"flip-box-front-inner\"><div class=\"flip-box-grafix flip-box-image\"><img decoding=\"async\" src=\"https:\/\/molenkoning.com\/wp-content\/uploads\/2020\/01\/track-roof-molenkoning.jpg\" width=\"280\" height=\"142\" alt=\"Dise\u00f1o 3d de semicubierta de caminador\" \/><\/div><h2 class=\"flip-box-heading without-text\">Cubierta para caminador de caballos<\/h2><\/div><\/div><div class=\"flip-box-back\" style=\"--awb-background-image-back:url(&#039;https:\/\/molenkoning.com\/wp-content\/uploads\/2020\/02\/Trackroof-600x400.jpg&#039;);\"><div class=\"flip-box-back-inner\"><h3 class=\"flip-box-heading-back\">Cubierta para caminador de caballos<\/h3>\n<p>Una cubierta sobre tu pista de trabajar cuerda o caminador de caballo asegura que tus equinos puedan seguir ejercit\u00e1ndose con independencia de las circunstancias climatol\u00f3gicas.<\/p>\n<p><a href=\"https:\/\/molenkoning.com\/es\/productos\/semi-cubierta-para-caminador-de-caballos\/\">Lee mas<\/a><\/p>\n<\/div><\/div><\/div><\/div><\/div><div class=\"fusion-flip-box-wrapper fusion-column col-lg-4 col-md-4 col-sm-4\"><div class=\"fusion-flip-box flip-up\" tabindex=\"0\"><div class=\"flip-box-inner-wrapper\"><div class=\"flip-box-front\"><div class=\"flip-box-front-inner\"><div class=\"flip-box-grafix flip-box-image\"><img decoding=\"async\" src=\"https:\/\/molenkoning.com\/wp-content\/uploads\/2020\/01\/closed-roof-lunging-molenkoning.jpg\" width=\"280\" height=\"142\" alt=\"Dise\u00f1o en 3D de picadero\" \/><\/div><h2 class=\"flip-box-heading without-text\">Cubiertas completas<\/h2><\/div><\/div><div class=\"flip-box-back\" style=\"--awb-background-image-back:url(&#039;https:\/\/molenkoning.com\/wp-content\/uploads\/2020\/02\/closed_roof.png&#039;);\"><div class=\"flip-box-back-inner\"><h3 class=\"flip-box-heading-back\">Cubiertas completas<\/h3>\n<p>Molenkoning puede dise\u00f1ar y construir la Instalaci\u00f3n Ecuestre que deseas.<\/p>\n<p><a href=\"https:\/\/molenkoning.com\/es\/productos\/lunging-pen-with-closed-roof\/\">Lee mas<\/a><\/p>\n<\/div><\/div><\/div><\/div><\/div><div class=\"fusion-flip-box-wrapper fusion-column col-lg-4 col-md-4 col-sm-4\"><div class=\"fusion-flip-box flip-up\" tabindex=\"0\"><div class=\"flip-box-inner-wrapper\"><div class=\"flip-box-front\"><div class=\"flip-box-front-inner\"><div class=\"flip-box-grafix flip-box-image\"><img decoding=\"async\" src=\"https:\/\/molenkoning.com\/wp-content\/uploads\/2020\/01\/entrance-molenkoning-for-horse-walkers.jpg\" width=\"280\" height=\"142\" alt=\"Descripci\u00f3n T\u00e9cnica de la entrada cubierta\" \/><\/div><h2 class=\"flip-box-heading without-text\">Entradas cubiertas<\/h2><\/div><\/div><div class=\"flip-box-back\" style=\"--awb-background-image-back:url(&#039;https:\/\/molenkoning.com\/wp-content\/uploads\/2020\/02\/covered-entrance-600x453.jpg&#039;);\"><div class=\"flip-box-back-inner\"><h3 class=\"flip-box-heading-back\">Entradas cubiertas<\/h3>\n<p>Una entrada cubierta no s\u00f3lo mejora la apariencia de tu construcci\u00f3n, tambi\u00e9n hace que resulte m\u00e1s f\u00e1cil introducir los caballos en el interior del edificio cuando llueve.<\/p>\n<p><a href=\"https:\/\/molenkoning.com\/es\/productos\/covered-entrances-for-equestrian-roofs\/\">Lee mas<\/a><\/p>\n<\/div><\/div><\/div><\/div><\/div><div class=\"fusion-flip-box-wrapper fusion-column col-lg-4 col-md-4 col-sm-4\"><div class=\"fusion-flip-box flip-up\" tabindex=\"0\"><div class=\"flip-box-inner-wrapper\"><div class=\"flip-box-front\"><div class=\"flip-box-front-inner\"><div class=\"flip-box-grafix flip-box-image\"><img decoding=\"async\" src=\"https:\/\/molenkoning.com\/wp-content\/uploads\/2020\/11\/solarium-mkshop.png\" width=\"1200\" height=\"675\" alt=\"\" \/><\/div><h2 class=\"flip-box-heading without-text\">Solarium<\/h2><\/div><\/div><div class=\"flip-box-back\" style=\"--awb-background-image-back:url(&#039;https:\/\/molenkoning.com\/wp-content\/uploads\/2021\/04\/MK-solarium-for-horses-1.jpg&#039;);\"><div class=\"flip-box-back-inner\"><h3 class=\"flip-box-heading-back\">Solarium<\/h3>\n<p>Un caballo es un atleta independientemente del nivel en el que compita, y es por ello por lo que es siempre sensible a sufrir lesiones.<\/p>\n<p><a href=\"https:\/\/molenkoning.com\/es\/productos\/solarium\/\">Lee mas<\/a><\/p>\n<\/div><\/div><\/div><\/div><\/div><div class=\"fusion-flip-box-wrapper fusion-column col-lg-4 col-md-4 col-sm-4\"><div class=\"fusion-flip-box flip-up\" tabindex=\"0\"><div class=\"flip-box-inner-wrapper\"><div class=\"flip-box-front\"><div class=\"flip-box-front-inner\"><div class=\"flip-box-grafix flip-box-image\"><img decoding=\"async\" src=\"https:\/\/molenkoning.com\/wp-content\/uploads\/2020\/01\/equitrack.jpg\" width=\"280\" height=\"142\" alt=\"equitrack\" \/><\/div><h2 class=\"flip-box-heading without-text\">Equitrack<\/h2><\/div><\/div><div class=\"flip-box-back\" style=\"--awb-background-image-back:url(&#039;https:\/\/molenkoning.com\/wp-content\/uploads\/2020\/02\/EQUITRACK-600x414.jpg&#039;);\"><div class=\"flip-box-back-inner\"><h3 class=\"flip-box-heading-back\">Equitrack<\/h3>\n<p>Equitrack la superficie ideal para tu caminador de caballos. No necesitar\u00e1s otro tipo de pavimentos o barreras para el callej\u00f3n cuando uses Equitrack.<\/p>\n<p><a href=\"https:\/\/molenkoning.com\/es\/productos\/equitrack-paviment-for-horse-walker\/\">Lee mas<\/a><\/p>\n<\/div><\/div><\/div><\/div><\/div><div class=\"fusion-flip-box-wrapper fusion-column col-lg-4 col-md-4 col-sm-4\"><div class=\"fusion-flip-box flip-up\" tabindex=\"0\"><div class=\"flip-box-inner-wrapper\"><div class=\"flip-box-front\"><div class=\"flip-box-front-inner\"><div class=\"flip-box-grafix flip-box-image\"><img decoding=\"async\" src=\"https:\/\/molenkoning.com\/wp-content\/uploads\/2020\/01\/molenkoning-groundwoks-equestrian-constructions.jpg\" width=\"280\" height=\"142\" alt=\"Dise\u00f1o 3d de los bloques de hormig\u00f3n\" \/><\/div><h2 class=\"flip-box-heading without-text\">Cimentaci\u00f3n prefabricada para auto instalaci\u00f3n<\/h2><\/div><\/div><div class=\"flip-box-back\" style=\"--awb-background-image-back:url(&#039;https:\/\/molenkoning.com\/wp-content\/uploads\/2020\/02\/GROUNDWORKS-600x398.jpg&#039;);\"><div class=\"flip-box-back-inner\"><h3 class=\"flip-box-heading-back\">Cimentaci\u00f3n prefabricada para auto instalaci\u00f3n<\/h3>\n<p>La satisfacci\u00f3n de haber hecho una buena compra tambi\u00e9n depende de la complejidad que ata\u00f1e la instalaci\u00f3n de un caminador.<\/p>\n<p><a href=\"https:\/\/molenkoning.com\/es\/productos\/groundwork-for-equestrian-constructions\/\">Lee mas<\/a><\/p>\n<\/div><\/div><\/div><\/div><\/div><div class=\"fusion-flip-box-wrapper fusion-column col-lg-4 col-md-4 col-sm-4\"><div class=\"fusion-flip-box flip-up\" tabindex=\"0\"><div class=\"flip-box-inner-wrapper\"><div class=\"flip-box-front\"><div class=\"flip-box-front-inner\"><div class=\"flip-box-grafix flip-box-image\"><img decoding=\"async\" src=\"https:\/\/molenkoning.com\/wp-content\/uploads\/2023\/03\/Power_plate_mkshop.png\" width=\"1200\" height=\"900\" alt=\"\" \/><\/div><h2 class=\"flip-box-heading without-text\">Plataforma vibradora para caballos<\/h2><\/div><\/div><div class=\"flip-box-back\" style=\"--awb-background-image-back:url(&#039;https:\/\/molenkoning.com\/wp-content\/uploads\/2020\/02\/powerplate-600x725.jpg&#039;);\"><div class=\"flip-box-back-inner\"><h3 class=\"flip-box-heading-back\">Plataforma vibradora para caballos<\/h3>\n<p>Nuestro equipo est\u00e1 constantemente buscando nuevos productos que contribuyan a la mejora de la condici\u00f3n y de la salud de los caballos.<\/p>\n<p><a href=\"https:\/\/molenkoning.com\/es\/productos\/horsepower-plate\/\">Lee mas<\/a><\/p>\n<\/div><\/div><\/div><\/div><\/div><div class=\"fusion-flip-box-wrapper fusion-column col-lg-4 col-md-4 col-sm-4\"><div class=\"fusion-flip-box flip-up\" tabindex=\"0\"><div class=\"flip-box-inner-wrapper\"><div class=\"flip-box-front\"><div class=\"flip-box-front-inner\"><div class=\"flip-box-grafix flip-box-image\"><img decoding=\"async\" src=\"https:\/\/molenkoning.com\/wp-content\/uploads\/2020\/01\/windbreak-net-molenkoning.jpg\" width=\"280\" height=\"142\" alt=\"Dise\u00f1o de la red de cortavientos para cubiertas ecuestres\" \/><\/div><h2 class=\"flip-box-heading without-text\">Red de corta vientos<\/h2><\/div><\/div><div class=\"flip-box-back\" style=\"--awb-background-image-back:url(&#039;https:\/\/molenkoning.com\/wp-content\/uploads\/2020\/02\/windbreaknet-600x450.jpg&#039;);\"><div class=\"flip-box-back-inner\"><h3 class=\"flip-box-heading-back\">Red de corta vientos<\/h3>\n<p>Todos sabemos el terrible malestar que puede causar el viento a nuestros caballos mientras que est\u00e1n entrenando.<\/p>\n<p><a href=\"https:\/\/molenkoning.com\/es\/productos\/windbreak-net-for-lunging-and-horse-walkers-roofs\/\">Lee mas<\/a><\/p>\n<\/div><\/div><\/div><\/div><\/div><div class=\"fusion-flip-box-wrapper fusion-column col-lg-4 col-md-4 col-sm-4\"><div class=\"fusion-flip-box flip-up\" tabindex=\"0\"><div class=\"flip-box-inner-wrapper\"><div class=\"flip-box-front\"><div class=\"flip-box-front-inner\"><div class=\"flip-box-grafix flip-box-image\"><img decoding=\"async\" src=\"https:\/\/molenkoning.com\/wp-content\/uploads\/2020\/01\/options-walker.jpg\" width=\"280\" height=\"142\" alt=\"MK\" \/><\/div><h2 class=\"flip-box-heading without-text\">Opciones para caminadores de caballos MK<\/h2><\/div><\/div><div class=\"flip-box-back\" style=\"--awb-background-image-back:url(&#039;https:\/\/molenkoning.com\/wp-content\/uploads\/2020\/02\/options-600x400.jpg&#039;);\"><div class=\"flip-box-back-inner\"><h3 class=\"flip-box-heading-back\">Opciones para caminadores de caballos MK<\/h3>\n<p>El sistema Molenkoning de caminador de caballos permite agregar m\u00faltiples opciones que aumentan la eficiencia, la comodidad y la seguridad de su m\u00e1quina.<\/p>\n<p><a href=\"https:\/\/molenkoning.com\/es\/productos\/options-for-mk-horsewalkers\/\">Lee mas<\/a><\/p>\n<\/div><\/div><\/div><\/div><\/div><\/div><div class=\"clearfix\"><\/div><div class=\"fusion-clearfix\"><\/div><\/div><\/div><\/div><\/div>\n","protected":false},"excerpt":{"rendered":"","protected":false},"author":1,"featured_media":0,"parent":0,"menu_order":0,"comment_status":"closed","ping_status":"closed","template":"","meta":{"_acf_changed":false,"content-type":"","footnotes":""},"class_list":["post-11709","page","type-page","status-publish","hentry"],"acf":[],"_links":{"self":[{"href":"https:\/\/molenkoning.com\/es\/wp-json\/wp\/v2\/pages\/11709","targetHints":{"allow":["GET"]}}],"collection":[{"href":"https:\/\/molenkoning.com\/es\/wp-json\/wp\/v2\/pages"}],"about":[{"href":"https:\/\/molenkoning.com\/es\/wp-json\/wp\/v2\/types\/page"}],"author":[{"embeddable":true,"href":"https:\/\/molenkoning.com\/es\/wp-json\/wp\/v2\/users\/1"}],"replies":[{"embeddable":true,"href":"https:\/\/molenkoning.com\/es\/wp-json\/wp\/v2\/comments?post=11709"}],"version-history":[{"count":21,"href":"https:\/\/molenkoning.com\/es\/wp-json\/wp\/v2\/pages\/11709\/revisions"}],"predecessor-version":[{"id":186262,"href":"https:\/\/molenkoning.com\/es\/wp-json\/wp\/v2\/pages\/11709\/revisions\/186262"}],"wp:attachment":[{"href":"https:\/\/molenkoning.com\/es\/wp-json\/wp\/v2\/media?parent=11709"}],"curies":[{"name":"wp","href":"https:\/\/api.w.org\/{rel}","templated":true}]}}