{"id":11635,"date":"2016-02-24T05:23:09","date_gmt":"2016-02-24T05:23:09","guid":{"rendered":"https:\/\/molenkoning.com\/about\/"},"modified":"2021-04-01T06:42:33","modified_gmt":"2021-04-01T06:42:33","slug":"quienes-somos","status":"publish","type":"page","link":"https:\/\/molenkoning.com\/es\/quienes-somos\/","title":{"rendered":"Qui\u00e9nes Somos"},"content":{"rendered":"<p><div class=\"fusion-fullwidth fullwidth-box fusion-builder-row-1 fusion-parallax-none abtouter hundred-percent-fullwidth non-hundred-percent-height-scrolling fusion-no-small-visibility\" style=\"--awb-background-position:center top;--awb-border-radius-top-left:0px;--awb-border-radius-top-right:0px;--awb-border-radius-bottom-right:0px;--awb-border-radius-bottom-left:0px;--awb-padding-top:30px;--awb-padding-right:30px;--awb-padding-bottom:0px;--awb-margin-bottom:0px;--awb-background-image:url(&quot;https:\/\/molenkoning.com\/wp-content\/uploads\/2020\/04\/storybg.jpg&quot;);--awb-background-size:cover;--awb-flex-wrap:wrap;\" ><div class=\"fusion-builder-row fusion-row\"><div class=\"fusion-layout-column fusion_builder_column fusion-builder-column-0 fusion_builder_column_1_2 1_2 fusion-one-half fusion-column-first abtouter\" style=\"--awb-bg-position:right bottom;--awb-bg-size:cover;--awb-margin-bottom:0px;width:50%;width:calc(50% - ( ( 0px ) * 0.5 ) );margin-right: 0px;\"><div class=\"fusion-column-wrapper fusion-column-has-shadow fusion-flex-column-wrapper-legacy\"><div class=\"fusion-clearfix\"><\/div><\/div><\/div><div class=\"fusion-layout-column fusion_builder_column fusion-builder-column-1 fusion_builder_column_1_2 1_2 fusion-one-half fusion-column-last\" style=\"--awb-padding-left:110px;--awb-bg-position:right bottom;--awb-bg-size:cover;--awb-margin-bottom:0px;width:50%;width:calc(50% - ( ( 0px ) * 0.5 ) );\"><div class=\"fusion-column-wrapper fusion-column-has-shadow fusion-flex-column-wrapper-legacy\"><div class=\"fusion-title title fusion-title-1 fusion-sep-none fusion-title-center fusion-title-text fusion-title-size-one\" style=\"--awb-font-size:35px;\"><h1 class=\"fusion-title-heading title-heading-center\" style=\"margin:0;font-size:1em;\"><span style=\"color: #ffffff;\">Molenkoning \u2013 La historia de <\/span><span style=\"color: #bfa723;\">un padre y sus dos hijos<\/span><\/h1><\/div><div class=\"fusion-text fusion-text-1\"><p><span style=\"color: #ffffff;\"><span style=\"color: #bfa723;\">Jos de Swart<\/span> era un amante de los caballos de coraz\u00f3n y alma. Compr\u00f3 su primer caballo a sus 18 a\u00f1os, no por continuar con una tradicci\u00f3n familiar, sino porque los animales le atra\u00edan. Muy pronto entendi\u00f3 lo que le gustaba: El enganche.<\/span><\/p>\n<p><span style=\"color: #ffffff;\">A\u00f1os de entrenamiento y trabajo duro resultaron en un notable palmar\u00e9s de troferos regionales e incluso nacionales. Sus hijos <span style=\"color: #bfa723;\">Ton y Nicky de Swart <\/span>que asistian regularmente a las competiciones, terminaron contagi\u00e1ndose del entusiasmo de su padre.<\/span><\/p>\n<p><span style=\"color: #ffffff;\">Cuando Ton termin\u00f3 el bachillerato a los 17 a\u00f1os, ya sabia lo que queria: su propia sociedad mercantil. Jos, que por aquel entonces trabajaba como soldador, vendi\u00f3 un par de caballos y juntos comenzaron su primera aventura empresarial. Compraron una m\u00e1quina de corte, una prensa de taladrar y una m\u00e1quina de soldar; Y con ello estaban preparados para producir establos para personas como ellos: <span style=\"color: #bfa723;\">personas apasionadas por los caballos.<\/span><\/span><\/p>\n<p><span style=\"color: #ffffff;\">Los primeros a\u00f1os fueron dif\u00edciles. Ton se centr\u00f3 en la venta y Jos lider\u00f3 la producci\u00f3n. Era una empresa peque\u00f1a, lo que dificultaba perfeccionar los muchos modelos diversos de establos. En ese momento, ocasionalmente producian alg\u00fan caminador de caballos entre los pedidos de boxes, pero de ninguna manera era un producto importante. Los precios eran altos y un caminador de caballos era demasiado caro para el aficionado promedio. Los \u00fanicos clientes que ten\u00edan instalado un andador eran grandes escuelas de equitaci\u00f3n o establos profesionales.<\/span><\/p>\n<p><span style=\"color: #ffffff;\">Por esa \u00e9poca, su hijo Nicky termin\u00f3 sus estudios y se uni\u00f3 a la pareja. Durante mucho tiempo, Jos hab\u00eda querido fabricar andadores de caballos como otras maquinarias, de f\u00e1cil conexi\u00f3n. Juntos, hicieron un nuevo dise\u00f1o de caminador de caballos. El modelo fue revisado para ser modular y simple. Si produjeran en serie, el caminador adem\u00e1s ser\u00eda m\u00e1s barato y por tanto accesible para un p\u00fablico m\u00e1s amplio; Para aficionados a la h\u00edpica como ellos.<\/span><\/p>\n<p><span style=\"color: #ffffff;\">Hicieron los primeros prototipos y el caminador tom\u00f3 forma. Estaban listos para el siguiente paso, el nombre. En un fin de semana, la familia hizo una lluvia de ideas. Se propusieron varios nombres. Pero estaban buscando un nombre llamativo, uno reconocible. Al final se convirti\u00f3 en Molenkoning (Rey del caminador de caballos en holand\u00e9s), quiz\u00e1s un poco atrevido, pero sonaba bien. Ese mismo fin de semana, Nicky hizo una web y Ton puso un anuncio en un peri\u00f3dico ecuestre. En la semana siguiente vendieron tres andadores. \u00a1Entonces los tres supieron que hab\u00edan encontrado oro! Nunca podr\u00edan haber imaginado lo que sucedi\u00f3 despu\u00e9s.<\/span><\/p>\n<p><span style=\"color: #ffffff;\">En los a\u00f1os posteriores, Molenkoning se convirti\u00f3 en el l\u00edder mundial en la producci\u00f3n de caminadores de caballos y vallados y cubiertas para \u00e9stos. <span style=\"color: #bfa723;\">Hasta el d\u00eda de hoy, la misi\u00f3n de Molenkoning es fabricar <a href=\"https:\/\/molenkoning.com\/es\/productos\/caminador-de-caballos\/\">caminadores de caballos<\/a> de alta calidad a un precio competitivo.<\/span> Los andadores de Molenkoning son perfectos y no tienen competencia en su formato de kit de automontaje. Palabras que no tiene que creer de nosotros. Sino que puede leer las historias de miles de clientes que lo precedieron:<\/span><\/p>\n<p><a href=\"https:\/\/molenkoning.com\/es\/experiencia-mk\/\">Haga Clic!<\/a><\/p>\n<\/div><div class=\"fusion-clearfix\"><\/div><\/div><\/div><\/div><\/div><div class=\"fusion-fullwidth fullwidth-box fusion-builder-row-2 abtouter hundred-percent-fullwidth non-hundred-percent-height-scrolling fusion-no-medium-visibility fusion-no-large-visibility\" style=\"--awb-background-position:center top;--awb-border-radius-top-left:0px;--awb-border-radius-top-right:0px;--awb-border-radius-bottom-right:0px;--awb-border-radius-bottom-left:0px;--awb-padding-right:0px;--awb-padding-bottom:0px;--awb-padding-left:0px;--awb-margin-bottom:0px;--awb-flex-wrap:wrap;\" ><div class=\"fusion-builder-row fusion-row\"><div class=\"fusion-layout-column fusion_builder_column fusion-builder-column-2 fusion_builder_column_1_2 1_2 fusion-one-half fusion-column-first abtouter\" style=\"--awb-bg-position:right bottom;--awb-bg-size:cover;--awb-margin-bottom:0px;width:50%;width:calc(50% - ( ( 0px ) * 0.5 ) );margin-right: 0px;\"><div class=\"fusion-column-wrapper fusion-column-has-shadow fusion-flex-column-wrapper-legacy\"><div class=\"fusion-image-element in-legacy-container\" style=\"--awb-caption-title-font-family:var(--h2_typography-font-family);--awb-caption-title-font-weight:var(--h2_typography-font-weight);--awb-caption-title-font-style:var(--h2_typography-font-style);--awb-caption-title-size:var(--h2_typography-font-size);--awb-caption-title-transform:var(--h2_typography-text-transform);--awb-caption-title-line-height:var(--h2_typography-line-height);--awb-caption-title-letter-spacing:var(--h2_typography-letter-spacing);\"><span class=\" fusion-imageframe imageframe-none imageframe-1 hover-type-none\"><img decoding=\"async\" width=\"915\" height=\"1024\" alt=\"\u30c8\u30f3\u2013\u30e8\u30b9\u2013\u30cb\u30c3\u30ad\u30fc\" title=\"Ton-Jos-Nicky\" src=\"https:\/\/molenkoning.com\/wp-content\/uploads\/2020\/05\/Ton-Jos-Nicky-915x1024.jpg\" class=\"img-responsive wp-image-21339\" srcset=\"https:\/\/molenkoning.com\/wp-content\/uploads\/2020\/05\/Ton-Jos-Nicky-200x224.jpg 200w, https:\/\/molenkoning.com\/wp-content\/uploads\/2020\/05\/Ton-Jos-Nicky-400x448.jpg 400w, https:\/\/molenkoning.com\/wp-content\/uploads\/2020\/05\/Ton-Jos-Nicky-600x671.jpg 600w, https:\/\/molenkoning.com\/wp-content\/uploads\/2020\/05\/Ton-Jos-Nicky-800x895.jpg 800w, https:\/\/molenkoning.com\/wp-content\/uploads\/2020\/05\/Ton-Jos-Nicky-1200x1343.jpg 1200w\" sizes=\"(max-width: 800px) 100vw, 600px\" \/><\/span><\/div><div class=\"fusion-clearfix\"><\/div><\/div><\/div><div class=\"fusion-layout-column fusion_builder_column fusion-builder-column-3 fusion_builder_column_1_2 1_2 fusion-one-half fusion-column-last\" style=\"--awb-padding-top:20px;--awb-padding-right:20px;--awb-padding-bottom:20px;--awb-padding-left:20px;--awb-bg-color:#484848;--awb-bg-color-hover:#484848;--awb-bg-position:right bottom;--awb-bg-size:cover;--awb-margin-bottom:0px;width:50%;width:calc(50% - ( ( 0px ) * 0.5 ) );\"><div class=\"fusion-column-wrapper fusion-column-has-shadow fusion-flex-column-wrapper-legacy\"><div class=\"fusion-title title fusion-title-2 fusion-sep-none fusion-title-center fusion-title-text fusion-title-size-one\" style=\"--awb-font-size:20px;\"><h1 class=\"fusion-title-heading title-heading-center\" style=\"margin:0;font-size:1em;\"><span style=\"color: #ffffff;\">Molenkoning \u2013 La historia de <\/span><span style=\"color: #bfa723;\">un padre y sus dos hijos<\/span><\/h1><\/div><div class=\"fusion-text fusion-text-2\"><p><span style=\"color: #ffffff;\"><span style=\"color: #bfa723;\">Jos de Swart<\/span> era un amante de los caballos de coraz\u00f3n y alma. Compr\u00f3 su primer caballo a sus 18 a\u00f1os, no por continuar con una tradicci\u00f3n familiar, sino porque los animales le atra\u00edan. Muy pronto entendi\u00f3 lo que le gustaba: El enganche.<\/span><\/p>\n<p><span style=\"color: #ffffff;\">A\u00f1os de entrenamiento y trabajo duro resultaron en un notable palmar\u00e9s de troferos regionales e incluso nacionales. Sus hijos <span style=\"color: #bfa723;\">Ton y Nicky de Swart <\/span>que asistian regularmente a las competiciones, terminaron contagi\u00e1ndose del entusiasmo de su padre.<\/span><\/p>\n<p><span style=\"color: #ffffff;\">Cuando Ton termin\u00f3 el bachillerato a los 17 a\u00f1os, ya sabia lo que queria: su propia sociedad mercantil. Jos, que por aquel entonces trabajaba como soldador, vendi\u00f3 un par de caballos y juntos comenzaron su primera aventura empresarial. Compraron una m\u00e1quina de corte, una prensa de taladrar y una m\u00e1quina de soldar; Y con ello estaban preparados para producir establos para personas como ellos: <span style=\"color: #bfa723;\">personas apasionadas por los caballos.<\/span><\/span><\/p>\n<p><span style=\"color: #ffffff;\">Los primeros a\u00f1os fueron dif\u00edciles. Ton se centr\u00f3 en la venta y Jos lider\u00f3 la producci\u00f3n. Era una empresa peque\u00f1a, lo que dificultaba perfeccionar los muchos modelos diversos de establos. En ese momento, ocasionalmente producian alg\u00fan caminador de caballos entre los pedidos de boxes, pero de ninguna manera era un producto importante. Los precios eran altos y un caminador de caballos era demasiado caro para el aficionado promedio. Los \u00fanicos clientes que ten\u00edan instalado un andador eran grandes escuelas de equitaci\u00f3n o establos profesionales.<\/span><\/p>\n<p><span style=\"color: #ffffff;\">Por esa \u00e9poca, su hijo Nicky termin\u00f3 sus estudios y se uni\u00f3 a la pareja. Durante mucho tiempo, Jos hab\u00eda querido fabricar andadores de caballos como otras maquinarias, de f\u00e1cil conexi\u00f3n. Juntos, hicieron un nuevo dise\u00f1o de caminador de caballos. El modelo fue revisado para ser modular y simple. Si produjeran en serie, el caminador adem\u00e1s ser\u00eda m\u00e1s barato y por tanto accesible para un p\u00fablico m\u00e1s amplio; Para aficionados a la h\u00edpica como ellos.<\/span><\/p>\n<p><span style=\"color: #ffffff;\">Hicieron los primeros prototipos y el caminador tom\u00f3 forma. Estaban listos para el siguiente paso, el nombre. En un fin de semana, la familia hizo una lluvia de ideas. Se propusieron varios nombres. Pero estaban buscando un nombre llamativo, uno reconocible. Al final se convirti\u00f3 en Molenkoning (Rey del caminador de caballos en holand\u00e9s), quiz\u00e1s un poco atrevido, pero sonaba bien. Ese mismo fin de semana, Nicky hizo una web y Ton puso un anuncio en un peri\u00f3dico ecuestre. En la semana siguiente vendieron tres andadores. \u00a1Entonces los tres supieron que hab\u00edan encontrado oro! Nunca podr\u00edan haber imaginado lo que sucedi\u00f3 despu\u00e9s.<\/span><\/p>\n<p><span style=\"color: #ffffff;\">En los a\u00f1os posteriores, Molenkoning se convirti\u00f3 en el l\u00edder mundial en la producci\u00f3n de caminadores de caballos y vallados y cubiertas para \u00e9stos. <span style=\"color: #bfa723;\">Hasta el d\u00eda de hoy, la misi\u00f3n de Molenkoning es fabricar <a href=\"https:\/\/molenkoning.com\/es\/productos\/caminador-de-caballos\/\">caminadores de caballos<\/a> de alta calidad a un precio competitivo.<\/span> Los andadores de Molenkoning son perfectos y no tienen competencia en su formato de kit de automontaje. Palabras que no tiene que creer de nosotros. Sino que puede leer las historias de miles de clientes que lo precedieron:<\/span><\/p>\n<p><a href=\"https:\/\/molenkoning.com\/es\/experiencia-mk\/\">Haga Clic!<\/a><\/p>\n<\/div><div class=\"fusion-clearfix\"><\/div><\/div><\/div><\/div><\/div><\/p>\n","protected":false},"excerpt":{"rendered":"","protected":false},"author":1,"featured_media":0,"parent":0,"menu_order":0,"comment_status":"closed","ping_status":"closed","template":"100-width.php","meta":{"_acf_changed":false,"content-type":"","footnotes":""},"class_list":["post-11635","page","type-page","status-publish","hentry"],"acf":[],"_links":{"self":[{"href":"https:\/\/molenkoning.com\/es\/wp-json\/wp\/v2\/pages\/11635","targetHints":{"allow":["GET"]}}],"collection":[{"href":"https:\/\/molenkoning.com\/es\/wp-json\/wp\/v2\/pages"}],"about":[{"href":"https:\/\/molenkoning.com\/es\/wp-json\/wp\/v2\/types\/page"}],"author":[{"embeddable":true,"href":"https:\/\/molenkoning.com\/es\/wp-json\/wp\/v2\/users\/1"}],"replies":[{"embeddable":true,"href":"https:\/\/molenkoning.com\/es\/wp-json\/wp\/v2\/comments?post=11635"}],"version-history":[{"count":17,"href":"https:\/\/molenkoning.com\/es\/wp-json\/wp\/v2\/pages\/11635\/revisions"}],"predecessor-version":[{"id":62967,"href":"https:\/\/molenkoning.com\/es\/wp-json\/wp\/v2\/pages\/11635\/revisions\/62967"}],"wp:attachment":[{"href":"https:\/\/molenkoning.com\/es\/wp-json\/wp\/v2\/media?parent=11635"}],"curies":[{"name":"wp","href":"https:\/\/api.w.org\/{rel}","templated":true}]}}