{"id":167405,"date":"2023-03-27T11:41:49","date_gmt":"2023-03-27T11:41:49","guid":{"rendered":"https:\/\/molenkoning.com\/product\/ordering-a-horsepower-plate-at-molenkoning\/"},"modified":"2026-03-23T12:02:23","modified_gmt":"2026-03-23T12:02:23","slug":"bestellung-einer-vibrationsplatte-bei-molenkoning","status":"publish","type":"product","link":"https:\/\/molenkoning.com\/de\/produkt\/bestellung-einer-vibrationsplatte-bei-molenkoning\/","title":{"rendered":"Bestellung einer Vibrationsplatte bei Molenkoning"},"content":{"rendered":"<p><div class=\"fusion-fullwidth fullwidth-box fusion-builder-row-1 fusion-flex-container nonhundred-percent-fullwidth non-hundred-percent-height-scrolling\" style=\"--awb-border-radius-top-left:0px;--awb-border-radius-top-right:0px;--awb-border-radius-bottom-right:0px;--awb-border-radius-bottom-left:0px;--awb-flex-wrap:wrap;\" ><div class=\"fusion-builder-row fusion-row fusion-flex-align-items-flex-start fusion-flex-content-wrap\" style=\"max-width:1144px;margin-left: calc(-4% \/ 2 );margin-right: calc(-4% \/ 2 );\"><div class=\"fusion-layout-column fusion_builder_column fusion-builder-column-0 fusion_builder_column_1_1 1_1 fusion-flex-column\" style=\"--awb-bg-size:cover;--awb-width-large:100%;--awb-margin-top-large:0px;--awb-spacing-right-large:1.92%;--awb-margin-bottom-large:20px;--awb-spacing-left-large:1.92%;--awb-width-medium:100%;--awb-order-medium:0;--awb-spacing-right-medium:1.92%;--awb-spacing-left-medium:1.92%;--awb-width-small:100%;--awb-order-small:0;--awb-spacing-right-small:1.92%;--awb-spacing-left-small:1.92%;\"><div class=\"fusion-column-wrapper fusion-column-has-shadow fusion-flex-justify-content-flex-start fusion-content-layout-column\"><div class=\"fusion-text fusion-text-1\"><p><strong>Molenkoning bietet die extrem effektive MK Vibrations Platte aus unserem Sortiment an. Durch die Verwendung von zwei leistungsstarken Motoren kann die ideale vertikale Bewegung in Kombination mit einer schlanken Optik und attraktivem Design erreicht werden. In Kombination mit dem innovativen Bedienfeld macht dies die MK Vibrations Platte zu einer weltweit verwendeten Vibrations Platte f\u00fcr Pferde. Das Produkt wird in den Niederlanden entworfen und direkt aus unserer Werkstatt geliefert.<\/strong><\/p>\n<\/div><\/div><\/div><\/div><\/div><div class=\"fusion-fullwidth fullwidth-box fusion-builder-row-2 fusion-flex-container has-pattern-background has-mask-background nonhundred-percent-fullwidth non-hundred-percent-height-scrolling\" style=\"--awb-border-radius-top-left:0px;--awb-border-radius-top-right:0px;--awb-border-radius-bottom-right:0px;--awb-border-radius-bottom-left:0px;--awb-flex-wrap:wrap;\" ><div class=\"fusion-builder-row fusion-row fusion-flex-align-items-flex-start fusion-flex-content-wrap\" style=\"max-width:1144px;margin-left: calc(-4% \/ 2 );margin-right: calc(-4% \/ 2 );\"><div class=\"fusion-layout-column fusion_builder_column fusion-builder-column-1 fusion_builder_column_1_1 1_1 fusion-flex-column sliderouternew\" style=\"--awb-bg-size:cover;--awb-width-large:100%;--awb-margin-top-large:0px;--awb-spacing-right-large:1.92%;--awb-margin-bottom-large:20px;--awb-spacing-left-large:1.92%;--awb-width-medium:100%;--awb-order-medium:0;--awb-spacing-right-medium:1.92%;--awb-spacing-left-medium:1.92%;--awb-width-small:100%;--awb-order-small:0;--awb-spacing-right-small:1.92%;--awb-spacing-left-small:1.92%;\"><div class=\"fusion-column-wrapper fusion-column-has-shadow fusion-flex-justify-content-flex-start fusion-content-layout-column\"><div class=\"fusion-title title fusion-title-1 fusion-title-center fusion-title-text fusion-title-size-two\" style=\"--awb-margin-bottom:30px;\"><div class=\"title-sep-container title-sep-container-left\"><div class=\"title-sep sep-double sep-solid\" style=\"border-color:#e0dede;\"><\/div><\/div><span class=\"awb-title-spacer\"><\/span><h2 class=\"fusion-title-heading title-heading-center\" style=\"margin:0;\">Photos<\/h2><span class=\"awb-title-spacer\"><\/span><div class=\"title-sep-container title-sep-container-right\"><div class=\"title-sep sep-double sep-solid\" style=\"border-color:#e0dede;\"><\/div><\/div><\/div><div class=\"fusion-image-carousel fusion-image-carousel-fixed fusion-image-carousel-1 lightbox-enabled solarium-carousel\"><div class=\"awb-carousel awb-swiper awb-swiper-carousel\" data-autoplay=\"no\" data-columns=\"3\" data-itemmargin=\"1\" data-itemwidth=\"180\" data-touchscroll=\"no\" data-imagesize=\"fixed\" style=\"--awb-columns:3;--awb-column-spacing:1px;--awb-caption-title-size:13px;--awb-caption-margin-bottom:10px;\"><div class=\"swiper-wrapper awb-image-carousel-wrapper fusion-flex-align-items-center\"><div class=\"swiper-slide\"><div class=\"fusion-carousel-item-wrapper\"><div class=\"fusion-image-wrapper hover-type-none\"><a data-rel=\"iLightbox[image_carousel_1]\" data-title=\"hoofsfront\" aria-label=\"hoofsfront\" href=\"https:\/\/molenkoning.com\/wp-content\/uploads\/2022\/10\/mk-horsepower-plate-floor-1024x683.jpg\" target=\"_self\"><img decoding=\"async\" width=\"460\" height=\"295\" src=\"https:\/\/molenkoning.com\/wp-content\/uploads\/2022\/10\/hoofsfront-460x295.jpg\" class=\"attachment-portfolio-two size-portfolio-two\" alt=\"Trilplaat paarden vloer\" \/><\/a><\/div><\/div><\/div><div class=\"swiper-slide\"><div class=\"fusion-carousel-item-wrapper\"><div class=\"fusion-image-wrapper hover-type-none\"><a data-rel=\"iLightbox[image_carousel_1]\" data-title=\"Panikhaken\" aria-label=\"Panikhaken\" href=\"https:\/\/molenkoning.com\/wp-content\/uploads\/2020\/02\/anti-panic-attachment.jpg\" target=\"_self\"><img decoding=\"async\" width=\"460\" height=\"295\" src=\"https:\/\/molenkoning.com\/wp-content\/uploads\/2020\/02\/Power-plate-Mk-logo-4-460x295.jpg\" class=\"attachment-portfolio-two size-portfolio-two\" alt=\"Panikhaken\" \/><\/a><\/div><\/div><\/div><div class=\"swiper-slide\"><div class=\"fusion-carousel-item-wrapper\"><div class=\"fusion-image-wrapper hover-type-none\"><a data-rel=\"iLightbox[image_carousel_1]\" data-title=\"Powerplate-dilando-from-behind\" aria-label=\"Powerplate-dilando-from-behind\" href=\"https:\/\/molenkoning.com\/wp-content\/uploads\/2022\/10\/Powerplate-dilando-from-behind.jpg\" target=\"_self\"><img decoding=\"async\" width=\"460\" height=\"295\" src=\"https:\/\/molenkoning.com\/wp-content\/uploads\/2022\/10\/Powerplate-dilando-from-behind-460x295.jpg\" class=\"attachment-portfolio-two size-portfolio-two\" alt=\"Trilplaat paarden achterkant\" \/><\/a><\/div><\/div><\/div><div class=\"swiper-slide\"><div class=\"fusion-carousel-item-wrapper\"><div class=\"fusion-image-wrapper hover-type-none\"><a data-rel=\"iLightbox[image_carousel_1]\" data-title=\"powerplate bright colour\" aria-label=\"powerplate bright colour\" href=\"https:\/\/molenkoning.com\/wp-content\/uploads\/2022\/10\/powerplate-bright-colour.jpg\" target=\"_self\"><img decoding=\"async\" width=\"460\" height=\"295\" src=\"https:\/\/molenkoning.com\/wp-content\/uploads\/2022\/10\/powerplate-bright-colour-460x295.jpg\" class=\"attachment-portfolio-two size-portfolio-two\" alt=\"Trilplaat paarden\" \/><\/a><\/div><\/div><\/div><div class=\"swiper-slide\"><div class=\"fusion-carousel-item-wrapper\"><div class=\"fusion-image-wrapper hover-type-none\"><a data-rel=\"iLightbox[image_carousel_1]\" data-title=\"sidecloseup\" aria-label=\"sidecloseup\" href=\"https:\/\/molenkoning.com\/wp-content\/uploads\/2022\/10\/horsepower-plate-side.jpg\" target=\"_self\"><img decoding=\"async\" width=\"460\" height=\"295\" src=\"https:\/\/molenkoning.com\/wp-content\/uploads\/2022\/10\/sidecloseup-460x295.jpg\" class=\"attachment-portfolio-two size-portfolio-two\" alt=\"Trilplaat paarden achterkant\" \/><\/a><\/div><\/div><\/div><div class=\"swiper-slide\"><div class=\"fusion-carousel-item-wrapper\"><div class=\"fusion-image-wrapper hover-type-none\"><a data-rel=\"iLightbox[image_carousel_1]\" data-title=\"closeupdilando\" aria-label=\"closeupdilando\" href=\"https:\/\/molenkoning.com\/wp-content\/uploads\/2022\/10\/mk-horsepower-plate.jpg\" target=\"_self\"><img decoding=\"async\" width=\"460\" height=\"295\" src=\"https:\/\/molenkoning.com\/wp-content\/uploads\/2022\/10\/closeupdilando-460x295.jpg\" class=\"attachment-portfolio-two size-portfolio-two\" alt=\"Trilplaat paarden\" \/><\/a><\/div><\/div><\/div><\/div><div class=\"awb-swiper-button awb-swiper-button-prev\"><i class=\"awb-icon-angle-left\" aria-hidden=\"true\"><\/i><\/div><div class=\"awb-swiper-button awb-swiper-button-next\"><i class=\"awb-icon-angle-right\" aria-hidden=\"true\"><\/i><\/div><\/div><\/div><\/div><\/div><\/div><\/div><div class=\"fusion-fullwidth fullwidth-box fusion-builder-row-3 fusion-flex-container has-pattern-background has-mask-background customsolarium nonhundred-percent-fullwidth non-hundred-percent-height-scrolling\" style=\"--awb-border-radius-top-left:0px;--awb-border-radius-top-right:0px;--awb-border-radius-bottom-right:0px;--awb-border-radius-bottom-left:0px;--awb-flex-wrap:wrap;\" ><div class=\"fusion-builder-row fusion-row fusion-flex-align-items-flex-start fusion-flex-content-wrap\" style=\"max-width:1144px;margin-left: calc(-4% \/ 2 );margin-right: calc(-4% \/ 2 );\"><div class=\"fusion-layout-column fusion_builder_column fusion-builder-column-2 fusion_builder_column_1_1 1_1 fusion-flex-column\" style=\"--awb-bg-size:cover;--awb-width-large:100%;--awb-margin-top-large:0px;--awb-spacing-right-large:1.92%;--awb-margin-bottom-large:0px;--awb-spacing-left-large:1.92%;--awb-width-medium:100%;--awb-spacing-right-medium:1.92%;--awb-spacing-left-medium:1.92%;--awb-width-small:100%;--awb-spacing-right-small:1.92%;--awb-spacing-left-small:1.92%;\"><div class=\"fusion-column-wrapper fusion-flex-justify-content-flex-start fusion-content-layout-column\"><div class=\"fusion-title title fusion-title-2 fusion-sep-none fusion-title-text fusion-title-size-two\" style=\"--awb-margin-bottom:10px;\"><h2 class=\"fusion-title-heading title-heading-left\" style=\"margin:0;\">Technische Spezifikationen der Vibrations Platte<\/h2><\/div><div class=\"fusion-text fusion-text-2\"><p>Die Vibrations Platte kann direkt an einen 230-Volt-Anschluss angeschlossen werden, auf einer separaten Gruppe.<\/p>\n<ul>\n<li>220-240 Volt 50 Hz \/ 60 Hz<\/li>\n<li><strong>Struktur:<\/strong> Schwarz pulverbeschichtetes Stahl<\/li>\n<li><strong>L\u00e4nge:<\/strong> 209 cm<\/li>\n<li><strong>Breite:<\/strong> 116 cm<\/li>\n<li><strong>H\u00f6he:<\/strong> 129 cm<\/li>\n<li><strong>Gewicht:<\/strong> 350 kg<\/li>\n<li><strong>Boden:<\/strong> anti-slip rubber<\/li>\n<li><strong>Elektrischer Anschluss:<\/strong> 220V-16 A<\/li>\n<li><strong>Motor:<\/strong> 2 Einheiten \u00e0 0,18 KW<\/li>\n<li><strong>Steuerung:<\/strong> Touchscreen, mit dem Sie programmieren und die Sicherheitsabschaltung steuern k\u00f6nnen<\/li>\n<\/ul>\n<p>M\u00f6chten Sie mehr \u00fcber die Vorteile und Spezifikationen unserer Vibrations Platte erfahren? Klicken Sie hier f\u00fcr weitere Informationen.<\/p>\n<\/div><\/div><\/div><div class=\"fusion-layout-column fusion_builder_column fusion-builder-column-3 fusion_builder_column_1_1 1_1 fusion-flex-column\" style=\"--awb-bg-size:cover;--awb-width-large:100%;--awb-margin-top-large:0px;--awb-spacing-right-large:1.92%;--awb-margin-bottom-large:0px;--awb-spacing-left-large:1.92%;--awb-width-medium:100%;--awb-spacing-right-medium:1.92%;--awb-spacing-left-medium:1.92%;--awb-width-small:100%;--awb-spacing-right-small:1.92%;--awb-spacing-left-small:1.92%;\"><div class=\"fusion-column-wrapper fusion-flex-justify-content-flex-start fusion-content-layout-column\"><\/div><\/div><div class=\"fusion-layout-column fusion_builder_column fusion-builder-column-4 fusion_builder_column_1_1 1_1 fusion-flex-column\" style=\"--awb-bg-size:cover;--awb-width-large:100%;--awb-margin-top-large:0px;--awb-spacing-right-large:1.92%;--awb-margin-bottom-large:0px;--awb-spacing-left-large:1.92%;--awb-width-medium:100%;--awb-spacing-right-medium:1.92%;--awb-spacing-left-medium:1.92%;--awb-width-small:100%;--awb-spacing-right-small:1.92%;--awb-spacing-left-small:1.92%;\"><div class=\"fusion-column-wrapper fusion-flex-justify-content-flex-start fusion-content-layout-column\"><div class=\"fusion-title title fusion-title-3 fusion-sep-none fusion-title-text fusion-title-size-two\" style=\"--awb-margin-top:20px;--awb-margin-bottom:10px;\"><h2 class=\"fusion-title-heading title-heading-left\" style=\"margin:0;\"><p class=\"p1\">Bestellen Sie noch heute Ihre Vibrations Platte bei Molenkoning<\/p><\/h2><\/div><div class=\"fusion-text fusion-text-3\"><p class=\"p1\">Molenkoning ist ein niederl\u00e4ndisches Unternehmen. Das bedeutet, dass alle unsere Produkte in den Niederlanden entworfen und direkt aus unserer Werkstatt geliefert werden. Wir haben daher kurze Lieferzeiten und Sie k\u00f6nnen ein hochwertiges Produkt bestellen, das weltweit von Fachleuten verwendet wird.<\/p>\n<p>Um einen reibungslosen Lieferprozess zu gew\u00e4hrleisten, wird unser Versandpartner pers\u00f6nlich Kontakt zu Ihnen aufnehmen, um einen geeigneten Zeitpunkt f\u00fcr das Abladen Ihrer Bestellung zu vereinbaren.<\/p>\n<\/div><p class=\"price\"><ins><span class=\"woocommerce-Price-amount amount\"><bdi><span class=\"woocommerce-Price-currencySymbol\">\u20ac<\/span>5,750<\/bdi><\/span><\/ins><\/p>\n<p class=\"vattext\">Ohne Mehrwertsteuer und Transport<\/p><\/div><\/div><\/div><\/div><\/p>\n","protected":false},"excerpt":{"rendered":"","protected":false},"featured_media":174744,"template":"","meta":{"_acf_changed":false,"content-type":""},"product_brand":[],"product_cat":[444],"product_tag":[],"class_list":{"0":"post-167405","1":"product","2":"type-product","3":"status-publish","4":"has-post-thumbnail","6":"product_cat-unkategorisiert","8":"first","9":"instock","10":"taxable","11":"shipping-taxable","12":"product-type-simple"},"acf":[],"_links":{"self":[{"href":"https:\/\/molenkoning.com\/de\/wp-json\/wp\/v2\/product\/167405","targetHints":{"allow":["GET"]}}],"collection":[{"href":"https:\/\/molenkoning.com\/de\/wp-json\/wp\/v2\/product"}],"about":[{"href":"https:\/\/molenkoning.com\/de\/wp-json\/wp\/v2\/types\/product"}],"wp:featuredmedia":[{"embeddable":true,"href":"https:\/\/molenkoning.com\/de\/wp-json\/wp\/v2\/media\/174744"}],"wp:attachment":[{"href":"https:\/\/molenkoning.com\/de\/wp-json\/wp\/v2\/media?parent=167405"}],"wp:term":[{"taxonomy":"product_brand","embeddable":true,"href":"https:\/\/molenkoning.com\/de\/wp-json\/wp\/v2\/product_brand?post=167405"},{"taxonomy":"product_cat","embeddable":true,"href":"https:\/\/molenkoning.com\/de\/wp-json\/wp\/v2\/product_cat?post=167405"},{"taxonomy":"product_tag","embeddable":true,"href":"https:\/\/molenkoning.com\/de\/wp-json\/wp\/v2\/product_tag?post=167405"}],"curies":[{"name":"wp","href":"https:\/\/api.w.org\/{rel}","templated":true}]}}