{"id":145091,"date":"2021-07-01T10:11:41","date_gmt":"2021-07-01T10:11:41","guid":{"rendered":"https:\/\/molenkoning.com\/product\/view-block-pushergate-with-aluminium-bars\/"},"modified":"2023-10-17T10:43:47","modified_gmt":"2023-10-17T10:43:47","slug":"sichtschutz-fuer-aluminium-treibgitter","status":"publish","type":"product","link":"https:\/\/molenkoning.com\/de\/produkt\/sichtschutz-fuer-aluminium-treibgitter\/","title":{"rendered":"Sichtschutz f\u00fcr Aluminium Treibgitter"},"content":{"rendered":"<div class=\"fusion-fullwidth fullwidth-box fusion-builder-row-1 fusion-flex-container nonhundred-percent-fullwidth non-hundred-percent-height-scrolling\" style=\"--awb-border-radius-top-left:0px;--awb-border-radius-top-right:0px;--awb-border-radius-bottom-right:0px;--awb-border-radius-bottom-left:0px;--awb-flex-wrap:wrap;\" ><div class=\"fusion-builder-row fusion-row fusion-flex-align-items-flex-start fusion-flex-content-wrap\" style=\"max-width:1144px;margin-left: calc(-4% \/ 2 );margin-right: calc(-4% \/ 2 );\"><div class=\"fusion-layout-column fusion_builder_column fusion-builder-column-0 fusion_builder_column_1_1 1_1 fusion-flex-column\" style=\"--awb-bg-size:cover;--awb-width-large:100%;--awb-margin-top-large:0px;--awb-spacing-right-large:1.92%;--awb-margin-bottom-large:0px;--awb-spacing-left-large:1.92%;--awb-width-medium:100%;--awb-spacing-right-medium:1.92%;--awb-spacing-left-medium:1.92%;--awb-width-small:100%;--awb-spacing-right-small:1.92%;--awb-spacing-left-small:1.92%;\"><div class=\"fusion-column-wrapper fusion-flex-justify-content-flex-start fusion-content-layout-column\"><div class=\"fusion-text fusion-text-1\"><p>Das Standard-MK-Treibgitter besteht aus 14, 150 cm langen Aluminiumstangen und 13 ebenfalls 150 cm langen schwarzen PVC-B\u00e4ndern. Die Breite des Schiebetors betr\u00e4gt 200 cm. Es gilt nicht f\u00fcr F\u00fchranlagen anderer Marken, aber wenn Sie ein Treibgitter f\u00fcr Ihre F\u00fchranlage ben\u00f6tigen und eines von MK m\u00f6chten, k\u00f6nnen Sie sich gerne an unser Verkaufsteam wenden.<\/p>\n<\/div><\/div><\/div><\/div><\/div>\n","protected":false},"excerpt":{"rendered":"","protected":false},"featured_media":174870,"template":"","meta":{"_acf_changed":false,"content-type":""},"product_brand":[],"product_cat":[482],"product_tag":[],"class_list":{"0":"post-145091","1":"product","2":"type-product","3":"status-publish","4":"has-post-thumbnail","6":"product_cat-ersatzteile","7":"product_shipping_class-price-on-request-de","9":"first","10":"instock","11":"taxable","12":"shipping-taxable","13":"product-type-simple"},"acf":[],"_links":{"self":[{"href":"https:\/\/molenkoning.com\/de\/wp-json\/wp\/v2\/product\/145091","targetHints":{"allow":["GET"]}}],"collection":[{"href":"https:\/\/molenkoning.com\/de\/wp-json\/wp\/v2\/product"}],"about":[{"href":"https:\/\/molenkoning.com\/de\/wp-json\/wp\/v2\/types\/product"}],"wp:featuredmedia":[{"embeddable":true,"href":"https:\/\/molenkoning.com\/de\/wp-json\/wp\/v2\/media\/174870"}],"wp:attachment":[{"href":"https:\/\/molenkoning.com\/de\/wp-json\/wp\/v2\/media?parent=145091"}],"wp:term":[{"taxonomy":"product_brand","embeddable":true,"href":"https:\/\/molenkoning.com\/de\/wp-json\/wp\/v2\/product_brand?post=145091"},{"taxonomy":"product_cat","embeddable":true,"href":"https:\/\/molenkoning.com\/de\/wp-json\/wp\/v2\/product_cat?post=145091"},{"taxonomy":"product_tag","embeddable":true,"href":"https:\/\/molenkoning.com\/de\/wp-json\/wp\/v2\/product_tag?post=145091"}],"curies":[{"name":"wp","href":"https:\/\/api.w.org\/{rel}","templated":true}]}}