{"id":144995,"date":"2021-07-01T09:34:58","date_gmt":"2021-07-01T09:34:58","guid":{"rendered":"https:\/\/molenkoning.com\/product\/mesh-pusher-gate\/"},"modified":"2021-09-20T11:25:30","modified_gmt":"2021-09-20T11:25:30","slug":"mesh-pusher-gate","status":"publish","type":"product","link":"https:\/\/molenkoning.com\/de\/produkt\/mesh-pusher-gate\/","title":{"rendered":"Stahltreibgitter mit Gummilippen"},"content":{"rendered":"<p>Sicherheit steht immer an erster Stelle! Deshalb bieten wir unseren Kunden die traditionellen Trennw\u00e4nde aus Stahltreibgittern nur mit Gummilippen an. Durch die besondere Gr\u00f6\u00dfe der Gittermatten sind keine gef\u00e4hrlichen Ketten erforderlich! <\/p>\n","protected":false},"excerpt":{"rendered":"<p>Sicherheit steht immer an erster Stelle! Deshalb bieten wir unseren Kunden die traditionellen Trennw\u00e4nde aus Stahltreibgittern nur mit Gummilippen an. Durch die besondere Gr\u00f6\u00dfe der Gittermatten sind keine gef\u00e4hrlichen Ketten erforderlich!<\/p>\n","protected":false},"featured_media":174887,"template":"","meta":{"_acf_changed":false,"content-type":""},"product_brand":[],"product_cat":[482],"product_tag":[],"class_list":{"0":"post-144995","1":"product","2":"type-product","3":"status-publish","4":"has-post-thumbnail","6":"product_cat-ersatzteile","7":"product_shipping_class-price-on-request-de","9":"first","10":"instock","11":"taxable","12":"shipping-taxable","13":"purchasable","14":"product-type-simple"},"acf":[],"_links":{"self":[{"href":"https:\/\/molenkoning.com\/de\/wp-json\/wp\/v2\/product\/144995","targetHints":{"allow":["GET"]}}],"collection":[{"href":"https:\/\/molenkoning.com\/de\/wp-json\/wp\/v2\/product"}],"about":[{"href":"https:\/\/molenkoning.com\/de\/wp-json\/wp\/v2\/types\/product"}],"wp:featuredmedia":[{"embeddable":true,"href":"https:\/\/molenkoning.com\/de\/wp-json\/wp\/v2\/media\/174887"}],"wp:attachment":[{"href":"https:\/\/molenkoning.com\/de\/wp-json\/wp\/v2\/media?parent=144995"}],"wp:term":[{"taxonomy":"product_brand","embeddable":true,"href":"https:\/\/molenkoning.com\/de\/wp-json\/wp\/v2\/product_brand?post=144995"},{"taxonomy":"product_cat","embeddable":true,"href":"https:\/\/molenkoning.com\/de\/wp-json\/wp\/v2\/product_cat?post=144995"},{"taxonomy":"product_tag","embeddable":true,"href":"https:\/\/molenkoning.com\/de\/wp-json\/wp\/v2\/product_tag?post=144995"}],"curies":[{"name":"wp","href":"https:\/\/api.w.org\/{rel}","templated":true}]}}