{"id":142671,"date":"2021-07-01T10:28:15","date_gmt":"2021-07-01T10:28:15","guid":{"rendered":"https:\/\/molenkoning.com\/product\/irrigation-system-for-safeguard-pusher-gates\/"},"modified":"2026-04-14T08:31:02","modified_gmt":"2026-04-14T08:31:02","slug":"bewaesserungssystem-fuer-safeguard-treibgitter","status":"publish","type":"product","link":"https:\/\/molenkoning.com\/de\/produkt\/bewaesserungssystem-fuer-safeguard-treibgitter\/","title":{"rendered":"Bew\u00e4sserungssystem f\u00fcr Safeguard Treibgitter"},"content":{"rendered":"<div class=\"fusion-fullwidth fullwidth-box fusion-builder-row-1 fusion-flex-container nonhundred-percent-fullwidth non-hundred-percent-height-scrolling\" style=\"--awb-border-radius-top-left:0px;--awb-border-radius-top-right:0px;--awb-border-radius-bottom-right:0px;--awb-border-radius-bottom-left:0px;--awb-flex-wrap:wrap;\" ><div class=\"fusion-builder-row fusion-row fusion-flex-align-items-flex-start fusion-flex-content-wrap\" style=\"max-width:1144px;margin-left: calc(-4% \/ 2 );margin-right: calc(-4% \/ 2 );\"><div class=\"fusion-layout-column fusion_builder_column fusion-builder-column-0 fusion_builder_column_1_1 1_1 fusion-flex-column\" style=\"--awb-bg-size:cover;--awb-width-large:100%;--awb-margin-top-large:0px;--awb-spacing-right-large:1.92%;--awb-margin-bottom-large:0px;--awb-spacing-left-large:1.92%;--awb-width-medium:100%;--awb-spacing-right-medium:1.92%;--awb-spacing-left-medium:1.92%;--awb-width-small:100%;--awb-spacing-right-small:1.92%;--awb-spacing-left-small:1.92%;\"><div class=\"fusion-column-wrapper fusion-flex-justify-content-flex-start fusion-content-layout-column\"><div class=\"fusion-text fusion-text-1\"><p>Wie toll ist es, die F\u00fchranlage einzuschalten und Wasser auf die Laufbahn zu spr\u00fchen! Dies reduziert Staub, hilft Ihnen, die Gummioberfl\u00e4che zu reinigen und erh\u00f6ht die Effizienz des Impulses des Elektrozauns bei trockenem Wetter. Dieses Modell ist speziell f\u00fcr MK F\u00fchranlagen mit Safeguard Treibgittern hergestellt.<\/p>\n<\/div><\/div><\/div><\/div><\/div>\n","protected":false},"excerpt":{"rendered":"","protected":false},"featured_media":175001,"template":"","meta":{"_acf_changed":false,"content-type":""},"product_brand":[],"product_cat":[482],"product_tag":[],"class_list":{"0":"post-142671","1":"product","2":"type-product","3":"status-publish","4":"has-post-thumbnail","6":"product_cat-ersatzteile","8":"first","9":"instock","10":"taxable","11":"shipping-taxable","12":"purchasable","13":"product-type-simple"},"acf":[],"_links":{"self":[{"href":"https:\/\/molenkoning.com\/de\/wp-json\/wp\/v2\/product\/142671","targetHints":{"allow":["GET"]}}],"collection":[{"href":"https:\/\/molenkoning.com\/de\/wp-json\/wp\/v2\/product"}],"about":[{"href":"https:\/\/molenkoning.com\/de\/wp-json\/wp\/v2\/types\/product"}],"wp:featuredmedia":[{"embeddable":true,"href":"https:\/\/molenkoning.com\/de\/wp-json\/wp\/v2\/media\/175001"}],"wp:attachment":[{"href":"https:\/\/molenkoning.com\/de\/wp-json\/wp\/v2\/media?parent=142671"}],"wp:term":[{"taxonomy":"product_brand","embeddable":true,"href":"https:\/\/molenkoning.com\/de\/wp-json\/wp\/v2\/product_brand?post=142671"},{"taxonomy":"product_cat","embeddable":true,"href":"https:\/\/molenkoning.com\/de\/wp-json\/wp\/v2\/product_cat?post=142671"},{"taxonomy":"product_tag","embeddable":true,"href":"https:\/\/molenkoning.com\/de\/wp-json\/wp\/v2\/product_tag?post=142671"}],"curies":[{"name":"wp","href":"https:\/\/api.w.org\/{rel}","templated":true}]}}