{"id":181173,"date":"2024-02-20T11:09:02","date_gmt":"2024-02-20T11:09:02","guid":{"rendered":"https:\/\/molenkoning.com\/specific-terms-and-conditions-of-purchase-on-mks-online-store-webshop\/"},"modified":"2024-02-28T08:54:00","modified_gmt":"2024-02-28T08:54:00","slug":"kaufbedingungen","status":"publish","type":"page","link":"https:\/\/molenkoning.com\/de\/kaufbedingungen\/","title":{"rendered":"Kaufbedingungen"},"content":{"rendered":"<div class=\"fusion-fullwidth fullwidth-box fusion-builder-row-1 fusion-flex-container nonhundred-percent-fullwidth non-hundred-percent-height-scrolling\" style=\"--awb-border-radius-top-left:0px;--awb-border-radius-top-right:0px;--awb-border-radius-bottom-right:0px;--awb-border-radius-bottom-left:0px;--awb-flex-wrap:wrap;\" ><div class=\"fusion-builder-row fusion-row fusion-flex-align-items-flex-start fusion-flex-content-wrap\" style=\"max-width:1144px;margin-left: calc(-4% \/ 2 );margin-right: calc(-4% \/ 2 );\"><div class=\"fusion-layout-column fusion_builder_column fusion-builder-column-0 fusion_builder_column_1_1 1_1 fusion-flex-column\" style=\"--awb-bg-size:cover;--awb-width-large:100%;--awb-margin-top-large:0px;--awb-spacing-right-large:1.92%;--awb-margin-bottom-large:0px;--awb-spacing-left-large:1.92%;--awb-width-medium:100%;--awb-spacing-right-medium:1.92%;--awb-spacing-left-medium:1.92%;--awb-width-small:100%;--awb-spacing-right-small:1.92%;--awb-spacing-left-small:1.92%;\"><div class=\"fusion-column-wrapper fusion-flex-justify-content-flex-start fusion-content-layout-column\"><div class=\"fusion-text fusion-text-1\"><p>1. Bestellungen, die \u00fcber die Website von Molenkoning BV aufgegeben werden, werden unverz\u00fcglich am n\u00e4chsten Werktag nach Best\u00e4tigung der Zahlung bearbeitet.<\/p>\n<p>2. Die gesch\u00e4tzte Lieferzeit betr\u00e4gt 7 bis 10 Werktage.<\/p>\n<p>3. Sollte zum Zeitpunkt der Bestellung nicht ausreichend Lagerbestand vorhanden sein, wird Molenkoning BV den Kunden umgehend kontaktieren, um eine R\u00fcckerstattungsoption anzubieten oder einen ungef\u00e4hren Liefertermin anzugeben.<\/p>\n<p>4. Alle Anspr\u00fcche bez\u00fcglich Produktfehlern oder unvollst\u00e4ndiger Lieferung m\u00fcssen innerhalb einer maximalen Frist von 8 nat\u00fcrlichen Tagen per E-Mail an <a href=\"mailto:info@molenkoning.com\">info@molenkoning.com<\/a> oder telefonisch unter <a href=\"tel:31486415174\">+31486415174<\/a> gemeldet werden. Der Kunde hat das Recht, das Produkt zur\u00fcckzugeben, wenn er sich entscheidet, es nicht zu behalten, vorausgesetzt, die Beschwerde wird innerhalb der festgelegten Frist von 8 nat\u00fcrlichen Tagen eingereicht und der R\u00fccksendeprozess wird umgehend an Molenkoning BV an folgende Adresse initiiert: Voederheil 6A, 5411RK Zeeland, Niederlande.<\/p>\n<p>5. Die R\u00fccksendekosten tr\u00e4gt der Kunde.<\/p>\n<p>6. Produktretouren werden nur akzeptiert, wenn die Artikel in ihrer Originalverpackung zur\u00fcckgesendet werden, wie z. B. die Solariumbox. Nach Erhalt der zur\u00fcckgesandten Produkte wird eine Bewertung vorgenommen, um deren Zustand, Verwendung, etwaige Sch\u00e4den oder \u00c4nderungen aufgrund unsachgem\u00e4\u00dfer Handhabung festzustellen. Aufgrund dieser Bewertung wird eine Entscheidung \u00fcber die R\u00fccksendung getroffen, die dem Kunden innerhalb von maximal 5 Werktagen nach Erhalt der zur\u00fcckgesandten Produkte mitgeteilt wird.<\/p>\n<p>7. Produkte, die \u00fcber die Website von Molenkoning BV gekauft wurden, unterliegen den \u00fcbrigen in diesem Dokument festgelegten Bedingungen, vorausgesetzt, sie widersprechen nicht dem, was in diesem Punkt festgelegt ist.<\/p>\n<\/div><\/div><\/div><\/div><\/div>\n","protected":false},"excerpt":{"rendered":"","protected":false},"author":1,"featured_media":0,"parent":0,"menu_order":0,"comment_status":"closed","ping_status":"closed","template":"","meta":{"_acf_changed":false,"content-type":"","footnotes":""},"class_list":["post-181173","page","type-page","status-publish","hentry"],"acf":[],"_links":{"self":[{"href":"https:\/\/molenkoning.com\/de\/wp-json\/wp\/v2\/pages\/181173","targetHints":{"allow":["GET"]}}],"collection":[{"href":"https:\/\/molenkoning.com\/de\/wp-json\/wp\/v2\/pages"}],"about":[{"href":"https:\/\/molenkoning.com\/de\/wp-json\/wp\/v2\/types\/page"}],"author":[{"embeddable":true,"href":"https:\/\/molenkoning.com\/de\/wp-json\/wp\/v2\/users\/1"}],"replies":[{"embeddable":true,"href":"https:\/\/molenkoning.com\/de\/wp-json\/wp\/v2\/comments?post=181173"}],"version-history":[{"count":2,"href":"https:\/\/molenkoning.com\/de\/wp-json\/wp\/v2\/pages\/181173\/revisions"}],"predecessor-version":[{"id":181175,"href":"https:\/\/molenkoning.com\/de\/wp-json\/wp\/v2\/pages\/181173\/revisions\/181175"}],"wp:attachment":[{"href":"https:\/\/molenkoning.com\/de\/wp-json\/wp\/v2\/media?parent=181173"}],"curies":[{"name":"wp","href":"https:\/\/api.w.org\/{rel}","templated":true}]}}