{"id":15993,"date":"2020-02-11T13:24:13","date_gmt":"2020-02-11T13:24:13","guid":{"rendered":"https:\/\/molenkoning.com\/structure-and-composition-of-a-molenkoning-horse-walker\/"},"modified":"2023-12-04T10:29:17","modified_gmt":"2023-12-04T10:29:17","slug":"struktur-molenkoning-fuhranlage","status":"publish","type":"page","link":"https:\/\/molenkoning.com\/de\/struktur-molenkoning-fuhranlage\/","title":{"rendered":"Struktur und Komponenten einer Molenkoning-F\u00fchranlage"},"content":{"rendered":"<p><div class=\"fusion-fullwidth fullwidth-box fusion-builder-row-1 fusion-flex-container has-pattern-background has-mask-background nonhundred-percent-fullwidth non-hundred-percent-height-scrolling\" style=\"--awb-border-radius-top-left:0px;--awb-border-radius-top-right:0px;--awb-border-radius-bottom-right:0px;--awb-border-radius-bottom-left:0px;--awb-flex-wrap:wrap;\" ><div class=\"fusion-builder-row fusion-row fusion-flex-align-items-flex-start fusion-flex-content-wrap\" style=\"max-width:1144px;margin-left: calc(-4% \/ 2 );margin-right: calc(-4% \/ 2 );\"><div class=\"fusion-layout-column fusion_builder_column fusion-builder-column-0 fusion_builder_column_1_1 1_1 fusion-flex-column\" style=\"--awb-bg-size:cover;--awb-width-large:100%;--awb-margin-top-large:0px;--awb-spacing-right-large:1.92%;--awb-margin-bottom-large:20px;--awb-spacing-left-large:1.92%;--awb-width-medium:100%;--awb-order-medium:0;--awb-spacing-right-medium:1.92%;--awb-spacing-left-medium:1.92%;--awb-width-small:100%;--awb-order-small:0;--awb-spacing-right-small:1.92%;--awb-spacing-left-small:1.92%;\"><div class=\"fusion-column-wrapper fusion-column-has-shadow fusion-flex-justify-content-flex-start fusion-content-layout-column\"><div class=\"fusion-title title fusion-title-1 fusion-sep-none fusion-title-text fusion-title-size-one\" style=\"--awb-text-color:#333333;\"><h1 class=\"fusion-title-heading title-heading-left\" style=\"margin:0;\">Konstruktion und Zusammensetzung des Molenkoning F\u00fchranlage<\/h1><\/div><div class=\"fusion-text fusion-text-1\"><p>Die Molenkoning F\u00fchranlage ist benutzerfreundlich und hat dank ihrer robusten Konstruktion eine lange Lebensdauer. Die F\u00fchranlage erfordert wenig Wartung, ist sehr sicher und effizient im Energieverbrauch. Diese F\u00fchranlagen k\u00f6nnen von einem Techniker montiert werden, werden aber haupts\u00e4chlich von unseren Kunden selbst mit Hilfe einer einfachen Anleitung montiert.<\/p>\n<p>In diesem Artikel werden wir Ihnen alles \u00fcber die Konstruktion und Zusammensetzung unserer F\u00fchranlage beibringen. Auf diese Weise werden Sie alles \u00fcber die wichtigsten Themen im Zusammenhang mit der Verwendung unserer F\u00fchranlage erfahren. Wenn Sie mehr \u00fcber das Training mit einer F\u00fchranlage erfahren m\u00f6chten, klicken Sie <a href=\"https:\/\/molenkoning.com\/de\/training-mit-pferdetrainingsanlagen\/\">hier<\/a> f\u00fcr einen Artikel zu diesem Thema. Dar\u00fcber hinaus erfahren Sie in diesem Artikel \u00fcber:<\/p>\n<ul>\n<li>Sicherheit f\u00fcr Pferd und Trainer<\/li>\n<li>Hochwertige Materialien und Verarbeitung<\/li>\n<li>Erstklassiger Service vor und nach dem Verkauf<\/li>\n<li>Einfache Bedienung mit funktionalen Tasten<\/li>\n<li>Bestes Preis-Leistungs-Verh\u00e4ltnis<\/li>\n<\/ul>\n<\/div><\/div><\/div><div class=\"fusion-layout-column fusion_builder_column fusion-builder-column-1 fusion_builder_column_1_1 1_1 fusion-flex-column\" style=\"--awb-bg-size:cover;--awb-width-large:100%;--awb-margin-top-large:0px;--awb-spacing-right-large:1.92%;--awb-margin-bottom-large:20px;--awb-spacing-left-large:1.92%;--awb-width-medium:100%;--awb-order-medium:0;--awb-spacing-right-medium:1.92%;--awb-spacing-left-medium:1.92%;--awb-width-small:100%;--awb-order-small:0;--awb-spacing-right-small:1.92%;--awb-spacing-left-small:1.92%;\"><div class=\"fusion-column-wrapper fusion-column-has-shadow fusion-flex-justify-content-flex-start fusion-content-layout-column\"><div class=\"fusion-title title fusion-title-2 fusion-sep-none fusion-title-text fusion-title-size-one\" style=\"--awb-text-color:#333333;\"><h1 class=\"fusion-title-heading title-heading-left\" style=\"margin:0;\">Der F\u00fchrlagen und die Sicherheit Ihres Pferdes<\/h1><\/div><div class=\"fusion-text fusion-text-2\"><p>Sicherheit und Qualit\u00e4t stehen an oberster Stelle Ihrer Priorit\u00e4tenliste, und das ist bei uns nicht anders. Deshalb wird unser F\u00fchranlage immer mit einem 220V Elektromotor geliefert, der f\u00fcr eine lange Lebensdauer von mindestens 15.000 Stunden ausgelegt ist.<\/p>\n<p>Der Motor mit Getriebe\u00fcbertragung hat die optimale Gr\u00f6\u00dfe und Leistung, um die F\u00fchranlage anzutreiben. Molenkoning m\u00f6chte das Gewicht niedrig halten und mit seinem Aluminiumguss-Design ist es der ideale Motor f\u00fcr den Einsatz in der Maschinenkonstruktion dieser F\u00fchranlage.<\/p>\n<\/div><\/div><\/div><\/div><\/div><div class=\"fusion-fullwidth fullwidth-box fusion-builder-row-2 ctabannerouter hundred-percent-fullwidth non-hundred-percent-height-scrolling fusion-equal-height-columns\" style=\"--awb-border-radius-top-left:0px;--awb-border-radius-top-right:0px;--awb-border-radius-bottom-right:0px;--awb-border-radius-bottom-left:0px;--awb-padding-right:0px;--awb-padding-left:0px;--awb-margin-bottom:0px;--awb-flex-wrap:wrap;\" ><div class=\"fusion-builder-row fusion-row\"><div class=\"fusion-layout-column fusion_builder_column fusion-builder-column-2 fusion_builder_column_1_3 1_3 fusion-one-third fusion-column-first\" style=\"--awb-padding-top:50px;--awb-padding-right:50px;--awb-padding-bottom:50px;--awb-padding-left:50px;--awb-bg-color:#484848;--awb-bg-color-hover:#484848;--awb-bg-size:cover;--awb-margin-bottom:0px;width:33.333333333333%;width:calc(33.333333333333% - ( ( 0 ) * 0.33333333333333 ) );margin-right: 0px;\"><div class=\"fusion-column-wrapper fusion-column-has-shadow fusion-flex-column-wrapper-legacy\"><div class=\"fusion-title title fusion-title-3 fusion-sep-none fusion-title-text fusion-title-size-two\" style=\"--awb-text-color:#ffffff;\"><h2 class=\"fusion-title-heading title-heading-left\" style=\"margin:0;\">Stelle jetzt deine Frage an unsere Spezialisten<\/h2><\/div><div class=\"fusion-text fusion-text-3\" style=\"--awb-text-color:#ffffff;\"><p>Hast du Fragen zur Aufstellung, Montage oder Nutzung einer F\u00fchranlage?<\/p>\n<\/div><div class=\"fusion-clearfix\"><\/div><\/div><\/div><div class=\"fusion-layout-column fusion_builder_column fusion-builder-column-3 fusion_builder_column_2_3 2_3 fusion-two-third fusion-column-last ctabannerinner\" style=\"--awb-padding-top:50px;--awb-padding-right:50px;--awb-padding-bottom:51px;--awb-padding-left:30px;--awb-bg-color:rgba(0,0,0,0.38);--awb-bg-color-hover:rgba(0,0,0,0.38);--awb-bg-image:url(&#039;https:\/\/molenkoning.com\/wp-content\/uploads\/2021\/09\/Molenkoning-66.jpeg&#039;);--awb-bg-position:center center;--awb-bg-size:cover;--awb-margin-bottom:0px;width:66.666666666667%;width:calc(66.666666666667% - ( ( 0 ) * 0.66666666666667 ) );\"><div class=\"fusion-column-wrapper fusion-column-has-shadow fusion-flex-column-wrapper-legacy fusion-column-has-bg-image\" data-bg-url=\"https:\/\/molenkoning.com\/wp-content\/uploads\/2021\/09\/Molenkoning-66.jpeg\"><div class=\"fusion-image-element fusion-image-align-center in-legacy-container\" style=\"text-align:center;--awb-margin-bottom:10px;--awb-caption-title-font-family:var(--h2_typography-font-family);--awb-caption-title-font-weight:var(--h2_typography-font-weight);--awb-caption-title-font-style:var(--h2_typography-font-style);--awb-caption-title-size:var(--h2_typography-font-size);--awb-caption-title-transform:var(--h2_typography-text-transform);--awb-caption-title-line-height:var(--h2_typography-line-height);--awb-caption-title-letter-spacing:var(--h2_typography-letter-spacing);\"><div class=\"imageframe-align-center\"><span class=\" fusion-imageframe imageframe-none imageframe-1 hover-type-none\"><img decoding=\"async\" width=\"200\" height=\"200\" title=\"ctabannerton\" src=\"https:\/\/molenkoning.com\/wp-content\/uploads\/2022\/03\/ctabannerton.png\" alt class=\"img-responsive wp-image-152291\" srcset=\"https:\/\/molenkoning.com\/wp-content\/uploads\/2022\/03\/ctabannerton-66x66.png 66w, https:\/\/molenkoning.com\/wp-content\/uploads\/2022\/03\/ctabannerton-150x150.png 150w, https:\/\/molenkoning.com\/wp-content\/uploads\/2022\/03\/ctabannerton.png 200w\" sizes=\"(max-width: 200px) 100vw, 200px\" \/><\/span><\/div><\/div><div class=\"fusion-text fusion-text-4 hubspotbuttn\"><p><span data-sheets-value=\"{&quot;1&quot;:2,&quot;2&quot;:&quot;\n\t\t&lt;!--HubSpot Call-to-Action Code --&gt;\n\t\t&lt;span class=&quot;hs-cta-wrapper&quot; id=&quot;hs-cta-wrapper-3ab0c3f1-37da-46bb-a407-34b840d03799&quot;&gt;\n\t\t&lt;span class=&quot;hs-cta-node hs-cta-3ab0c3f1-37da-46bb-a407-34b840d03799&quot; id=&quot;3ab0c3f1-37da-46bb-a407-34b840d03799&quot;&gt;\n\t\t&lt;!--&#091;if lte IE 8&#093;&gt;\n\t\t&lt;div id=&quot;hs-cta-ie-element&quot;&gt;&lt;\/div&gt;\n\t\t&lt;!&#091;endif&#093;--&gt;\n\t\t&lt;a href=&quot;https:\/\/cta-redirect.hubspot.com\/cta\/redirect\/7963348\/3ab0c3f1-37da-46bb-a407-34b840d03799&quot; &gt;\n\t\t&lt;img class=&quot;hs-cta-img&quot; id=&quot;hs-cta-img-3ab0c3f1-37da-46bb-a407-34b840d03799&quot; style=&quot;border-width:0px;&quot; src=&quot;https:\/\/no-cache.hubspot.com\/cta\/default\/7963348\/3ab0c3f1-37da-46bb-a407-34b840d03799.png&quot;  alt=&quot;New call-to-action&quot;\/&gt;\n\t\t&lt;\/a&gt;\n\t\t&lt;\/span&gt;\n\t\t&lt;script charset=&quot;utf-8&quot; src=&quot;\/\/js.hubspot.com\/cta\/current.js&quot;&gt;&lt;\/script&gt;\n\t\t&lt;script&gt;\n\t\thbspt.cta.load(7963348, &#039;3ab0c3f1-37da-46bb-a407-34b840d03799&#039;, {});\n\t\t&lt;\/script&gt;\n\t\t&lt;\/span&gt;\n\t\t&lt;!-- end HubSpot Call-to-Action Code --&gt;\n\t\t&quot;}\" data-sheets-userformat=\"{&quot;2&quot;:1378817,&quot;3&quot;:{&quot;1&quot;:0},&quot;12&quot;:0,&quot;14&quot;:{&quot;1&quot;:2,&quot;2&quot;:0},&quot;19&quot;:0,&quot;21&quot;:0,&quot;23&quot;:1}\">\n\t\t<!--HubSpot Call-to-Action Code -->\n\t\t<span class=\"hs-cta-wrapper\" id=\"hs-cta-wrapper-3ab0c3f1-37da-46bb-a407-34b840d03799\">\n\t\t<span class=\"hs-cta-node hs-cta-3ab0c3f1-37da-46bb-a407-34b840d03799\" id=\"3ab0c3f1-37da-46bb-a407-34b840d03799\">\n\t\t<!--[if lte IE 8]>\n\t\t<div id=\"hs-cta-ie-element\"><\/div>\n\t\t<![endif]-->\n\t\t<a href=\"https:\/\/cta-redirect.hubspot.com\/cta\/redirect\/7963348\/3ab0c3f1-37da-46bb-a407-34b840d03799\" >\n\t\t<img decoding=\"async\" class=\"hs-cta-img\" id=\"hs-cta-img-3ab0c3f1-37da-46bb-a407-34b840d03799\" style=\"border-width:0px;\" src=\"https:\/\/no-cache.hubspot.com\/cta\/default\/7963348\/3ab0c3f1-37da-46bb-a407-34b840d03799.png\"  alt=\"New call-to-action\"\/>\n\t\t<\/a>\n\t\t<\/span>\n\t\t<script charset=\"utf-8\" src=\"\/\/js.hubspot.com\/cta\/current.js\"><\/script>\n\t\t<script>\n\t\thbspt.cta.load(7963348, '3ab0c3f1-37da-46bb-a407-34b840d03799', {});\n\t\t<\/script>\n\t\t<\/span>\n\t\t<!-- end HubSpot Call-to-Action Code -->\n\t\t<\/span><\/p>\n<\/div><div class=\"fusion-clearfix\"><\/div><\/div><\/div><\/div><\/div><div class=\"fusion-fullwidth fullwidth-box fusion-builder-row-3 fusion-flex-container has-pattern-background has-mask-background nonhundred-percent-fullwidth non-hundred-percent-height-scrolling\" style=\"--awb-border-radius-top-left:0px;--awb-border-radius-top-right:0px;--awb-border-radius-bottom-right:0px;--awb-border-radius-bottom-left:0px;--awb-margin-top:20px;--awb-flex-wrap:wrap;\" ><div class=\"fusion-builder-row fusion-row fusion-flex-align-items-flex-start fusion-flex-content-wrap\" style=\"max-width:1144px;margin-left: calc(-4% \/ 2 );margin-right: calc(-4% \/ 2 );\"><div class=\"fusion-layout-column fusion_builder_column fusion-builder-column-4 fusion_builder_column_1_1 1_1 fusion-flex-column\" style=\"--awb-bg-size:cover;--awb-width-large:100%;--awb-margin-top-large:0px;--awb-spacing-right-large:1.92%;--awb-margin-bottom-large:20px;--awb-spacing-left-large:1.92%;--awb-width-medium:100%;--awb-order-medium:0;--awb-spacing-right-medium:1.92%;--awb-spacing-left-medium:1.92%;--awb-width-small:100%;--awb-order-small:0;--awb-spacing-right-small:1.92%;--awb-spacing-left-small:1.92%;\"><div class=\"fusion-column-wrapper fusion-column-has-shadow fusion-flex-justify-content-flex-start fusion-content-layout-column\"><div class=\"fusion-title title fusion-title-4 fusion-sep-none fusion-title-text fusion-title-size-two\"><h2 class=\"fusion-title-heading title-heading-left\" style=\"margin:0;\">Spezifikationen einer hochwertigen F\u00fchranlage<\/h2><\/div><div class=\"fusion-text fusion-text-5\"><p>Hochwertige Lager, ein ger\u00e4uschloser Keilriemenantrieb mit langer Lebensdauer und das sicherste f\u00fcr Ihr Pferd. Dar\u00fcber hinaus ist die gesamte Konstruktion verzinkt und wasserbest\u00e4ndig. Die Konstruktion ist vollst\u00e4ndig thermisch verzinkt und hat einen niedrigen Schwerpunkt f\u00fcr die beste Stabilit\u00e4t. Unsere Standardgr\u00f6\u00dfen betragen 10, 12, 15, 16, 18 und 20 Meter im Durchmesser f\u00fcr 3 bis 10 Pferde. Ma\u00dfgeschneiderte F\u00fchranlagen sind ebenfalls m\u00f6glich.<\/p>\n<\/div><\/div><\/div><div class=\"fusion-layout-column fusion_builder_column fusion-builder-column-5 fusion_builder_column_1_1 1_1 fusion-flex-column\" style=\"--awb-bg-size:cover;--awb-width-large:100%;--awb-margin-top-large:0px;--awb-spacing-right-large:1.92%;--awb-margin-bottom-large:20px;--awb-spacing-left-large:1.92%;--awb-width-medium:100%;--awb-order-medium:0;--awb-spacing-right-medium:1.92%;--awb-spacing-left-medium:1.92%;--awb-width-small:100%;--awb-order-small:0;--awb-spacing-right-small:1.92%;--awb-spacing-left-small:1.92%;\"><div class=\"fusion-column-wrapper fusion-column-has-shadow fusion-flex-justify-content-flex-start fusion-content-layout-column\"><div class=\"fusion-title title fusion-title-5 fusion-sep-none fusion-title-text fusion-title-size-two\"><h2 class=\"fusion-title-heading title-heading-left\" style=\"margin:0;\">Treibgitter bilden die Grundlage f\u00fcr Ihren zuk\u00fcnftigen F\u00fchranlage?<\/h2><\/div><div class=\"fusion-text fusion-text-6\"><p>Treibgitter verl\u00e4ngern die Lebensdauer des Motors, da sie wenig Widerstand bieten. Die Treibgitter sind alle einzeln austauschbar, falls erforderlich. Alle Pferdewalker werden mit einem elektrischen Schocksystem geliefert, und in Kombination mit den Treibgittern steht die Sicherheit der Pferde an erster Stelle!<\/p>\n<p>Dieses Scharnier-Treibgittersystem sorgt auch daf\u00fcr, dass nicht jede Wirkung von der Konstruktion oder dem Antriebssystem absorbiert wird. Jeder Pferdewalker wird mit Aluminiumst\u00e4ben geliefert, die bei Bedarf elektrischen Strom leiten. Diese St\u00e4be geben einen sehr leichten Schock von 6 Joule. Dies ist nur am Anfang n\u00fctzlich, wenn Sie die Pferde daran gew\u00f6hnen m\u00f6chten, im F\u00fchranlage zu laufen. Im Laufe der Zeit wird das Tier selbstst\u00e4ndig und mit gro\u00dfer Freude seine Runden im F\u00fchranlage drehen.<\/p>\n<\/div><\/div><\/div><\/div><\/div><div class=\"fusion-fullwidth fullwidth-box fusion-builder-row-4 ctabannerouter nonhundred-percent-fullwidth non-hundred-percent-height-scrolling fusion-equal-height-columns\" style=\"--awb-border-radius-top-left:0px;--awb-border-radius-top-right:0px;--awb-border-radius-bottom-right:0px;--awb-border-radius-bottom-left:0px;--awb-margin-bottom:20px;--awb-flex-wrap:wrap;\" ><div class=\"fusion-builder-row fusion-row\"><div class=\"fusion-layout-column fusion_builder_column fusion-builder-column-6 fusion_builder_column_1_3 1_3 fusion-one-third fusion-column-first\" style=\"--awb-padding-top:50px;--awb-padding-right:50px;--awb-padding-bottom:50px;--awb-padding-left:50px;--awb-bg-color:#484848;--awb-bg-color-hover:#484848;--awb-bg-size:cover;--awb-margin-bottom:0px;width:33.333333333333%;width:calc(33.333333333333% - ( ( 0 ) * 0.33333333333333 ) );margin-right: 0px;\"><div class=\"fusion-column-wrapper fusion-column-has-shadow fusion-flex-column-wrapper-legacy\"><div class=\"fusion-title title fusion-title-6 fusion-sep-none fusion-title-text fusion-title-size-two\" style=\"--awb-text-color:#ffffff;\"><h2 class=\"fusion-title-heading title-heading-left\" style=\"margin:0;\">Bekommt Ihr Pferd ausreichend Bewegung &#8211; auch in den Wintermonaten?<\/h2><\/div><div class=\"fusion-text fusion-text-7\" style=\"--awb-text-color:#ffffff;\"><p>Lesen Sie in diesem E-Book, wie Sie Ihr Pferd das Jahr \u00fcber in Form halten<\/p>\n<\/div><div class=\"fusion-clearfix\"><\/div><\/div><\/div><div class=\"fusion-layout-column fusion_builder_column fusion-builder-column-7 fusion_builder_column_2_3 2_3 fusion-two-third fusion-column-last ctabannerinner\" style=\"--awb-padding-top:50px;--awb-padding-right:50px;--awb-padding-bottom:51px;--awb-padding-left:30px;--awb-bg-color:rgba(0,0,0,0.38);--awb-bg-color-hover:rgba(0,0,0,0.38);--awb-bg-image:url(&#039;https:\/\/molenkoning.com\/wp-content\/uploads\/2021\/09\/Weide-stockfoto-unsplash.jpeg&#039;);--awb-bg-position:center center;--awb-bg-size:cover;--awb-margin-bottom:0px;width:66.666666666667%;width:calc(66.666666666667% - ( ( 0 ) * 0.66666666666667 ) );\"><div class=\"fusion-column-wrapper fusion-column-has-shadow fusion-flex-column-wrapper-legacy fusion-column-has-bg-image\" data-bg-url=\"https:\/\/molenkoning.com\/wp-content\/uploads\/2021\/09\/Weide-stockfoto-unsplash.jpeg\"><div class=\"fusion-image-element fusion-image-align-center in-legacy-container\" style=\"text-align:center;--awb-margin-bottom:10px;--awb-max-width:150px;--awb-caption-title-font-family:var(--h2_typography-font-family);--awb-caption-title-font-weight:var(--h2_typography-font-weight);--awb-caption-title-font-style:var(--h2_typography-font-style);--awb-caption-title-size:var(--h2_typography-font-size);--awb-caption-title-transform:var(--h2_typography-text-transform);--awb-caption-title-line-height:var(--h2_typography-line-height);--awb-caption-title-letter-spacing:var(--h2_typography-letter-spacing);\"><div class=\"imageframe-align-center\"><span class=\" fusion-imageframe imageframe-none imageframe-2 hover-type-none\"><img decoding=\"async\" width=\"600\" height=\"543\" title=\"medium\" src=\"https:\/\/molenkoning.com\/wp-content\/uploads\/2021\/09\/medium.webp\" alt class=\"img-responsive wp-image-137755\" srcset=\"https:\/\/molenkoning.com\/wp-content\/uploads\/2021\/09\/medium-200x181.webp 200w, https:\/\/molenkoning.com\/wp-content\/uploads\/2021\/09\/medium-300x272.webp 300w, https:\/\/molenkoning.com\/wp-content\/uploads\/2021\/09\/medium-400x362.webp 400w, https:\/\/molenkoning.com\/wp-content\/uploads\/2021\/09\/medium-500x453.webp 500w, https:\/\/molenkoning.com\/wp-content\/uploads\/2021\/09\/medium.webp 600w\" sizes=\"(max-width: 800px) 100vw, 600px\" \/><\/span><\/div><\/div><div class=\"fusion-text fusion-text-8 hubspotbuttn\"><p><span data-sheets-value=\"{&quot;1&quot;:2,&quot;2&quot;:&quot;\n\t\t&lt;!--HubSpot Call-to-Action Code --&gt;\n\t\t&lt;span class=&quot;hs-cta-wrapper&quot; id=&quot;hs-cta-wrapper-6c375fcd-f079-47b3-96a1-7438d88c3d9c&quot;&gt;\n\t\t&lt;span class=&quot;hs-cta-node hs-cta-6c375fcd-f079-47b3-96a1-7438d88c3d9c&quot; id=&quot;6c375fcd-f079-47b3-96a1-7438d88c3d9c&quot;&gt;\n\t\t&lt;!--&#091;if lte IE 8&#093;&gt;\n\t\t&lt;div id=&quot;hs-cta-ie-element&quot;&gt;&lt;\/div&gt;\n\t\t&lt;!&#091;endif&#093;--&gt;\n\t\t&lt;a href=&quot;https:\/\/cta-redirect.hubspot.com\/cta\/redirect\/7963348\/6c375fcd-f079-47b3-96a1-7438d88c3d9c&quot; &gt;\n\t\t&lt;img class=&quot;hs-cta-img&quot; id=&quot;hs-cta-img-6c375fcd-f079-47b3-96a1-7438d88c3d9c&quot; style=&quot;border-width:0px;&quot; src=&quot;https:\/\/no-cache.hubspot.com\/cta\/default\/7963348\/6c375fcd-f079-47b3-96a1-7438d88c3d9c.png&quot;  alt=&quot;New call-to-action&quot;\/&gt;\n\t\t&lt;\/a&gt;\n\t\t&lt;\/span&gt;\n\t\t&lt;script charset=&quot;utf-8&quot; src=&quot;\/\/js.hubspot.com\/cta\/current.js&quot;&gt;&lt;\/script&gt;\n\t\t&lt;script&gt;\n\t\thbspt.cta.load(7963348, &#039;6c375fcd-f079-47b3-96a1-7438d88c3d9c&#039;, {});\n\t\t&lt;\/script&gt;\n\t\t&lt;\/span&gt;\n\t\t&lt;!-- end HubSpot Call-to-Action Code --&gt;\n\t\t&quot;}\" data-sheets-userformat=\"{&quot;2&quot;:1378817,&quot;3&quot;:{&quot;1&quot;:0},&quot;12&quot;:0,&quot;14&quot;:{&quot;1&quot;:2,&quot;2&quot;:0},&quot;19&quot;:0,&quot;21&quot;:0,&quot;23&quot;:1}\">\n\t\t<!--HubSpot Call-to-Action Code -->\n\t\t<span class=\"hs-cta-wrapper\" id=\"hs-cta-wrapper-6c375fcd-f079-47b3-96a1-7438d88c3d9c\">\n\t\t<span class=\"hs-cta-node hs-cta-6c375fcd-f079-47b3-96a1-7438d88c3d9c\" id=\"6c375fcd-f079-47b3-96a1-7438d88c3d9c\">\n\t\t<!--[if lte IE 8]>\n\t\t<div id=\"hs-cta-ie-element\"><\/div>\n\t\t<![endif]-->\n\t\t<a href=\"https:\/\/cta-redirect.hubspot.com\/cta\/redirect\/7963348\/6c375fcd-f079-47b3-96a1-7438d88c3d9c\" >\n\t\t<img decoding=\"async\" class=\"hs-cta-img\" id=\"hs-cta-img-6c375fcd-f079-47b3-96a1-7438d88c3d9c\" style=\"border-width:0px;\" src=\"https:\/\/no-cache.hubspot.com\/cta\/default\/7963348\/6c375fcd-f079-47b3-96a1-7438d88c3d9c.png\"  alt=\"New call-to-action\"\/>\n\t\t<\/a>\n\t\t<\/span>\n\t\t<script charset=\"utf-8\" src=\"\/\/js.hubspot.com\/cta\/current.js\"><\/script>\n\t\t<script>\n\t\thbspt.cta.load(7963348, '6c375fcd-f079-47b3-96a1-7438d88c3d9c', {});\n\t\t<\/script>\n\t\t<\/span>\n\t\t<!-- end HubSpot Call-to-Action Code -->\n\t\t<\/span><\/p>\n<\/div><div class=\"fusion-clearfix\"><\/div><\/div><\/div><\/div><\/div><div class=\"fusion-fullwidth fullwidth-box fusion-builder-row-5 fusion-flex-container has-pattern-background has-mask-background nonhundred-percent-fullwidth non-hundred-percent-height-scrolling\" style=\"--awb-border-radius-top-left:0px;--awb-border-radius-top-right:0px;--awb-border-radius-bottom-right:0px;--awb-border-radius-bottom-left:0px;--awb-flex-wrap:wrap;\" ><div class=\"fusion-builder-row fusion-row fusion-flex-align-items-flex-start fusion-flex-content-wrap\" style=\"max-width:1144px;margin-left: calc(-4% \/ 2 );margin-right: calc(-4% \/ 2 );\"><div class=\"fusion-layout-column fusion_builder_column fusion-builder-column-8 fusion_builder_column_1_1 1_1 fusion-flex-column\" style=\"--awb-bg-size:cover;--awb-width-large:100%;--awb-margin-top-large:0px;--awb-spacing-right-large:1.92%;--awb-margin-bottom-large:20px;--awb-spacing-left-large:1.92%;--awb-width-medium:100%;--awb-order-medium:0;--awb-spacing-right-medium:1.92%;--awb-spacing-left-medium:1.92%;--awb-width-small:100%;--awb-order-small:0;--awb-spacing-right-small:1.92%;--awb-spacing-left-small:1.92%;\"><div class=\"fusion-column-wrapper fusion-column-has-shadow fusion-flex-justify-content-flex-start fusion-content-layout-column\"><div class=\"fusion-title title fusion-title-7 fusion-sep-none fusion-title-text fusion-title-size-two\"><h2 class=\"fusion-title-heading title-heading-left\" style=\"margin:0;\">Extra Sicherheit mit Molenkonings Safeguard-Treibgittern<\/h2><\/div><div class=\"fusion-text fusion-text-9\"><p>F\u00fcr diejenigen, die ihrem F\u00fchranlage zus\u00e4tzliche Sicherheit hinzuf\u00fcgen m\u00f6chten, bieten wir Molenkonings Safeguard-Treibgitter an. Die Treibgitter sind dann mit Kunststoffst\u00e4ben (Polyethylen) ausgestattet. Diese St\u00e4be sind extrem stark, aber dennoch sehr flexibel. Sie sind sogar bei Temperaturen unter dem Gefrierpunkt flexibel.<\/p>\n<p>Diese St\u00e4be k\u00f6nnen sich biegen, aber sofort wieder in ihre normale Form zur\u00fcckfedern. Diese St\u00e4be verhindern Br\u00fcche, und der Kunststoff verhindert scharfe Kanten. Die St\u00e4be sind mit einer Aluminiumabdeckung versehen, so dass das elektrische Schocksystem in Kombination mit unseren Safeguard-Treibgittern funktioniert.<\/p>\n<p>Um die Sichtbarkeit von Pferden w\u00e4hrend des Trainings von Wildpferden und Hengsten zu reduzieren, ist es auch m\u00f6glich, die Treibgitter mit einem Windschutznetz.<\/p>\n<\/div><\/div><\/div><\/div><\/div><\/p>\n","protected":false},"excerpt":{"rendered":"","protected":false},"author":1,"featured_media":0,"parent":0,"menu_order":0,"comment_status":"closed","ping_status":"closed","template":"","meta":{"_acf_changed":false,"content-type":"","footnotes":""},"class_list":["post-15993","page","type-page","status-publish","hentry"],"acf":[],"_links":{"self":[{"href":"https:\/\/molenkoning.com\/de\/wp-json\/wp\/v2\/pages\/15993","targetHints":{"allow":["GET"]}}],"collection":[{"href":"https:\/\/molenkoning.com\/de\/wp-json\/wp\/v2\/pages"}],"about":[{"href":"https:\/\/molenkoning.com\/de\/wp-json\/wp\/v2\/types\/page"}],"author":[{"embeddable":true,"href":"https:\/\/molenkoning.com\/de\/wp-json\/wp\/v2\/users\/1"}],"replies":[{"embeddable":true,"href":"https:\/\/molenkoning.com\/de\/wp-json\/wp\/v2\/comments?post=15993"}],"version-history":[{"count":13,"href":"https:\/\/molenkoning.com\/de\/wp-json\/wp\/v2\/pages\/15993\/revisions"}],"predecessor-version":[{"id":177606,"href":"https:\/\/molenkoning.com\/de\/wp-json\/wp\/v2\/pages\/15993\/revisions\/177606"}],"wp:attachment":[{"href":"https:\/\/molenkoning.com\/de\/wp-json\/wp\/v2\/media?parent=15993"}],"curies":[{"name":"wp","href":"https:\/\/api.w.org\/{rel}","templated":true}]}}