{"id":151086,"date":"2021-10-19T05:32:52","date_gmt":"2021-10-19T05:32:52","guid":{"rendered":"https:\/\/molenkoning.com\/paard-verzorgen-downloads\/"},"modified":"2022-02-16T09:57:41","modified_gmt":"2022-02-16T09:57:41","slug":"pferdepflege-downloads","status":"publish","type":"page","link":"https:\/\/molenkoning.com\/de\/pferdepflege-downloads\/","title":{"rendered":"Pferdepflege: Downloads"},"content":{"rendered":"<p><div class=\"fusion-fullwidth fullwidth-box fusion-builder-row-1 fusion-flex-container nonhundred-percent-fullwidth non-hundred-percent-height-scrolling\" style=\"--awb-border-radius-top-left:0px;--awb-border-radius-top-right:0px;--awb-border-radius-bottom-right:0px;--awb-border-radius-bottom-left:0px;--awb-flex-wrap:wrap;\" ><div class=\"fusion-builder-row fusion-row fusion-flex-align-items-flex-start fusion-flex-content-wrap\" style=\"max-width:1144px;margin-left: calc(-4% \/ 2 );margin-right: calc(-4% \/ 2 );\"><div class=\"fusion-layout-column fusion_builder_column fusion-builder-column-0 fusion_builder_column_1_1 1_1 fusion-flex-column\" style=\"--awb-bg-size:cover;--awb-width-large:100%;--awb-margin-top-large:0px;--awb-spacing-right-large:1.92%;--awb-margin-bottom-large:20px;--awb-spacing-left-large:1.92%;--awb-width-medium:100%;--awb-order-medium:0;--awb-spacing-right-medium:1.92%;--awb-spacing-left-medium:1.92%;--awb-width-small:100%;--awb-order-small:0;--awb-spacing-right-small:1.92%;--awb-spacing-left-small:1.92%;\"><div class=\"fusion-column-wrapper fusion-column-has-shadow fusion-flex-justify-content-flex-start fusion-content-layout-column\"><div class=\"fusion-title title fusion-title-1 fusion-sep-none fusion-title-text fusion-title-size-one\"><h1 class=\"fusion-title-heading title-heading-left\" style=\"margin:0;\">Erfahren Sie mit diesen Downloads mehr \u00fcber Pferdepflege und die Gesundheit Ihres Pferdes<\/h1><\/div><div class=\"fusion-text fusion-text-1\"><p>Die Pflege eines Pferdes kostet viel Zeit und Energie. Ihr Pferd verdient das Beste und wir helfen Ihnen gerne dabei. Diese Seite enth\u00e4lt n\u00fctzliche E-Books, White Papers und E-Guides, um zu erfahren, wie man sein Pferd pflegt. Laden Sie unsere Schulungsunterlagen herunter und entdecken Sie, wie Sie Ihr Pferd gesund und fit halten k\u00f6nnen. Haben Sie Fragen dazu, wie unsere Produkte Ihnen dabei helfen k\u00f6nnen? Dann fordern Sie eine unverbindliche Beratung an.<\/p>\n<\/div><\/div><\/div><\/div><\/div><div class=\"fusion-fullwidth fullwidth-box fusion-builder-row-2 fusion-flex-container nonhundred-percent-fullwidth non-hundred-percent-height-scrolling\" style=\"--awb-border-radius-top-left:0px;--awb-border-radius-top-right:0px;--awb-border-radius-bottom-right:0px;--awb-border-radius-bottom-left:0px;--awb-flex-wrap:wrap;\" ><div class=\"fusion-builder-row fusion-row fusion-flex-align-items-flex-start fusion-flex-content-wrap\" style=\"max-width:1144px;margin-left: calc(-4% \/ 2 );margin-right: calc(-4% \/ 2 );\"><div class=\"fusion-layout-column fusion_builder_column fusion-builder-column-1 fusion_builder_column_1_3 1_3 fusion-flex-column\" style=\"--awb-bg-size:cover;--awb-width-large:33.333333333333%;--awb-margin-top-large:0px;--awb-spacing-right-large:5.76%;--awb-margin-bottom-large:20px;--awb-spacing-left-large:5.76%;--awb-width-medium:100%;--awb-order-medium:0;--awb-spacing-right-medium:1.92%;--awb-spacing-left-medium:1.92%;--awb-width-small:100%;--awb-order-small:0;--awb-spacing-right-small:1.92%;--awb-spacing-left-small:1.92%;\"><div class=\"fusion-column-wrapper fusion-column-has-shadow fusion-flex-justify-content-flex-start fusion-content-layout-column\"><div class=\"fusion-image-element \" style=\"--awb-caption-title-font-family:var(--h2_typography-font-family);--awb-caption-title-font-weight:var(--h2_typography-font-weight);--awb-caption-title-font-style:var(--h2_typography-font-style);--awb-caption-title-size:var(--h2_typography-font-size);--awb-caption-title-transform:var(--h2_typography-text-transform);--awb-caption-title-line-height:var(--h2_typography-line-height);--awb-caption-title-letter-spacing:var(--h2_typography-letter-spacing);\"><span class=\" fusion-imageframe imageframe-none imageframe-1 hover-type-none\"><img decoding=\"async\" width=\"2560\" height=\"1920\" title=\"DE &#8211; Mock-up liggend _ A _ E-book gezondheid _ Fu\u0308hranlagen\" src=\"https:\/\/molenkoning.com\/wp-content\/uploads\/2022\/02\/DE-Mock-up-liggend-_-A-_-E-book-gezondheid-_-Fu\u0308hranlagen.png\" alt class=\"img-responsive wp-image-151090\"\/><\/span><\/div><\/div><\/div><div class=\"fusion-layout-column fusion_builder_column fusion-builder-column-2 fusion_builder_column_2_3 2_3 fusion-flex-column\" style=\"--awb-bg-size:cover;--awb-width-large:66.666666666667%;--awb-margin-top-large:0px;--awb-spacing-right-large:2.88%;--awb-margin-bottom-large:20px;--awb-spacing-left-large:2.88%;--awb-width-medium:100%;--awb-order-medium:0;--awb-spacing-right-medium:1.92%;--awb-spacing-left-medium:1.92%;--awb-width-small:100%;--awb-order-small:0;--awb-spacing-right-small:1.92%;--awb-spacing-left-small:1.92%;\"><div class=\"fusion-column-wrapper fusion-column-has-shadow fusion-flex-justify-content-flex-start fusion-content-layout-column\"><div class=\"fusion-title title fusion-title-2 fusion-sep-none fusion-title-text fusion-title-size-two\"><h2 class=\"fusion-title-heading title-heading-left\" style=\"margin:0;\">Ihr Pferd und Bewegung: Macht Ihr Pferd gen\u00fcgend Schritte?<\/h2><\/div><div class=\"fusion-text fusion-text-2\"><p>Haben Sie manchmal das Gef\u00fchl, dass sich Ihr Pferd nicht genug bewegt? Das kann durchaus stimmen. Wenn Freizeitpferde einen Schrittz\u00e4hler hatten, erreichten sie fast nie ihr t\u00e4gliches Schrittpensum. Und das ist sehr bedauerlich, denn Bewegung ist f\u00fcr die Gesundheit Ihres Pferdes unerl\u00e4sslich.<\/p>\n\n\t\t<!--HubSpot Call-to-Action Code -->\n\t\t<span class=\"hs-cta-wrapper\" id=\"hs-cta-wrapper-94951596-83fe-415b-a924-113f6f5cdb66\">\n\t\t<span class=\"hs-cta-node hs-cta-94951596-83fe-415b-a924-113f6f5cdb66\" id=\"94951596-83fe-415b-a924-113f6f5cdb66\">\n\t\t<!--[if lte IE 8]>\n\t\t<div id=\"hs-cta-ie-element\"><\/div>\n\t\t<![endif]-->\n\t\t<a href=\"https:\/\/cta-redirect.hubspot.com\/cta\/redirect\/7963348\/94951596-83fe-415b-a924-113f6f5cdb66\" >\n\t\t<img decoding=\"async\" class=\"hs-cta-img\" id=\"hs-cta-img-94951596-83fe-415b-a924-113f6f5cdb66\" style=\"border-width:0px;\" src=\"https:\/\/no-cache.hubspot.com\/cta\/default\/7963348\/94951596-83fe-415b-a924-113f6f5cdb66.png\"  alt=\"New call-to-action\"\/>\n\t\t<\/a>\n\t\t<\/span>\n\t\t<script charset=\"utf-8\" src=\"\/\/js.hubspot.com\/cta\/current.js\"><\/script>\n\t\t<script>\n\t\thbspt.cta.load(7963348, '94951596-83fe-415b-a924-113f6f5cdb66', {});\n\t\t<\/script>\n\t\t<\/span>\n\t\t<!-- end HubSpot Call-to-Action Code -->\n\t\t\n<\/div><\/div><\/div><\/div><\/div><div class=\"fusion-fullwidth fullwidth-box fusion-builder-row-3 fusion-flex-container nonhundred-percent-fullwidth non-hundred-percent-height-scrolling\" style=\"--awb-border-radius-top-left:0px;--awb-border-radius-top-right:0px;--awb-border-radius-bottom-right:0px;--awb-border-radius-bottom-left:0px;--awb-flex-wrap:wrap;\" ><div class=\"fusion-builder-row fusion-row fusion-flex-align-items-flex-start fusion-flex-content-wrap\" style=\"max-width:1144px;margin-left: calc(-4% \/ 2 );margin-right: calc(-4% \/ 2 );\"><div class=\"fusion-layout-column fusion_builder_column fusion-builder-column-3 fusion_builder_column_1_1 1_1 fusion-flex-column\" style=\"--awb-bg-size:cover;--awb-width-large:100%;--awb-margin-top-large:0px;--awb-spacing-right-large:1.92%;--awb-margin-bottom-large:20px;--awb-spacing-left-large:1.92%;--awb-width-medium:100%;--awb-order-medium:0;--awb-spacing-right-medium:1.92%;--awb-spacing-left-medium:1.92%;--awb-width-small:100%;--awb-order-small:0;--awb-spacing-right-small:1.92%;--awb-spacing-left-small:1.92%;\"><div class=\"fusion-column-wrapper fusion-column-has-shadow fusion-flex-justify-content-flex-start fusion-content-layout-column\"><div class=\"fusion-separator fusion-full-width-sep\" style=\"align-self: center;margin-left: auto;margin-right: auto;margin-bottom:20px;width:100%;\"><div class=\"fusion-separator-border sep-single sep-dashed\" style=\"--awb-height:20px;--awb-amount:20px;border-color:#e0dede;border-top-width:1px;\"><\/div><\/div><\/div><\/div><\/div><\/div><div class=\"fusion-fullwidth fullwidth-box fusion-builder-row-4 fusion-flex-container nonhundred-percent-fullwidth non-hundred-percent-height-scrolling\" style=\"--awb-border-radius-top-left:0px;--awb-border-radius-top-right:0px;--awb-border-radius-bottom-right:0px;--awb-border-radius-bottom-left:0px;--awb-flex-wrap:wrap;\" ><div class=\"fusion-builder-row fusion-row fusion-flex-align-items-flex-start fusion-flex-content-wrap\" style=\"max-width:1144px;margin-left: calc(-4% \/ 2 );margin-right: calc(-4% \/ 2 );\"><div class=\"fusion-layout-column fusion_builder_column fusion-builder-column-4 fusion_builder_column_1_3 1_3 fusion-flex-column\" style=\"--awb-bg-size:cover;--awb-width-large:33.333333333333%;--awb-margin-top-large:0px;--awb-spacing-right-large:5.76%;--awb-margin-bottom-large:20px;--awb-spacing-left-large:5.76%;--awb-width-medium:100%;--awb-order-medium:0;--awb-spacing-right-medium:1.92%;--awb-spacing-left-medium:1.92%;--awb-width-small:100%;--awb-order-small:0;--awb-spacing-right-small:1.92%;--awb-spacing-left-small:1.92%;\"><div class=\"fusion-column-wrapper fusion-column-has-shadow fusion-flex-justify-content-flex-start fusion-content-layout-column\"><div class=\"fusion-image-element \" style=\"--awb-caption-title-font-family:var(--h2_typography-font-family);--awb-caption-title-font-weight:var(--h2_typography-font-weight);--awb-caption-title-font-style:var(--h2_typography-font-style);--awb-caption-title-size:var(--h2_typography-font-size);--awb-caption-title-transform:var(--h2_typography-text-transform);--awb-caption-title-line-height:var(--h2_typography-line-height);--awb-caption-title-letter-spacing:var(--h2_typography-letter-spacing);\"><span class=\" fusion-imageframe imageframe-none imageframe-2 hover-type-none\"><img decoding=\"async\" width=\"2560\" height=\"1920\" title=\"DE &#8211; Mock-up liggend _ C _ E-book beweging _ Fu\u0308hranlagen-min\" src=\"https:\/\/molenkoning.com\/wp-content\/uploads\/2022\/02\/DE-Mock-up-liggend-_-C-_-E-book-beweging-_-Fu\u0308hranlagen-min.png\" alt class=\"img-responsive wp-image-151143\"\/><\/span><\/div><\/div><\/div><div class=\"fusion-layout-column fusion_builder_column fusion-builder-column-5 fusion_builder_column_2_3 2_3 fusion-flex-column\" style=\"--awb-bg-size:cover;--awb-width-large:66.666666666667%;--awb-margin-top-large:0px;--awb-spacing-right-large:2.88%;--awb-margin-bottom-large:20px;--awb-spacing-left-large:2.88%;--awb-width-medium:100%;--awb-order-medium:0;--awb-spacing-right-medium:1.92%;--awb-spacing-left-medium:1.92%;--awb-width-small:100%;--awb-order-small:0;--awb-spacing-right-small:1.92%;--awb-spacing-left-small:1.92%;\"><div class=\"fusion-column-wrapper fusion-column-has-shadow fusion-flex-justify-content-flex-start fusion-content-layout-column\"><div class=\"fusion-title title fusion-title-3 fusion-sep-none fusion-title-text fusion-title-size-two\"><h2 class=\"fusion-title-heading title-heading-left\" style=\"margin:0;\">G\u00f6nnen Sie Ihrem\/n Pferd(en) mehr Bewegung: W\u00e4hlen Sie die Weide, das Laufband oder die F\u00fchranlage?<\/h2><\/div><div class=\"fusion-text fusion-text-3\"><p>Ein Pferd zu versorgen nimmt viel Zeit in Anspruch. Als Liebhaber wissen Sie das, denn Sie sind fr\u00fchmorgens oder sp\u00e4tabends in den St\u00e4llen anzutreffen. Das Ausmisten der St\u00e4lle, F\u00fcttern, Versorgen, Longieren und nat\u00fcrlich das Reiten des Pferdes geschieht nicht von alleine.<\/p>\n\n\t\t<!--HubSpot Call-to-Action Code -->\n\t\t<span class=\"hs-cta-wrapper\" id=\"hs-cta-wrapper-6c375fcd-f079-47b3-96a1-7438d88c3d9c\">\n\t\t<span class=\"hs-cta-node hs-cta-6c375fcd-f079-47b3-96a1-7438d88c3d9c\" id=\"6c375fcd-f079-47b3-96a1-7438d88c3d9c\">\n\t\t<!--[if lte IE 8]>\n\t\t<div id=\"hs-cta-ie-element\"><\/div>\n\t\t<![endif]-->\n\t\t<a href=\"https:\/\/cta-redirect.hubspot.com\/cta\/redirect\/7963348\/6c375fcd-f079-47b3-96a1-7438d88c3d9c\" >\n\t\t<img decoding=\"async\" class=\"hs-cta-img\" id=\"hs-cta-img-6c375fcd-f079-47b3-96a1-7438d88c3d9c\" style=\"border-width:0px;\" src=\"https:\/\/no-cache.hubspot.com\/cta\/default\/7963348\/6c375fcd-f079-47b3-96a1-7438d88c3d9c.png\"  alt=\"New call-to-action\"\/>\n\t\t<\/a>\n\t\t<\/span>\n\t\t<script charset=\"utf-8\" src=\"\/\/js.hubspot.com\/cta\/current.js\"><\/script>\n\t\t<script>\n\t\thbspt.cta.load(7963348, '6c375fcd-f079-47b3-96a1-7438d88c3d9c', {});\n\t\t<\/script>\n\t\t<\/span>\n\t\t<!-- end HubSpot Call-to-Action Code -->\n\t\t\n<\/div><\/div><\/div><\/div><\/div><\/p>\n","protected":false},"excerpt":{"rendered":"","protected":false},"author":1,"featured_media":0,"parent":0,"menu_order":0,"comment_status":"closed","ping_status":"closed","template":"","meta":{"_acf_changed":false,"content-type":"","footnotes":""},"class_list":["post-151086","page","type-page","status-publish","hentry"],"acf":[],"_links":{"self":[{"href":"https:\/\/molenkoning.com\/de\/wp-json\/wp\/v2\/pages\/151086","targetHints":{"allow":["GET"]}}],"collection":[{"href":"https:\/\/molenkoning.com\/de\/wp-json\/wp\/v2\/pages"}],"about":[{"href":"https:\/\/molenkoning.com\/de\/wp-json\/wp\/v2\/types\/page"}],"author":[{"embeddable":true,"href":"https:\/\/molenkoning.com\/de\/wp-json\/wp\/v2\/users\/1"}],"replies":[{"embeddable":true,"href":"https:\/\/molenkoning.com\/de\/wp-json\/wp\/v2\/comments?post=151086"}],"version-history":[{"count":13,"href":"https:\/\/molenkoning.com\/de\/wp-json\/wp\/v2\/pages\/151086\/revisions"}],"predecessor-version":[{"id":151209,"href":"https:\/\/molenkoning.com\/de\/wp-json\/wp\/v2\/pages\/151086\/revisions\/151209"}],"wp:attachment":[{"href":"https:\/\/molenkoning.com\/de\/wp-json\/wp\/v2\/media?parent=151086"}],"curies":[{"name":"wp","href":"https:\/\/api.w.org\/{rel}","templated":true}]}}