{"id":11703,"date":"2020-01-27T16:51:09","date_gmt":"2020-01-27T16:51:09","guid":{"rendered":"https:\/\/molenkoning.com\/product\/"},"modified":"2024-10-08T09:53:38","modified_gmt":"2024-10-08T09:53:38","slug":"produkte","status":"publish","type":"page","link":"https:\/\/molenkoning.com\/de\/produkte\/","title":{"rendered":"Produkte"},"content":{"rendered":"<div class=\"fusion-fullwidth fullwidth-box fusion-builder-row-1 nonhundred-percent-fullwidth non-hundred-percent-height-scrolling\" style=\"--awb-border-radius-top-left:0px;--awb-border-radius-top-right:0px;--awb-border-radius-bottom-right:0px;--awb-border-radius-bottom-left:0px;--awb-flex-wrap:wrap;\" ><div class=\"fusion-builder-row fusion-row\"><div class=\"fusion-layout-column fusion_builder_column fusion-builder-column-0 fusion_builder_column_1_1 1_1 fusion-one-full fusion-column-first fusion-column-last\" style=\"--awb-bg-size:cover;\"><div class=\"fusion-column-wrapper fusion-column-has-shadow fusion-flex-column-wrapper-legacy\"><div class=\"fusion-flip-boxes flip-boxes row fusion-columns-3 flip-effect-classic equal-heights\" style=\"--awb-flip-duration:1.2s;\"><div class=\"fusion-flip-box-wrapper fusion-column col-lg-4 col-md-4 col-sm-4\"><div class=\"fusion-flip-box flip-up\" tabindex=\"0\"><div class=\"flip-box-inner-wrapper\"><div class=\"flip-box-front\"><div class=\"flip-box-front-inner\"><div class=\"flip-box-grafix flip-box-image\"><img decoding=\"async\" src=\"https:\/\/molenkoning.com\/wp-content\/uploads\/2020\/01\/molen.jpg\" width=\"280\" height=\"142\" alt=\"3D-Zeichnung einer F\u00fchranlage\" \/><\/div><h2 class=\"flip-box-heading without-text\">F\u00fchranlage<\/h2><\/div><\/div><div class=\"flip-box-back\" style=\"--awb-background-image-back:url(&#039;https:\/\/molenkoning.com\/wp-content\/uploads\/2020\/02\/Horsewalker-600x400.jpg&#039;);\"><div class=\"flip-box-back-inner\"><h3 class=\"flip-box-heading-back\">F\u00fchranlage<\/h3>\n<p>Die Pferdef\u00fchranlage von Molenkoning ist eine einfach zu installierende und sofort verwendbare, solide, feuerverzinkte Stahlkonstruktion.<br \/>\n<a href=\"https:\/\/molenkoning.com\/de\/produkte\/pferdefuehranlage\/\">Weiterlesen<\/a><\/p>\n<\/div><\/div><\/div><\/div><\/div><div class=\"fusion-flip-box-wrapper fusion-column col-lg-4 col-md-4 col-sm-4\"><div class=\"fusion-flip-box flip-up\" tabindex=\"0\"><div class=\"flip-box-inner-wrapper\"><div class=\"flip-box-front\"><div class=\"flip-box-front-inner\"><div class=\"flip-box-grafix flip-box-image\"><img decoding=\"async\" src=\"https:\/\/molenkoning.com\/wp-content\/uploads\/2022\/09\/The-Rail-Gliding-Walker-2-1200x675.png\" width=\"1200\" height=\"675\" alt=\"The Rail Gliding Walker - 2\" \/><\/div><h2 class=\"flip-box-heading without-text\">Gleitschienen-F\u00fchranlagen<\/h2><\/div><\/div><div class=\"flip-box-back\" style=\"--awb-background-image-back:url(&#039;https:\/\/molenkoning.com\/wp-content\/uploads\/2020\/02\/railgliding-600x451.jpg&#039;);\"><div class=\"flip-box-back-inner\"><h3 class=\"flip-box-heading-back\">Gleitschienen-F\u00fchranlagen<\/h3>\n<p>Die neueste Molenkoning-Innovation f\u00fcr alle, die nach etwas anderem suchen.<\/p>\n<p><a href=\"https:\/\/molenkoning.com\/de\/produkte\/gleitschienen-fuhranlage\/\">Weiterlesen<\/a><\/p>\n<\/div><\/div><\/div><\/div><\/div><div class=\"fusion-flip-box-wrapper fusion-column col-lg-4 col-md-4 col-sm-4\"><div class=\"fusion-flip-box flip-up\" tabindex=\"0\"><div class=\"flip-box-inner-wrapper\"><div class=\"flip-box-front\"><div class=\"flip-box-front-inner\"><div class=\"flip-box-grafix flip-box-image\"><img decoding=\"async\" src=\"https:\/\/molenkoning.com\/wp-content\/uploads\/2020\/01\/skywalker-molenkoning.jpg\" width=\"280\" height=\"142\" alt=\"3D-Ansicht des Skywalkers\" \/><\/div><h2 class=\"flip-box-heading without-text\">Skywalker<\/h2><\/div><\/div><div class=\"flip-box-back\" style=\"--awb-background-image-back:url(&#039;https:\/\/molenkoning.com\/wp-content\/uploads\/2020\/02\/Skywalker-1-600x400.jpg&#039;);\"><div class=\"flip-box-back-inner\"><h3 class=\"flip-box-heading-back\">Skywalker<\/h3>\n<p>Innovative Deckenf\u00fchranlage. Diese Pferde-Trainingsanlage wird am Dach aufgeh\u00e4ngt. Der lichtdurchflutete Raum in der Mitte der F\u00fchranlage l\u00e4sst sich als Longierkreis nutzen.<\/p>\n<p><a href=\"https:\/\/molenkoning.com\/de\/produkte\/deckenmontierte-pferde-fuhranlage-skywalker\/\">Weiterlesen<\/a><\/p>\n<\/div><\/div><\/div><\/div><\/div><div class=\"fusion-flip-box-wrapper fusion-column col-lg-4 col-md-4 col-sm-4\"><div class=\"fusion-flip-box flip-up\" tabindex=\"0\"><div class=\"flip-box-inner-wrapper\"><div class=\"flip-box-front\"><div class=\"flip-box-front-inner\"><div class=\"flip-box-grafix flip-box-image\"><img decoding=\"async\" src=\"https:\/\/molenkoning.com\/wp-content\/uploads\/2020\/01\/track-roof-molenkoning.jpg\" width=\"280\" height=\"142\" alt=\"Hufschlag\u00fcberdachung f\u00fcr F\u00fchranlage\" \/><\/div><h2 class=\"flip-box-heading without-text\">Hufschlag\u00fcberdachung<\/h2><\/div><\/div><div class=\"flip-box-back\" style=\"--awb-background-image-back:url(&#039;https:\/\/molenkoning.com\/wp-content\/uploads\/2020\/02\/Trackroof-600x400.jpg&#039;);\"><div class=\"flip-box-back-inner\"><h3 class=\"flip-box-heading-back\">Hufschlag\u00fcberdachung<\/h3>\n<p>Mit einem Hufschlagdach \u00fcber Ihrer Pferdef\u00fchranlage sorgen Sie daf\u00fcr, dass Ihre Pferde immer ausreichend viel Bewegung bekommen.<\/p>\n<p><a href=\"https:\/\/molenkoning.com\/de\/produkte\/hufschlaguberdachung-fur-fuhranlage\/\">Weiterlesen<\/a><\/p>\n<\/div><\/div><\/div><\/div><\/div><div class=\"fusion-flip-box-wrapper fusion-column col-lg-4 col-md-4 col-sm-4\"><div class=\"fusion-flip-box flip-up\" tabindex=\"0\"><div class=\"flip-box-inner-wrapper\"><div class=\"flip-box-front\"><div class=\"flip-box-front-inner\"><div class=\"flip-box-grafix flip-box-image\"><img decoding=\"async\" src=\"https:\/\/molenkoning.com\/wp-content\/uploads\/2020\/01\/closed-roof-lunging-molenkoning.jpg\" width=\"280\" height=\"142\" alt=\"Struktur eines Longierzirkels 3D-Ansicht\" \/><\/div><h2 class=\"flip-box-heading without-text\">Geschlossene \u00fcberdachung<\/h2><\/div><\/div><div class=\"flip-box-back\" style=\"--awb-background-image-back:url(&#039;https:\/\/molenkoning.com\/wp-content\/uploads\/2020\/02\/closed_roof.png&#039;);\"><div class=\"flip-box-back-inner\"><h3 class=\"flip-box-heading-back\">Geschlossene \u00fcberdachung<\/h3>\n<p>Molenkoning entwirft und baut Ihnen die Reithofanlage Ihrer Tr\u00e4ume.<\/p>\n<p><a href=\"https:\/\/molenkoning.com\/de\/produkte\/longierzirkel-mit-geschlossener-uberdachung\/\">Weiterlesen<\/a><\/p>\n<\/div><\/div><\/div><\/div><\/div><div class=\"fusion-flip-box-wrapper fusion-column col-lg-4 col-md-4 col-sm-4\"><div class=\"fusion-flip-box flip-up\" tabindex=\"0\"><div class=\"flip-box-inner-wrapper\"><div class=\"flip-box-front\"><div class=\"flip-box-front-inner\"><div class=\"flip-box-grafix flip-box-image\"><img decoding=\"async\" src=\"https:\/\/molenkoning.com\/wp-content\/uploads\/2020\/01\/entrance-molenkoning-for-horse-walkers.jpg\" width=\"280\" height=\"142\" alt=\"Technische Informationen von \u00fcberdachten Eingangsbereichen\" \/><\/div><h2 class=\"flip-box-heading without-text\">Vordach<\/h2><\/div><\/div><div class=\"flip-box-back\" style=\"--awb-background-image-back:url(&#039;https:\/\/molenkoning.com\/wp-content\/uploads\/2020\/02\/covered-entrance-600x453.jpg&#039;);\"><div class=\"flip-box-back-inner\"><h3 class=\"flip-box-heading-back\">Vordach<\/h3>\n<p>Ein \u00fcberdachter Eingang veredelt nicht nur das Erscheinungsbild Ihrer Konstruktion. Durch diesen ist es auch angenehmer, die Pferde in das Geb\u00e4ude zu f\u00fchren, wenn es regnet.<\/p>\n<p><a href=\"https:\/\/molenkoning.com\/de\/produkte\/uberdachter-eingangsbereich-fur-pferdesport-dacher\/\">Weiterlesen<\/a><\/p>\n<\/div><\/div><\/div><\/div><\/div><div class=\"fusion-flip-box-wrapper fusion-column col-lg-4 col-md-4 col-sm-4\"><div class=\"fusion-flip-box flip-up\" tabindex=\"0\"><div class=\"flip-box-inner-wrapper\"><div class=\"flip-box-front\"><div class=\"flip-box-front-inner\"><div class=\"flip-box-grafix flip-box-image\"><img decoding=\"async\" src=\"https:\/\/molenkoning.com\/wp-content\/uploads\/2020\/01\/round-fence.jpg\" width=\"280\" height=\"142\" alt=\"Round fence MK\" \/><\/div><h2 class=\"flip-box-heading without-text\">Round Fence<\/h2><\/div><\/div><div class=\"flip-box-back\" style=\"--awb-background-image-back:url(&#039;https:\/\/molenkoning.com\/wp-content\/uploads\/2020\/02\/roundfence-600x400.jpg&#039;);\"><div class=\"flip-box-back-inner\"><h3 class=\"flip-box-heading-back\">Round Fence<\/h3>\n<p>Der Round Fence ist der Kronjuwel unter den Molenkoning-Z\u00e4unen.<\/p>\n<p><a href=\"https:\/\/molenkoning.com\/de\/pferdefuhranlagen-umzaunung-modell-round-fence\/\">Weiterlesen<\/a><\/p>\n<\/div><\/div><\/div><\/div><\/div><div class=\"fusion-flip-box-wrapper fusion-column col-lg-4 col-md-4 col-sm-4\"><div class=\"fusion-flip-box flip-up\" tabindex=\"0\"><div class=\"flip-box-inner-wrapper\"><div class=\"flip-box-front\"><div class=\"flip-box-front-inner\"><div class=\"flip-box-grafix flip-box-image\"><img decoding=\"async\" src=\"https:\/\/molenkoning.com\/wp-content\/uploads\/2020\/01\/sweden-fence-molenkoning.jpg\" width=\"280\" height=\"142\" alt=\"MK Sweden fence\" \/><\/div><h2 class=\"flip-box-heading without-text\">Sweden Fence<\/h2><\/div><\/div><div class=\"flip-box-back\" style=\"--awb-background-image-back:url(&#039;https:\/\/molenkoning.com\/wp-content\/uploads\/2020\/02\/Sweden-Fence-600x402.jpg&#039;);\"><div class=\"flip-box-back-inner\"><h3 class=\"flip-box-heading-back\">Sweden Fence<\/h3>\n<p>Wie am Namen zu erkennen, haben wir uns bei diesem Produkt von der \u00fcppigen, endlosen Natur Schwedens inspirieren lassen, welche in Europa besonders f\u00fcr ihren Kieferreichtum bekannt ist.<\/p>\n<p><a href=\"https:\/\/molenkoning.com\/de\/produkte\/pferde-fuhranlagen-umzaunung-modell-sweden-fence\/\">Weiterlesen<\/a><\/p>\n<\/div><\/div><\/div><\/div><\/div><div class=\"fusion-flip-box-wrapper fusion-column col-lg-4 col-md-4 col-sm-4\"><div class=\"fusion-flip-box flip-up\" tabindex=\"0\"><div class=\"flip-box-inner-wrapper\"><div class=\"flip-box-front\"><div class=\"flip-box-front-inner\"><div class=\"flip-box-grafix flip-box-image\"><img decoding=\"async\" src=\"https:\/\/molenkoning.com\/wp-content\/uploads\/2020\/01\/horsewalker-with-beoband-from-molenkoning.jpg\" width=\"280\" height=\"118\" alt=\"Beoband Mk\" \/><\/div><h2 class=\"flip-box-heading without-text\">MK Safeline Z\u00e4une<\/h2><\/div><\/div><div class=\"flip-box-back\" style=\"--awb-background-image-back:url(&#039;https:\/\/molenkoning.com\/wp-content\/uploads\/2020\/02\/Beo-Band-600x400.jpg&#039;);\"><div class=\"flip-box-back-inner\"><h3 class=\"flip-box-heading-back\">MK Safeline Z\u00e4une<\/h3>\n<p>MK Safeline Z\u00e4une oder auch der Smart Budget-Zaun sind perfekte Beispiele f\u00fcr niederl\u00e4ndische Wertarbeit: Qualitativ hochwertige Materialien zu<br \/>\nangemessenen Preisen.<\/p>\n<p><a href=\"https:\/\/molenkoning.com\/de\/produkte\/pferde-fuhranlage-mit-mk-safeline-umzaunung\/\">Weiterlesen<\/a><\/p>\n<\/div><\/div><\/div><\/div><\/div><div class=\"fusion-flip-box-wrapper fusion-column col-lg-4 col-md-4 col-sm-4\"><div class=\"fusion-flip-box flip-up\" tabindex=\"0\"><div class=\"flip-box-inner-wrapper\"><div class=\"flip-box-front\"><div class=\"flip-box-front-inner\"><div class=\"flip-box-grafix flip-box-image\"><img decoding=\"async\" src=\"https:\/\/molenkoning.com\/wp-content\/uploads\/2020\/11\/solarium-mkshop.png\" width=\"1200\" height=\"675\" alt=\"\" \/><\/div><h2 class=\"flip-box-heading without-text\">Solarium<\/h2><\/div><\/div><div class=\"flip-box-back\" style=\"--awb-background-image-back:url(&#039;https:\/\/molenkoning.com\/wp-content\/uploads\/2021\/04\/MK-solarium-for-horses-1.jpg&#039;);\"><div class=\"flip-box-back-inner\"><h3 class=\"flip-box-heading-back\">Solarium<\/h3>\n<p>Ein Pferd ist ein Athlet; daher wird es wahrscheinlich Verletzungen erleiden, egal in welcher Klasse es konkurriert.<\/p>\n<p><a href=\"https:\/\/molenkoning.com\/de\/produkte\/solarium\/\">Weiterlesen<\/a><\/p>\n<\/div><\/div><\/div><\/div><\/div><div class=\"fusion-flip-box-wrapper fusion-column col-lg-4 col-md-4 col-sm-4\"><div class=\"fusion-flip-box flip-up\" tabindex=\"0\"><div class=\"flip-box-inner-wrapper\"><div class=\"flip-box-front\"><div class=\"flip-box-front-inner\"><div class=\"flip-box-grafix flip-box-image\"><img decoding=\"async\" src=\"https:\/\/molenkoning.com\/wp-content\/uploads\/2020\/01\/equitrack.jpg\" width=\"280\" height=\"142\" alt=\"equitrack\" \/><\/div><h2 class=\"flip-box-heading without-text\">Equitrack<\/h2><\/div><\/div><div class=\"flip-box-back\" style=\"--awb-background-image-back:url(&#039;https:\/\/molenkoning.com\/wp-content\/uploads\/2020\/02\/EQUITRACK-600x414.jpg&#039;);\"><div class=\"flip-box-back-inner\"><h3 class=\"flip-box-heading-back\">Equitrack<\/h3>\n<p>Equitrack ist der ideale Untergrund f\u00fcr die Pferdef\u00fchranlage. So sparen Sie sich Pflastersteine oder teure Bodenbretter.<\/p>\n<p><a href=\"https:\/\/molenkoning.com\/de\/produkte\/equitrack-paviment-for-horse-walker\/\">Weiterlesen<\/a><\/p>\n<\/div><\/div><\/div><\/div><\/div><div class=\"fusion-flip-box-wrapper fusion-column col-lg-4 col-md-4 col-sm-4\"><div class=\"fusion-flip-box flip-up\" tabindex=\"0\"><div class=\"flip-box-inner-wrapper\"><div class=\"flip-box-front\"><div class=\"flip-box-front-inner\"><div class=\"flip-box-grafix flip-box-image\"><img decoding=\"async\" src=\"https:\/\/molenkoning.com\/wp-content\/uploads\/2020\/01\/molenkoning-groundwoks-equestrian-constructions.jpg\" width=\"280\" height=\"142\" alt=\"3D-Zeichnung der vorgefertigten Fundamente f\u00fcr Reithallen\" \/><\/div><h2 class=\"flip-box-heading without-text\">Selbstmontage Fertig-Fundamente<\/h2><\/div><\/div><div class=\"flip-box-back\" style=\"--awb-background-image-back:url(&#039;https:\/\/molenkoning.com\/wp-content\/uploads\/2020\/02\/GROUNDWORKS-600x398.jpg&#039;);\"><div class=\"flip-box-back-inner\"><h3 class=\"flip-box-heading-back\">Selbstmontage Fertig-Fundamente<\/h3>\n<p>Wie zufrieden der Kunde mit der gekauften Pferdef\u00fchranlage ist, h\u00e4ngt auch damit zusammen, wie einfach sich diese aufbauen l\u00e4sst.<\/p>\n<p><a href=\"https:\/\/molenkoning.com\/de\/produkte\/erd-bzw-bodenarbeiten-fur-pferdesport-anlagen\/\">Weiterlesen<\/a><\/p>\n<\/div><\/div><\/div><\/div><\/div><div class=\"fusion-flip-box-wrapper fusion-column col-lg-4 col-md-4 col-sm-4\"><div class=\"fusion-flip-box flip-up\" tabindex=\"0\"><div class=\"flip-box-inner-wrapper\"><div class=\"flip-box-front\"><div class=\"flip-box-front-inner\"><div class=\"flip-box-grafix flip-box-image\"><img decoding=\"async\" src=\"https:\/\/molenkoning.com\/wp-content\/uploads\/2023\/03\/Power_plate_mkshop.png\" width=\"1200\" height=\"900\" alt=\"\" \/><\/div><h2 class=\"flip-box-heading without-text\">Horsepower Plate<\/h2><\/div><\/div><div class=\"flip-box-back\" style=\"--awb-background-image-back:url(&#039;https:\/\/molenkoning.com\/wp-content\/uploads\/2020\/02\/powerplate-600x725.jpg&#039;);\"><div class=\"flip-box-back-inner\"><h3 class=\"flip-box-heading-back\">Horsepower Plate<\/h3>\n<p>Ganzk\u00f6rperschwingung (GKS) Vibrationsplatte. Im Laufe der Jahre wurde viel Forschung (meist bei Menschen) \u00fcber die Vorteile der GKS betrieben. Im Vergleich dazu hat der Einsatz von GKS mittels Vibrationspl<\/p>\n<p><a href=\"https:\/\/molenkoning.com\/de\/produkte\/rehabilitations-bzw-regenerations-zubehor-fur-pferde-vibrationsplatte\/\">Weiterlesen<\/a><\/p>\n<\/div><\/div><\/div><\/div><\/div><div class=\"fusion-flip-box-wrapper fusion-column col-lg-4 col-md-4 col-sm-4\"><div class=\"fusion-flip-box flip-up\" tabindex=\"0\"><div class=\"flip-box-inner-wrapper\"><div class=\"flip-box-front\"><div class=\"flip-box-front-inner\"><div class=\"flip-box-grafix flip-box-image\"><img decoding=\"async\" src=\"https:\/\/molenkoning.com\/wp-content\/uploads\/2020\/01\/windbreak-net-molenkoning.jpg\" width=\"280\" height=\"142\" alt=\"3D-Ansicht des Windschutznetzes\" \/><\/div><h2 class=\"flip-box-heading without-text\">Windschutznetze<\/h2><\/div><\/div><div class=\"flip-box-back\" style=\"--awb-background-image-back:url(&#039;https:\/\/molenkoning.com\/wp-content\/uploads\/2020\/02\/windbreaknet-600x450.jpg&#039;);\"><div class=\"flip-box-back-inner\"><h3 class=\"flip-box-heading-back\">Windschutznetze<\/h3>\n<p>Wir alle wissen, wie viel Unbehagen Wind unseren Pferden beim Training bereiten kann.<\/p>\n<p><a href=\"https:\/\/molenkoning.com\/de\/produkte\/windschutznetz-fur-longierzirkel-bzw-fuhranlagenuberdachungen\/\">Weiterlesen<\/a><\/p>\n<\/div><\/div><\/div><\/div><\/div><div class=\"fusion-flip-box-wrapper fusion-column col-lg-4 col-md-4 col-sm-4\"><div class=\"fusion-flip-box flip-up\" tabindex=\"0\"><div class=\"flip-box-inner-wrapper\"><div class=\"flip-box-front\"><div class=\"flip-box-front-inner\"><div class=\"flip-box-grafix flip-box-image\"><img decoding=\"async\" src=\"https:\/\/molenkoning.com\/wp-content\/uploads\/2020\/01\/options-walker.jpg\" width=\"280\" height=\"142\" alt=\"MK\" \/><\/div><h2 class=\"flip-box-heading without-text\">Optionen f\u00fcr Pferde-F\u00fchranlagen<\/h2><\/div><\/div><div class=\"flip-box-back\" style=\"--awb-background-image-back:url(&#039;https:\/\/molenkoning.com\/wp-content\/uploads\/2020\/02\/options-600x400.jpg&#039;);\"><div class=\"flip-box-back-inner\"><h3 class=\"flip-box-heading-back\">Optionen f\u00fcr Pferde-F\u00fchranlagen<\/h3>\n<p>Das Molenkoning Pferde-F\u00fchranlagen-System, erlaubt es Ihnen zahlreiche Optionen zu erg\u00e4nzen, die die Leistungsf\u00e4higkeit, den Komfort und die Sicherheit ihrer Anlage erweitern.<\/p>\n<p><a href=\"https:\/\/molenkoning.com\/de\/produkte\/optionen-fur-pferde-fuhranlagen\/\">Weiterlesen<\/a><\/p>\n<\/div><\/div><\/div><\/div><\/div><\/div><div class=\"clearfix\"><\/div><div class=\"fusion-clearfix\"><\/div><\/div><\/div><\/div><\/div>\n","protected":false},"excerpt":{"rendered":"","protected":false},"author":1,"featured_media":0,"parent":0,"menu_order":0,"comment_status":"closed","ping_status":"closed","template":"","meta":{"_acf_changed":false,"content-type":"","footnotes":""},"class_list":["post-11703","page","type-page","status-publish","hentry"],"acf":[],"_links":{"self":[{"href":"https:\/\/molenkoning.com\/de\/wp-json\/wp\/v2\/pages\/11703","targetHints":{"allow":["GET"]}}],"collection":[{"href":"https:\/\/molenkoning.com\/de\/wp-json\/wp\/v2\/pages"}],"about":[{"href":"https:\/\/molenkoning.com\/de\/wp-json\/wp\/v2\/types\/page"}],"author":[{"embeddable":true,"href":"https:\/\/molenkoning.com\/de\/wp-json\/wp\/v2\/users\/1"}],"replies":[{"embeddable":true,"href":"https:\/\/molenkoning.com\/de\/wp-json\/wp\/v2\/comments?post=11703"}],"version-history":[{"count":25,"href":"https:\/\/molenkoning.com\/de\/wp-json\/wp\/v2\/pages\/11703\/revisions"}],"predecessor-version":[{"id":186263,"href":"https:\/\/molenkoning.com\/de\/wp-json\/wp\/v2\/pages\/11703\/revisions\/186263"}],"wp:attachment":[{"href":"https:\/\/molenkoning.com\/de\/wp-json\/wp\/v2\/media?parent=11703"}],"curies":[{"name":"wp","href":"https:\/\/api.w.org\/{rel}","templated":true}]}}