{"id":11629,"date":"2016-02-24T05:23:09","date_gmt":"2016-02-24T05:23:09","guid":{"rendered":"https:\/\/molenkoning.com\/about\/"},"modified":"2024-04-22T13:53:03","modified_gmt":"2024-04-22T13:53:03","slug":"uber-uns","status":"publish","type":"page","link":"https:\/\/molenkoning.com\/de\/uber-uns\/","title":{"rendered":"\u00dcber uns"},"content":{"rendered":"<p><div class=\"fusion-fullwidth fullwidth-box fusion-builder-row-1 fusion-parallax-none abtouter hundred-percent-fullwidth non-hundred-percent-height-scrolling fusion-no-small-visibility\" style=\"--awb-background-position:center top;--awb-border-radius-top-left:0px;--awb-border-radius-top-right:0px;--awb-border-radius-bottom-right:0px;--awb-border-radius-bottom-left:0px;--awb-padding-top:30px;--awb-padding-right:30px;--awb-padding-bottom:0px;--awb-margin-bottom:0px;--awb-background-image:url(&quot;https:\/\/molenkoning.com\/wp-content\/uploads\/2020\/04\/storybg.jpg&quot;);--awb-background-size:cover;--awb-flex-wrap:wrap;\" ><div class=\"fusion-builder-row fusion-row\"><div class=\"fusion-layout-column fusion_builder_column fusion-builder-column-0 fusion_builder_column_1_2 1_2 fusion-one-half fusion-column-first abtouter\" style=\"--awb-bg-position:right bottom;--awb-bg-size:cover;--awb-margin-bottom:0px;width:50%;width:calc(50% - ( ( 0px ) * 0.5 ) );margin-right: 0px;\"><div class=\"fusion-column-wrapper fusion-column-has-shadow fusion-flex-column-wrapper-legacy\"><div class=\"fusion-clearfix\"><\/div><\/div><\/div><div class=\"fusion-layout-column fusion_builder_column fusion-builder-column-1 fusion_builder_column_1_2 1_2 fusion-one-half fusion-column-last\" style=\"--awb-padding-left:110px;--awb-bg-position:right bottom;--awb-bg-size:cover;--awb-margin-bottom:0px;width:50%;width:calc(50% - ( ( 0px ) * 0.5 ) );\"><div class=\"fusion-column-wrapper fusion-column-has-shadow fusion-flex-column-wrapper-legacy\"><div class=\"fusion-title title fusion-title-1 fusion-sep-none fusion-title-center fusion-title-text fusion-title-size-one\" style=\"--awb-font-size:35px;\"><h1 class=\"fusion-title-heading title-heading-center\" style=\"margin:0;font-size:1em;\"><span style=\"color: #ffffff;\">Molenkoning &#8211; die Geschichte<\/span><span style=\"color: #bfa723;\"> eines Vaters und seiner beiden S\u00f6hne<\/span><\/h1><\/div><div class=\"fusion-text fusion-text-1\"><p><span style=\"color: #ffffff;\"><span style=\"color: #bfa723;\">Jos de Swart<\/span> ist ein Pferdeliebhaber mit Herz und Seele. Er kaufte sein erstes Pferd im Alter von 18 Jahren, nicht um die Familientradition aufrechtzuerhalten, sondern weil die Tiere ihn angesprochen hatten. Er wusste sofort, was er mochte: das niederl\u00e4ndische Pferdegeschirr.<\/span><\/p>\n<p><span style=\"color: #ffffff;\">Die jahrelange Ausbildung und Arbeit mit den Pferden sorgte f\u00fcr einen gut gef\u00fcllten Troph\u00e4enschrank. Die S\u00f6hne <span style=\"color: #bfa723;\">Ton und Nicky de Swart<\/span> nahmen regelm\u00e4\u00dfig an Wettbewerben teil und wurden von der Begeisterung ihres Vaters Jos angezogen. Sie gingen mit regionalen und sogar nationalen Preisen nach Hause.<\/span><\/p>\n<p><span style=\"color: #ffffff;\">Nachdem Ton im Alter von 17 Jahren die Schule beendet hatte, wusste er sofort, was er wollte: seine eigene Handelsfirma. Jos, ein Schwei\u00dfer zu der Zeit, verkaufte ein Paar Pferde und zusammen gr\u00fcndeten sie das erste Gesch\u00e4ft als ihr eigener Chef. Sie kauften eine S\u00e4ge, eine Bohrmaschine und ein Schwei\u00dfger\u00e4t und waren mit denen bereit, St\u00e4lle f\u00fcr Menschen wie sich selbst zu bauen: <span style=\"color: #bfa723;\">Menschen, die sich f\u00fcr Pferde begeistern.<\/span><\/span><\/p>\n<p><span style=\"color: #ffffff;\">Die ersten Jahre waren schwierig. Ton konzentrierte sich auf den Verkauf von St\u00e4llen und Jos leitete die Produktion. Es war eine kleine Firma, die es schwierig machte, die vielen verschiedenen St\u00e4lle zu perfektionieren. Zu dieser Zeit machten sie gelegentlich eine Pferde F\u00fchranlage zwischen allen Stallprojekten, aber dies war keineswegs ein wichtiges Produkt. Die Preise waren hoch und eine F\u00fchranlage war f\u00fcr den durchschnittlichen Pferdebesitzer viel zu teuer. Die einzigen Kunden, bei denen damals eine F\u00fchranlage installiert war, waren gro\u00dfe Reitschulen oder professionelle St\u00e4lle.<\/span><\/p>\n<p><span style=\"color: #ffffff;\">Ungef\u00e4hr zu dieser Zeit beendete Sohn Nicky sein Studium und schloss sich dem Paar an. Zusammen machten sie das Design f\u00fcr die F\u00fchranlagen. Jos wollte schon lange Pferde F\u00fchranlagen wie andere Ger\u00e4te Plug-and-Play-f\u00e4hig machen. Das Modell wurde modular und einfach \u00fcberarbeitet. Wenn sie mehr in Serie produzieren w\u00fcrden, w\u00fcrde die F\u00fchranlage auch billiger und f\u00fcr ein breiteres Publikum zug\u00e4nglich werden, f\u00fcr Pferdebesitzer wie sie.<\/span><\/p>\n<p><span style=\"color: #ffffff;\">Sie machten die ersten Prototypen und die Pferde F\u00fchranlage nahm Gestalt an. Sie waren bereit f\u00fcr den n\u00e4chsten Schritt, den Namen. An einem Wochenende hat sich die Familie Gedanken gemacht. Es wurden mehrere Namen vorgeschlagen. Aber sie suchten nach einem auff\u00e4lligen Namen, der bleibt. Am Ende wurde es Molenkoning &#8211; vielleicht ein bisschen gewagt, aber es f\u00fchlte sich gut an. Am selben Wochenende machte Nicky eine Website und Ton machte eine Anzeige in einer Pferdezeitung. In der folgenden Woche verkauften sie drei Pferde F\u00fchranlagen. Dann wussten die M\u00e4nner, dass sie Gold schlugen! Sie h\u00e4tten sich nie vorstellen k\u00f6nnen, was als n\u00e4chstes geschah.<\/span><\/p>\n<p><span style=\"color: #ffffff;\">In den folgenden Jahren wurde Molenkoning zum Weltmarktf\u00fchrer auf dem Gebiet der Pferde F\u00fchranlagen, Umz\u00e4unungen und D\u00e4cher. <span style=\"color: #bfa723;\">Molenkonings Mission ist es bis heute, hochwertige <a href=\"https:\/\/molenkoning.com\/de\/produkte\/pferde-fuhranlagen\/\">F\u00fchranlagen<\/a> zu einem wettbewerbsf\u00e4higen Preis herzustellen.<\/span> Molenkonings Anlagen sind als DIY-Kit perfektioniert und konkurrenzlos &#8211; Worte, die Sie uns nicht glauben m\u00fcssen. Lesen Sie die Geschichten von Tausenden von Kunden, die Ihnen vorausgegangen sind:<\/span><\/p>\n<p><a href=\"https:\/\/molenkoning.com\/de\/mk-erfahrungen\/\">Klicken!<\/a><\/p>\n<\/div><div class=\"fusion-clearfix\"><\/div><\/div><\/div><\/div><\/div><div class=\"fusion-fullwidth fullwidth-box fusion-builder-row-2 abtouter hundred-percent-fullwidth non-hundred-percent-height-scrolling fusion-no-medium-visibility fusion-no-large-visibility\" style=\"--awb-background-position:center top;--awb-border-radius-top-left:0px;--awb-border-radius-top-right:0px;--awb-border-radius-bottom-right:0px;--awb-border-radius-bottom-left:0px;--awb-padding-right:0px;--awb-padding-bottom:0px;--awb-padding-left:0px;--awb-margin-bottom:0px;--awb-flex-wrap:wrap;\" ><div class=\"fusion-builder-row fusion-row\"><div class=\"fusion-layout-column fusion_builder_column fusion-builder-column-2 fusion_builder_column_1_2 1_2 fusion-one-half fusion-column-first abtouter\" style=\"--awb-bg-position:right bottom;--awb-bg-size:cover;--awb-margin-bottom:0px;width:50%;width:calc(50% - ( ( 0px ) * 0.5 ) );margin-right: 0px;\"><div class=\"fusion-column-wrapper fusion-column-has-shadow fusion-flex-column-wrapper-legacy\"><div class=\"fusion-image-element in-legacy-container\" style=\"--awb-caption-title-font-family:var(--h2_typography-font-family);--awb-caption-title-font-weight:var(--h2_typography-font-weight);--awb-caption-title-font-style:var(--h2_typography-font-style);--awb-caption-title-size:var(--h2_typography-font-size);--awb-caption-title-transform:var(--h2_typography-text-transform);--awb-caption-title-line-height:var(--h2_typography-line-height);--awb-caption-title-letter-spacing:var(--h2_typography-letter-spacing);\"><span class=\" fusion-imageframe imageframe-none imageframe-1 hover-type-none\"><img decoding=\"async\" width=\"915\" height=\"1024\" alt=\"\u30c8\u30f3\u2013\u30e8\u30b9\u2013\u30cb\u30c3\u30ad\u30fc\" title=\"Ton-Jos-Nicky\" src=\"https:\/\/molenkoning.com\/wp-content\/uploads\/2020\/05\/Ton-Jos-Nicky-915x1024.jpg\" class=\"img-responsive wp-image-21333\" srcset=\"https:\/\/molenkoning.com\/wp-content\/uploads\/2020\/05\/Ton-Jos-Nicky-200x224.jpg 200w, https:\/\/molenkoning.com\/wp-content\/uploads\/2020\/05\/Ton-Jos-Nicky-400x448.jpg 400w, https:\/\/molenkoning.com\/wp-content\/uploads\/2020\/05\/Ton-Jos-Nicky-600x671.jpg 600w, https:\/\/molenkoning.com\/wp-content\/uploads\/2020\/05\/Ton-Jos-Nicky-800x895.jpg 800w, https:\/\/molenkoning.com\/wp-content\/uploads\/2020\/05\/Ton-Jos-Nicky-1200x1343.jpg 1200w\" sizes=\"(max-width: 800px) 100vw, 600px\" \/><\/span><\/div><div class=\"fusion-clearfix\"><\/div><\/div><\/div><div class=\"fusion-layout-column fusion_builder_column fusion-builder-column-3 fusion_builder_column_1_2 1_2 fusion-one-half fusion-column-last\" style=\"--awb-padding-top:20px;--awb-padding-right:20px;--awb-padding-bottom:20px;--awb-padding-left:20px;--awb-bg-color:#484848;--awb-bg-color-hover:#484848;--awb-bg-position:right bottom;--awb-bg-size:cover;--awb-margin-bottom:0px;width:50%;width:calc(50% - ( ( 0px ) * 0.5 ) );\"><div class=\"fusion-column-wrapper fusion-column-has-shadow fusion-flex-column-wrapper-legacy\"><div class=\"fusion-title title fusion-title-2 fusion-sep-none fusion-title-center fusion-title-text fusion-title-size-one\" style=\"--awb-font-size:18px;\"><h1 class=\"fusion-title-heading title-heading-center\" style=\"margin:0;font-size:1em;\"><span style=\"color: #ffffff;\">Molenkoning &#8211; die Geschichte<\/span><span style=\"color: #bfa723;\"> eines Vaters und seiner beiden S\u00f6hne<\/span><\/h1><\/div><div class=\"fusion-text fusion-text-2\"><p><span style=\"color: #ffffff;\"><span style=\"color: #bfa723;\">Jos de Swart<\/span> ist ein Pferdeliebhaber mit Herz und Seele. Er kaufte sein erstes Pferd im Alter von 18 Jahren, nicht um die Familientradition aufrechtzuerhalten, sondern weil die Tiere ihn angesprochen hatten. Er wusste sofort, was er mochte: das niederl\u00e4ndische Pferdegeschirr.<\/span><\/p>\n<p><span style=\"color: #ffffff;\">Die jahrelange Ausbildung und Arbeit mit den Pferden sorgte f\u00fcr einen gut gef\u00fcllten Troph\u00e4enschrank. Die S\u00f6hne <span style=\"color: #bfa723;\">Ton und Nicky de Swart<\/span> nahmen regelm\u00e4\u00dfig an Wettbewerben teil und wurden von der Begeisterung ihres Vaters Jos angezogen. Sie gingen mit regionalen und sogar nationalen Preisen nach Hause.<\/span><\/p>\n<p><span style=\"color: #ffffff;\">Nachdem Ton im Alter von 17 Jahren die Schule beendet hatte, wusste er sofort, was er wollte: seine eigene Handelsfirma. Jos, ein Schwei\u00dfer zu der Zeit, verkaufte ein Paar Pferde und zusammen gr\u00fcndeten sie das erste Gesch\u00e4ft als ihr eigener Chef. Sie kauften eine S\u00e4ge, eine Bohrmaschine und ein Schwei\u00dfger\u00e4t und waren mit denen bereit, St\u00e4lle f\u00fcr Menschen wie sich selbst zu bauen: <span style=\"color: #bfa723;\">Menschen, die sich f\u00fcr Pferde begeistern.<\/span><\/span><\/p>\n<p><span style=\"color: #ffffff;\">Die ersten Jahre waren schwierig. Ton konzentrierte sich auf den Verkauf von St\u00e4llen und Jos leitete die Produktion. Es war eine kleine Firma, die es schwierig machte, die vielen verschiedenen St\u00e4lle zu perfektionieren. Zu dieser Zeit machten sie gelegentlich eine Pferde F\u00fchranlage zwischen allen Stallprojekten, aber dies war keineswegs ein wichtiges Produkt. Die Preise waren hoch und eine F\u00fchranlage war f\u00fcr den durchschnittlichen Pferdebesitzer viel zu teuer. Die einzigen Kunden, bei denen damals eine F\u00fchranlage installiert war, waren gro\u00dfe Reitschulen oder professionelle St\u00e4lle.<\/span><\/p>\n<p><span style=\"color: #ffffff;\">Ungef\u00e4hr zu dieser Zeit beendete Sohn Nicky sein Studium und schloss sich dem Paar an. Zusammen machten sie das Design f\u00fcr die F\u00fchranlagen. Jos wollte schon lange Pferde F\u00fchranlagen wie andere Ger\u00e4te Plug-and-Play-f\u00e4hig machen. Das Modell wurde modular und einfach \u00fcberarbeitet. Wenn sie mehr in Serie produzieren w\u00fcrden, w\u00fcrde die F\u00fchranlage auch billiger und f\u00fcr ein breiteres Publikum zug\u00e4nglich werden, f\u00fcr Pferdebesitzer wie sie.<\/span><\/p>\n<p><span style=\"color: #ffffff;\">Sie machten die ersten Prototypen und die Pferde F\u00fchranlage nahm Gestalt an. Sie waren bereit f\u00fcr den n\u00e4chsten Schritt, den Namen. An einem Wochenende hat sich die Familie Gedanken gemacht. Es wurden mehrere Namen vorgeschlagen. Aber sie suchten nach einem auff\u00e4lligen Namen, der bleibt. Am Ende wurde es Molenkoning &#8211; vielleicht ein bisschen gewagt, aber es f\u00fchlte sich gut an. Am selben Wochenende machte Nicky eine Website und Ton machte eine Anzeige in einer Pferdezeitung. In der folgenden Woche verkauften sie drei Pferde F\u00fchranlagen. Dann wussten die M\u00e4nner, dass sie Gold schlugen! Sie h\u00e4tten sich nie vorstellen k\u00f6nnen, was als n\u00e4chstes geschah.<\/span><\/p>\n<p><span style=\"color: #ffffff;\">In den folgenden Jahren wurde Molenkoning zum Weltmarktf\u00fchrer auf dem Gebiet der Pferde F\u00fchranlagen, Umz\u00e4unungen und D\u00e4cher. <span style=\"color: #bfa723;\">Molenkonings Mission ist es bis heute, hochwertige <a href=\"https:\/\/molenkoning.com\/de\/produkte\/pferde-fuhranlagen\/\">F\u00fchranlagen<\/a> zu einem wettbewerbsf\u00e4higen Preis herzustellen.<\/span> Molenkonings Anlagen sind als DIY-Kit perfektioniert und konkurrenzlos &#8211; Worte, die Sie uns nicht glauben m\u00fcssen. Lesen Sie die Geschichten von Tausenden von Kunden, die Ihnen vorausgegangen sind:<\/span><\/p>\n<p><a href=\"https:\/\/molenkoning.com\/de\/mk-erfahrungen\/\">Klicken!<\/a><\/p>\n<\/div><div class=\"fusion-clearfix\"><\/div><\/div><\/div><\/div><\/div><\/p>\n","protected":false},"excerpt":{"rendered":"","protected":false},"author":1,"featured_media":0,"parent":0,"menu_order":0,"comment_status":"closed","ping_status":"closed","template":"100-width.php","meta":{"_acf_changed":false,"content-type":"","footnotes":""},"class_list":["post-11629","page","type-page","status-publish","hentry"],"acf":[],"_links":{"self":[{"href":"https:\/\/molenkoning.com\/de\/wp-json\/wp\/v2\/pages\/11629","targetHints":{"allow":["GET"]}}],"collection":[{"href":"https:\/\/molenkoning.com\/de\/wp-json\/wp\/v2\/pages"}],"about":[{"href":"https:\/\/molenkoning.com\/de\/wp-json\/wp\/v2\/types\/page"}],"author":[{"embeddable":true,"href":"https:\/\/molenkoning.com\/de\/wp-json\/wp\/v2\/users\/1"}],"replies":[{"embeddable":true,"href":"https:\/\/molenkoning.com\/de\/wp-json\/wp\/v2\/comments?post=11629"}],"version-history":[{"count":18,"href":"https:\/\/molenkoning.com\/de\/wp-json\/wp\/v2\/pages\/11629\/revisions"}],"predecessor-version":[{"id":21350,"href":"https:\/\/molenkoning.com\/de\/wp-json\/wp\/v2\/pages\/11629\/revisions\/21350"}],"wp:attachment":[{"href":"https:\/\/molenkoning.com\/de\/wp-json\/wp\/v2\/media?parent=11629"}],"curies":[{"name":"wp","href":"https:\/\/api.w.org\/{rel}","templated":true}]}}