{"id":186817,"date":"2024-12-03T15:09:38","date_gmt":"2024-12-03T15:09:38","guid":{"rendered":"https:\/\/molenkoning.com\/product\/set-de-6-lamparas-infrarrojas-mk\/"},"modified":"2026-03-24T08:59:54","modified_gmt":"2026-03-24T08:59:54","slug":"sada-6-infracervenych-lamp-mk","status":"publish","type":"product","link":"https:\/\/molenkoning.com\/cs\/produkt\/sada-6-infracervenych-lamp-mk\/","title":{"rendered":"MK Premium Sol\u00e1rium \u2013 Sada 6 Infra\u010derven\u00fdch Lamp \u2013 150W"},"content":{"rendered":"<div class=\"fusion-fullwidth fullwidth-box fusion-builder-row-1 fusion-flex-container has-pattern-background has-mask-background nonhundred-percent-fullwidth non-hundred-percent-height-scrolling\" style=\"--awb-border-radius-top-left:0px;--awb-border-radius-top-right:0px;--awb-border-radius-bottom-right:0px;--awb-border-radius-bottom-left:0px;--awb-flex-wrap:wrap;\" ><div class=\"fusion-builder-row fusion-row fusion-flex-align-items-flex-start fusion-flex-content-wrap\" style=\"max-width:1144px;margin-left: calc(-4% \/ 2 );margin-right: calc(-4% \/ 2 );\"><div class=\"fusion-layout-column fusion_builder_column fusion-builder-column-0 fusion_builder_column_1_1 1_1 fusion-flex-column\" style=\"--awb-bg-size:cover;--awb-width-large:100%;--awb-margin-top-large:0px;--awb-spacing-right-large:1.92%;--awb-margin-bottom-large:20px;--awb-spacing-left-large:1.92%;--awb-width-medium:100%;--awb-order-medium:0;--awb-spacing-right-medium:1.92%;--awb-spacing-left-medium:1.92%;--awb-width-small:100%;--awb-order-small:0;--awb-spacing-right-small:1.92%;--awb-spacing-left-small:1.92%;\"><div class=\"fusion-column-wrapper fusion-column-has-shadow fusion-flex-justify-content-flex-start fusion-content-layout-column\"><div class=\"fusion-text fusion-text-1\"><p>Objednejte si svou sadu nyn\u00ed a z\u00edskejte okam\u017eitou slevu na lampy MK a tak\u00e9 v\u00fdhodn\u011bj\u0161\u00ed cenu za dopravu. Tato sada lamp je v\u017edy skladem a doru\u010den\u00ed v r\u00e1mci Evropsk\u00e9 unie je zaru\u010deno do 7 dn\u016f.<\/p>\n<p><span style=\"color: #bfa723;\">6 infra\u010derven\u00fdch lamp MK, 150 W, z\u00e1vit E27.<\/span><\/p>\n<p>Tato sada lamp nen\u00ed kompatibiln\u00ed s infra\u010derven\u00fdm sol\u00e1riem MK Premium prod\u00e1van\u00fdm po dubnu 2025.<\/p>\n<\/div><\/div><\/div><\/div><\/div>\n","protected":false},"excerpt":{"rendered":"","protected":false},"featured_media":186825,"template":"","meta":{"_acf_changed":false,"content-type":""},"product_brand":[],"product_cat":[564,565],"product_tag":[],"class_list":{"0":"post-186817","1":"product","2":"type-product","3":"status-publish","4":"has-post-thumbnail","6":"product_cat-solarium-cs","7":"product_cat-spare-parts-cs","9":"first","10":"instock","11":"taxable","12":"shipping-taxable","13":"purchasable","14":"product-type-simple"},"acf":[],"_links":{"self":[{"href":"https:\/\/molenkoning.com\/cs\/wp-json\/wp\/v2\/product\/186817","targetHints":{"allow":["GET"]}}],"collection":[{"href":"https:\/\/molenkoning.com\/cs\/wp-json\/wp\/v2\/product"}],"about":[{"href":"https:\/\/molenkoning.com\/cs\/wp-json\/wp\/v2\/types\/product"}],"wp:featuredmedia":[{"embeddable":true,"href":"https:\/\/molenkoning.com\/cs\/wp-json\/wp\/v2\/media\/186825"}],"wp:attachment":[{"href":"https:\/\/molenkoning.com\/cs\/wp-json\/wp\/v2\/media?parent=186817"}],"wp:term":[{"taxonomy":"product_brand","embeddable":true,"href":"https:\/\/molenkoning.com\/cs\/wp-json\/wp\/v2\/product_brand?post=186817"},{"taxonomy":"product_cat","embeddable":true,"href":"https:\/\/molenkoning.com\/cs\/wp-json\/wp\/v2\/product_cat?post=186817"},{"taxonomy":"product_tag","embeddable":true,"href":"https:\/\/molenkoning.com\/cs\/wp-json\/wp\/v2\/product_tag?post=186817"}],"curies":[{"name":"wp","href":"https:\/\/api.w.org\/{rel}","templated":true}]}}