{"id":184837,"date":"2024-08-13T09:10:40","date_gmt":"2024-08-13T09:10:40","guid":{"rendered":"https:\/\/molenkoning.com\/?post_type=product&#038;p=184837"},"modified":"2026-04-09T07:57:25","modified_gmt":"2026-04-09T07:57:25","slug":"objednejte-mk-compact-solarium-molenkoning","status":"publish","type":"product","link":"https:\/\/molenkoning.com\/cs\/produkt\/objednejte-mk-compact-solarium-molenkoning\/","title":{"rendered":"Objednejte MK Compact Solarium \u2013 Molenkoning"},"content":{"rendered":"<p><div class=\"fusion-fullwidth fullwidth-box fusion-builder-row-1 fusion-flex-container nonhundred-percent-fullwidth non-hundred-percent-height-scrolling\" style=\"--awb-border-radius-top-left:0px;--awb-border-radius-top-right:0px;--awb-border-radius-bottom-right:0px;--awb-border-radius-bottom-left:0px;--awb-flex-wrap:wrap;\" ><div class=\"fusion-builder-row fusion-row fusion-flex-align-items-flex-start fusion-flex-content-wrap\" style=\"max-width:1144px;margin-left: calc(-4% \/ 2 );margin-right: calc(-4% \/ 2 );\"><div class=\"fusion-layout-column fusion_builder_column fusion-builder-column-0 fusion_builder_column_1_1 1_1 fusion-flex-column\" style=\"--awb-bg-size:cover;--awb-width-large:100%;--awb-margin-top-large:0px;--awb-spacing-right-large:1.92%;--awb-margin-bottom-large:20px;--awb-spacing-left-large:1.92%;--awb-width-medium:100%;--awb-order-medium:0;--awb-spacing-right-medium:1.92%;--awb-spacing-left-medium:1.92%;--awb-width-small:100%;--awb-order-small:0;--awb-spacing-right-small:1.92%;--awb-spacing-left-small:1.92%;\"><div class=\"fusion-column-wrapper fusion-column-has-shadow fusion-flex-justify-content-flex-start fusion-content-layout-column\"><div ><a class=\"fusion-button button-flat fusion-button-default-size button-default fusion-button-default button-1 fusion-button-default-span fusion-button-default-type\" target=\"_self\" href=\"https:\/\/molenkoning.com\/cs\/kategorie-produktu\/solarium-cs\/\"><span class=\"fusion-button-text\">V\u0160ECHNY V\u00ddROBKY<\/span><\/a><\/div><div class=\"fusion-text fusion-text-1\"><p>MK infra\u010derven\u00e9 sol\u00e1rium Compact pro proh\u0159\u00e1t\u00ed h\u0159betu kon\u011b p\u0159ed prac\u00ed \u2013 po cel\u00fd rok.<\/p>\n<p>Model Compact jsme vylep\u0161ili tak, aby byl leh\u010d\u00ed, prakti\u010dt\u011bj\u0161\u00ed a je\u0161t\u011b jednodu\u0161\u0161\u00ed na ka\u017edodenn\u00ed pou\u017e\u00edv\u00e1n\u00ed.<\/p>\n<p><strong>Vylep\u0161en\u00e9 lampy: nyn\u00ed 120 W (d\u0159\u00edve 100 W)<\/strong><br \/>\nPoskytuj\u00ed o n\u011bco v\u00edce tepla p\u0159i zachov\u00e1n\u00ed bezpe\u010dn\u00e9ho a hlubok\u00e9ho pr\u016fniku do sval\u016f. Na\u0161e dlouhovlnn\u00e9 infra\u010derven\u00e9 z\u00e1\u0159en\u00ed podporuje:<\/p>\n<p>lep\u0161\u00ed prokrven\u00ed<\/p>\n<p>rychlej\u0161\u00ed odplaven\u00ed toxin\u016f po z\u00e1t\u011b\u017ei<\/p>\n<p>lep\u0161\u00ed p\u0159\u00edpravu z\u00e1dov\u00e9ho svalstva p\u0159ed prac\u00ed<\/p>\n<p>sn\u00ed\u017een\u00ed rizika svalov\u00fdch poran\u011bn\u00ed<\/p>\n<p>Jedn\u00e1 se o<strong> skute\u010dnou infra\u010dervenou terapii.<\/strong><\/p>\n<\/div><\/div><\/div><\/div><\/div><div class=\"fusion-fullwidth fullwidth-box fusion-builder-row-2 fusion-flex-container has-pattern-background has-mask-background nonhundred-percent-fullwidth non-hundred-percent-height-scrolling\" style=\"--awb-border-radius-top-left:0px;--awb-border-radius-top-right:0px;--awb-border-radius-bottom-right:0px;--awb-border-radius-bottom-left:0px;--awb-flex-wrap:wrap;\" ><div class=\"fusion-builder-row fusion-row fusion-flex-align-items-flex-start fusion-flex-content-wrap\" style=\"max-width:1144px;margin-left: calc(-4% \/ 2 );margin-right: calc(-4% \/ 2 );\"><div class=\"fusion-layout-column fusion_builder_column fusion-builder-column-1 fusion_builder_column_1_1 1_1 fusion-flex-column sliderouternew\" style=\"--awb-padding-bottom:0px;--awb-bg-size:cover;--awb-width-large:100%;--awb-margin-top-large:0px;--awb-spacing-right-large:1.92%;--awb-margin-bottom-large:0px;--awb-spacing-left-large:1.92%;--awb-width-medium:100%;--awb-order-medium:0;--awb-spacing-right-medium:1.92%;--awb-spacing-left-medium:1.92%;--awb-width-small:100%;--awb-order-small:0;--awb-spacing-right-small:1.92%;--awb-spacing-left-small:1.92%;\"><div class=\"fusion-column-wrapper fusion-column-has-shadow fusion-flex-justify-content-flex-start fusion-content-layout-column\"><div class=\"fusion-title title fusion-title-1 fusion-title-center fusion-title-text fusion-title-size-two\"><div class=\"title-sep-container title-sep-container-left\"><div class=\"title-sep sep-double sep-solid\" style=\"border-color:#e0dede;\"><\/div><\/div><span class=\"awb-title-spacer\"><\/span><h2 class=\"fusion-title-heading title-heading-center\" style=\"margin:0;\">Fotky<\/h2><span class=\"awb-title-spacer\"><\/span><div class=\"title-sep-container title-sep-container-right\"><div class=\"title-sep sep-double sep-solid\" style=\"border-color:#e0dede;\"><\/div><\/div><\/div><div class=\"fusion-image-carousel fusion-image-carousel-fixed fusion-image-carousel-1 lightbox-enabled fusion-carousel-border solarium-carousel\"><div class=\"awb-carousel awb-swiper awb-swiper-carousel\" data-autoplay=\"no\" data-columns=\"4\" data-itemmargin=\"1\" data-itemwidth=\"180\" data-touchscroll=\"no\" data-imagesize=\"fixed\" style=\"--awb-columns:4;--awb-column-spacing:1px;\"><div class=\"swiper-wrapper awb-image-carousel-wrapper fusion-flex-align-items-center\"><div class=\"swiper-slide\"><div class=\"fusion-carousel-item-wrapper\"><div class=\"fusion-image-wrapper hover-type-none\"><a data-rel=\"iLightbox[image_carousel_1]\" data-title=\"MK SOLARIUM ONLY 2 LIGHT BULB\" aria-label=\"MK SOLARIUM ONLY 2 LIGHT BULB\" href=\"https:\/\/molenkoning.com\/wp-content\/uploads\/2024\/08\/MK-SOLARIUM-ONLY-2-LIGHT-BULB.png\" target=\"_self\"><img decoding=\"async\" width=\"320\" height=\"202\" src=\"https:\/\/molenkoning.com\/wp-content\/uploads\/2024\/08\/MK-SOLARIUM-ONLY-2-LIGHT-BULB-320x202.png\" class=\"attachment-blog-medium size-blog-medium\" alt=\"\" \/><\/a><\/div><\/div><\/div><div class=\"swiper-slide\"><div class=\"fusion-carousel-item-wrapper\"><div class=\"fusion-image-wrapper hover-type-none\"><a data-rel=\"iLightbox[image_carousel_1]\" data-title=\"MK SOLARIUM ONLY 2 LIGHT BULB2\" aria-label=\"MK SOLARIUM ONLY 2 LIGHT BULB2\" href=\"https:\/\/molenkoning.com\/wp-content\/uploads\/2024\/08\/MK-SOLARIUM-ONLY-2-LIGHT-BULB2.png\" target=\"_self\"><img decoding=\"async\" width=\"320\" height=\"202\" src=\"https:\/\/molenkoning.com\/wp-content\/uploads\/2024\/08\/MK-SOLARIUM-ONLY-2-LIGHT-BULB2-320x202.png\" class=\"attachment-blog-medium size-blog-medium\" alt=\"\" \/><\/a><\/div><\/div><\/div><div class=\"swiper-slide\"><div class=\"fusion-carousel-item-wrapper\"><div class=\"fusion-image-wrapper hover-type-none\"><a data-rel=\"iLightbox[image_carousel_1]\" data-title=\"MK SOLARIUM ONLY 2 LIGHT BULB3\" aria-label=\"MK SOLARIUM ONLY 2 LIGHT BULB3\" href=\"https:\/\/molenkoning.com\/wp-content\/uploads\/2024\/08\/MK-SOLARIUM-ONLY-2-LIGHT-BULB3.png\" target=\"_self\"><img decoding=\"async\" width=\"320\" height=\"202\" src=\"https:\/\/molenkoning.com\/wp-content\/uploads\/2024\/08\/MK-SOLARIUM-ONLY-2-LIGHT-BULB3-320x202.png\" class=\"attachment-blog-medium size-blog-medium\" alt=\"\" \/><\/a><\/div><\/div><\/div><div class=\"swiper-slide\"><div class=\"fusion-carousel-item-wrapper\"><div class=\"fusion-image-wrapper hover-type-none\"><a data-rel=\"iLightbox[image_carousel_1]\" data-title=\"MK SOLARIUM ONLY 2 LIGHT BULB4\" aria-label=\"MK SOLARIUM ONLY 2 LIGHT BULB4\" href=\"https:\/\/molenkoning.com\/wp-content\/uploads\/2024\/08\/MK-SOLARIUM-ONLY-2-LIGHT-BULB4.png\" target=\"_self\"><img decoding=\"async\" width=\"320\" height=\"202\" src=\"https:\/\/molenkoning.com\/wp-content\/uploads\/2024\/08\/MK-SOLARIUM-ONLY-2-LIGHT-BULB4-320x202.png\" class=\"attachment-blog-medium size-blog-medium\" alt=\"\" \/><\/a><\/div><\/div><\/div><div class=\"swiper-slide\"><div class=\"fusion-carousel-item-wrapper\"><div class=\"fusion-image-wrapper hover-type-none\"><a data-rel=\"iLightbox[image_carousel_1]\" data-title=\"MK SOLARIUM ONLY 2 LIGHT BULB6\" aria-label=\"MK SOLARIUM ONLY 2 LIGHT BULB6\" href=\"https:\/\/molenkoning.com\/wp-content\/uploads\/2024\/08\/MK-SOLARIUM-ONLY-2-LIGHT-BULB6.png\" target=\"_self\"><img decoding=\"async\" width=\"320\" height=\"202\" src=\"https:\/\/molenkoning.com\/wp-content\/uploads\/2024\/08\/MK-SOLARIUM-ONLY-2-LIGHT-BULB6-320x202.png\" class=\"attachment-blog-medium size-blog-medium\" alt=\"\" \/><\/a><\/div><\/div><\/div><\/div><div class=\"awb-swiper-button awb-swiper-button-prev\"><i class=\"awb-icon-angle-left\" aria-hidden=\"true\"><\/i><\/div><div class=\"awb-swiper-button awb-swiper-button-next\"><i class=\"awb-icon-angle-right\" aria-hidden=\"true\"><\/i><\/div><\/div><\/div><\/div><\/div><\/div><\/div><div class=\"fusion-fullwidth fullwidth-box fusion-builder-row-3 fusion-flex-container has-pattern-background has-mask-background customsolarium nonhundred-percent-fullwidth non-hundred-percent-height-scrolling\" style=\"--awb-border-radius-top-left:0px;--awb-border-radius-top-right:0px;--awb-border-radius-bottom-right:0px;--awb-border-radius-bottom-left:0px;--awb-flex-wrap:wrap;\" ><div class=\"fusion-builder-row fusion-row fusion-flex-align-items-flex-start fusion-flex-content-wrap\" style=\"max-width:1144px;margin-left: calc(-4% \/ 2 );margin-right: calc(-4% \/ 2 );\"><div class=\"fusion-layout-column fusion_builder_column fusion-builder-column-2 fusion_builder_column_1_1 1_1 fusion-flex-column\" style=\"--awb-bg-size:cover;--awb-width-large:100%;--awb-margin-top-large:0px;--awb-spacing-right-large:1.92%;--awb-margin-bottom-large:0px;--awb-spacing-left-large:1.92%;--awb-width-medium:100%;--awb-spacing-right-medium:1.92%;--awb-spacing-left-medium:1.92%;--awb-width-small:100%;--awb-spacing-right-small:1.92%;--awb-spacing-left-small:1.92%;\"><div class=\"fusion-column-wrapper fusion-flex-justify-content-flex-start fusion-content-layout-column\"><div class=\"fusion-title title fusion-title-2 fusion-sep-none fusion-title-text fusion-title-size-two\" style=\"--awb-margin-top:20px;--awb-margin-bottom:10px;\"><h2 class=\"fusion-title-heading title-heading-left\" style=\"margin:0;\"><strong>Technick\u00e9 specifikace sol\u00e1ria<\/strong><\/h2><\/div><div class=\"fusion-text fusion-text-2\"><p>\u2013 220\u2013240 V, 50 Hz \/ 60 Hz<br \/>\n\u2013 1450 W<br \/>\n\u2013 Samostatn\u00fd okruh 16 A<br \/>\n\u2013 8 ventil\u00e1tor\u016f (4 na segment)<br \/>\n\u2013 10 lamp, 120 W<br \/>\n\u2013 Modern\u00ed displej s ovl\u00e1d\u00e1n\u00edm ventilace a \u010dasova\u010dem \u2013 v\u00fdb\u011br z 5 ventila\u010dn\u00edch re\u017eim\u016f s nastaviteln\u00fdm \u010dasem a\u017e do 60 minut<br \/>\n\u2013 Sou\u010d\u00e1st\u00ed balen\u00ed je sada z\u00e1v\u011bsn\u00fdch \u0159et\u011bz\u016f ke stropu, \u010dern\u00fd pr\u00e1\u0161kov\u00fd lak, d\u00e9lka 150 cm<br \/>\n\u2013 Z\u00e1ruka 2 roky<\/p>\n<p>Chcete se dozv\u011bd\u011bt v\u00edce o v\u00fdhod\u00e1ch a technick\u00fdch specifikac\u00edch na\u0161eho infra\u010derven\u00e9ho sol\u00e1ria pro kon\u011b? <a href=\"https:\/\/molenkoning.com\/cs\/produkty\/solarium\/\">Klikn\u011bte zde<\/a> pro v\u00edce informac\u00ed.<\/p>\n<\/div><\/div><\/div><div class=\"fusion-layout-column fusion_builder_column fusion-builder-column-3 fusion_builder_column_1_1 1_1 fusion-flex-column\" style=\"--awb-bg-size:cover;--awb-width-large:100%;--awb-margin-top-large:0px;--awb-spacing-right-large:1.92%;--awb-margin-bottom-large:0px;--awb-spacing-left-large:1.92%;--awb-width-medium:100%;--awb-spacing-right-medium:1.92%;--awb-spacing-left-medium:1.92%;--awb-width-small:100%;--awb-spacing-right-small:1.92%;--awb-spacing-left-small:1.92%;\"><div class=\"fusion-column-wrapper fusion-flex-justify-content-flex-start fusion-content-layout-column\"><div class=\"fusion-title title fusion-title-3 fusion-sep-none fusion-title-text fusion-title-size-two\" style=\"--awb-margin-top:20px;--awb-margin-bottom:10px;\"><h2 class=\"fusion-title-heading title-heading-left\" style=\"margin:0;\"><strong>Pokro\u010dil\u00fd ventila\u010dn\u00ed syst\u00e9m \u2013 nov\u00e9 ovl\u00e1d\u00e1n\u00ed ventil\u00e1tor\u016f: 0\u20135 \u00farovn\u00ed<\/strong><\/h2><\/div><div class=\"fusion-text fusion-text-3\"><p>Nyn\u00ed si m\u016f\u017eete zvolit provoz bez ventilace nebo pln\u00fd pr\u016ftok vzduchu, d\u00edky \u010demu\u017e lze MK infra\u010derven\u00e9 sol\u00e1rium pou\u017e\u00edvat i v tepl\u00fdch dnech a b\u011bhem l\u00e9ta.<\/p>\n<p>\u2714 Zaji\u0161\u0165uje komfort pro kon\u011b<br \/>\n\u2714 Umo\u017e\u0148uje celoro\u010dn\u00ed pou\u017e\u00edv\u00e1n\u00ed sol\u00e1ria<br \/>\n\u2714 Nezbytn\u00e9 pro regeneraci i v teplej\u0161\u00edm klimatu<\/p>\n<\/div><\/div><\/div><div class=\"fusion-layout-column fusion_builder_column fusion-builder-column-4 fusion_builder_column_1_1 1_1 fusion-flex-column\" style=\"--awb-bg-size:cover;--awb-width-large:100%;--awb-margin-top-large:0px;--awb-spacing-right-large:1.92%;--awb-margin-bottom-large:0px;--awb-spacing-left-large:1.92%;--awb-width-medium:100%;--awb-spacing-right-medium:1.92%;--awb-spacing-left-medium:1.92%;--awb-width-small:100%;--awb-spacing-right-small:1.92%;--awb-spacing-left-small:1.92%;\"><div class=\"fusion-column-wrapper fusion-flex-justify-content-flex-start fusion-content-layout-column\"><div class=\"fusion-title title fusion-title-4 fusion-sep-none fusion-title-text fusion-title-size-two\" style=\"--awb-margin-top:20px;--awb-margin-bottom:10px;\"><h2 class=\"fusion-title-heading title-heading-left\" style=\"margin:0;\"><strong>Pot\u0159ebujete p\u0159\u00edslu\u0161enstv\u00ed nebo n\u00e1hradn\u00ed d\u00edly?<\/strong><\/h2><\/div><div class=\"fusion-text fusion-text-4\"><p>Na\u0161e sol\u00e1ria jsou standardn\u011b vybavena a dod\u00e1v\u00e1na se z\u00e1v\u011bsn\u00fdmi \u0159et\u011bzy s \u010dern\u00fdm pr\u00e1\u0161kov\u00fdm lakem. Krom\u011b toho je mo\u017en\u00e9 objednat n\u00e1st\u011bnn\u00fd dr\u017e\u00e1k nebo zdvihac\u00ed syst\u00e9m, d\u00edky kter\u00e9mu lze sol\u00e1rium snadno upevnit ke st\u011bn\u011b.<\/p>\n<p>D\u00e1le je k dispozici mincovn\u00edk a samoz\u0159ejm\u011b je mo\u017en\u00e9 objednat i n\u00e1hradn\u00ed lampy.<\/p>\n<\/div><p class=\"price\"><ins><span class=\"woocommerce-Price-amount amount\"><bdi><span class=\"woocommerce-Price-currencySymbol\">\u20ac<\/span>875.00<\/bdi><\/span><\/ins><\/p>\n<p class=\"vattext\">Bez DPH a dopravy<\/p><\/div><\/div><\/div><\/div><\/p>\n","protected":false},"excerpt":{"rendered":"","protected":false},"featured_media":199038,"template":"","meta":{"_acf_changed":false,"content-type":""},"product_brand":[],"product_cat":[564],"product_tag":[759],"class_list":{"0":"post-184837","1":"product","2":"type-product","3":"status-publish","4":"has-post-thumbnail","6":"product_cat-solarium-cs","7":"product_tag-new-cs","9":"first","10":"instock","11":"featured","12":"taxable","13":"shipping-taxable","14":"product-type-simple"},"acf":[],"_links":{"self":[{"href":"https:\/\/molenkoning.com\/cs\/wp-json\/wp\/v2\/product\/184837","targetHints":{"allow":["GET"]}}],"collection":[{"href":"https:\/\/molenkoning.com\/cs\/wp-json\/wp\/v2\/product"}],"about":[{"href":"https:\/\/molenkoning.com\/cs\/wp-json\/wp\/v2\/types\/product"}],"wp:featuredmedia":[{"embeddable":true,"href":"https:\/\/molenkoning.com\/cs\/wp-json\/wp\/v2\/media\/199038"}],"wp:attachment":[{"href":"https:\/\/molenkoning.com\/cs\/wp-json\/wp\/v2\/media?parent=184837"}],"wp:term":[{"taxonomy":"product_brand","embeddable":true,"href":"https:\/\/molenkoning.com\/cs\/wp-json\/wp\/v2\/product_brand?post=184837"},{"taxonomy":"product_cat","embeddable":true,"href":"https:\/\/molenkoning.com\/cs\/wp-json\/wp\/v2\/product_cat?post=184837"},{"taxonomy":"product_tag","embeddable":true,"href":"https:\/\/molenkoning.com\/cs\/wp-json\/wp\/v2\/product_tag?post=184837"}],"curies":[{"name":"wp","href":"https:\/\/api.w.org\/{rel}","templated":true}]}}