{"id":182799,"date":"2024-04-12T08:32:39","date_gmt":"2024-04-12T08:32:39","guid":{"rendered":"https:\/\/molenkoning.com\/product\/5-meters-solarium-cable-extension\/"},"modified":"2025-10-22T06:56:32","modified_gmt":"2025-10-22T06:56:32","slug":"5-metru-prodluzovaci-kabel-k-solariu","status":"publish","type":"product","link":"https:\/\/molenkoning.com\/cs\/produkt\/5-metru-prodluzovaci-kabel-k-solariu\/","title":{"rendered":"5 metr\u016f prodlu\u017eovac\u00ed kabel k sol\u00e1riu"},"content":{"rendered":"","protected":false},"excerpt":{"rendered":"","protected":false},"featured_media":182750,"template":"","meta":{"_acf_changed":false,"content-type":""},"product_brand":[],"product_cat":[565],"product_tag":[],"class_list":{"0":"post-182799","1":"product","2":"type-product","3":"status-publish","4":"has-post-thumbnail","6":"product_cat-spare-parts-cs","8":"first","9":"instock","10":"taxable","11":"shipping-taxable","12":"purchasable","13":"product-type-simple"},"acf":[],"_links":{"self":[{"href":"https:\/\/molenkoning.com\/cs\/wp-json\/wp\/v2\/product\/182799","targetHints":{"allow":["GET"]}}],"collection":[{"href":"https:\/\/molenkoning.com\/cs\/wp-json\/wp\/v2\/product"}],"about":[{"href":"https:\/\/molenkoning.com\/cs\/wp-json\/wp\/v2\/types\/product"}],"wp:featuredmedia":[{"embeddable":true,"href":"https:\/\/molenkoning.com\/cs\/wp-json\/wp\/v2\/media\/182750"}],"wp:attachment":[{"href":"https:\/\/molenkoning.com\/cs\/wp-json\/wp\/v2\/media?parent=182799"}],"wp:term":[{"taxonomy":"product_brand","embeddable":true,"href":"https:\/\/molenkoning.com\/cs\/wp-json\/wp\/v2\/product_brand?post=182799"},{"taxonomy":"product_cat","embeddable":true,"href":"https:\/\/molenkoning.com\/cs\/wp-json\/wp\/v2\/product_cat?post=182799"},{"taxonomy":"product_tag","embeddable":true,"href":"https:\/\/molenkoning.com\/cs\/wp-json\/wp\/v2\/product_tag?post=182799"}],"curies":[{"name":"wp","href":"https:\/\/api.w.org\/{rel}","templated":true}]}}