{"id":173938,"date":"2023-03-27T11:41:49","date_gmt":"2023-03-27T11:41:49","guid":{"rendered":"https:\/\/molenkoning.com\/product\/ordering-a-horsepower-plate-at-molenkoning\/"},"modified":"2026-04-20T13:02:12","modified_gmt":"2026-04-20T13:02:12","slug":"objednavka-vibracni-desky-pro-kone-u-spolecnosti-molenkoning","status":"publish","type":"product","link":"https:\/\/molenkoning.com\/cs\/produkt\/objednavka-vibracni-desky-pro-kone-u-spolecnosti-molenkoning\/","title":{"rendered":"Objedn\u00e1vka vibra\u010dn\u00ed desky pro kon\u011b u spole\u010dnosti Molenkoning"},"content":{"rendered":"<p><div class=\"fusion-fullwidth fullwidth-box fusion-builder-row-1 fusion-flex-container nonhundred-percent-fullwidth non-hundred-percent-height-scrolling\" style=\"--awb-border-radius-top-left:0px;--awb-border-radius-top-right:0px;--awb-border-radius-bottom-right:0px;--awb-border-radius-bottom-left:0px;--awb-flex-wrap:wrap;\" ><div class=\"fusion-builder-row fusion-row fusion-flex-align-items-flex-start fusion-flex-content-wrap\" style=\"max-width:1144px;margin-left: calc(-4% \/ 2 );margin-right: calc(-4% \/ 2 );\"><div class=\"fusion-layout-column fusion_builder_column fusion-builder-column-0 fusion_builder_column_1_1 1_1 fusion-flex-column\" style=\"--awb-bg-size:cover;--awb-width-large:100%;--awb-margin-top-large:0px;--awb-spacing-right-large:1.92%;--awb-margin-bottom-large:20px;--awb-spacing-left-large:1.92%;--awb-width-medium:100%;--awb-order-medium:0;--awb-spacing-right-medium:1.92%;--awb-spacing-left-medium:1.92%;--awb-width-small:100%;--awb-order-small:0;--awb-spacing-right-small:1.92%;--awb-spacing-left-small:1.92%;\"><div class=\"fusion-column-wrapper fusion-column-has-shadow fusion-flex-justify-content-flex-start fusion-content-layout-column\"><div class=\"fusion-text fusion-text-1\"><p><strong>Spole\u010dnost Molenkoning nab\u00edz\u00ed mimo\u0159\u00e1dn\u011b \u00fa\u010dinnou vibra\u010dn\u00ed desku pro kon\u011b. Pomoc\u00ed dvou v\u00fdkonn\u00fdch motor\u016f lze dos\u00e1hnout ide\u00e1ln\u00edho vertik\u00e1ln\u00edho pohybu v kombinaci s hladk\u00fdm povrchem a atraktivn\u00edm designem. V kombinaci s inovativn\u00edm ovl\u00e1dac\u00edm panelem to d\u011bl\u00e1 z MK vibra\u010dn\u00ed desky celosv\u011btov\u011b pou\u017e\u00edvanou vibra\u010dn\u00ed desku pro kon\u011b. V\u00fdrobek je navr\u017een v Nizozemsku a je dod\u00e1v\u00e1n p\u0159\u00edmo z na\u0161\u00ed d\u00edlny. Pokud si vibra\u010dn\u00ed desku objedn\u00e1te dnes, obdr\u017e\u00edte v\u00fdrobek v EU do 7 pracovn\u00edch dn\u016f.<\/strong><\/p>\n<\/div><\/div><\/div><\/div><\/div><div class=\"fusion-fullwidth fullwidth-box fusion-builder-row-2 fusion-flex-container has-pattern-background has-mask-background nonhundred-percent-fullwidth non-hundred-percent-height-scrolling\" style=\"--awb-border-radius-top-left:0px;--awb-border-radius-top-right:0px;--awb-border-radius-bottom-right:0px;--awb-border-radius-bottom-left:0px;--awb-flex-wrap:wrap;\" ><div class=\"fusion-builder-row fusion-row fusion-flex-align-items-flex-start fusion-flex-content-wrap\" style=\"max-width:1144px;margin-left: calc(-4% \/ 2 );margin-right: calc(-4% \/ 2 );\"><div class=\"fusion-layout-column fusion_builder_column fusion-builder-column-1 fusion_builder_column_1_1 1_1 fusion-flex-column sliderouternew\" style=\"--awb-bg-size:cover;--awb-width-large:100%;--awb-margin-top-large:0px;--awb-spacing-right-large:1.92%;--awb-margin-bottom-large:20px;--awb-spacing-left-large:1.92%;--awb-width-medium:100%;--awb-order-medium:0;--awb-spacing-right-medium:1.92%;--awb-spacing-left-medium:1.92%;--awb-width-small:100%;--awb-order-small:0;--awb-spacing-right-small:1.92%;--awb-spacing-left-small:1.92%;\"><div class=\"fusion-column-wrapper fusion-column-has-shadow fusion-flex-justify-content-flex-start fusion-content-layout-column\"><div class=\"fusion-title title fusion-title-1 fusion-title-center fusion-title-text fusion-title-size-two\" style=\"--awb-margin-bottom:30px;\"><div class=\"title-sep-container title-sep-container-left\"><div class=\"title-sep sep-double sep-solid\" style=\"border-color:#e0dede;\"><\/div><\/div><span class=\"awb-title-spacer\"><\/span><h2 class=\"fusion-title-heading title-heading-center\" style=\"margin:0;\">Photos<\/h2><span class=\"awb-title-spacer\"><\/span><div class=\"title-sep-container title-sep-container-right\"><div class=\"title-sep sep-double sep-solid\" style=\"border-color:#e0dede;\"><\/div><\/div><\/div><div class=\"fusion-image-carousel fusion-image-carousel-fixed fusion-image-carousel-1 lightbox-enabled solarium-carousel\"><div class=\"awb-carousel awb-swiper awb-swiper-carousel\" data-autoplay=\"no\" data-columns=\"3\" data-itemmargin=\"1\" data-itemwidth=\"180\" data-touchscroll=\"no\" data-imagesize=\"fixed\" style=\"--awb-columns:3;--awb-column-spacing:1px;--awb-caption-title-size:13px;--awb-caption-margin-bottom:10px;\"><div class=\"swiper-wrapper awb-image-carousel-wrapper fusion-flex-align-items-center\"><div class=\"swiper-slide\"><div class=\"fusion-carousel-item-wrapper\"><div class=\"fusion-image-wrapper hover-type-none\"><a data-rel=\"iLightbox[image_carousel_1]\" data-title=\"Trilplaat paarden vloer\" aria-label=\"Trilplaat paarden vloer\" href=\"https:\/\/molenkoning.com\/wp-content\/uploads\/2022\/10\/mk-horsepower-plate-floor-1024x683.jpg\" target=\"_self\"><img decoding=\"async\" width=\"460\" height=\"295\" src=\"https:\/\/molenkoning.com\/wp-content\/uploads\/2022\/10\/mk-horsepower-plate-floor-460x295.jpg\" class=\"attachment-portfolio-two size-portfolio-two\" alt=\"Trilplaat paarden vloer\" \/><\/a><\/div><\/div><\/div><div class=\"swiper-slide\"><div class=\"fusion-carousel-item-wrapper\"><div class=\"fusion-image-wrapper hover-type-none\"><a data-rel=\"iLightbox[image_carousel_1]\" data-title=\"antipanic fastener\" aria-label=\"antipanic fastener\" href=\"https:\/\/molenkoning.com\/wp-content\/uploads\/2020\/02\/anti-panic-attachment.jpg\" target=\"_self\"><img decoding=\"async\" width=\"460\" height=\"295\" src=\"https:\/\/molenkoning.com\/wp-content\/uploads\/2020\/02\/Power-plate-Mk-logo-4-460x295.jpg\" class=\"attachment-portfolio-two size-portfolio-two\" alt=\"\" \/><\/a><\/div><\/div><\/div><div class=\"swiper-slide\"><div class=\"fusion-carousel-item-wrapper\"><div class=\"fusion-image-wrapper hover-type-none\"><a data-rel=\"iLightbox[image_carousel_1]\" data-title=\"Trilplaat paarden achterkant\" aria-label=\"Trilplaat paarden achterkant\" href=\"https:\/\/molenkoning.com\/wp-content\/uploads\/2022\/10\/Powerplate-dilando-from-behind.jpg\" target=\"_self\"><img decoding=\"async\" width=\"460\" height=\"295\" src=\"https:\/\/molenkoning.com\/wp-content\/uploads\/2022\/10\/Powerplate-dilando-from-behind-460x295.jpg\" class=\"attachment-portfolio-two size-portfolio-two\" alt=\"Trilplaat paarden achterkant\" \/><\/a><\/div><\/div><\/div><div class=\"swiper-slide\"><div class=\"fusion-carousel-item-wrapper\"><div class=\"fusion-image-wrapper hover-type-none\"><a data-rel=\"iLightbox[image_carousel_1]\" data-title=\"Trilplaat paarden\" aria-label=\"Trilplaat paarden\" href=\"https:\/\/molenkoning.com\/wp-content\/uploads\/2022\/10\/powerplate-bright-colour.jpg\" target=\"_self\"><img decoding=\"async\" width=\"460\" height=\"295\" src=\"https:\/\/molenkoning.com\/wp-content\/uploads\/2022\/10\/powerplate-bright-colour-460x295.jpg\" class=\"attachment-portfolio-two size-portfolio-two\" alt=\"Trilplaat paarden\" \/><\/a><\/div><\/div><\/div><div class=\"swiper-slide\"><div class=\"fusion-carousel-item-wrapper\"><div class=\"fusion-image-wrapper hover-type-none\"><a data-rel=\"iLightbox[image_carousel_1]\" data-title=\"Trilplaat paarden zijkant\" aria-label=\"Trilplaat paarden zijkant\" href=\"https:\/\/molenkoning.com\/wp-content\/uploads\/2022\/10\/horsepower-plate-side.jpg\" target=\"_self\"><img decoding=\"async\" width=\"460\" height=\"295\" src=\"https:\/\/molenkoning.com\/wp-content\/uploads\/2022\/10\/horsepower-plate-side-460x295.jpg\" class=\"attachment-portfolio-two size-portfolio-two\" alt=\"Trilplaat paarden zijkant\" \/><\/a><\/div><\/div><\/div><div class=\"swiper-slide\"><div class=\"fusion-carousel-item-wrapper\"><div class=\"fusion-image-wrapper hover-type-none\"><a data-rel=\"iLightbox[image_carousel_1]\" data-title=\"Trilplaat paarden\" aria-label=\"Trilplaat paarden\" href=\"https:\/\/molenkoning.com\/wp-content\/uploads\/2022\/10\/mk-horsepower-plate.jpg\" target=\"_self\"><img decoding=\"async\" width=\"460\" height=\"295\" src=\"https:\/\/molenkoning.com\/wp-content\/uploads\/2022\/10\/mk-horsepower-plate-460x295.jpg\" class=\"attachment-portfolio-two size-portfolio-two\" alt=\"Trilplaat paarden\" \/><\/a><\/div><\/div><\/div><\/div><div class=\"awb-swiper-button awb-swiper-button-prev\"><i class=\"awb-icon-angle-left\" aria-hidden=\"true\"><\/i><\/div><div class=\"awb-swiper-button awb-swiper-button-next\"><i class=\"awb-icon-angle-right\" aria-hidden=\"true\"><\/i><\/div><\/div><\/div><\/div><\/div><\/div><\/div><div class=\"fusion-fullwidth fullwidth-box fusion-builder-row-3 fusion-flex-container has-pattern-background has-mask-background customsolarium nonhundred-percent-fullwidth non-hundred-percent-height-scrolling\" style=\"--awb-border-radius-top-left:0px;--awb-border-radius-top-right:0px;--awb-border-radius-bottom-right:0px;--awb-border-radius-bottom-left:0px;--awb-flex-wrap:wrap;\" ><div class=\"fusion-builder-row fusion-row fusion-flex-align-items-flex-start fusion-flex-content-wrap\" style=\"max-width:1144px;margin-left: calc(-4% \/ 2 );margin-right: calc(-4% \/ 2 );\"><div class=\"fusion-layout-column fusion_builder_column fusion-builder-column-2 fusion_builder_column_1_1 1_1 fusion-flex-column\" style=\"--awb-bg-size:cover;--awb-width-large:100%;--awb-margin-top-large:0px;--awb-spacing-right-large:1.92%;--awb-margin-bottom-large:0px;--awb-spacing-left-large:1.92%;--awb-width-medium:100%;--awb-spacing-right-medium:1.92%;--awb-spacing-left-medium:1.92%;--awb-width-small:100%;--awb-spacing-right-small:1.92%;--awb-spacing-left-small:1.92%;\"><div class=\"fusion-column-wrapper fusion-flex-justify-content-flex-start fusion-content-layout-column\"><div class=\"fusion-title title fusion-title-2 fusion-sep-none fusion-title-text fusion-title-size-two\" style=\"--awb-margin-bottom:10px;\"><h2 class=\"fusion-title-heading title-heading-left\" style=\"margin:0;\">Technick\u00e9 specifikace MK vibra\u010dn\u00ed desky<\/h2><\/div><div class=\"fusion-text fusion-text-2\"><p>Desku pro kon\u011b lze p\u0159ipojit p\u0159\u00edmo k elektrick\u00e9 z\u00e1suvce 230 V, a to na samostatnou skupinu.<\/p>\n<ul>\n<li>220-240 V 50 Hz \/ 60 Hz<\/li>\n<li>Konstrukce: ocel s \u010dern\u00fdm pr\u00e1\u0161kov\u00fdm n\u00e1st\u0159ikem<\/li>\n<li><strong>D\u00e9lka:<\/strong> 209 cm<\/li>\n<li><strong>\u0160\u00ed\u0159ka:<\/strong> 116 cm<\/li>\n<li><strong>V\u00fd\u0161ka:<\/strong> 129 cm<\/li>\n<li><strong>Hmotnost:<\/strong> 350 kg<\/li>\n<li><strong>Podlaha:<\/strong> protiskluzov\u00e1 guma<\/li>\n<li><strong>Elektrick\u00e1 p\u0159\u00edpojka:<\/strong> 220V-16 A<\/li>\n<li><strong>Motor:<\/strong> 2 jednotky 0,18 KW<\/li>\n<li><strong>Ovl\u00e1d\u00e1n\u00ed:<\/strong> dotykov\u00fd displej, pomoc\u00ed kter\u00e9ho lze programovat a obsahuje bezpe\u010dnostn\u00ed zastaven\u00ed.<\/li>\n<\/ul>\n<p>Chcete se dozv\u011bd\u011bt v\u00edce o v\u00fdhod\u00e1ch a specifikac\u00edch na\u0161\u00ed <a href=\"https:\/\/molenkoning.com\/cs\/vibracni-deska-pro-kone\/\">vibra\u010dn\u00ed desky na kon\u011b<\/a>? Pro v\u00edce informac\u00ed klikn\u011bte zde.<\/p>\n<\/div><\/div><\/div><div class=\"fusion-layout-column fusion_builder_column fusion-builder-column-3 fusion_builder_column_1_1 1_1 fusion-flex-column\" style=\"--awb-bg-size:cover;--awb-width-large:100%;--awb-margin-top-large:0px;--awb-spacing-right-large:1.92%;--awb-margin-bottom-large:0px;--awb-spacing-left-large:1.92%;--awb-width-medium:100%;--awb-spacing-right-medium:1.92%;--awb-spacing-left-medium:1.92%;--awb-width-small:100%;--awb-spacing-right-small:1.92%;--awb-spacing-left-small:1.92%;\"><div class=\"fusion-column-wrapper fusion-flex-justify-content-flex-start fusion-content-layout-column\"><div class=\"fusion-title title fusion-title-3 fusion-sep-none fusion-title-text fusion-title-size-two\" style=\"--awb-margin-top:20px;--awb-margin-bottom:10px;\"><h2 class=\"fusion-title-heading title-heading-left\" style=\"margin:0;\"><p class=\"p1\">Objednejte si svou vibra\u010dn\u00ed desku je\u0161t\u011b dnes u spole\u010dnosti Molenkoning<\/p><\/h2><\/div><div class=\"fusion-text fusion-text-3\"><p class=\"p1\">Molenkoning je nizozemsk\u00e1 spole\u010dnost. To znamen\u00e1, \u017ee v\u0161echny na\u0161e v\u00fdrobky jsou navr\u017eeny v Nizozemsku a jsou dod\u00e1v\u00e1ny p\u0159\u00edmo z na\u0161\u00ed d\u00edlny. Proto m\u00e1me kr\u00e1tk\u00e9 dodac\u00ed lh\u016fty a vy si m\u016f\u017eete objednat vysoce kvalitn\u00ed v\u00fdrobek, kter\u00fd pou\u017e\u00edvaj\u00ed profesion\u00e1lov\u00e9 po cel\u00e9m sv\u011bt\u011b.<\/p>\n<p class=\"p1\">Abychom zajistili hladk\u00fd proces dod\u00e1n\u00ed, n\u00e1\u0161 dopravce se s v\u00e1mi osobn\u011b spoj\u00ed, aby napl\u00e1noval vhodn\u00fd \u010das pro vykl\u00e1d\u00e1n\u00ed va\u0161\u00ed objedn\u00e1vky.<\/p>\n<\/div><\/div><\/div><div class=\"fusion-layout-column fusion_builder_column fusion-builder-column-4 fusion_builder_column_1_1 1_1 fusion-flex-column\" style=\"--awb-bg-size:cover;--awb-width-large:100%;--awb-margin-top-large:0px;--awb-spacing-right-large:1.92%;--awb-margin-bottom-large:0px;--awb-spacing-left-large:1.92%;--awb-width-medium:100%;--awb-spacing-right-medium:1.92%;--awb-spacing-left-medium:1.92%;--awb-width-small:100%;--awb-spacing-right-small:1.92%;--awb-spacing-left-small:1.92%;\"><div class=\"fusion-column-wrapper fusion-flex-justify-content-flex-start fusion-content-layout-column\"><p class=\"price\"><ins><span class=\"woocommerce-Price-amount amount\"><bdi>5 950<\/bdi> <span class=\"woocommerce-Price-currencySymbol\">euro<\/span><\/span><\/ins><\/p>\n<p class=\"vattext\">bez DPH a bez dopravy<\/p><\/div><\/div><\/div><\/div><\/p>\n","protected":false},"excerpt":{"rendered":"","protected":false},"featured_media":174740,"template":"","meta":{"_acf_changed":false,"content-type":""},"product_brand":[],"product_cat":[563],"product_tag":[],"class_list":{"0":"post-173938","1":"product","2":"type-product","3":"status-publish","4":"has-post-thumbnail","6":"product_cat-uncategorized-cs","8":"first","9":"instock","10":"taxable","11":"shipping-taxable","12":"product-type-simple"},"acf":[],"_links":{"self":[{"href":"https:\/\/molenkoning.com\/cs\/wp-json\/wp\/v2\/product\/173938","targetHints":{"allow":["GET"]}}],"collection":[{"href":"https:\/\/molenkoning.com\/cs\/wp-json\/wp\/v2\/product"}],"about":[{"href":"https:\/\/molenkoning.com\/cs\/wp-json\/wp\/v2\/types\/product"}],"wp:featuredmedia":[{"embeddable":true,"href":"https:\/\/molenkoning.com\/cs\/wp-json\/wp\/v2\/media\/174740"}],"wp:attachment":[{"href":"https:\/\/molenkoning.com\/cs\/wp-json\/wp\/v2\/media?parent=173938"}],"wp:term":[{"taxonomy":"product_brand","embeddable":true,"href":"https:\/\/molenkoning.com\/cs\/wp-json\/wp\/v2\/product_brand?post=173938"},{"taxonomy":"product_cat","embeddable":true,"href":"https:\/\/molenkoning.com\/cs\/wp-json\/wp\/v2\/product_cat?post=173938"},{"taxonomy":"product_tag","embeddable":true,"href":"https:\/\/molenkoning.com\/cs\/wp-json\/wp\/v2\/product_tag?post=173938"}],"curies":[{"name":"wp","href":"https:\/\/api.w.org\/{rel}","templated":true}]}}