{"id":177948,"date":"2021-09-13T13:30:02","date_gmt":"2021-09-13T13:30:02","guid":{"rendered":"https:\/\/molenkoning.com\/privacy-policy\/"},"modified":"2023-12-13T09:45:00","modified_gmt":"2023-12-13T09:45:00","slug":"zasady-ochrany-osobnich-udaju","status":"publish","type":"page","link":"https:\/\/molenkoning.com\/cs\/zasady-ochrany-osobnich-udaju\/","title":{"rendered":"Z\u00e1sady ochrany osobn\u00edch \u00fadaj\u016f"},"content":{"rendered":"","protected":false},"excerpt":{"rendered":"","protected":false},"author":1,"featured_media":0,"parent":0,"menu_order":0,"comment_status":"closed","ping_status":"closed","template":"","meta":{"_acf_changed":false,"content-type":"","footnotes":""},"class_list":["post-177948","page","type-page","status-publish","hentry"],"acf":[],"_links":{"self":[{"href":"https:\/\/molenkoning.com\/cs\/wp-json\/wp\/v2\/pages\/177948","targetHints":{"allow":["GET"]}}],"collection":[{"href":"https:\/\/molenkoning.com\/cs\/wp-json\/wp\/v2\/pages"}],"about":[{"href":"https:\/\/molenkoning.com\/cs\/wp-json\/wp\/v2\/types\/page"}],"author":[{"embeddable":true,"href":"https:\/\/molenkoning.com\/cs\/wp-json\/wp\/v2\/users\/1"}],"replies":[{"embeddable":true,"href":"https:\/\/molenkoning.com\/cs\/wp-json\/wp\/v2\/comments?post=177948"}],"version-history":[{"count":1,"href":"https:\/\/molenkoning.com\/cs\/wp-json\/wp\/v2\/pages\/177948\/revisions"}],"predecessor-version":[{"id":177949,"href":"https:\/\/molenkoning.com\/cs\/wp-json\/wp\/v2\/pages\/177948\/revisions\/177949"}],"wp:attachment":[{"href":"https:\/\/molenkoning.com\/cs\/wp-json\/wp\/v2\/media?parent=177948"}],"curies":[{"name":"wp","href":"https:\/\/api.w.org\/{rel}","templated":true}]}}