{"id":174092,"date":"2016-02-24T05:23:09","date_gmt":"2016-02-24T05:23:09","guid":{"rendered":"https:\/\/molenkoning.com\/about\/"},"modified":"2023-12-14T06:05:07","modified_gmt":"2023-12-14T06:05:07","slug":"o-nas","status":"publish","type":"page","link":"https:\/\/molenkoning.com\/cs\/o-nas\/","title":{"rendered":"O n\u00e1s"},"content":{"rendered":"<p><div class=\"fusion-fullwidth fullwidth-box fusion-builder-row-1 fusion-flex-container fusion-parallax-none abtouter hundred-percent-fullwidth non-hundred-percent-height-scrolling fusion-no-small-visibility\" style=\"--awb-background-position:center top;--awb-border-radius-top-left:0px;--awb-border-radius-top-right:0px;--awb-border-radius-bottom-right:0px;--awb-border-radius-bottom-left:0px;--awb-padding-top:30px;--awb-padding-right:30px;--awb-padding-bottom:0px;--awb-margin-bottom:0px;--awb-background-image:url(&quot;https:\/\/molenkoning.com\/wp-content\/uploads\/2020\/04\/storybg.jpg&quot;);--awb-background-size:cover;--awb-flex-wrap:wrap;\" ><div class=\"fusion-builder-row fusion-row fusion-flex-align-items-flex-start fusion-flex-content-wrap\" style=\"width:104% !important;max-width:104% !important;margin-left: calc(-4% \/ 2 );margin-right: calc(-4% \/ 2 );\"><div class=\"fusion-layout-column fusion_builder_column fusion-builder-column-0 fusion_builder_column_1_2 1_2 fusion-flex-column abtouter\" style=\"--awb-bg-position:right bottom;--awb-bg-size:cover;--awb-width-large:50%;--awb-margin-top-large:0px;--awb-spacing-right-large:0px;--awb-margin-bottom-large:0px;--awb-spacing-left-large:3.84%;--awb-width-medium:50%;--awb-spacing-right-medium:0px;--awb-spacing-left-medium:3.84%;--awb-width-small:100%;--awb-spacing-right-small:1.92%;--awb-spacing-left-small:1.92%;\"><div class=\"fusion-column-wrapper fusion-column-has-shadow fusion-flex-justify-content-flex-start fusion-content-layout-column\"><\/div><\/div><div class=\"fusion-layout-column fusion_builder_column fusion-builder-column-1 fusion_builder_column_1_2 1_2 fusion-flex-column\" style=\"--awb-padding-left:110px;--awb-bg-position:right bottom;--awb-bg-size:cover;--awb-width-large:50%;--awb-margin-top-large:0px;--awb-spacing-right-large:3.84%;--awb-margin-bottom-large:0px;--awb-spacing-left-large:0px;--awb-width-medium:50%;--awb-spacing-right-medium:3.84%;--awb-spacing-left-medium:0px;--awb-width-small:100%;--awb-spacing-right-small:1.92%;--awb-spacing-left-small:1.92%;\"><div class=\"fusion-column-wrapper fusion-column-has-shadow fusion-flex-justify-content-flex-start fusion-content-layout-column\"><div class=\"fusion-title title fusion-title-1 fusion-sep-none fusion-title-center fusion-title-text fusion-title-size-one\" style=\"--awb-font-size:35px;\"><h1 class=\"fusion-title-heading title-heading-center\" style=\"margin:0;font-size:1em;\"><span style=\"color: #ffffff;\">MOLENKONING: P\u0158\u00cdB\u011aH OTCE <\/span><span style=\"color: #bfa723;\">A JEHO DVOU SYN\u016e<\/span><\/h1><\/div><div class=\"fusion-text fusion-text-1\" style=\"--awb-text-color:#ffffff;\"><p><span style=\"color: #bfa723;\">Jos de Swart<\/span> byl srdcem i du\u0161\u00ed milovn\u00edkem kon\u00ed. Sv\u00e9ho prvn\u00edho kon\u011b si koupil v osmn\u00e1cti letech, ne proto, aby dodr\u017eel rodinnou tradici, ale proto\u017ee ho tato zv\u00ed\u0159ata p\u0159itahovala. Okam\u017eit\u011b v\u011bd\u011bl, co se mu l\u00edb\u00ed: holandsk\u00fd k\u016f\u0148 do z\u00e1p\u0159e\u017ee.<\/p>\n<p>L\u00e9ta tr\u00e9ninku a pr\u00e1ce s ko\u0148mi mu vytvo\u0159ila p\u011bkn\u011b zapln\u011bnou vitr\u00ednu trofej\u00ed. Synov\u00e9 <span style=\"color: #bfa723;\">Ton a Nicky de Swart<\/span> se pravideln\u011b \u00fa\u010dastnili z\u00e1vod\u016f a nechali se strhnout nad\u0161en\u00edm sv\u00e9ho otce Jose. Dom\u016f jezdili s region\u00e1ln\u00edmi, a dokonce i n\u00e1rodn\u00edmi cenami.<\/p>\n<p>Kdy\u017e Ton v 17 letech dokon\u010dil \u0161kolu, okam\u017eit\u011b v\u011bd\u011bl, co chce: vlastn\u00ed obchodn\u00ed spole\u010dnost. Jos, v t\u00e9 dob\u011b sv\u00e1\u0159e\u010d, prodal p\u00e1r kon\u00ed a spole\u010dn\u011b zalo\u017eili vlastn\u00ed firmu. Koupili si pilu, vrta\u010dku a sv\u00e1\u0159e\u010dku a s nimi byli p\u0159ipraveni vyr\u00e1b\u011bt st\u00e1je pro lidi, jako byli oni sami: <span style=\"color: #bfa723;\">lidi zap\u00e1len\u00e9 pro kon\u011b.<\/span><\/p>\n<p>Prvn\u00ed roky byly t\u011b\u017ek\u00e9. Ton se zam\u011b\u0159il na prodej st\u00e1j\u00ed a Jos vedl v\u00fdrobu. Byla to mal\u00e1 firma, co\u017e zt\u011b\u017eovalo vylep\u0161ov\u00e1n\u00ed mnoha r\u016fzn\u00fdch st\u00e1j\u00ed. V t\u00e9 dob\u011b mezi v\u0161emi projekty st\u00e1j\u00ed ob\u010das vyrobili n\u011bjak\u00fd koloto\u010d pro kon\u011b, ale v \u017e\u00e1dn\u00e9m p\u0159\u00edpad\u011b to nebyl v\u00fdznamn\u00fd produkt. Ceny byly vysok\u00e9 a pro b\u011b\u017en\u00e9ho majitele kon\u011b byl koloto\u010d p\u0159\u00edli\u0161 drah\u00fd. Jedin\u00fdmi z\u00e1kazn\u00edky, kte\u0159\u00ed si tehdy nech\u00e1vali instalovat koloto\u010de, byly velk\u00e9 jezdeck\u00e9 \u0161koly nebo profesion\u00e1ln\u00ed st\u00e1je.<\/p>\n<p>Zhruba v t\u00e9 dob\u011b syn Nicky dokon\u010dil studia a p\u0159ipojil se k t\u00e9to dvojici. Spole\u010dn\u011b vytvo\u0159ili n\u00e1vrh koloto\u010de pro kon\u011b. Jos cht\u011bl ji\u017e dlouho vyr\u00e1b\u011bt koloto\u010de pro kon\u011b stejn\u011b jako jin\u00e1 za\u0159\u00edzen\u00ed, p\u0159ipraven\u00e1 k zapojen\u00ed p\u0159\u00edmo do z\u00e1suvky. Model byl p\u0159epracov\u00e1n tak, aby byl modul\u00e1rn\u00ed a jednoduch\u00fd. Kdyby jich za\u010dali vyr\u00e1b\u011bt v\u00edce v s\u00e9rii, koloto\u010de by to zlevnilo a staly by se dostupn\u00fdmi pro \u0161ir\u0161\u00ed publikum, pro majitele kon\u00ed, jako jsou oni sami.<\/p>\n<p>Vyrobili prvn\u00ed prototypy a koloto\u010d pro kon\u011b dostal tvar. Byli p\u0159ipraveni na dal\u0161\u00ed krok, na n\u00e1zev. B\u011bhem jednoho v\u00edkendu rodina uspo\u0159\u00e1dala takzvan\u00fd brainstorming. Padlo n\u011bkolik n\u00e1vrh\u016f na jm\u00e9na. Hledali v\u0161ak v\u00fdrazn\u00e9 jm\u00e9no, takov\u00e9, kter\u00e9 se vryje do pam\u011bti. Nakonec se j\u00edm stal Molenkoning &#8211; mo\u017en\u00e1 trochu odv\u00e1\u017en\u00fd, ale m\u011bli z toho jm\u00e9na dobr\u00fd pocit. Tent\u00fd\u017e v\u00edkend Nicky vytvo\u0159il webov\u00e9 str\u00e1nky a Ton dal inzer\u00e1t do jezdeck\u00fdch novin. B\u011bhem n\u00e1sleduj\u00edc\u00edho t\u00fddne prodali t\u0159i koloto\u010de. Pak u\u017e v\u0161ichni t\u0159i v\u011bd\u011bli, \u017ee narazili na zlato! Nikdy si nedok\u00e1zali p\u0159edstavit, co se bude d\u00edt d\u00e1l.<\/p>\n<p>V n\u00e1sleduj\u00edc\u00edch letech se spole\u010dnost Molenkoning stala sv\u011btovou jedni\u010dkou na trhu v oboru koloto\u010d\u016f, hrazen\u00ed a zast\u0159e\u0161en\u00ed pro kon\u011b. <span style=\"color: #bfa723;\">Posl\u00e1n\u00edm spole\u010dnosti Molenkoning je dodnes vyr\u00e1b\u011bt \u0161pi\u010dkov\u00e9 koloto\u010de pro kon\u011b za konkurenceschopnou cenu.<\/span> Tr\u00e9ninkov\u00e9 za\u0159\u00edzen\u00ed od Molenkoning jsou dokonal\u00e1 a bezkonkuren\u010dn\u00ed jako stavebnice pro kutily &#8211; to jsou slova, kter\u00fdm od n\u00e1s v\u0161ak nemus\u00edte v\u011b\u0159it. P\u0159e\u010dt\u011bte si p\u0159\u00edb\u011bhy tis\u00edc\u016f z\u00e1kazn\u00edk\u016f, kte\u0159\u00ed v\u00e1s p\u0159edch\u00e1zeli:<\/p>\n<p><a href=\"https:\/\/molenkoning.com\/cs\/mk-hodnoceni-zakazniku\/\">Klikn\u011bte !<\/a><\/p>\n<\/div><\/div><\/div><\/div><\/div><div class=\"fusion-fullwidth fullwidth-box fusion-builder-row-2 fusion-flex-container hundred-percent-fullwidth non-hundred-percent-height-scrolling fusion-no-medium-visibility fusion-no-large-visibility\" style=\"--awb-border-radius-top-left:0px;--awb-border-radius-top-right:0px;--awb-border-radius-bottom-right:0px;--awb-border-radius-bottom-left:0px;--awb-padding-right:0px;--awb-padding-left:0px;--awb-flex-wrap:wrap;\" ><div class=\"fusion-builder-row fusion-row fusion-flex-align-items-flex-start fusion-flex-content-wrap\" style=\"width:calc( 100% + 0px ) !important;max-width:calc( 100% + 0px ) !important;margin-left: calc(-0px \/ 2 );margin-right: calc(-0px \/ 2 );\"><div class=\"fusion-layout-column fusion_builder_column fusion-builder-column-2 fusion_builder_column_1_2 1_2 fusion-flex-column\" style=\"--awb-bg-size:cover;--awb-width-large:50%;--awb-margin-top-large:0px;--awb-spacing-right-large:0px;--awb-margin-bottom-large:0px;--awb-spacing-left-large:0px;--awb-width-medium:50%;--awb-spacing-right-medium:0px;--awb-spacing-left-medium:0px;--awb-width-small:100%;--awb-spacing-right-small:0px;--awb-spacing-left-small:0px;\"><div class=\"fusion-column-wrapper fusion-column-has-shadow fusion-flex-justify-content-flex-start fusion-content-layout-column\"><div class=\"fusion-image-element \" style=\"--awb-caption-title-font-family:var(--h2_typography-font-family);--awb-caption-title-font-weight:var(--h2_typography-font-weight);--awb-caption-title-font-style:var(--h2_typography-font-style);--awb-caption-title-size:var(--h2_typography-font-size);--awb-caption-title-transform:var(--h2_typography-text-transform);--awb-caption-title-line-height:var(--h2_typography-line-height);--awb-caption-title-letter-spacing:var(--h2_typography-letter-spacing);\"><span class=\" fusion-imageframe imageframe-none imageframe-1 hover-type-none\"><img decoding=\"async\" width=\"915\" height=\"1024\" title=\"Ton-Jos-Nicky\" src=\"https:\/\/molenkoning.com\/wp-content\/uploads\/2020\/05\/Ton-Jos-Nicky-915x1024.jpg\" alt class=\"img-responsive wp-image-174101\" srcset=\"https:\/\/molenkoning.com\/wp-content\/uploads\/2020\/05\/Ton-Jos-Nicky-200x224.jpg 200w, https:\/\/molenkoning.com\/wp-content\/uploads\/2020\/05\/Ton-Jos-Nicky-400x448.jpg 400w, https:\/\/molenkoning.com\/wp-content\/uploads\/2020\/05\/Ton-Jos-Nicky-600x671.jpg 600w, https:\/\/molenkoning.com\/wp-content\/uploads\/2020\/05\/Ton-Jos-Nicky-800x895.jpg 800w, https:\/\/molenkoning.com\/wp-content\/uploads\/2020\/05\/Ton-Jos-Nicky-1200x1343.jpg 1200w\" sizes=\"(max-width: 640px) 100vw, 600px\" \/><\/span><\/div><\/div><\/div><div class=\"fusion-layout-column fusion_builder_column fusion-builder-column-3 fusion_builder_column_1_2 1_2 fusion-flex-column\" style=\"--awb-padding-top:20px;--awb-padding-right:20px;--awb-padding-bottom:20px;--awb-padding-left:20px;--awb-bg-color:#484848;--awb-bg-color-hover:#484848;--awb-bg-size:cover;--awb-width-large:50%;--awb-margin-top-large:0px;--awb-spacing-right-large:0px;--awb-margin-bottom-large:0px;--awb-spacing-left-large:0px;--awb-width-medium:50%;--awb-spacing-right-medium:0px;--awb-spacing-left-medium:0px;--awb-width-small:100%;--awb-spacing-right-small:0px;--awb-spacing-left-small:0px;\"><div class=\"fusion-column-wrapper fusion-column-has-shadow fusion-flex-justify-content-flex-start fusion-content-layout-column\"><div class=\"fusion-title title fusion-title-2 fusion-sep-none fusion-title-center fusion-title-text fusion-title-size-one\" style=\"--awb-font-size:20px;\"><h1 class=\"fusion-title-heading title-heading-center\" style=\"margin:0;font-size:1em;\"><span style=\"color: #ffffff;\">MOLENKONING: P\u0158\u00cdB\u011aH OTCE <\/span><span style=\"color: #bfa723;\">A JEHO DVOU SYN\u016e<\/span><\/h1><\/div><div class=\"fusion-text fusion-text-2\" style=\"--awb-text-color:#ffffff;\"><p>L\u00e9ta tr\u00e9ninku a pr\u00e1ce s ko\u0148mi mu vytvo\u0159ila p\u011bkn\u011b zapln\u011bnou vitr\u00ednu trofej\u00ed. Synov\u00e9 Ton a Nicky de Swart se pravideln\u011b \u00fa\u010dastnili z\u00e1vod\u016f a nechali se strhnout nad\u0161en\u00edm sv\u00e9ho otce Jose. Dom\u016f jezdili s region\u00e1ln\u00edmi, a dokonce i n\u00e1rodn\u00edmi cenami.<\/p>\n<p>Kdy\u017e Ton v 17 letech dokon\u010dil \u0161kolu, okam\u017eit\u011b v\u011bd\u011bl, co chce: vlastn\u00ed obchodn\u00ed spole\u010dnost. Jos, v t\u00e9 dob\u011b sv\u00e1\u0159e\u010d, prodal p\u00e1r kon\u00ed a spole\u010dn\u011b zalo\u017eili vlastn\u00ed firmu. Koupili si pilu, vrta\u010dku a sv\u00e1\u0159e\u010dku a s nimi byli p\u0159ipraveni vyr\u00e1b\u011bt st\u00e1je pro lidi, jako byli oni sami: lidi zap\u00e1len\u00e9 pro kon\u011b.<\/p>\n<p>Prvn\u00ed roky byly t\u011b\u017ek\u00e9. Ton se zam\u011b\u0159il na prodej st\u00e1j\u00ed a Jos vedl v\u00fdrobu. Byla to mal\u00e1 firma, co\u017e zt\u011b\u017eovalo vylep\u0161ov\u00e1n\u00ed mnoha r\u016fzn\u00fdch st\u00e1j\u00ed. V t\u00e9 dob\u011b mezi v\u0161emi projekty st\u00e1j\u00ed ob\u010das vyrobili n\u011bjak\u00fd koloto\u010d pro kon\u011b, ale v \u017e\u00e1dn\u00e9m p\u0159\u00edpad\u011b to nebyl v\u00fdznamn\u00fd produkt. Ceny byly vysok\u00e9 a pro b\u011b\u017en\u00e9ho majitele kon\u011b byl koloto\u010d p\u0159\u00edli\u0161 drah\u00fd. Jedin\u00fdmi z\u00e1kazn\u00edky, kte\u0159\u00ed si tehdy nech\u00e1vali instalovat koloto\u010de, byly velk\u00e9 jezdeck\u00e9 \u0161koly nebo profesion\u00e1ln\u00ed st\u00e1je.<\/p>\n<p>Zhruba v t\u00e9 dob\u011b syn Nicky dokon\u010dil studia a p\u0159ipojil se k t\u00e9to dvojici. Spole\u010dn\u011b vytvo\u0159ili n\u00e1vrh koloto\u010de pro kon\u011b. Jos cht\u011bl ji\u017e dlouho vyr\u00e1b\u011bt koloto\u010de pro kon\u011b stejn\u011b jako jin\u00e1 za\u0159\u00edzen\u00ed, p\u0159ipraven\u00e1 k zapojen\u00ed p\u0159\u00edmo do z\u00e1suvky. Model byl p\u0159epracov\u00e1n tak, aby byl modul\u00e1rn\u00ed a jednoduch\u00fd. Kdyby jich za\u010dali vyr\u00e1b\u011bt v\u00edce v s\u00e9rii, koloto\u010de by to zlevnilo a staly by se dostupn\u00fdmi pro \u0161ir\u0161\u00ed publikum, pro majitele kon\u00ed, jako jsou oni sami.<\/p>\n<p>Vyrobili prvn\u00ed prototypy a koloto\u010d pro kon\u011b dostal tvar. Byli p\u0159ipraveni na dal\u0161\u00ed krok, na n\u00e1zev. B\u011bhem jednoho v\u00edkendu rodina uspo\u0159\u00e1dala takzvan\u00fd brainstorming. Padlo n\u011bkolik n\u00e1vrh\u016f na jm\u00e9na. Hledali v\u0161ak v\u00fdrazn\u00e9 jm\u00e9no, takov\u00e9, kter\u00e9 se vryje do pam\u011bti. Nakonec se j\u00edm stal Molenkoning &#8211; mo\u017en\u00e1 trochu odv\u00e1\u017en\u00fd, ale m\u011bli z toho jm\u00e9na dobr\u00fd pocit. Tent\u00fd\u017e v\u00edkend Nicky vytvo\u0159il webov\u00e9 str\u00e1nky a Ton dal inzer\u00e1t do jezdeck\u00fdch novin. B\u011bhem n\u00e1sleduj\u00edc\u00edho t\u00fddne prodali t\u0159i koloto\u010de. Pak u\u017e v\u0161ichni t\u0159i v\u011bd\u011bli, \u017ee narazili na zlato! Nikdy si nedok\u00e1zali p\u0159edstavit, co se bude d\u00edt d\u00e1l.<\/p>\n<p>V n\u00e1sleduj\u00edc\u00edch letech se spole\u010dnost Molenkoning stala sv\u011btovou jedni\u010dkou na trhu v oboru koloto\u010d\u016f, hrazen\u00ed a zast\u0159e\u0161en\u00ed pro kon\u011b. Posl\u00e1n\u00edm spole\u010dnosti Molenkoning je dodnes vyr\u00e1b\u011bt \u0161pi\u010dkov\u00e9 koloto\u010de pro kon\u011b za konkurenceschopnou cenu. Tr\u00e9ninkov\u00e9 za\u0159\u00edzen\u00ed od Molenkoning jsou dokonal\u00e1 a bezkonkuren\u010dn\u00ed jako stavebnice pro kutily &#8211; to jsou slova, kter\u00fdm od n\u00e1s v\u0161ak nemus\u00edte v\u011b\u0159it. P\u0159e\u010dt\u011bte si p\u0159\u00edb\u011bhy tis\u00edc\u016f z\u00e1kazn\u00edk\u016f, kte\u0159\u00ed v\u00e1s p\u0159edch\u00e1zeli:<\/p>\n<p><a href=\"https:\/\/molenkoning.com\/cs\/mk-hodnoceni-zakazniku\/\">Klikn\u011bte !<\/a><\/p>\n<\/div><\/div><\/div><\/div><\/div><\/p>\n","protected":false},"excerpt":{"rendered":"","protected":false},"author":1,"featured_media":0,"parent":0,"menu_order":0,"comment_status":"closed","ping_status":"closed","template":"100-width.php","meta":{"_acf_changed":false,"content-type":"","footnotes":""},"class_list":["post-174092","page","type-page","status-publish","hentry"],"acf":[],"_links":{"self":[{"href":"https:\/\/molenkoning.com\/cs\/wp-json\/wp\/v2\/pages\/174092","targetHints":{"allow":["GET"]}}],"collection":[{"href":"https:\/\/molenkoning.com\/cs\/wp-json\/wp\/v2\/pages"}],"about":[{"href":"https:\/\/molenkoning.com\/cs\/wp-json\/wp\/v2\/types\/page"}],"author":[{"embeddable":true,"href":"https:\/\/molenkoning.com\/cs\/wp-json\/wp\/v2\/users\/1"}],"replies":[{"embeddable":true,"href":"https:\/\/molenkoning.com\/cs\/wp-json\/wp\/v2\/comments?post=174092"}],"version-history":[{"count":9,"href":"https:\/\/molenkoning.com\/cs\/wp-json\/wp\/v2\/pages\/174092\/revisions"}],"predecessor-version":[{"id":177961,"href":"https:\/\/molenkoning.com\/cs\/wp-json\/wp\/v2\/pages\/174092\/revisions\/177961"}],"wp:attachment":[{"href":"https:\/\/molenkoning.com\/cs\/wp-json\/wp\/v2\/media?parent=174092"}],"curies":[{"name":"wp","href":"https:\/\/api.w.org\/{rel}","templated":true}]}}