{"id":173980,"date":"2020-01-27T16:51:09","date_gmt":"2020-01-27T16:51:09","guid":{"rendered":"https:\/\/molenkoning.com\/products\/"},"modified":"2024-10-08T10:31:40","modified_gmt":"2024-10-08T10:31:40","slug":"produkty","status":"publish","type":"page","link":"https:\/\/molenkoning.com\/cs\/produkty\/","title":{"rendered":"Produkty"},"content":{"rendered":"<div class=\"fusion-fullwidth fullwidth-box fusion-builder-row-1 fusion-flex-container nonhundred-percent-fullwidth non-hundred-percent-height-scrolling\" style=\"--awb-border-radius-top-left:0px;--awb-border-radius-top-right:0px;--awb-border-radius-bottom-right:0px;--awb-border-radius-bottom-left:0px;--awb-flex-wrap:wrap;\" ><div class=\"fusion-builder-row fusion-row fusion-flex-align-items-flex-start fusion-flex-content-wrap\" style=\"max-width:1144px;margin-left: calc(-4% \/ 2 );margin-right: calc(-4% \/ 2 );\"><div class=\"fusion-layout-column fusion_builder_column fusion-builder-column-0 fusion_builder_column_1_1 1_1 fusion-flex-column\" style=\"--awb-bg-size:cover;--awb-width-large:100%;--awb-margin-top-large:0px;--awb-spacing-right-large:1.92%;--awb-margin-bottom-large:20px;--awb-spacing-left-large:1.92%;--awb-width-medium:100%;--awb-spacing-right-medium:1.92%;--awb-spacing-left-medium:1.92%;--awb-width-small:100%;--awb-spacing-right-small:1.92%;--awb-spacing-left-small:1.92%;\"><div class=\"fusion-column-wrapper fusion-column-has-shadow fusion-flex-justify-content-flex-start fusion-content-layout-column\"><div class=\"fusion-flip-boxes flip-boxes row fusion-columns-3 flip-effect-classic equal-heights\" style=\"--awb-flip-duration:1.2s;\"><div class=\"fusion-flip-box-wrapper fusion-column col-lg-4 col-md-4 col-sm-4\"><div class=\"fusion-flip-box flip-up\" tabindex=\"0\"><div class=\"flip-box-inner-wrapper\"><div class=\"flip-box-front\"><div class=\"flip-box-front-inner\"><div class=\"flip-box-grafix flip-box-image\"><img decoding=\"async\" src=\"https:\/\/molenkoning.com\/wp-content\/uploads\/2020\/01\/molen.jpg\" width=\"280\" height=\"142\" alt=\"\" \/><\/div><h2 class=\"flip-box-heading without-text\">MK koloto\u010d<\/h2><\/div><\/div><div class=\"flip-box-back\" style=\"--awb-background-image-back:url(&#039;https:\/\/molenkoning.com\/wp-content\/uploads\/2020\/02\/Horsewalker-600x400.jpg&#039;);\"><div class=\"flip-box-back-inner\"><h3 class=\"flip-box-heading-back\">MK koloto\u010d<\/h3>Hled\u00e1te koloto\u010d pro kon\u011b? Molenkoning m\u00e1 to, co pot\u0159ebujete!<br \/>\n<a href=\"https:\/\/molenkoning.com\/cs\/produkts\/mk-kolotoc\/\">P\u0159e\u010dt\u011bte si v\u00edce<\/a><\/div><\/div><\/div><\/div><\/div><div class=\"fusion-flip-box-wrapper fusion-column col-lg-4 col-md-4 col-sm-4\"><div class=\"fusion-flip-box flip-up\" tabindex=\"0\"><div class=\"flip-box-inner-wrapper\"><div class=\"flip-box-front\"><div class=\"flip-box-front-inner\"><div class=\"flip-box-grafix flip-box-image\"><img decoding=\"async\" src=\"https:\/\/molenkoning.com\/wp-content\/uploads\/2024\/10\/The-Rail-Gliding-Walker-2-1200x675-1.png\" width=\"1200\" height=\"675\" alt=\"\" \/><\/div><h2 class=\"flip-box-heading without-text\">Kolejnicov\u00fd koloto\u010d pro kon\u011b<\/h2><\/div><\/div><div class=\"flip-box-back\" style=\"--awb-background-image-back:url(&#039;https:\/\/molenkoning.com\/wp-content\/uploads\/2020\/02\/railgliding-600x451.jpg&#039;);\"><div class=\"flip-box-back-inner\"><h3 class=\"flip-box-heading-back\">Kolejnicov\u00fd koloto\u010d pro kon\u011b<\/h3>\n<p>Kolejnicov\u00fd koloto\u010d pro kon\u011b \u2013 vyberte si kulat\u00fd nebo ov\u00e1ln\u00fd<\/p>\n<p><a href=\"https:\/\/molenkoning.com\/cs\/produkts\/kolejnicovy-kolotoc-pro-kone\/\">P\u0159e\u010dt\u011bte si v\u00edce<\/a><\/p>\n<\/div><\/div><\/div><\/div><\/div><div class=\"fusion-flip-box-wrapper fusion-column col-lg-4 col-md-4 col-sm-4\"><div class=\"fusion-flip-box flip-up\" tabindex=\"0\"><div class=\"flip-box-inner-wrapper\"><div class=\"flip-box-front\"><div class=\"flip-box-front-inner\"><div class=\"flip-box-grafix flip-box-image\"><img decoding=\"async\" src=\"https:\/\/molenkoning.com\/wp-content\/uploads\/2020\/01\/skywalker-molenkoning.jpg\" width=\"280\" height=\"142\" alt=\"\" \/><\/div><h2 class=\"flip-box-heading without-text\">Skywalker<\/h2><\/div><\/div><div class=\"flip-box-back\" style=\"--awb-background-image-back:url(&#039;https:\/\/molenkoning.com\/wp-content\/uploads\/2020\/02\/Skywalker-1-600x400.jpg&#039;);\"><div class=\"flip-box-back-inner\"><h3 class=\"flip-box-heading-back\">Skywalker<\/h3>Skywalker \u2013 v\u00e1\u0161 koloto\u010d pro kon\u011b s lon\u017eovac\u00ed ar\u00e9nou<br \/>\n<a href=\"https:\/\/molenkoning.com\/cs\/produkts\/skywalker\/\">P\u0159e\u010dt\u011bte si v\u00edce<\/a><\/div><\/div><\/div><\/div><\/div><div class=\"fusion-flip-box-wrapper fusion-column col-lg-4 col-md-4 col-sm-4\"><div class=\"fusion-flip-box flip-up\" tabindex=\"0\"><div class=\"flip-box-inner-wrapper\"><div class=\"flip-box-front\"><div class=\"flip-box-front-inner\"><div class=\"flip-box-grafix flip-box-image\"><img decoding=\"async\" src=\"https:\/\/molenkoning.com\/wp-content\/uploads\/2020\/01\/track-roof-molenkoning.jpg\" width=\"280\" height=\"142\" alt=\"\" \/><\/div><h2 class=\"flip-box-heading without-text\">\u010c\u00e1ste\u010dn\u00e9 zast\u0159e\u0161en\u00ed<\/h2><\/div><\/div><div class=\"flip-box-back\" style=\"--awb-background-image-back:url(&#039;https:\/\/molenkoning.com\/wp-content\/uploads\/2020\/02\/Trackroof-600x400.jpg&#039;);\"><div class=\"flip-box-back-inner\"><h3 class=\"flip-box-heading-back\">\u010c\u00e1ste\u010dn\u00e9 zast\u0159e\u0161en\u00ed<\/h3>\n<p>\u010c\u00e1ste\u010dn\u00fdm zast\u0159e\u0161en\u00edm pracovn\u00ed dr\u00e1hy koloto\u010de doc\u00edl\u00edte toho, \u017ee va\u0161i kon\u011b budou moci pokra\u010dovat v pravideln\u00e9m tr\u00e9ninku v koloto\u010di i kdy\u017e bude \u0161patn\u00e9 po\u010das\u00ed.<\/p>\n<p><a href=\"https:\/\/molenkoning.com\/cs\/produkts\/castecne-zastreseni-pracovni-drahy-kolotoce\/\">Read More<\/a><\/p>\n<\/div><\/div><\/div><\/div><\/div><div class=\"fusion-flip-box-wrapper fusion-column col-lg-4 col-md-4 col-sm-4\"><div class=\"fusion-flip-box flip-up\" tabindex=\"0\"><div class=\"flip-box-inner-wrapper\"><div class=\"flip-box-front\"><div class=\"flip-box-front-inner\"><div class=\"flip-box-grafix flip-box-image\"><img decoding=\"async\" src=\"https:\/\/molenkoning.com\/wp-content\/uploads\/2020\/01\/closed-roof-lunging-molenkoning.jpg\" width=\"280\" height=\"142\" alt=\"\" \/><\/div><h2 class=\"flip-box-heading without-text\">Uzav\u0159en\u00e1 st\u0159echa<\/h2><\/div><\/div><div class=\"flip-box-back\" style=\"--awb-background-image-back:url(&#039;https:\/\/molenkoning.com\/wp-content\/uploads\/2020\/02\/closed_roof.png&#039;);\"><div class=\"flip-box-back-inner\"><h3 class=\"flip-box-heading-back\">Uzav\u0159en\u00e1 st\u0159echa<\/h3>\n<p>Tato uzav\u0159en\u00e1 st\u0159echa je ide\u00e1ln\u00ed pro zast\u0159e\u0161en\u00ed va\u0161eho st\u00e1vaj\u00edc\u00edho nebo budouc\u00edho lon\u017eovac\u00edho kruhu a\/nebo koloto\u010de pro kon\u011b.<br \/>\n<a href=\"https:\/\/molenkoning.com\/cs\/produkts\/uzavrena-strecha\/\">Read More<\/a><\/p>\n<\/div><\/div><\/div><\/div><\/div><div class=\"fusion-flip-box-wrapper fusion-column col-lg-4 col-md-4 col-sm-4\"><div class=\"fusion-flip-box flip-up\" tabindex=\"0\"><div class=\"flip-box-inner-wrapper\"><div class=\"flip-box-front\"><div class=\"flip-box-front-inner\"><div class=\"flip-box-grafix flip-box-image\"><img decoding=\"async\" src=\"https:\/\/molenkoning.com\/wp-content\/uploads\/2020\/01\/entrance-molenkoning-for-horse-walkers.jpg\" width=\"280\" height=\"142\" alt=\"\" \/><\/div><h2 class=\"flip-box-heading without-text\">Kryt\u00e9 vchody<\/h2><\/div><\/div><div class=\"flip-box-back\" style=\"--awb-background-image-back:url(&#039;https:\/\/molenkoning.com\/wp-content\/uploads\/2020\/02\/covered-entrance-600x453.jpg&#039;);\"><div class=\"flip-box-back-inner\"><h3 class=\"flip-box-heading-back\">Kryt\u00e9 vchody<\/h3>Dopln\u011bn\u00edm zast\u0159e\u0161en\u00e9ho vchodu k va\u0161emu MK koloto\u010di pro kon\u011b a \/nebo zast\u0159e\u0161en\u00ed lon\u017eovac\u00ed ar\u00e9ny je nejen u\u010din\u00ed kr\u00e1sn\u00fdmi, ale nab\u00eddne v\u00e1m r\u016fzn\u00e9 benefity!<\/p>\n<p><a href=\"https:\/\/molenkoning.com\/cs\/produkts\/kryte-vchody\/\">Read More<\/a><\/div><\/div><\/div><\/div><\/div><div class=\"fusion-flip-box-wrapper fusion-column col-lg-4 col-md-4 col-sm-4\"><div class=\"fusion-flip-box flip-up\" tabindex=\"0\"><div class=\"flip-box-inner-wrapper\"><div class=\"flip-box-front\"><div class=\"flip-box-front-inner\"><div class=\"flip-box-grafix flip-box-image\"><img decoding=\"async\" src=\"https:\/\/molenkoning.com\/wp-content\/uploads\/2020\/01\/round-fence.jpg\" width=\"280\" height=\"142\" alt=\"\" \/><\/div><h2 class=\"flip-box-heading without-text\">Kruhov\u00fd ohradn\u00edk<\/h2><\/div><\/div><div class=\"flip-box-back\" style=\"--awb-background-image-back:url(&#039;https:\/\/molenkoning.com\/wp-content\/uploads\/2020\/02\/roundfence-600x400.jpg&#039;);\"><div class=\"flip-box-back-inner\"><h3 class=\"flip-box-heading-back\">Kruhov\u00fd ohradn\u00edk<\/h3>Ke koloto\u010di pro kon\u011b Molenkoning lze p\u0159idat r\u016fzn\u00e9 voliteln\u00e9 p\u0159\u00edslu\u0161enstv\u00ed.<\/p>\n<p><a href=\"https:\/\/molenkoning.com\/cs\/produkts\/volitelne-prislusenstvi-kolotoce-pro-kone\/\">Read More<\/a><\/div><\/div><\/div><\/div><\/div><div class=\"fusion-flip-box-wrapper fusion-column col-lg-4 col-md-4 col-sm-4\"><div class=\"fusion-flip-box flip-up\" tabindex=\"0\"><div class=\"flip-box-inner-wrapper\"><div class=\"flip-box-front\"><div class=\"flip-box-front-inner\"><div class=\"flip-box-grafix flip-box-image\"><img decoding=\"async\" src=\"https:\/\/molenkoning.com\/wp-content\/uploads\/2020\/01\/sweden-fence-molenkoning.jpg\" width=\"280\" height=\"142\" alt=\"\" \/><\/div><h2 class=\"flip-box-heading without-text\">\u0160v\u00e9dsk\u00fd Ohradn\u00edk<\/h2><\/div><\/div><div class=\"flip-box-back\" style=\"--awb-background-image-back:url(&#039;https:\/\/molenkoning.com\/wp-content\/uploads\/2020\/02\/Sweden-Fence-600x402.jpg&#039;);\"><div class=\"flip-box-back-inner\"><h3 class=\"flip-box-heading-back\">\u0160v\u00e9dsk\u00fd Ohradn\u00edk<\/h3>Hled\u00e1te p\u0159irozen\u011b vypadaj\u00edc\u00ed ohradu pro sv\u016fj koloto\u010d? P\u0159e\u010dt\u011bte si dal\u0161\u00ed informace o \u0160v\u00e9dsk\u00e9m ohradn\u00edku od spole\u010dnosti Molenkoning. Robustn\u00ed a kr\u00e1sn\u00fd.<\/p>\n<p><a href=\"https:\/\/molenkoning.com\/cs\/produkts\/svedsky-ohradnik\/\">Read More<\/a><\/div><\/div><\/div><\/div><\/div><div class=\"fusion-flip-box-wrapper fusion-column col-lg-4 col-md-4 col-sm-4\"><div class=\"fusion-flip-box flip-up\" tabindex=\"0\"><div class=\"flip-box-inner-wrapper\"><div class=\"flip-box-front\"><div class=\"flip-box-front-inner\"><div class=\"flip-box-grafix flip-box-image\"><img decoding=\"async\" src=\"https:\/\/molenkoning.com\/wp-content\/uploads\/2020\/01\/horsewalker-with-beoband-from-molenkoning.jpg\" width=\"280\" height=\"118\" alt=\"\" \/><\/div><h2 class=\"flip-box-heading without-text\">MK Safeline Ohradn\u00edky<\/h2><\/div><\/div><div class=\"flip-box-back\" style=\"--awb-background-image-back:url(&#039;https:\/\/molenkoning.com\/wp-content\/uploads\/2020\/02\/Beo-Band-600x400.jpg&#039;);\"><div class=\"flip-box-back-inner\"><h3 class=\"flip-box-heading-back\">MK Safeline Ohradn\u00edky<\/h3>\n<p>Hled\u00e1te cenov\u011b dostupn\u00e9 \u0159e\u0161en\u00ed ohrady pro v\u00e1\u0161\u00a0koloto\u010d pro kon\u011b, kter\u00e9 je z\u00e1rove\u0148 bezpe\u010dn\u00e9 a snadno provozovateln\u00e9?<\/p>\n<p><a href=\"https:\/\/molenkoning.com\/cs\/produkty\/mk-safeline-ohradniky\/\">Read More<\/a><\/p>\n<\/div><\/div><\/div><\/div><\/div><div class=\"fusion-flip-box-wrapper fusion-column col-lg-4 col-md-4 col-sm-4\"><div class=\"fusion-flip-box flip-up\" tabindex=\"0\"><div class=\"flip-box-inner-wrapper\"><div class=\"flip-box-front\"><div class=\"flip-box-front-inner\"><div class=\"flip-box-grafix flip-box-image\"><img decoding=\"async\" src=\"https:\/\/molenkoning.com\/wp-content\/uploads\/2021\/04\/Solariumfront.png\" width=\"1920\" height=\"1080\" alt=\"\" \/><\/div><h2 class=\"flip-box-heading without-text\">Sol\u00e1rium<\/h2><\/div><\/div><div class=\"flip-box-back\" style=\"--awb-background-image-back:url(&#039;https:\/\/molenkoning.com\/wp-content\/uploads\/2021\/04\/MK-solarium-for-horses-1.jpg&#039;);\"><div class=\"flip-box-back-inner\"><h3 class=\"flip-box-heading-back\">Sol\u00e1rium<\/h3>\n<p>Sportovn\u00ed k\u016f\u0148 je atlet, a proto m\u016f\u017ee doj\u00edt ke zran\u011bn\u00ed kon\u011b bez ohledu na to, na jak\u00e9 \u00farovni z\u00e1vod\u00ed.<\/p>\n<p><a href=\"https:\/\/molenkoning.com\/cs\/produkts\/solarium\/\">Read More<\/a><\/p>\n<\/div><\/div><\/div><\/div><\/div><div class=\"fusion-flip-box-wrapper fusion-column col-lg-4 col-md-4 col-sm-4\"><div class=\"fusion-flip-box flip-up\" tabindex=\"0\"><div class=\"flip-box-inner-wrapper\"><div class=\"flip-box-front\"><div class=\"flip-box-front-inner\"><div class=\"flip-box-grafix flip-box-image\"><img decoding=\"async\" src=\"https:\/\/molenkoning.com\/wp-content\/uploads\/2020\/01\/equitrack.jpg\" width=\"280\" height=\"142\" alt=\"\" \/><\/div><h2 class=\"flip-box-heading without-text\">Equitrack<\/h2><\/div><\/div><div class=\"flip-box-back\" style=\"--awb-background-image-back:url(&#039;https:\/\/molenkoning.com\/wp-content\/uploads\/2020\/02\/EQUITRACK-600x414.jpg&#039;);\"><div class=\"flip-box-back-inner\"><h3 class=\"flip-box-heading-back\">Equitrack<\/h3>\n<p>Equitrack je ide\u00e1ln\u00ed povrch pro v\u00e1\u0161 v\u00fdb\u011bh nebo koloto\u010d pro kon\u011b.<\/p>\n<p><a href=\"https:\/\/molenkoning.com\/cs\/produkts\/equitrack\/\">Read More<\/a><\/p>\n<\/div><\/div><\/div><\/div><\/div><div class=\"fusion-flip-box-wrapper fusion-column col-lg-4 col-md-4 col-sm-4\"><div class=\"fusion-flip-box flip-up\" tabindex=\"0\"><div class=\"flip-box-inner-wrapper\"><div class=\"flip-box-front\"><div class=\"flip-box-front-inner\"><div class=\"flip-box-grafix flip-box-image\"><img decoding=\"async\" src=\"https:\/\/molenkoning.com\/wp-content\/uploads\/2020\/01\/molenkoning-groundwoks-equestrian-constructions.jpg\" width=\"280\" height=\"142\" alt=\"\" \/><\/div><h2 class=\"flip-box-heading without-text\">Prefabrikovan\u00e9 z\u00e1klady pro instalaci sv\u00e9pomoc\u00ed<\/h2><\/div><\/div><div class=\"flip-box-back\" style=\"--awb-background-image-back:url(&#039;https:\/\/molenkoning.com\/wp-content\/uploads\/2020\/02\/GROUNDWORKS-600x398.jpg&#039;);\"><div class=\"flip-box-back-inner\"><h3 class=\"flip-box-heading-back\">Prefabrikovan\u00e9 z\u00e1klady pro instalaci sv\u00e9pomoc\u00ed<\/h3>\n<p>Spole\u010dnost Molenkoning vyvinula koloto\u010d pro kon\u011b, kter\u00fd je vhodn\u00fd pro vlastn\u00ed mont\u00e1\u017e \u201c\u201d DIY\u201d\u201d Aby byla tato mont\u00e1\u017e co nejjednodu\u0161\u0161\u00ed, m\u00e1 spole\u010dnost Molenkoning betonov\u00e9 z\u00e1klady pro zemn\u00ed pr\u00e1ce v\u017edy skladem.<\/p>\n<p><a href=\"https:\/\/molenkoning.com\/cs\/produkts\/molenkoning-nabizi-prefabrikovane-zaklady-pro-instalaci-svepomoci\/\">Read More<\/a><\/p>\n<\/div><\/div><\/div><\/div><\/div><div class=\"fusion-flip-box-wrapper fusion-column col-lg-4 col-md-4 col-sm-4\"><div class=\"fusion-flip-box flip-up\" tabindex=\"0\"><div class=\"flip-box-inner-wrapper\"><div class=\"flip-box-front\"><div class=\"flip-box-front-inner\"><div class=\"flip-box-grafix flip-box-image\"><img decoding=\"async\" src=\"https:\/\/molenkoning.com\/wp-content\/uploads\/2020\/01\/horsepower-plate.jpg\" width=\"280\" height=\"142\" alt=\"\" \/><\/div><h2 class=\"flip-box-heading without-text\">Vibra\u010dn\u00ed deska<\/h2><\/div><\/div><div class=\"flip-box-back\" style=\"--awb-background-image-back:url(&#039;https:\/\/molenkoning.com\/wp-content\/uploads\/2020\/02\/powerplate-600x725.jpg&#039;);\"><div class=\"flip-box-back-inner\"><h3 class=\"flip-box-heading-back\">Vibra\u010dn\u00ed deska<\/h3>\n<p>Ve spole\u010dnosti Molenkoning neust\u00e1le pracujeme na inovac\u00edch, kter\u00e9 p\u0159isp\u00edvaj\u00ed ke kondici a zdrav\u00ed va\u0161ich kon\u00ed.<\/p>\n<p><a href=\"https:\/\/molenkoning.com\/cs\/produkts\/vibracni-deska-pro-kone\/\">Read More<\/a><\/p>\n<\/div><\/div><\/div><\/div><\/div><div class=\"fusion-flip-box-wrapper fusion-column col-lg-4 col-md-4 col-sm-4\"><div class=\"fusion-flip-box flip-up\" tabindex=\"0\"><div class=\"flip-box-inner-wrapper\"><div class=\"flip-box-front\"><div class=\"flip-box-front-inner\"><div class=\"flip-box-grafix flip-box-image\"><img decoding=\"async\" src=\"https:\/\/molenkoning.com\/wp-content\/uploads\/2020\/01\/windbreak-net-molenkoning.jpg\" width=\"280\" height=\"142\" alt=\"\" \/><\/div><h2 class=\"flip-box-heading without-text\">S\u00ed\u0165 proti v\u011btru<\/h2><\/div><\/div><div class=\"flip-box-back\" style=\"--awb-background-image-back:url(&#039;https:\/\/molenkoning.com\/wp-content\/uploads\/2020\/02\/windbreaknet-600x450.jpg&#039;);\"><div class=\"flip-box-back-inner\"><h3 class=\"flip-box-heading-back\">S\u00ed\u0165 proti v\u011btru<\/h3>\n<p>Krom\u011b pln\u00e9ho zast\u0159e\u0161en\u00ed nebo \u010d\u00e1ste\u010dn\u00e9ho zast\u0159e\u0161en\u00ed m\u016f\u017ee s\u00ed\u0165 proti v\u011btru \u2013 zn\u00e1m\u00e1 tak\u00e9 jako protiv\u011btrn\u00e1 s\u00ed\u0165 \u2013 poskytnout dal\u0161\u00ed zv\u00fd\u0161en\u00ed komfortu p\u0159i pou\u017e\u00edv\u00e1n\u00ed koloto\u010de pro kon\u011b nebo prostoru pro lon\u017eov\u00e1n\u00ed.<\/p>\n<p><a href=\"https:\/\/molenkoning.com\/cs\/produkts\/sit-proti-vetru\/\">Read More<\/a><\/p>\n<\/div><\/div><\/div><\/div><\/div><div class=\"fusion-flip-box-wrapper fusion-column col-lg-4 col-md-4 col-sm-4\"><div class=\"fusion-flip-box flip-up\" tabindex=\"0\"><div class=\"flip-box-inner-wrapper\"><div class=\"flip-box-front\"><div class=\"flip-box-front-inner\"><div class=\"flip-box-grafix flip-box-image\"><img decoding=\"async\" src=\"https:\/\/molenkoning.com\/wp-content\/uploads\/2020\/01\/options-walker.jpg\" width=\"280\" height=\"142\" alt=\"\" \/><\/div><h2 class=\"flip-box-heading without-text\">Voliteln\u00e9 p\u0159\u00edslu\u0161enstv\u00ed koloto\u010de pro kon\u011b<\/h2><\/div><\/div><div class=\"flip-box-back\" style=\"--awb-background-image-back:url(&#039;https:\/\/molenkoning.com\/wp-content\/uploads\/2020\/02\/options-600x400.jpg&#039;);\"><div class=\"flip-box-back-inner\"><h3 class=\"flip-box-heading-back\">Voliteln\u00e9 p\u0159\u00edslu\u0161enstv\u00ed koloto\u010de pro kon\u011b<\/h3>\n<p>Ke koloto\u010di pro kon\u011b Molenkoning lze p\u0159idat r\u016fzn\u00e9 voliteln\u00e9 p\u0159\u00edslu\u0161enstv\u00ed.<\/p>\n<p><a href=\"https:\/\/molenkoning.com\/cs\/produkts\/volitelne-prislusenstvi-kolotoce-pro-kone\/\">Read More<\/a><\/p>\n<\/div><\/div><\/div><\/div><\/div><\/div><\/div><\/div><\/div><\/div>\n","protected":false},"excerpt":{"rendered":"","protected":false},"author":1,"featured_media":0,"parent":0,"menu_order":0,"comment_status":"closed","ping_status":"closed","template":"","meta":{"_acf_changed":false,"content-type":"","footnotes":""},"class_list":["post-173980","page","type-page","status-publish","hentry"],"acf":[],"_links":{"self":[{"href":"https:\/\/molenkoning.com\/cs\/wp-json\/wp\/v2\/pages\/173980","targetHints":{"allow":["GET"]}}],"collection":[{"href":"https:\/\/molenkoning.com\/cs\/wp-json\/wp\/v2\/pages"}],"about":[{"href":"https:\/\/molenkoning.com\/cs\/wp-json\/wp\/v2\/types\/page"}],"author":[{"embeddable":true,"href":"https:\/\/molenkoning.com\/cs\/wp-json\/wp\/v2\/users\/1"}],"replies":[{"embeddable":true,"href":"https:\/\/molenkoning.com\/cs\/wp-json\/wp\/v2\/comments?post=173980"}],"version-history":[{"count":10,"href":"https:\/\/molenkoning.com\/cs\/wp-json\/wp\/v2\/pages\/173980\/revisions"}],"predecessor-version":[{"id":186291,"href":"https:\/\/molenkoning.com\/cs\/wp-json\/wp\/v2\/pages\/173980\/revisions\/186291"}],"wp:attachment":[{"href":"https:\/\/molenkoning.com\/cs\/wp-json\/wp\/v2\/media?parent=173980"}],"curies":[{"name":"wp","href":"https:\/\/api.w.org\/{rel}","templated":true}]}}