{"id":173347,"date":"2020-02-11T13:24:13","date_gmt":"2020-02-11T13:24:13","guid":{"rendered":"https:\/\/molenkoning.com\/structure-and-composition-of-a-molenkoning-horse-walker\/"},"modified":"2024-01-23T10:34:20","modified_gmt":"2024-01-23T10:34:20","slug":"konstrukce-a-skladba-kolotoce-pro-kone-firmy-molenkoning","status":"publish","type":"page","link":"https:\/\/molenkoning.com\/cs\/konstrukce-a-skladba-kolotoce-pro-kone-firmy-molenkoning\/","title":{"rendered":"Konstrukce a skladba koloto\u010de pro kon\u011b firmy Molenkoning"},"content":{"rendered":"<p><div class=\"fusion-fullwidth fullwidth-box fusion-builder-row-1 fusion-flex-container has-pattern-background has-mask-background nonhundred-percent-fullwidth non-hundred-percent-height-scrolling\" style=\"--awb-border-radius-top-left:0px;--awb-border-radius-top-right:0px;--awb-border-radius-bottom-right:0px;--awb-border-radius-bottom-left:0px;--awb-flex-wrap:wrap;\" ><div class=\"fusion-builder-row fusion-row fusion-flex-align-items-flex-start fusion-flex-content-wrap\" style=\"max-width:1144px;margin-left: calc(-4% \/ 2 );margin-right: calc(-4% \/ 2 );\"><div class=\"fusion-layout-column fusion_builder_column fusion-builder-column-0 fusion_builder_column_1_1 1_1 fusion-flex-column\" style=\"--awb-bg-size:cover;--awb-width-large:100%;--awb-margin-top-large:0px;--awb-spacing-right-large:1.92%;--awb-margin-bottom-large:20px;--awb-spacing-left-large:1.92%;--awb-width-medium:100%;--awb-order-medium:0;--awb-spacing-right-medium:1.92%;--awb-spacing-left-medium:1.92%;--awb-width-small:100%;--awb-order-small:0;--awb-spacing-right-small:1.92%;--awb-spacing-left-small:1.92%;\"><div class=\"fusion-column-wrapper fusion-column-has-shadow fusion-flex-justify-content-flex-start fusion-content-layout-column\"><div class=\"fusion-title title fusion-title-1 fusion-sep-none fusion-title-text fusion-title-size-one\" style=\"--awb-text-color:#333333;\"><h1 class=\"fusion-title-heading title-heading-left\" style=\"margin:0;\">Konstrukce a skladba koloto\u010de pro kon\u011b firmy Molenkoning<\/h1><\/div><div class=\"fusion-text fusion-text-1\"><p>Koloto\u010d pro kon\u011b od spole\u010dnosti Molenkoning je u\u017eivatelsky p\u0159\u00edv\u011btiv\u00fd a d\u00edky sv\u00e9 robustn\u00ed konstrukci m\u00e1 dlouhou \u017eivotnost. Koloto\u010d pro kon\u011b nevy\u017eaduje velkou \u00fadr\u017ebu, je velmi bezpe\u010dn\u00fd a energeticky \u00fasporn\u00fd. Na\u0161e koloto\u010de pro kon\u011b m\u016f\u017ee montovat technik, ale v\u011bt\u0161inou si je z\u00e1kazn\u00edci montuj\u00ed sami pomoc\u00ed jednoduch\u00e9ho n\u00e1vodu.<\/p>\n<p>V tomto \u010dl\u00e1nku v\u00e1s nau\u010d\u00edme v\u0161e o konstrukci a slo\u017een\u00ed na\u0161eho koloto\u010de pro kon\u011b. Budete tak v\u011bd\u011bt v\u0161e o hlavn\u00edch t\u00e9matech souvisej\u00edc\u00edch s pou\u017e\u00edv\u00e1n\u00edm na\u0161eho koloto\u010de pro kon\u011b. Pokud se chcete dozv\u011bd\u011bt v\u00edce o tr\u00e9ninku s koloto\u010dem pro kon\u011b, klikn\u011bte zde, kde najdete \u010dl\u00e1nek na toto t\u00e9ma. D\u00e1le se v tomto \u010dl\u00e1nku dozv\u00edte nap\u0159:<\/p>\n<ul>\n<li>Bezpe\u010dnost pro kon\u011b a tren\u00e9ra<\/li>\n<li>Vysoce kvalitn\u00ed materi\u00e1ly a povrchov\u00e1 \u00faprava<\/li>\n<li>Prvot\u0159\u00eddn\u00ed p\u0159edprodejn\u00ed a poprodejn\u00ed servis<\/li>\n<li>Snadn\u00e9 ovl\u00e1d\u00e1n\u00ed pomoc\u00ed funk\u010dn\u00edch tla\u010d\u00edtek<\/li>\n<li>Nejlep\u0161\u00ed pom\u011br ceny a kvality<\/li>\n<\/ul>\n<\/div><\/div><\/div><div class=\"fusion-layout-column fusion_builder_column fusion-builder-column-1 fusion_builder_column_1_1 1_1 fusion-flex-column\" style=\"--awb-bg-size:cover;--awb-width-large:100%;--awb-margin-top-large:0px;--awb-spacing-right-large:1.92%;--awb-margin-bottom-large:20px;--awb-spacing-left-large:1.92%;--awb-width-medium:100%;--awb-order-medium:0;--awb-spacing-right-medium:1.92%;--awb-spacing-left-medium:1.92%;--awb-width-small:100%;--awb-order-small:0;--awb-spacing-right-small:1.92%;--awb-spacing-left-small:1.92%;\"><div class=\"fusion-column-wrapper fusion-column-has-shadow fusion-flex-justify-content-flex-start fusion-content-layout-column\"><div class=\"fusion-title title fusion-title-2 fusion-sep-none fusion-title-text fusion-title-size-one\" style=\"--awb-text-color:#333333;\"><h1 class=\"fusion-title-heading title-heading-left\" style=\"margin:0;\">Bezpe\u010dnost pro kon\u011b a tren\u00e9ra<\/h1><\/div><div class=\"fusion-text fusion-text-2\"><p>Bezpe\u010dnost a kvalita jsou na prvn\u00edm m\u00edst\u011b na seznamu va\u0161ich priorit a u n\u00e1s tomu nen\u00ed jinak. Proto je n\u00e1\u0161 koloto\u010d pro kon\u011b v\u017edy vybaven 220V elektromotorem, kter\u00fd je navr\u017een pro dlouhou \u017eivotnost minim\u00e1ln\u011b 15 000 hodin.<\/p>\n<\/div><\/div><\/div><\/div><\/div><div class=\"fusion-fullwidth fullwidth-box fusion-builder-row-2 fusion-flex-container has-pattern-background has-mask-background ctabannerouter nonhundred-percent-fullwidth non-hundred-percent-height-scrolling\" style=\"--awb-border-radius-top-left:0px;--awb-border-radius-top-right:0px;--awb-border-radius-bottom-right:0px;--awb-border-radius-bottom-left:0px;--awb-padding-right:0px;--awb-padding-left:0px;--awb-margin-bottom:20px;--awb-background-color:#484848;--awb-flex-wrap:wrap;\" ><div class=\"fusion-builder-row fusion-row fusion-flex-align-items-flex-start fusion-flex-content-wrap\" style=\"max-width:calc( 1100px + 0px );margin-left: calc(-0px \/ 2 );margin-right: calc(-0px \/ 2 );\"><div class=\"fusion-layout-column fusion_builder_column fusion-builder-column-2 fusion_builder_column_1_3 1_3 fusion-flex-column\" style=\"--awb-padding-top:50px;--awb-padding-right:50px;--awb-padding-bottom:32px;--awb-padding-left:50px;--awb-bg-color:#484848;--awb-bg-color-hover:#484848;--awb-bg-size:cover;--awb-width-large:33.333333333333%;--awb-margin-top-large:0px;--awb-spacing-right-large:0;--awb-margin-bottom-large:0px;--awb-spacing-left-large:0px;--awb-width-medium:33.333333333333%;--awb-order-medium:0;--awb-spacing-right-medium:0;--awb-spacing-left-medium:0px;--awb-width-small:100%;--awb-order-small:0;--awb-spacing-right-small:0px;--awb-spacing-left-small:0px;\"><div class=\"fusion-column-wrapper fusion-column-has-shadow fusion-flex-justify-content-flex-start fusion-content-layout-column\"><div class=\"fusion-title title fusion-title-3 fusion-sep-none fusion-title-text fusion-title-size-two\" style=\"--awb-text-color:#ffffff;\"><h2 class=\"fusion-title-heading title-heading-left\" style=\"margin:0;\">Zeptejte se na sv\u00e9 ot\u00e1zky n\u011bkter\u00e9ho z na\u0161ich specialist\u016f<\/h2><\/div><div class=\"fusion-text fusion-text-3\" style=\"--awb-text-color:#ffffff;\"><p>M\u00e1te n\u011bjak\u00e9 dotazy t\u00fdkaj\u00edc\u00ed se um\u00edst\u011bn\u00ed, instalace nebo pou\u017e\u00edv\u00e1n\u00ed koloto\u010de pro kon\u011b?<\/p>\n<\/div><\/div><\/div><div class=\"fusion-layout-column fusion_builder_column fusion-builder-column-3 fusion_builder_column_2_3 2_3 fusion-flex-column ctabannerinner\" style=\"--awb-padding-top:50px;--awb-padding-right:50px;--awb-padding-bottom:51px;--awb-padding-left:30px;--awb-bg-color:rgba(0,0,0,0.38);--awb-bg-color-hover:rgba(0,0,0,0.38);--awb-bg-image:url(&#039;https:\/\/molenkoning.com\/wp-content\/uploads\/2021\/09\/Molenkoning-66.jpeg&#039;);--awb-bg-position:center center;--awb-bg-size:cover;--awb-width-large:66.666666666667%;--awb-margin-top-large:0px;--awb-spacing-right-large:0px;--awb-margin-bottom-large:0px;--awb-spacing-left-large:0;--awb-width-medium:66.666666666667%;--awb-order-medium:0;--awb-spacing-right-medium:0px;--awb-spacing-left-medium:0;--awb-width-small:100%;--awb-order-small:0;--awb-spacing-right-small:0px;--awb-spacing-left-small:0px;\"><div class=\"fusion-column-wrapper fusion-column-has-shadow fusion-flex-justify-content-flex-start fusion-content-layout-column fusion-column-has-bg-image\" data-bg-url=\"https:\/\/molenkoning.com\/wp-content\/uploads\/2021\/09\/Molenkoning-66.jpeg\"><div class=\"fusion-image-element \" style=\"text-align:left;--awb-margin-bottom:10px;--awb-caption-title-font-family:var(--h2_typography-font-family);--awb-caption-title-font-weight:var(--h2_typography-font-weight);--awb-caption-title-font-style:var(--h2_typography-font-style);--awb-caption-title-size:var(--h2_typography-font-size);--awb-caption-title-transform:var(--h2_typography-text-transform);--awb-caption-title-line-height:var(--h2_typography-line-height);--awb-caption-title-letter-spacing:var(--h2_typography-letter-spacing);\"><span class=\" fusion-imageframe imageframe-none imageframe-1 hover-type-none\"><img decoding=\"async\" width=\"200\" height=\"200\" title=\"marcela_cta\" src=\"https:\/\/molenkoning.com\/wp-content\/uploads\/2023\/10\/marcela_cta.png\" alt class=\"img-responsive wp-image-176300\" srcset=\"https:\/\/molenkoning.com\/wp-content\/uploads\/2023\/10\/marcela_cta-66x66.png 66w, https:\/\/molenkoning.com\/wp-content\/uploads\/2023\/10\/marcela_cta-150x150.png 150w, https:\/\/molenkoning.com\/wp-content\/uploads\/2023\/10\/marcela_cta.png 200w\" sizes=\"(max-width: 200px) 100vw, 200px\" \/><\/span><\/div><div ><a class=\"fusion-button button-flat fusion-button-default-size button-custom fusion-button-default button-1 fusion-button-default-span fusion-button-default-type\" style=\"--button_accent_color:#ffffff;--button_accent_hover_color:#ffffff;--button_border_hover_color:#ffffff;--button_gradient_top_color:#b98713;--button_gradient_bottom_color:#b98713;--button_gradient_top_color_hover:rgba(151,124,61,0.89);--button_gradient_bottom_color_hover:rgba(151,124,61,0.89);\" target=\"_self\" href=\"mailto:marcela@molenkoning.com\"><span class=\"fusion-button-text\">Obra\u0165te se na specialistu!<\/span><\/a><\/div><\/div><\/div><\/div><\/div><div class=\"fusion-fullwidth fullwidth-box fusion-builder-row-3 fusion-flex-container has-pattern-background has-mask-background nonhundred-percent-fullwidth non-hundred-percent-height-scrolling\" style=\"--awb-border-radius-top-left:0px;--awb-border-radius-top-right:0px;--awb-border-radius-bottom-right:0px;--awb-border-radius-bottom-left:0px;--awb-margin-top:20px;--awb-flex-wrap:wrap;\" ><div class=\"fusion-builder-row fusion-row fusion-flex-align-items-flex-start fusion-flex-content-wrap\" style=\"max-width:1144px;margin-left: calc(-4% \/ 2 );margin-right: calc(-4% \/ 2 );\"><div class=\"fusion-layout-column fusion_builder_column fusion-builder-column-4 fusion_builder_column_1_1 1_1 fusion-flex-column\" style=\"--awb-bg-size:cover;--awb-width-large:100%;--awb-margin-top-large:0px;--awb-spacing-right-large:1.92%;--awb-margin-bottom-large:20px;--awb-spacing-left-large:1.92%;--awb-width-medium:100%;--awb-order-medium:0;--awb-spacing-right-medium:1.92%;--awb-spacing-left-medium:1.92%;--awb-width-small:100%;--awb-order-small:0;--awb-spacing-right-small:1.92%;--awb-spacing-left-small:1.92%;\"><div class=\"fusion-column-wrapper fusion-column-has-shadow fusion-flex-justify-content-flex-start fusion-content-layout-column\"><div class=\"fusion-title title fusion-title-4 fusion-sep-none fusion-title-text fusion-title-size-two\"><h2 class=\"fusion-title-heading title-heading-left\" style=\"margin:0;\">Specifikace vysok\u00e9 kvality koloto\u010de pro kon\u011b<\/h2><\/div><div class=\"fusion-text fusion-text-4\"><p>\u0160pi\u010dkov\u00e1 lo\u017eiska, bezhlu\u010dn\u00fd pohon kl\u00ednov\u00fdm \u0159emenem s dlouhou \u017eivotnost\u00ed a to nejbezpe\u010dn\u011bj\u0161\u00ed pro va\u0161eho kon\u011b. Cel\u00e1 konstrukce je nav\u00edc pozinkovan\u00e1 a odoln\u00e1 proti vod\u011b. Konstrukce je kompletn\u011b pozinkovan\u00e1 a m\u00e1 n\u00edzko polo\u017een\u00e9 t\u011b\u017ei\u0161t\u011b pro tu nejlep\u0161\u00ed stabilitu. Na\u0161e standardn\u00ed velikosti jsou 10, 12, 15, 16, 18 a 20 metr\u016f v pr\u016fm\u011bru pro 3 a\u017e 8 kon\u00ed. Je v\u0161ak mo\u017en\u00e9 vyrobit tak\u00e9 koloto\u010de pro kon\u011b na zak\u00e1zku.<\/p>\n<p>Koloto\u010de pro kon\u011b jsou vybaveny u\u017eivatelsky p\u0159\u00edv\u011btiv\u00fdm \u0159\u00eddic\u00edm syst\u00e9mem s digit\u00e1ln\u00edm frekven\u010dn\u00edm regul\u00e1torem nejvy\u0161\u0161\u00ed kvality.<\/p>\n<\/div><\/div><\/div><div class=\"fusion-layout-column fusion_builder_column fusion-builder-column-5 fusion_builder_column_1_1 1_1 fusion-flex-column\" style=\"--awb-bg-size:cover;--awb-width-large:100%;--awb-margin-top-large:0px;--awb-spacing-right-large:1.92%;--awb-margin-bottom-large:20px;--awb-spacing-left-large:1.92%;--awb-width-medium:100%;--awb-order-medium:0;--awb-spacing-right-medium:1.92%;--awb-spacing-left-medium:1.92%;--awb-width-small:100%;--awb-order-small:0;--awb-spacing-right-small:1.92%;--awb-spacing-left-small:1.92%;\"><div class=\"fusion-column-wrapper fusion-column-has-shadow fusion-flex-justify-content-flex-start fusion-content-layout-column\"><div class=\"fusion-title title fusion-title-5 fusion-sep-none fusion-title-text fusion-title-size-two\"><h2 class=\"fusion-title-heading title-heading-left\" style=\"margin:0;\">Posuvn\u00e9 br\u00e1ny tvo\u0159\u00ed z\u00e1klad va\u0161eho budouc\u00edho koloto\u010de pro kon\u011b?<\/h2><\/div><div class=\"fusion-text fusion-text-5\"><p>Posuvn\u00e9 br\u00e1ny s ty\u010demi prodlu\u017euj\u00ed \u017eivotnost motoru, proto\u017ee kladou mal\u00fd odpor. V\u0161echny posuvn\u00e9 br\u00e1ny jsou v p\u0159\u00edpad\u011b pot\u0159eby individu\u00e1ln\u011b vym\u011bniteln\u00e9. V\u0161echny koloto\u010de pro kon\u011b jsou vybaveny syst\u00e9mem elektrick\u00e9ho impulsov\u00e9ho syst\u00e9mu , proto\u017ee bezpe\u010dnost kon\u00ed je na prvn\u00edm m\u00edst\u011b!<\/p>\n<p>Tento syst\u00e9m posuvn\u00fdch bran tak\u00e9 zaji\u0161\u0165uje, \u017ee ne ka\u017ed\u00fd n\u00e1raz je absorbov\u00e1n konstrukc\u00ed nebo syst\u00e9mem pohonu. Ka\u017ed\u00fd koloto\u010d pro kon\u011b je dod\u00e1v\u00e1n s hlin\u00edkov\u00fdmi ty\u010demi, kter\u00e9 v p\u0159\u00edpad\u011b pot\u0159eby vedou elektrick\u00fd v\u00fdboj. Tyto ty\u010de poskytuj\u00ed velmi lehk\u00fd \u00fader o s\u00edle 6 joul\u016f. To se hod\u00ed pouze na za\u010d\u00e1tku, kdy chcete kon\u011b zvyknout na pr\u00e1ci v koloto\u010di. Postupem \u010dasu bude k\u016f\u0148 chodit v koloto\u010di samostatn\u011b a velk\u00fdm pot\u011b\u0161en\u00edm.<\/p>\n<\/div><\/div><\/div><\/div><\/div><div class=\"fusion-fullwidth fullwidth-box fusion-builder-row-4 fusion-flex-container has-pattern-background has-mask-background nonhundred-percent-fullwidth non-hundred-percent-height-scrolling\" style=\"--awb-border-radius-top-left:0px;--awb-border-radius-top-right:0px;--awb-border-radius-bottom-right:0px;--awb-border-radius-bottom-left:0px;--awb-flex-wrap:wrap;\" ><div class=\"fusion-builder-row fusion-row fusion-flex-align-items-flex-start fusion-flex-content-wrap\" style=\"max-width:1144px;margin-left: calc(-4% \/ 2 );margin-right: calc(-4% \/ 2 );\"><div class=\"fusion-layout-column fusion_builder_column fusion-builder-column-6 fusion_builder_column_1_1 1_1 fusion-flex-column\" style=\"--awb-bg-size:cover;--awb-width-large:100%;--awb-margin-top-large:0px;--awb-spacing-right-large:1.92%;--awb-margin-bottom-large:20px;--awb-spacing-left-large:1.92%;--awb-width-medium:100%;--awb-order-medium:0;--awb-spacing-right-medium:1.92%;--awb-spacing-left-medium:1.92%;--awb-width-small:100%;--awb-order-small:0;--awb-spacing-right-small:1.92%;--awb-spacing-left-small:1.92%;\"><div class=\"fusion-column-wrapper fusion-column-has-shadow fusion-flex-justify-content-flex-start fusion-content-layout-column\"><div class=\"fusion-title title fusion-title-6 fusion-sep-none fusion-title-text fusion-title-size-two\"><h2 class=\"fusion-title-heading title-heading-left\" style=\"margin:0;\">Extra bezpe\u010dnost s Molenkoning bezpe\u010dnostn\u00edmi ty\u010demi<\/h2><\/div><div class=\"fusion-text fusion-text-6\"><p>Pro ty, kte\u0159\u00ed cht\u011bj\u00ed dodat sv\u00e9mu koloto\u010di pro kon\u011b v\u011bt\u0161\u00ed m\u00edru bezpe\u010dnosti, nab\u00edz\u00edme bezpe\u010dnostn\u00ed ty\u010de Safeguard od spole\u010dnosti Molenkoning. Posuvn\u00e9 br\u00e1ny jsou pak vybaveny plastov\u00fdmi ty\u010demi (polyethylen). Tyto ty\u010de jsou extr\u00e9mn\u011b pevn\u00e9, ale p\u0159esto velmi pru\u017en\u00e9. Jsou pru\u017en\u00e9 i p\u0159i teplot\u00e1ch pod bodem mrazu.<\/p>\n<p>Tyto ty\u010de se mohou ohnout, ale okam\u017eit\u011b pru\u017e\u00ed zp\u011bt do sv\u00e9ho norm\u00e1ln\u00edho tvaru. Tyto ty\u010de zabra\u0148uj\u00ed zlomen\u00ed a plast zabra\u0148uje vzniku ostr\u00fdch hran. Ty\u010de jsou pokryty hlin\u00edkov\u00fdm krytem, kter\u00fd umo\u017e\u0148uje fungov\u00e1n\u00ed elektrick\u00e9ho \u00faderov\u00e9ho za\u0159\u00edzen\u00ed v kombinaci s na\u0161imi ty\u010demi Safeguard.<\/p>\n<p>Pro omezen\u00ed v\u00fdhledu kon\u00ed p\u0159i tr\u00e9ninku divok\u00fdch kon\u00ed a h\u0159ebc\u016f je mo\u017en\u00e9 posuvn\u00e9 br\u00e1ny vybavit tak\u00e9 s\u00ed\u0165kou proti v\u011btru.<\/p>\n<\/div><\/div><\/div><\/div><\/div><\/p>\n","protected":false},"excerpt":{"rendered":"","protected":false},"author":1,"featured_media":0,"parent":0,"menu_order":0,"comment_status":"closed","ping_status":"closed","template":"","meta":{"_acf_changed":false,"content-type":"","footnotes":""},"class_list":["post-173347","page","type-page","status-publish","hentry"],"acf":[],"_links":{"self":[{"href":"https:\/\/molenkoning.com\/cs\/wp-json\/wp\/v2\/pages\/173347","targetHints":{"allow":["GET"]}}],"collection":[{"href":"https:\/\/molenkoning.com\/cs\/wp-json\/wp\/v2\/pages"}],"about":[{"href":"https:\/\/molenkoning.com\/cs\/wp-json\/wp\/v2\/types\/page"}],"author":[{"embeddable":true,"href":"https:\/\/molenkoning.com\/cs\/wp-json\/wp\/v2\/users\/1"}],"replies":[{"embeddable":true,"href":"https:\/\/molenkoning.com\/cs\/wp-json\/wp\/v2\/comments?post=173347"}],"version-history":[{"count":8,"href":"https:\/\/molenkoning.com\/cs\/wp-json\/wp\/v2\/pages\/173347\/revisions"}],"predecessor-version":[{"id":178292,"href":"https:\/\/molenkoning.com\/cs\/wp-json\/wp\/v2\/pages\/173347\/revisions\/178292"}],"wp:attachment":[{"href":"https:\/\/molenkoning.com\/cs\/wp-json\/wp\/v2\/media?parent=173347"}],"curies":[{"name":"wp","href":"https:\/\/api.w.org\/{rel}","templated":true}]}}